{"id":215,"date":"2024-11-10T11:31:10","date_gmt":"2024-11-10T10:31:10","guid":{"rendered":"https:\/\/wordpress.nibis.de\/stmichael\/?page_id=215"},"modified":"2025-07-22T09:33:39","modified_gmt":"2025-07-22T07:33:39","slug":"unterrichtszeiten","status":"publish","type":"page","link":"https:\/\/wordpress.nibis.de\/stmichael\/unterrichtszeiten\/","title":{"rendered":"Unterrichtszeiten"},"content":{"rendered":"\n<h2>Vormittag<\/h2>\n<p>Der Schultag der Grundschule St. Michael gliedert sich wie folgt:<\/p>\n<figure class=\"wp-block-table\">\n<table>\n<tbody>\n<tr>\n<td>Unterricht<\/td>\n<td>08:10 Uhr \u2013 12:55 Uhr<\/td>\n<\/tr>\n<\/tbody>\n<\/table>\n<\/figure>\n<h2>Ganztag<\/h2>\n<p>Die Kinder haben die M\u00f6glichkeit, Montag bis Donnerstag den Ganztag zu besuchen.<\/p>\n<figure class=\"wp-block-table\">\n<table style=\"width: 100%\">\n<tbody>\n<tr>\n<td style=\"width: 34.4048%\">Mittagessen<\/td>\n<td style=\"width: 65.4762%\">13:00 Uhr \u2013 14:00 Uhr<\/td>\n<\/tr>\n<tr>\n<td style=\"width: 34.4048%\">Hausaufgabenzeit<\/td>\n<td style=\"width: 65.4762%\">14:00 Uhr \u2013 14:45 Uhr<\/td>\n<\/tr>\n<tr>\n<td style=\"width: 34.4048%\">AG -Angebote<\/td>\n<td style=\"width: 65.4762%\">14:45 Uhr \u2013 15:30 Uhr<\/td>\n<\/tr>\n<\/tbody>\n<\/table>\n<\/figure>\n<p>Die Kinder bekommen halbj\u00e4hrlich die M\u00f6glichkeit, AGs zu w\u00e4hlen. F\u00fcr Kinder, die im Ganztag angemeldet sind, ist die Wahl von einer AG pro Tag verpflichtend. Die AGs werden von Lehrern, PMs und Drittanbietern durchgef\u00fchrt. Kinder, die nicht im Ganztag angemeldet sind, haben um 12:55 Uhr Schulschluss.<\/p>\n<p>Die Anmeldung zum Nachmittag ist f\u00fcr die Kinder grunds\u00e4tzlich freiwillig. F\u00fcr im Nachmittag angemeldete Kinder besteht jedoch die Pflicht zur Teilnahme an AGs.<\/p>\n<p>W\u00e4hrend des Ganztages d\u00fcrfen die Kinder das Schulgel\u00e4nde regul\u00e4r nicht verlassen.<\/p>\n","protected":false},"excerpt":{"rendered":"<p>Vormittag Der Schultag der Grundschule St. Michael gliedert sich wie folgt: Unterricht 08:10 Uhr \u2013 12:55 Uhr Ganztag Die Kinder haben die M\u00f6glichkeit, Montag bis Donnerstag den Ganztag zu besuchen. Mittagessen 13:00 Uhr \u2013 14:00 Uhr Hausaufgabenzeit 14:00 Uhr \u2013 14:45 Uhr AG -Angebote 14:45 Uhr \u2013 15:30 Uhr Die Kinder bekommen halbj\u00e4hrlich die M\u00f6glichkeit, AGs zu w\u00e4hlen. F\u00fcr Kinder, die im Ganztag angemeldet sind, ist die Wahl von einer AG pro Tag verpflichtend. Die AGs werden von Lehrern, PMs&#8230;<\/p>\n<p class=\"read-more\"><a class=\"btn btn-default\" href=\"https:\/\/wordpress.nibis.de\/stmichael\/unterrichtszeiten\/\">Weiterlesen<span class=\"screen-reader-text\"> Weiterlesen<\/span><\/a><\/p>\n","protected":false},"author":9194367,"featured_media":0,"parent":0,"menu_order":0,"comment_status":"closed","ping_status":"closed","template":"","meta":{"footnotes":""},"class_list":["post-215","page","type-page","status-publish","hentry"],"_links":{"self":[{"href":"https:\/\/wordpress.nibis.de\/stmichael\/wp-json\/wp\/v2\/pages\/215","targetHints":{"allow":["GET"]}}],"collection":[{"href":"https:\/\/wordpress.nibis.de\/stmichael\/wp-json\/wp\/v2\/pages"}],"about":[{"href":"https:\/\/wordpress.nibis.de\/stmichael\/wp-json\/wp\/v2\/types\/page"}],"author":[{"embeddable":true,"href":"https:\/\/wordpress.nibis.de\/stmichael\/wp-json\/wp\/v2\/users\/9194367"}],"replies":[{"embeddable":true,"href":"https:\/\/wordpress.nibis.de\/stmichael\/wp-json\/wp\/v2\/comments?post=215"}],"version-history":[{"count":5,"href":"https:\/\/wordpress.nibis.de\/stmichael\/wp-json\/wp\/v2\/pages\/215\/revisions"}],"predecessor-version":[{"id":649,"href":"https:\/\/wordpress.nibis.de\/stmichael\/wp-json\/wp\/v2\/pages\/215\/revisions\/649"}],"wp:attachment":[{"href":"https:\/\/wordpress.nibis.de\/stmichael\/wp-json\/wp\/v2\/media?parent=215"}],"curies":[{"name":"wp","href":"https:\/\/api.w.org\/{rel}","templated":true}]}}