{"id":220,"date":"2024-11-10T11:57:42","date_gmt":"2024-11-10T10:57:42","guid":{"rendered":"https:\/\/wordpress.nibis.de\/stmichael\/?page_id=220"},"modified":"2026-01-21T13:21:17","modified_gmt":"2026-01-21T12:21:17","slug":"schulportraet","status":"publish","type":"page","link":"https:\/\/wordpress.nibis.de\/stmichael\/schulportraet\/","title":{"rendered":"Schulportr\u00e4t"},"content":{"rendered":"\n<p><strong>Klassenr\u00e4ume<\/strong><\/p>\n<p>Unsere Klassenr\u00e4ume verf\u00fcgen \u00fcber digitale Tafeln, die ein modernes Arbeitsumfeld erm\u00f6glichen. Nahezu alle Klassenr\u00e4ume haben zudem einen Nebenraum, in dem Gruppenarbeit durchgef\u00fchrt werden kann.\u00a0<\/p>\n\n\n\n<p><strong>Pausenhof<\/strong><\/p>\n<p>Wir verf\u00fcgen \u00fcber einen Pausenhof mit einem gro\u00dffl\u00e4chigen Kletterger\u00fcst, zwei Schaukeln, einem Sandkasten, zwei Fu\u00dfballtoren, einer Tischtennisplatte und einem Basketballkorb. Eine gro\u00dfe Wiese hinter der Sporthalle l\u00e4dt zudem zum Sportunterricht im Freien ein.<\/p>\n\n\n\n<p><strong>Katholischer Schwerpunkt<\/strong><\/p>\n<p>Unsere Schule ist eine katholische Grundschule. Die religi\u00f6se Erziehung nach christlichen Werten ist im Schulleben und dem Unterricht integriert und bildet ein wesentliches Merkmal unserer Schule. Neben dem Religionsunterricht haben besonders das Morgengebet am Unterrichtsbeginn sowie die Feiern der Feste des Kirchenjahres im Schulleben einen festen Platz. Wir pflegen eine Kultur der Anerkennung und Wertsch\u00e4tzung. Der friedvolle Umgang miteinander ist bestimmt von gegenseitigem Respekt und Toleranz. Zu den wichtigen Feiertagen im Kirchenjahr feiern wir Gottesdienste in der Kirche.<\/p>\n\n\n\n<p><strong>Mensa<\/strong><\/p>\n<p>Als Ganztagsschule k\u00f6nnen Kinder bei uns auch nachmittags betreut werden. Hierf\u00fcr bieten wir den Kindern eine Mensa an.<\/p>\n\n\n\n<figure class=\"wp-block-gallery has-nested-images columns-2 is-style-tw-img-rounded wp-block-gallery-1 is-layout-flex wp-block-gallery-is-layout-flex\">\n<figure class=\"wp-block-image size-large\"><img loading=\"lazy\" decoding=\"async\" width=\"1024\" height=\"771\" data-id=\"134\" src=\"https:\/\/wordpress.nibis.de\/stmichael\/files\/2024\/08\/b-1024x771.jpg\" alt=\"\" class=\"wp-image-134\" srcset=\"https:\/\/wordpress.nibis.de\/stmichael\/files\/2024\/08\/b-1024x771.jpg 1024w, https:\/\/wordpress.nibis.de\/stmichael\/files\/2024\/08\/b-300x226.jpg 300w, https:\/\/wordpress.nibis.de\/stmichael\/files\/2024\/08\/b-768x578.jpg 768w, https:\/\/wordpress.nibis.de\/stmichael\/files\/2024\/08\/b-1536x1157.jpg 1536w, https:\/\/wordpress.nibis.de\/stmichael\/files\/2024\/08\/b-2048x1542.jpg 2048w, https:\/\/wordpress.nibis.de\/stmichael\/files\/2024\/08\/b-359x270.jpg 359w\" sizes=\"auto, (max-width: 1024px) 100vw, 1024px\" \/><\/figure>\n\n\n\n<figure class=\"wp-block-image size-large\"><img loading=\"lazy\" decoding=\"async\" width=\"1024\" height=\"586\" data-id=\"780\" src=\"https:\/\/wordpress.nibis.de\/stmichael\/files\/2026\/01\/Digitale-Tafel-1024x586.jpg\" alt=\"\" class=\"wp-image-780\" srcset=\"https:\/\/wordpress.nibis.de\/stmichael\/files\/2026\/01\/Digitale-Tafel-1024x586.jpg 1024w, https:\/\/wordpress.nibis.de\/stmichael\/files\/2026\/01\/Digitale-Tafel-300x172.jpg 300w, https:\/\/wordpress.nibis.de\/stmichael\/files\/2026\/01\/Digitale-Tafel-768x440.jpg 768w, https:\/\/wordpress.nibis.de\/stmichael\/files\/2026\/01\/Digitale-Tafel-100x57.jpg 100w, https:\/\/wordpress.nibis.de\/stmichael\/files\/2026\/01\/Digitale-Tafel-472x270.jpg 472w, https:\/\/wordpress.nibis.de\/stmichael\/files\/2026\/01\/Digitale-Tafel.jpg 1048w\" sizes=\"auto, (max-width: 1024px) 100vw, 1024px\" \/><\/figure>\n\n\n\n<figure class=\"wp-block-image size-large\"><img loading=\"lazy\" decoding=\"async\" width=\"1024\" height=\"454\" data-id=\"781\" src=\"https:\/\/wordpress.nibis.de\/stmichael\/files\/2026\/01\/Mensa-1024x454.jpg\" alt=\"\" class=\"wp-image-781\" srcset=\"https:\/\/wordpress.nibis.de\/stmichael\/files\/2026\/01\/Mensa-1024x454.jpg 1024w, https:\/\/wordpress.nibis.de\/stmichael\/files\/2026\/01\/Mensa-300x133.jpg 300w, https:\/\/wordpress.nibis.de\/stmichael\/files\/2026\/01\/Mensa-768x340.jpg 768w, https:\/\/wordpress.nibis.de\/stmichael\/files\/2026\/01\/Mensa-100x44.jpg 100w, https:\/\/wordpress.nibis.de\/stmichael\/files\/2026\/01\/Mensa-604x268.jpg 604w, https:\/\/wordpress.nibis.de\/stmichael\/files\/2026\/01\/Mensa.jpg 1354w\" sizes=\"auto, (max-width: 1024px) 100vw, 1024px\" \/><\/figure>\n\n\n\n<figure class=\"wp-block-image size-large\"><img loading=\"lazy\" decoding=\"async\" width=\"1024\" height=\"531\" data-id=\"782\" src=\"https:\/\/wordpress.nibis.de\/stmichael\/files\/2026\/01\/Pausenhof-1024x531.jpg\" alt=\"\" class=\"wp-image-782\" srcset=\"https:\/\/wordpress.nibis.de\/stmichael\/files\/2026\/01\/Pausenhof-1024x531.jpg 1024w, https:\/\/wordpress.nibis.de\/stmichael\/files\/2026\/01\/Pausenhof-300x155.jpg 300w, https:\/\/wordpress.nibis.de\/stmichael\/files\/2026\/01\/Pausenhof-768x398.jpg 768w, https:\/\/wordpress.nibis.de\/stmichael\/files\/2026\/01\/Pausenhof-100x52.jpg 100w, https:\/\/wordpress.nibis.de\/stmichael\/files\/2026\/01\/Pausenhof-521x270.jpg 521w, https:\/\/wordpress.nibis.de\/stmichael\/files\/2026\/01\/Pausenhof.jpg 1158w\" sizes=\"auto, (max-width: 1024px) 100vw, 1024px\" \/><\/figure>\n<\/figure>\n","protected":false},"excerpt":{"rendered":"<p>Klassenr\u00e4ume Unsere Klassenr\u00e4ume verf\u00fcgen \u00fcber digitale Tafeln, die ein modernes Arbeitsumfeld erm\u00f6glichen. Nahezu alle Klassenr\u00e4ume haben zudem einen Nebenraum, in dem Gruppenarbeit durchgef\u00fchrt werden kann.\u00a0 Pausenhof Wir verf\u00fcgen \u00fcber einen Pausenhof mit einem gro\u00dffl\u00e4chigen Kletterger\u00fcst, zwei Schaukeln, einem Sandkasten, zwei Fu\u00dfballtoren, einer Tischtennisplatte und einem Basketballkorb. Eine gro\u00dfe Wiese hinter der Sporthalle l\u00e4dt zudem zum Sportunterricht im Freien ein. Katholischer Schwerpunkt Unsere Schule ist eine katholische Grundschule. Die religi\u00f6se Erziehung nach christlichen Werten ist im Schulleben und dem Unterricht integriert&#8230;<\/p>\n<p class=\"read-more\"><a class=\"btn btn-default\" href=\"https:\/\/wordpress.nibis.de\/stmichael\/schulportraet\/\">Weiterlesen<span class=\"screen-reader-text\"> Weiterlesen<\/span><\/a><\/p>\n","protected":false},"author":9194367,"featured_media":0,"parent":0,"menu_order":0,"comment_status":"closed","ping_status":"closed","template":"","meta":{"footnotes":""},"class_list":["post-220","page","type-page","status-publish","hentry"],"_links":{"self":[{"href":"https:\/\/wordpress.nibis.de\/stmichael\/wp-json\/wp\/v2\/pages\/220","targetHints":{"allow":["GET"]}}],"collection":[{"href":"https:\/\/wordpress.nibis.de\/stmichael\/wp-json\/wp\/v2\/pages"}],"about":[{"href":"https:\/\/wordpress.nibis.de\/stmichael\/wp-json\/wp\/v2\/types\/page"}],"author":[{"embeddable":true,"href":"https:\/\/wordpress.nibis.de\/stmichael\/wp-json\/wp\/v2\/users\/9194367"}],"replies":[{"embeddable":true,"href":"https:\/\/wordpress.nibis.de\/stmichael\/wp-json\/wp\/v2\/comments?post=220"}],"version-history":[{"count":5,"href":"https:\/\/wordpress.nibis.de\/stmichael\/wp-json\/wp\/v2\/pages\/220\/revisions"}],"predecessor-version":[{"id":783,"href":"https:\/\/wordpress.nibis.de\/stmichael\/wp-json\/wp\/v2\/pages\/220\/revisions\/783"}],"wp:attachment":[{"href":"https:\/\/wordpress.nibis.de\/stmichael\/wp-json\/wp\/v2\/media?parent=220"}],"curies":[{"name":"wp","href":"https:\/\/api.w.org\/{rel}","templated":true}]}}