{"id":228,"date":"2024-11-10T12:21:36","date_gmt":"2024-11-10T11:21:36","guid":{"rendered":"https:\/\/wordpress.nibis.de\/stmichael\/?page_id=228"},"modified":"2024-11-10T12:23:18","modified_gmt":"2024-11-10T11:23:18","slug":"ilsa-zertifikat","status":"publish","type":"page","link":"https:\/\/wordpress.nibis.de\/stmichael\/ilsa-zertifikat\/","title":{"rendered":"ILSA-Zertifikat"},"content":{"rendered":"\n<p><img decoding=\"async\" src=\"https:\/\/grundschule-st-michael.de\/wp-content\/uploads\/2017\/12\/ILSA-1-F%C3%B6rderprogramm.jpg\" \/><\/p>\n<p><strong>Die Grundschule St. Michael ist eine ILSA 1 zertifizierte Schule.<\/strong><\/p>\n<p><em><span class=\"ILSA_Logo\">ILSA<\/span>\u00a0wurde zur Erweiterung der Hilfeangebote im Mathe-Unterricht f\u00fcr Schulen entwickelt, ein\u00a0<strong>Screening- und F\u00f6rderprogramm f\u00fcr den mathematischen Anfangsunterricht<\/strong>, das einerseits bei der Vermeidung von Rechenschw\u00e4che und Verst\u00e4ndnisproblemen im Anfangsunterricht helfen, anderseits aber auch bei starken Rechnern die Tragf\u00e4higkeit ihres mathematischen Verst\u00e4ndnisses f\u00f6rdern soll.<\/em><\/p>\n<p><em><strong><span class=\"ILSA_Logo\">ILSA\u00a01<\/span>\u00a0ist \u2026<\/strong><\/em><\/p>\n<ul>\n<li><em>ein\u00a0<strong>qualitatives, schulalltagstaugliches Screening<\/strong>\u00a0im Interview-Verfahren f\u00fcr den Beginn der Klasse\u00a01 und als Kontrollfunktion f\u00fcr das Ende der Klasse\u00a01 (ebenfalls als Einzelscreening und qualitativ im Sinne einer Lernprozessanalyse f\u00fcr\u00a0<strong>alle<\/strong>\u00a0Kinder der Jahrgangsstufe\u00a01 angelegt).<\/em><\/li>\n<li><em>ein\u00a0<strong>F\u00f6rderprogramm<\/strong>, das mit dem Eintritt in die Schule sofort f\u00fcr\u00a0<strong>alle<\/strong>\u00a0Kinder angewandt werden kann, sich in alle g\u00e4ngigen Didaktikmodelle integriert, f\u00fcr Inklusionskinder und Mathe-Asse individuell und in der Klassengemeinschaft wie auch klassen\u00fcbergreifend anwenden l\u00e4sst.<\/em><\/li>\n<\/ul>\n<p><em>Durch\u00a0<span class=\"ILSA_Logo\">ILSA<\/span>\u00a0erhalten LehrerInnen F\u00f6rderempfehlungen und F\u00f6rdermaterialien. Durch ein PC-gest\u00fctztes,\u00a0<strong>qualitatives Protokollprogramm<\/strong>\u00a0soll eine individualisierte Zusammenstellung von F\u00f6rdergruppen erm\u00f6glicht werden \u2013 auch \u00fcber die erste Klasse hinaus.<\/em><\/p>\n<p><em>In diesem Sinne versteht sich\u00a0<span class=\"ILSA_Logo\">ILSA<\/span>\u00a0auch als Beitrag zur\u00a0<strong>Inklusion<\/strong>\u00a0und beinhaltet Screening- und Unterrichts- bzw. F\u00f6rdermaterialien, die von allen Kindern einer Klasse ihrem jeweiligen Entwicklungsstand entsprechend genutzt werden k\u00f6nnen.<\/em><\/p>\n<p style=\"text-align: right\">Quelle:\u00a0<a href=\"http:\/\/www.ilsa-lernentwicklung.de\/\" target=\"_blank\" rel=\"noopener\">www.ilsa-lernentwicklung.de<\/a><\/p>\n<p>ILSA 1 wurde entwickelt von der ILSA Lernentwicklung Bochum <a href=\"http:\/\/www.ilsa-lernentwicklung.de\/\" target=\"_blank\" rel=\"noopener\">www.ilsa-lernentwicklung.de<\/a><\/p>\n<p>Die Ilsa 1 Fortbildung wurde durchgef\u00fchrt vom Institut f\u00fcr Mathematisches Lernen Braunschweig <a href=\"http:\/\/www.zahlbegriff.de\/\" target=\"_blank\" rel=\"noopener\">www.zahlbegriff.de<\/a><\/p>\n","protected":false},"excerpt":{"rendered":"<p>Die Grundschule St. Michael ist eine ILSA 1 zertifizierte Schule. ILSA\u00a0wurde zur Erweiterung der Hilfeangebote im Mathe-Unterricht f\u00fcr Schulen entwickelt, ein\u00a0Screening- und F\u00f6rderprogramm f\u00fcr den mathematischen Anfangsunterricht, das einerseits bei der Vermeidung von Rechenschw\u00e4che und Verst\u00e4ndnisproblemen im Anfangsunterricht helfen, anderseits aber auch bei starken Rechnern die Tragf\u00e4higkeit ihres mathematischen Verst\u00e4ndnisses f\u00f6rdern soll. ILSA\u00a01\u00a0ist \u2026 ein\u00a0qualitatives, schulalltagstaugliches Screening\u00a0im Interview-Verfahren f\u00fcr den Beginn der Klasse\u00a01 und als Kontrollfunktion f\u00fcr das Ende der Klasse\u00a01 (ebenfalls als Einzelscreening und qualitativ im Sinne einer Lernprozessanalyse&#8230;<\/p>\n<p class=\"read-more\"><a class=\"btn btn-default\" href=\"https:\/\/wordpress.nibis.de\/stmichael\/ilsa-zertifikat\/\">Weiterlesen<span class=\"screen-reader-text\"> Weiterlesen<\/span><\/a><\/p>\n","protected":false},"author":9194367,"featured_media":0,"parent":0,"menu_order":0,"comment_status":"closed","ping_status":"closed","template":"","meta":{"footnotes":""},"class_list":["post-228","page","type-page","status-publish","hentry"],"_links":{"self":[{"href":"https:\/\/wordpress.nibis.de\/stmichael\/wp-json\/wp\/v2\/pages\/228","targetHints":{"allow":["GET"]}}],"collection":[{"href":"https:\/\/wordpress.nibis.de\/stmichael\/wp-json\/wp\/v2\/pages"}],"about":[{"href":"https:\/\/wordpress.nibis.de\/stmichael\/wp-json\/wp\/v2\/types\/page"}],"author":[{"embeddable":true,"href":"https:\/\/wordpress.nibis.de\/stmichael\/wp-json\/wp\/v2\/users\/9194367"}],"replies":[{"embeddable":true,"href":"https:\/\/wordpress.nibis.de\/stmichael\/wp-json\/wp\/v2\/comments?post=228"}],"version-history":[{"count":3,"href":"https:\/\/wordpress.nibis.de\/stmichael\/wp-json\/wp\/v2\/pages\/228\/revisions"}],"predecessor-version":[{"id":233,"href":"https:\/\/wordpress.nibis.de\/stmichael\/wp-json\/wp\/v2\/pages\/228\/revisions\/233"}],"wp:attachment":[{"href":"https:\/\/wordpress.nibis.de\/stmichael\/wp-json\/wp\/v2\/media?parent=228"}],"curies":[{"name":"wp","href":"https:\/\/api.w.org\/{rel}","templated":true}]}}