{"id":257,"date":"2024-11-11T13:19:00","date_gmt":"2024-11-11T12:19:00","guid":{"rendered":"https:\/\/wordpress.nibis.de\/stmichael\/?page_id=257"},"modified":"2025-06-10T08:13:33","modified_gmt":"2025-06-10T06:13:33","slug":"foerderverein","status":"publish","type":"page","link":"https:\/\/wordpress.nibis.de\/stmichael\/foerderverein\/","title":{"rendered":"F\u00f6rderverein"},"content":{"rendered":"\n<div class=\"wp-block-image\"><figure class=\"aligncenter size-full is-resized\"><img loading=\"lazy\" decoding=\"async\" src=\"https:\/\/wordpress.nibis.de\/stmichael\/files\/2024\/11\/logo-designer.png\" alt=\"\" class=\"wp-image-279\" width=\"251\" height=\"157\" srcset=\"https:\/\/wordpress.nibis.de\/stmichael\/files\/2024\/11\/logo-designer.png 1024w, https:\/\/wordpress.nibis.de\/stmichael\/files\/2024\/11\/logo-designer-300x188.png 300w, https:\/\/wordpress.nibis.de\/stmichael\/files\/2024\/11\/logo-designer-768x480.png 768w, https:\/\/wordpress.nibis.de\/stmichael\/files\/2024\/11\/logo-designer-432x270.png 432w\" sizes=\"auto, (max-width: 251px) 100vw, 251px\" \/><\/figure><\/div>\n\n\n\n<p><strong>Wer sind wir?<\/strong><\/p>\n\n\n\n<p>Der F\u00f6rderverein der Grundschule St. Michael ist ein gemeinn\u00fctziger Verein, der sich zum Ziel gesetzt hat, die Projekte und Vorhaben der Schule, die das \u00fcbliche Ma\u00df der Unterrichtsgestaltung \u00fcberschreiten, zu unterst\u00fctzen. Beispiele daf\u00fcr sind:<\/p>\n\n\n\n<ul class=\"wp-block-list\"><li>Spiel- und Sportger\u00e4te f\u00fcr die Pause anschaffen<\/li><li>Organisation und Durchf\u00fchrung von schulischen Veranstaltungen, um das Miteinander von Eltern, Kindern und Lehrkr\u00e4ften zu f\u00f6rdern (Einschulungen, Nikolausfeier, Martinsumzug, Sommerfest\u2026)<\/li><li>Bezuschussung von Materialien f\u00fcr den Unterricht und AGs<\/li><li>Anschaffungen f\u00fcr Schulveranstaltungen<\/li><li>Finanzierung diverser schulinterner und -externer Wettbewerbe<\/li><li>Kleine \u00dcberraschungen zu besonderen Anl\u00e4ssen (z.B. Waffelbacken vor den Weihnachtsferien)<\/li><\/ul>\n\n\n\n<p><\/p>\n\n\n\n<p><strong>Vorteile f\u00fcr die Eltern<\/strong><\/p>\n\n\n\n<p>Sie haben im F\u00f6rderverein die M\u00f6glichkeit, etwas Gutes f\u00fcr die Kinder bzw. die Schulgemeinschaft zu tun, indem Sie Ihre kreativen Ideen einbringen und aktiv an den Veranstaltungen mitwirken und unterst\u00fctzen.<\/p>\n\n\n\n<p><\/p>\n\n\n\n<p><strong>Vorteile f\u00fcr die Kinder<\/strong><\/p>\n\n\n\n<p>Sie gewinnen durch das Engagement des F\u00f6rdervereins zus\u00e4tzliche Lernm\u00f6glichkeiten. Sie k\u00f6nnen an interessanten Projekten teilnehmen und so in der Schule mehr lernen und erleben als nur Unterricht. Durch gemeinsame Veranstaltungen m\u00f6chten wir den Zusammenhalt innerhalb der Schulgemeinschaft weiter gest\u00e4rkt wird.<\/p>\n\n\n\n<p>Ein aktiver Verein braucht engagierte Mitglieder. Nur so k\u00f6nnen wir die Kinder mit ihren Familien und die Lehrerinnen und Lehrer bei tollen Schulfesten und Aktionen in der Schule unterst\u00fctzen.<\/p>\n\n\n\n<p>Daher w\u00fcrden wir uns freuen, wenn auch Sie uns unterst\u00fctzen<\/p>\n\n\n\n<ul class=\"wp-block-list\"><li>durch Bereitstellung Ihres Wissens und K\u00f6nnens und aktive Mitarbeit<\/li><li>durch Unterst\u00fctzung bei Veranstaltungen, z. B. Hilfe beim Buffet etc.<\/li><li>als Mitglied durch Zahlung des Mitgliedsbeitrages<\/li><\/ul>\n\n\n\n<p>Sie haben Fragen oder Anregungen? Schreiben Sie uns gern eine E-Mail (z. B. \u00fcber IServ) &#x66;&#x6f;&#101;rd&#x65;&#x72;&#118;&#101;r&#x65;&#x69;&#110;&#64;g&#x73;&#x2d;&#x73;&#116;mi&#x63;&#x68;&#97;&#101;l&#x2e;&#x64;&#101;.<\/p>\n","protected":false},"excerpt":{"rendered":"<p>Wer sind wir? Der F\u00f6rderverein der Grundschule St. Michael ist ein gemeinn\u00fctziger Verein, der sich zum Ziel gesetzt hat, die Projekte und Vorhaben der Schule, die das \u00fcbliche Ma\u00df der Unterrichtsgestaltung \u00fcberschreiten, zu unterst\u00fctzen. Beispiele daf\u00fcr sind: Spiel- und Sportger\u00e4te f\u00fcr die Pause anschaffen Organisation und Durchf\u00fchrung von schulischen Veranstaltungen, um das Miteinander von Eltern, Kindern und Lehrkr\u00e4ften zu f\u00f6rdern (Einschulungen, Nikolausfeier, Martinsumzug, Sommerfest\u2026) Bezuschussung von Materialien f\u00fcr den Unterricht und AGs Anschaffungen f\u00fcr Schulveranstaltungen Finanzierung diverser schulinterner und -externer&#8230;<\/p>\n<p class=\"read-more\"><a class=\"btn btn-default\" href=\"https:\/\/wordpress.nibis.de\/stmichael\/foerderverein\/\">Weiterlesen<span class=\"screen-reader-text\"> Weiterlesen<\/span><\/a><\/p>\n","protected":false},"author":9194367,"featured_media":0,"parent":0,"menu_order":0,"comment_status":"closed","ping_status":"closed","template":"","meta":{"footnotes":""},"class_list":["post-257","page","type-page","status-publish","hentry"],"_links":{"self":[{"href":"https:\/\/wordpress.nibis.de\/stmichael\/wp-json\/wp\/v2\/pages\/257","targetHints":{"allow":["GET"]}}],"collection":[{"href":"https:\/\/wordpress.nibis.de\/stmichael\/wp-json\/wp\/v2\/pages"}],"about":[{"href":"https:\/\/wordpress.nibis.de\/stmichael\/wp-json\/wp\/v2\/types\/page"}],"author":[{"embeddable":true,"href":"https:\/\/wordpress.nibis.de\/stmichael\/wp-json\/wp\/v2\/users\/9194367"}],"replies":[{"embeddable":true,"href":"https:\/\/wordpress.nibis.de\/stmichael\/wp-json\/wp\/v2\/comments?post=257"}],"version-history":[{"count":5,"href":"https:\/\/wordpress.nibis.de\/stmichael\/wp-json\/wp\/v2\/pages\/257\/revisions"}],"predecessor-version":[{"id":602,"href":"https:\/\/wordpress.nibis.de\/stmichael\/wp-json\/wp\/v2\/pages\/257\/revisions\/602"}],"wp:attachment":[{"href":"https:\/\/wordpress.nibis.de\/stmichael\/wp-json\/wp\/v2\/media?parent=257"}],"curies":[{"name":"wp","href":"https:\/\/api.w.org\/{rel}","templated":true}]}}