{"id":344,"date":"2025-01-14T11:16:08","date_gmt":"2025-01-14T10:16:08","guid":{"rendered":"https:\/\/wordpress.nibis.de\/stmichael\/?page_id=344"},"modified":"2025-03-13T23:26:43","modified_gmt":"2025-03-13T22:26:43","slug":"foerderverein-2022","status":"publish","type":"page","link":"https:\/\/wordpress.nibis.de\/stmichael\/foerderverein-2022\/","title":{"rendered":"F\u00f6rderverein 2022"},"content":{"rendered":"\n\n\n<h2 class=\"wp-block-heading\">Die Kinder wurden mit tollen Trinkflaschen vom \u201eF\u00f6rderverein St. Michael\u201c \u00fcberrascht!<\/h2>\n\n\n\n<p>Juni 2022<\/p>\n\n\n\n<p>Am 29.06.2022 wurde der Schulhof der Grundschule St. Michael vom Trixitt Team zum gro\u00dfen sportlichen Event verwandelt. &nbsp;Neben Hockey und Menschenkicker gab es verschiedene sportliche Aktivit\u00e4ten wo sich alle Klassen als Team und mit ihren Klassenlehrern beweisen und ausprobieren konnten.<\/p>\n\n\n\n<p>Damit auch jedes Kind seinen Durst l\u00f6schen und eine sch\u00f6ne Erinnerung mitnehmen konnte, spendete der \u201eF\u00f6rderverein St. Michael\u201c jedem Kind eine Alu \u2013 Trinkflasche. Somit war jedes Kind gut ausger\u00fcstet. Jetzt hie\u00df es raus aus dem Schulalltag und rein in ein gemeinsames Erlebnis mit der Klasse und mit den Klassenlehrer\/innen.<\/p>\n\n\n\n<p>Die Kinder waren so gespannt und auch die Lehrer freuten sich riesig auf dieses sportliche Event.<\/p>\n\n\n\n<p>F\u00fcr das leibliche Wohl der Kinder sorgte au\u00dferdem der F\u00f6rderverein und es gab reichlich Wasser und Obst. Genau da trafen sich die Klassen und es wurde in der Pause begeistert von allen sportlichen Aktionen berichtet.<\/p>\n\n\n\n<figure class=\"wp-block-gallery has-nested-images columns-default is-cropped is-style-tw-img-rounded wp-block-gallery-1 is-layout-flex wp-block-gallery-is-layout-flex\">\n<figure class=\"wp-block-image size-large\"><img loading=\"lazy\" decoding=\"async\" width=\"768\" height=\"1024\" data-id=\"441\" src=\"https:\/\/wordpress.nibis.de\/stmichael\/files\/2025\/03\/Sportfest2022_002-768x1024.jpg\" alt=\"\" class=\"wp-image-441\" srcset=\"https:\/\/wordpress.nibis.de\/stmichael\/files\/2025\/03\/Sportfest2022_002-768x1024.jpg 768w, https:\/\/wordpress.nibis.de\/stmichael\/files\/2025\/03\/Sportfest2022_002-225x300.jpg 225w, https:\/\/wordpress.nibis.de\/stmichael\/files\/2025\/03\/Sportfest2022_002-203x270.jpg 203w, https:\/\/wordpress.nibis.de\/stmichael\/files\/2025\/03\/Sportfest2022_002.jpg 900w\" sizes=\"auto, (max-width: 768px) 100vw, 768px\" \/><\/figure>\n\n\n\n<figure class=\"wp-block-image size-large\"><img loading=\"lazy\" decoding=\"async\" width=\"1200\" height=\"900\" data-id=\"443\" src=\"https:\/\/wordpress.nibis.de\/stmichael\/files\/2025\/03\/Sportfest2022_004.jpg\" alt=\"\" class=\"wp-image-443\" srcset=\"https:\/\/wordpress.nibis.de\/stmichael\/files\/2025\/03\/Sportfest2022_004.jpg 1200w, https:\/\/wordpress.nibis.de\/stmichael\/files\/2025\/03\/Sportfest2022_004-300x225.jpg 300w, https:\/\/wordpress.nibis.de\/stmichael\/files\/2025\/03\/Sportfest2022_004-1024x768.jpg 1024w, https:\/\/wordpress.nibis.de\/stmichael\/files\/2025\/03\/Sportfest2022_004-768x576.jpg 768w, https:\/\/wordpress.nibis.de\/stmichael\/files\/2025\/03\/Sportfest2022_004-360x270.jpg 360w\" sizes=\"auto, (max-width: 1200px) 100vw, 1200px\" \/><\/figure>\n\n\n\n<figure class=\"wp-block-image size-large\"><img loading=\"lazy\" decoding=\"async\" width=\"900\" height=\"1200\" data-id=\"444\" src=\"https:\/\/wordpress.nibis.de\/stmichael\/files\/2025\/03\/Sportfest2022_005.jpg\" alt=\"\" class=\"wp-image-444\" srcset=\"https:\/\/wordpress.nibis.de\/stmichael\/files\/2025\/03\/Sportfest2022_005.jpg 900w, https:\/\/wordpress.nibis.de\/stmichael\/files\/2025\/03\/Sportfest2022_005-225x300.jpg 225w, https:\/\/wordpress.nibis.de\/stmichael\/files\/2025\/03\/Sportfest2022_005-768x1024.jpg 768w, https:\/\/wordpress.nibis.de\/stmichael\/files\/2025\/03\/Sportfest2022_005-203x270.jpg 203w\" sizes=\"auto, (max-width: 900px) 100vw, 900px\" \/><\/figure>\n\n\n\n<figure class=\"wp-block-image size-large\"><img loading=\"lazy\" decoding=\"async\" width=\"900\" height=\"1200\" data-id=\"442\" src=\"https:\/\/wordpress.nibis.de\/stmichael\/files\/2025\/03\/Sportfest2022_003.jpg\" alt=\"\" class=\"wp-image-442\" srcset=\"https:\/\/wordpress.nibis.de\/stmichael\/files\/2025\/03\/Sportfest2022_003.jpg 900w, https:\/\/wordpress.nibis.de\/stmichael\/files\/2025\/03\/Sportfest2022_003-225x300.jpg 225w, https:\/\/wordpress.nibis.de\/stmichael\/files\/2025\/03\/Sportfest2022_003-768x1024.jpg 768w, https:\/\/wordpress.nibis.de\/stmichael\/files\/2025\/03\/Sportfest2022_003-203x270.jpg 203w\" sizes=\"auto, (max-width: 900px) 100vw, 900px\" \/><\/figure>\n\n\n\n<figure class=\"wp-block-image size-large\"><img loading=\"lazy\" decoding=\"async\" width=\"900\" height=\"1200\" data-id=\"440\" src=\"https:\/\/wordpress.nibis.de\/stmichael\/files\/2025\/03\/Sportfest2022_001.jpg\" alt=\"\" class=\"wp-image-440\" srcset=\"https:\/\/wordpress.nibis.de\/stmichael\/files\/2025\/03\/Sportfest2022_001.jpg 900w, https:\/\/wordpress.nibis.de\/stmichael\/files\/2025\/03\/Sportfest2022_001-225x300.jpg 225w, https:\/\/wordpress.nibis.de\/stmichael\/files\/2025\/03\/Sportfest2022_001-768x1024.jpg 768w, https:\/\/wordpress.nibis.de\/stmichael\/files\/2025\/03\/Sportfest2022_001-203x270.jpg 203w\" sizes=\"auto, (max-width: 900px) 100vw, 900px\" \/><\/figure>\n<\/figure>\n\n\n\n\n\n\n\n<p><\/p>\n\n\n\n<p><\/p>\n\n\n\n<p><\/p>\n\n\n\n<hr class=\"wp-block-separator has-text-color has-background has-vivid-cyan-blue-background-color has-vivid-cyan-blue-color is-style-wide\" \/>\n\n\n\n<p><\/p>\n\n\n\n<h2 class=\"wp-block-heading\">Endlich ein Schulkind!<\/h2>\n\n\n\n<p>August 2022<\/p>\n\n\n\n<p>Am 27.08.2022 war es endlich soweit und rund 50 Kinder haben ihre Einschulung in der St. Joseph Kirche gefeiert. Nach dem Gottesdienst ging es f\u00fcr die Kinder und ihre G\u00e4ste in die Schule.<\/p>\n\n\n\n<p>Als kleines Willkommensgeschenk hat jedes Schulkind einen Bleistift mit der Aufschrift \u201eIch bin 1. Klasse\u201c vom F\u00f6rderverein erhalten. Und w\u00e4hrend die Kinder anschlie\u00dfend ihre 1. Schulstunde mit ihren Klassenlehrerinnen Frau Gumnior und Frau Knieke verbrachten, konnten die Eltern, Freunde, Verwandte und Bekannte der Kinder, die endlich wieder ohne Einschr\u00e4nkung dabei sein durften, bei Kuchen und Getr\u00e4nken ein bisschen plaudern und die Sonne genie\u00dfen. Denn dieses Jahr konnten wir, der F\u00f6rderverein, endlich wieder ein kleines Buffet organisieren.<\/p>\n\n\n\n<p>Ein gro\u00dfes DANKE SCH\u00d6N geht an dieser Stelle an alle Eltern der ehemaligen 1. Kl\u00e4ssler, die das Buffet mit ihren Spenden erm\u00f6glicht haben! Und nat\u00fcrlich an unsere flei\u00dfigen Helfer*innen, das habt ihr toll gemacht!<\/p>\n\n\n\n<p>Wir w\u00fcnschen allen 1. Kl\u00e4sslern eine wundersch\u00f6ne Grundschulzeit. M\u00f6gen Sie viel Freude in der Schule haben, viele sch\u00f6ne Erinnerungen sammeln und neue Freundschaften kn\u00fcpfen.<\/p>\n\n\n\n<figure class=\"wp-block-gallery has-nested-images columns-default is-cropped wp-block-gallery-2 is-layout-flex wp-block-gallery-is-layout-flex\">\n<figure class=\"wp-block-image size-large is-style-tw-rounded-corners\"><img loading=\"lazy\" decoding=\"async\" width=\"1200\" height=\"900\" data-id=\"459\" src=\"https:\/\/wordpress.nibis.de\/stmichael\/files\/2025\/03\/Einschulung2022_1.jpg\" alt=\"\" class=\"wp-image-459\" srcset=\"https:\/\/wordpress.nibis.de\/stmichael\/files\/2025\/03\/Einschulung2022_1.jpg 1200w, https:\/\/wordpress.nibis.de\/stmichael\/files\/2025\/03\/Einschulung2022_1-300x225.jpg 300w, https:\/\/wordpress.nibis.de\/stmichael\/files\/2025\/03\/Einschulung2022_1-1024x768.jpg 1024w, https:\/\/wordpress.nibis.de\/stmichael\/files\/2025\/03\/Einschulung2022_1-768x576.jpg 768w, https:\/\/wordpress.nibis.de\/stmichael\/files\/2025\/03\/Einschulung2022_1-360x270.jpg 360w\" sizes=\"auto, (max-width: 1200px) 100vw, 1200px\" \/><\/figure>\n\n\n\n<figure class=\"wp-block-image size-large is-style-tw-rounded-corners\"><img loading=\"lazy\" decoding=\"async\" width=\"1200\" height=\"900\" data-id=\"460\" src=\"https:\/\/wordpress.nibis.de\/stmichael\/files\/2025\/03\/Einschulung2022_2.jpg\" alt=\"\" class=\"wp-image-460\" srcset=\"https:\/\/wordpress.nibis.de\/stmichael\/files\/2025\/03\/Einschulung2022_2.jpg 1200w, https:\/\/wordpress.nibis.de\/stmichael\/files\/2025\/03\/Einschulung2022_2-300x225.jpg 300w, https:\/\/wordpress.nibis.de\/stmichael\/files\/2025\/03\/Einschulung2022_2-1024x768.jpg 1024w, https:\/\/wordpress.nibis.de\/stmichael\/files\/2025\/03\/Einschulung2022_2-768x576.jpg 768w, https:\/\/wordpress.nibis.de\/stmichael\/files\/2025\/03\/Einschulung2022_2-360x270.jpg 360w\" sizes=\"auto, (max-width: 1200px) 100vw, 1200px\" \/><\/figure>\n<\/figure>\n","protected":false},"excerpt":{"rendered":"<p>Die Kinder wurden mit tollen Trinkflaschen vom \u201eF\u00f6rderverein St. Michael\u201c \u00fcberrascht! Juni 2022 Am 29.06.2022 wurde der Schulhof der Grundschule St. Michael vom Trixitt Team zum gro\u00dfen sportlichen Event verwandelt. &nbsp;Neben Hockey und Menschenkicker gab es verschiedene sportliche Aktivit\u00e4ten wo sich alle Klassen als Team und mit ihren Klassenlehrern beweisen und ausprobieren konnten. Damit auch jedes Kind seinen Durst l\u00f6schen und eine sch\u00f6ne Erinnerung mitnehmen konnte, spendete der \u201eF\u00f6rderverein St. Michael\u201c jedem Kind eine Alu \u2013 Trinkflasche. Somit war jedes&#8230;<\/p>\n<p class=\"read-more\"><a class=\"btn btn-default\" href=\"https:\/\/wordpress.nibis.de\/stmichael\/foerderverein-2022\/\">Weiterlesen<span class=\"screen-reader-text\"> Weiterlesen<\/span><\/a><\/p>\n","protected":false},"author":9194482,"featured_media":0,"parent":0,"menu_order":0,"comment_status":"closed","ping_status":"closed","template":"","meta":{"footnotes":""},"class_list":["post-344","page","type-page","status-publish","hentry"],"_links":{"self":[{"href":"https:\/\/wordpress.nibis.de\/stmichael\/wp-json\/wp\/v2\/pages\/344","targetHints":{"allow":["GET"]}}],"collection":[{"href":"https:\/\/wordpress.nibis.de\/stmichael\/wp-json\/wp\/v2\/pages"}],"about":[{"href":"https:\/\/wordpress.nibis.de\/stmichael\/wp-json\/wp\/v2\/types\/page"}],"author":[{"embeddable":true,"href":"https:\/\/wordpress.nibis.de\/stmichael\/wp-json\/wp\/v2\/users\/9194482"}],"replies":[{"embeddable":true,"href":"https:\/\/wordpress.nibis.de\/stmichael\/wp-json\/wp\/v2\/comments?post=344"}],"version-history":[{"count":7,"href":"https:\/\/wordpress.nibis.de\/stmichael\/wp-json\/wp\/v2\/pages\/344\/revisions"}],"predecessor-version":[{"id":481,"href":"https:\/\/wordpress.nibis.de\/stmichael\/wp-json\/wp\/v2\/pages\/344\/revisions\/481"}],"wp:attachment":[{"href":"https:\/\/wordpress.nibis.de\/stmichael\/wp-json\/wp\/v2\/media?parent=344"}],"curies":[{"name":"wp","href":"https:\/\/api.w.org\/{rel}","templated":true}]}}