{"id":353,"date":"2025-01-14T11:20:06","date_gmt":"2025-01-14T10:20:06","guid":{"rendered":"https:\/\/wordpress.nibis.de\/stmichael\/?page_id=353"},"modified":"2025-08-18T13:27:06","modified_gmt":"2025-08-18T11:27:06","slug":"beitrittsformular","status":"publish","type":"page","link":"https:\/\/wordpress.nibis.de\/stmichael\/beitrittsformular\/","title":{"rendered":"Beitrittsformular F\u00f6rderverein"},"content":{"rendered":"\n<p>Um dem F\u00f6rderverein der Grundschule St. Michael e.V. beizutreten, laden Sie ganz einfach das unten stehende Formular herunter, f\u00fcllen es aus und lassen es unterschrieben dem F\u00f6rderverein zukommen:<\/p>\n\n\n\n<div class=\"wp-block-file\"><a id=\"wp-block-file--media-f7764e06-ad24-42be-9183-843cad853c0d\" href=\"https:\/\/wordpress.nibis.de\/stmichael\/files\/2025\/05\/2024-02-05-Beitrittserklaerung.docx\">2024-02-05-Beitrittserklaerung<\/a><a href=\"https:\/\/wordpress.nibis.de\/stmichael\/files\/2025\/05\/2024-02-05-Beitrittserklaerung.docx\" class=\"wp-block-file__button\" download aria-describedby=\"wp-block-file--media-f7764e06-ad24-42be-9183-843cad853c0d\">Herunterladen<\/a><\/div>\n\n\n\n<p><\/p>\n\n\n\n<p>Gemeinsam k\u00f6nnen wir viel f\u00fcr unsere Kinder bewegen!<\/p>\n\n\n\n<p>Sie haben Fragen oder Anregungen? Schreiben Sie uns gern eine E-Mail (z. B. \u00fcber IServ) an: &#x66;&#111;&#x65;&#x72;&#100;&#x65;&#114;v&#x65;&#114;e&#x69;&#110;&#64;&#x67;&#115;-&#x73;&#116;&#x6d;&#x69;&#99;&#x68;&#x61;&#101;&#x6c;&#46;d&#x65;.<\/p>\n","protected":false},"excerpt":{"rendered":"<p>Um dem F\u00f6rderverein der Grundschule St. Michael e.V. beizutreten, laden Sie ganz einfach das unten stehende Formular herunter, f\u00fcllen es aus und lassen es unterschrieben dem F\u00f6rderverein zukommen: Gemeinsam k\u00f6nnen wir viel f\u00fcr unsere Kinder bewegen! Sie haben Fragen oder Anregungen? Schreiben Sie uns gern eine E-Mail (z. B. \u00fcber IServ) an: foer&#100;&#101;&#114;&#118;&#101;&#114;&#101;&#x69;&#x6e;&#x40;&#x67;&#x73;&#x2d;&#x73;&#x74;&#x6d;icha&#101;&#108;&#46;&#100;&#101;.<\/p>\n","protected":false},"author":9194482,"featured_media":0,"parent":0,"menu_order":0,"comment_status":"closed","ping_status":"closed","template":"","meta":{"footnotes":""},"class_list":["post-353","page","type-page","status-publish","hentry"],"_links":{"self":[{"href":"https:\/\/wordpress.nibis.de\/stmichael\/wp-json\/wp\/v2\/pages\/353","targetHints":{"allow":["GET"]}}],"collection":[{"href":"https:\/\/wordpress.nibis.de\/stmichael\/wp-json\/wp\/v2\/pages"}],"about":[{"href":"https:\/\/wordpress.nibis.de\/stmichael\/wp-json\/wp\/v2\/types\/page"}],"author":[{"embeddable":true,"href":"https:\/\/wordpress.nibis.de\/stmichael\/wp-json\/wp\/v2\/users\/9194482"}],"replies":[{"embeddable":true,"href":"https:\/\/wordpress.nibis.de\/stmichael\/wp-json\/wp\/v2\/comments?post=353"}],"version-history":[{"count":3,"href":"https:\/\/wordpress.nibis.de\/stmichael\/wp-json\/wp\/v2\/pages\/353\/revisions"}],"predecessor-version":[{"id":672,"href":"https:\/\/wordpress.nibis.de\/stmichael\/wp-json\/wp\/v2\/pages\/353\/revisions\/672"}],"wp:attachment":[{"href":"https:\/\/wordpress.nibis.de\/stmichael\/wp-json\/wp\/v2\/media?parent=353"}],"curies":[{"name":"wp","href":"https:\/\/api.w.org\/{rel}","templated":true}]}}