{"id":396,"date":"2025-03-06T17:01:18","date_gmt":"2025-03-06T16:01:18","guid":{"rendered":"https:\/\/wordpress.nibis.de\/stmichael\/?page_id=396"},"modified":"2025-03-06T17:10:17","modified_gmt":"2025-03-06T16:10:17","slug":"schulleben-2022","status":"publish","type":"page","link":"https:\/\/wordpress.nibis.de\/stmichael\/schulleben-2022\/","title":{"rendered":"Schulleben 2022"},"content":{"rendered":"\n<h2>Trixitt 2022<\/h2>\n<p>Am 29.06.2022 wurde der Schulhof der Grundschule St. Michael vom Trixitt Team zum gro\u00dfen sportlichen Event verwandelt. Neben Hockey und Menschenkicker gab es verschiedene sportliche Aktivit\u00e4ten bei denen sich alle Klassen als Team und mit ihren Klassenlehrern beweisen und ausprobieren konnten.<\/p>\n<p>Damit auch jedes Kind seinen Durst l\u00f6schen und eine sch\u00f6ne Erinnerung mitnehmen konnte, spendete der \u201eF\u00f6rderverein St. Michael\u201c jedem Kind eine Alu \u2013 Trinkflasche. Somit war jedes Kind gut ausger\u00fcstet. Jetzt hie\u00df es raus aus dem Schulalltag und rein in ein gemeinsames Erlebnis mit der Klasse und mit den Klassenlehrern.<\/p>\n<p>Die Kinder waren so gespannt und auch die Lehrer freuten sich riesig auf dieses sportliche Event.<\/p>\n<p>F\u00fcr das leibliche Wohl der Kinder sorgte au\u00dferdem der F\u00f6rderverein und es gab reichlich Wasser und Obst. Genau da trafen sich die Klassen und es wurde in der Pause begeistert von allen sportlichen Aktionen berichtet.<\/p>\n\n\n\n<figure class=\"wp-block-gallery has-nested-images columns-default is-cropped is-style-tw-img-rounded wp-block-gallery-1 is-layout-flex wp-block-gallery-is-layout-flex\">\n<figure class=\"wp-block-image size-large\"><img loading=\"lazy\" decoding=\"async\" width=\"900\" height=\"1200\" data-id=\"239\" src=\"https:\/\/wordpress.nibis.de\/stmichael\/files\/2024\/11\/Sportfest2022_003.jpg\" alt=\"Trixitt 2022\" class=\"wp-image-239\" srcset=\"https:\/\/wordpress.nibis.de\/stmichael\/files\/2024\/11\/Sportfest2022_003.jpg 900w, https:\/\/wordpress.nibis.de\/stmichael\/files\/2024\/11\/Sportfest2022_003-225x300.jpg 225w, https:\/\/wordpress.nibis.de\/stmichael\/files\/2024\/11\/Sportfest2022_003-768x1024.jpg 768w, https:\/\/wordpress.nibis.de\/stmichael\/files\/2024\/11\/Sportfest2022_003-203x270.jpg 203w\" sizes=\"auto, (max-width: 900px) 100vw, 900px\" \/><\/figure>\n\n\n\n<figure class=\"wp-block-image size-large\"><img loading=\"lazy\" decoding=\"async\" width=\"1200\" height=\"900\" data-id=\"238\" src=\"https:\/\/wordpress.nibis.de\/stmichael\/files\/2024\/11\/Sportfest2022_004.jpg\" alt=\"\" class=\"wp-image-238\" srcset=\"https:\/\/wordpress.nibis.de\/stmichael\/files\/2024\/11\/Sportfest2022_004.jpg 1200w, https:\/\/wordpress.nibis.de\/stmichael\/files\/2024\/11\/Sportfest2022_004-300x225.jpg 300w, https:\/\/wordpress.nibis.de\/stmichael\/files\/2024\/11\/Sportfest2022_004-1024x768.jpg 1024w, https:\/\/wordpress.nibis.de\/stmichael\/files\/2024\/11\/Sportfest2022_004-768x576.jpg 768w, https:\/\/wordpress.nibis.de\/stmichael\/files\/2024\/11\/Sportfest2022_004-360x270.jpg 360w\" sizes=\"auto, (max-width: 1200px) 100vw, 1200px\" \/><\/figure>\n\n\n\n<figure class=\"wp-block-image size-large\"><img loading=\"lazy\" decoding=\"async\" width=\"900\" height=\"1200\" data-id=\"236\" src=\"https:\/\/wordpress.nibis.de\/stmichael\/files\/2024\/11\/Sportfest2022_001.jpg\" alt=\"\" class=\"wp-image-236\" srcset=\"https:\/\/wordpress.nibis.de\/stmichael\/files\/2024\/11\/Sportfest2022_001.jpg 900w, https:\/\/wordpress.nibis.de\/stmichael\/files\/2024\/11\/Sportfest2022_001-225x300.jpg 225w, https:\/\/wordpress.nibis.de\/stmichael\/files\/2024\/11\/Sportfest2022_001-768x1024.jpg 768w, https:\/\/wordpress.nibis.de\/stmichael\/files\/2024\/11\/Sportfest2022_001-203x270.jpg 203w\" sizes=\"auto, (max-width: 900px) 100vw, 900px\" \/><\/figure>\n\n\n\n<figure class=\"wp-block-image size-large\"><img loading=\"lazy\" decoding=\"async\" width=\"900\" height=\"1200\" data-id=\"235\" src=\"https:\/\/wordpress.nibis.de\/stmichael\/files\/2024\/11\/Sportfest2022_002.jpg\" alt=\"\" class=\"wp-image-235\" srcset=\"https:\/\/wordpress.nibis.de\/stmichael\/files\/2024\/11\/Sportfest2022_002.jpg 900w, https:\/\/wordpress.nibis.de\/stmichael\/files\/2024\/11\/Sportfest2022_002-225x300.jpg 225w, https:\/\/wordpress.nibis.de\/stmichael\/files\/2024\/11\/Sportfest2022_002-768x1024.jpg 768w, https:\/\/wordpress.nibis.de\/stmichael\/files\/2024\/11\/Sportfest2022_002-203x270.jpg 203w\" sizes=\"auto, (max-width: 900px) 100vw, 900px\" \/><\/figure>\n\n\n\n<figure class=\"wp-block-image size-large\"><img loading=\"lazy\" decoding=\"async\" width=\"900\" height=\"1200\" data-id=\"237\" src=\"https:\/\/wordpress.nibis.de\/stmichael\/files\/2024\/11\/Sportfest2022_005.jpg\" alt=\"\" class=\"wp-image-237\" srcset=\"https:\/\/wordpress.nibis.de\/stmichael\/files\/2024\/11\/Sportfest2022_005.jpg 900w, https:\/\/wordpress.nibis.de\/stmichael\/files\/2024\/11\/Sportfest2022_005-225x300.jpg 225w, https:\/\/wordpress.nibis.de\/stmichael\/files\/2024\/11\/Sportfest2022_005-768x1024.jpg 768w, https:\/\/wordpress.nibis.de\/stmichael\/files\/2024\/11\/Sportfest2022_005-203x270.jpg 203w\" sizes=\"auto, (max-width: 900px) 100vw, 900px\" \/><\/figure>\n<\/figure>\n\n\n\n<p><\/p>\n","protected":false},"excerpt":{"rendered":"<p>Trixitt 2022 Am 29.06.2022 wurde der Schulhof der Grundschule St. Michael vom Trixitt Team zum gro\u00dfen sportlichen Event verwandelt. Neben Hockey und Menschenkicker gab es verschiedene sportliche Aktivit\u00e4ten bei denen sich alle Klassen als Team und mit ihren Klassenlehrern beweisen und ausprobieren konnten. Damit auch jedes Kind seinen Durst l\u00f6schen und eine sch\u00f6ne Erinnerung mitnehmen konnte, spendete der \u201eF\u00f6rderverein St. Michael\u201c jedem Kind eine Alu \u2013 Trinkflasche. Somit war jedes Kind gut ausger\u00fcstet. Jetzt hie\u00df es raus aus dem Schulalltag&#8230;<\/p>\n<p class=\"read-more\"><a class=\"btn btn-default\" href=\"https:\/\/wordpress.nibis.de\/stmichael\/schulleben-2022\/\">Weiterlesen<span class=\"screen-reader-text\"> Weiterlesen<\/span><\/a><\/p>\n","protected":false},"author":9194367,"featured_media":0,"parent":0,"menu_order":0,"comment_status":"closed","ping_status":"closed","template":"","meta":{"footnotes":""},"class_list":["post-396","page","type-page","status-publish","hentry"],"_links":{"self":[{"href":"https:\/\/wordpress.nibis.de\/stmichael\/wp-json\/wp\/v2\/pages\/396","targetHints":{"allow":["GET"]}}],"collection":[{"href":"https:\/\/wordpress.nibis.de\/stmichael\/wp-json\/wp\/v2\/pages"}],"about":[{"href":"https:\/\/wordpress.nibis.de\/stmichael\/wp-json\/wp\/v2\/types\/page"}],"author":[{"embeddable":true,"href":"https:\/\/wordpress.nibis.de\/stmichael\/wp-json\/wp\/v2\/users\/9194367"}],"replies":[{"embeddable":true,"href":"https:\/\/wordpress.nibis.de\/stmichael\/wp-json\/wp\/v2\/comments?post=396"}],"version-history":[{"count":2,"href":"https:\/\/wordpress.nibis.de\/stmichael\/wp-json\/wp\/v2\/pages\/396\/revisions"}],"predecessor-version":[{"id":405,"href":"https:\/\/wordpress.nibis.de\/stmichael\/wp-json\/wp\/v2\/pages\/396\/revisions\/405"}],"wp:attachment":[{"href":"https:\/\/wordpress.nibis.de\/stmichael\/wp-json\/wp\/v2\/media?parent=396"}],"curies":[{"name":"wp","href":"https:\/\/api.w.org\/{rel}","templated":true}]}}