{"id":398,"date":"2025-03-06T17:01:44","date_gmt":"2025-03-06T16:01:44","guid":{"rendered":"https:\/\/wordpress.nibis.de\/stmichael\/?page_id=398"},"modified":"2025-03-06T17:37:25","modified_gmt":"2025-03-06T16:37:25","slug":"schulleben-2023","status":"publish","type":"page","link":"https:\/\/wordpress.nibis.de\/stmichael\/schulleben-2023\/","title":{"rendered":"Schulleben 2023"},"content":{"rendered":"\n<h2>Helau und Alaf<\/h2>\n<p>Unser F\u00f6rderverein hat zu Karneval den Sch\u00fclerinnen und Sch\u00fclern wieder eine leckere Freude bereitet und 250 Berliner sowie Fruchtkaramellen gespendet. Letztere wurden standesgem\u00e4\u00df f\u00fcr die Kinder bei der Karnevalsfeier geworfen.<\/p>\n<p>Die Kinder und Lehrerkr\u00e4fte waren begeistert und bedankten sich herzlich. Diese Aktionen vom F\u00f6rderverein soll dazu beitragen, das Gemeinschaftsgef\u00fchl an der Schule zu st\u00e4rken und den Kindern eine kleine Freude zu bereiten.<\/p>\n\n\n\n<figure class=\"wp-block-gallery has-nested-images columns-default wp-block-gallery-1 is-layout-flex wp-block-gallery-is-layout-flex\">\n<figure class=\"wp-block-image size-large is-style-tw-rounded-corners\"><img loading=\"lazy\" decoding=\"async\" width=\"768\" height=\"1024\" data-id=\"169\" src=\"https:\/\/wordpress.nibis.de\/stmichael\/files\/2024\/08\/Karneval2023_1-1-768x1024-1.jpg\" alt=\"\" class=\"wp-image-169\" srcset=\"https:\/\/wordpress.nibis.de\/stmichael\/files\/2024\/08\/Karneval2023_1-1-768x1024-1.jpg 768w, https:\/\/wordpress.nibis.de\/stmichael\/files\/2024\/08\/Karneval2023_1-1-768x1024-1-225x300.jpg 225w, https:\/\/wordpress.nibis.de\/stmichael\/files\/2024\/08\/Karneval2023_1-1-768x1024-1-203x270.jpg 203w\" sizes=\"auto, (max-width: 768px) 100vw, 768px\" \/><\/figure>\n\n\n\n<figure class=\"wp-block-image size-large is-style-tw-rounded-corners\"><img loading=\"lazy\" decoding=\"async\" width=\"768\" height=\"1024\" data-id=\"168\" src=\"https:\/\/wordpress.nibis.de\/stmichael\/files\/2024\/08\/Karneval2023_2-768x1024-1.jpg\" alt=\"\" class=\"wp-image-168\" srcset=\"https:\/\/wordpress.nibis.de\/stmichael\/files\/2024\/08\/Karneval2023_2-768x1024-1.jpg 768w, https:\/\/wordpress.nibis.de\/stmichael\/files\/2024\/08\/Karneval2023_2-768x1024-1-225x300.jpg 225w, https:\/\/wordpress.nibis.de\/stmichael\/files\/2024\/08\/Karneval2023_2-768x1024-1-203x270.jpg 203w\" sizes=\"auto, (max-width: 768px) 100vw, 768px\" \/><\/figure>\n<\/figure>\n\n\n\n<h2>Lesewettbewerb 2023<\/h2>\n<p>Beim schulinternen Lesewettbewerb f\u00fcr die Kinder der 3. und 4. Klasse sorgten wir, der F\u00f6rderverein, wieder f\u00fcr tolle Preise! Der Wettbewerb soll dazu anregen, das Lesen zu einer sch\u00f6nen und interessanten Besch\u00e4ftigung zu machen.<\/p>\n<p>Gro\u00dfartige Preise konnten vergeben werden: Der 1. bis 3. konnte sich \u00fcber einen Kinogutschein, einen Gutschein f\u00fcr die Eissporthalle oder das Schwimmbad freuen. Vielen Dank an die Sponsoren des Kultiplex Kinos und der Stadt Salzgitter B\u00e4der, Sport &amp; Freizeit. F\u00fcr den 4. bis 6. Platz haben wir tolle Stiftem\u00e4ppchen anfertigen lassen.<\/p>\n<p>Die Kinder, die am Wettbewerb teilnehmen, werden klassenintern gew\u00e4hlt und lesen zum einen ein St\u00fcck aus einem selbst ausgew\u00e4hlten Buch und einen fremden Text.<\/p>\n<p>Wir freuen uns auf das n\u00e4chste Jahr und w\u00fcnschen allen viel Freude mit den Gewinnen. Mit Spa\u00df beim Lesen!<\/p>\n<p>Euer F\u00f6rderverein<\/p>\n\n\n\n<figure class=\"wp-block-gallery has-nested-images columns-2 is-style-tw-img-rounded wp-block-gallery-2 is-layout-flex wp-block-gallery-is-layout-flex\">\n<figure class=\"wp-block-image size-large tw-width-100\"><img loading=\"lazy\" decoding=\"async\" width=\"1024\" height=\"473\" data-id=\"163\" src=\"https:\/\/wordpress.nibis.de\/stmichael\/files\/2024\/08\/Lesewettbewerb-2023_02-1024x473-1.jpeg\" alt=\"\" class=\"wp-image-163\" srcset=\"https:\/\/wordpress.nibis.de\/stmichael\/files\/2024\/08\/Lesewettbewerb-2023_02-1024x473-1.jpeg 1024w, https:\/\/wordpress.nibis.de\/stmichael\/files\/2024\/08\/Lesewettbewerb-2023_02-1024x473-1-300x139.jpeg 300w, https:\/\/wordpress.nibis.de\/stmichael\/files\/2024\/08\/Lesewettbewerb-2023_02-1024x473-1-768x355.jpeg 768w, https:\/\/wordpress.nibis.de\/stmichael\/files\/2024\/08\/Lesewettbewerb-2023_02-1024x473-1-585x270.jpeg 585w\" sizes=\"auto, (max-width: 1024px) 100vw, 1024px\" \/><\/figure>\n\n\n\n<figure class=\"wp-block-image size-large\"><img loading=\"lazy\" decoding=\"async\" width=\"768\" height=\"1025\" data-id=\"164\" src=\"https:\/\/wordpress.nibis.de\/stmichael\/files\/2024\/08\/Lesewettbewerb-2023_03-768x1025-1.jpg\" alt=\"\" class=\"wp-image-164\" srcset=\"https:\/\/wordpress.nibis.de\/stmichael\/files\/2024\/08\/Lesewettbewerb-2023_03-768x1025-1.jpg 768w, https:\/\/wordpress.nibis.de\/stmichael\/files\/2024\/08\/Lesewettbewerb-2023_03-768x1025-1-225x300.jpg 225w, https:\/\/wordpress.nibis.de\/stmichael\/files\/2024\/08\/Lesewettbewerb-2023_03-768x1025-1-202x270.jpg 202w\" sizes=\"auto, (max-width: 768px) 100vw, 768px\" \/><\/figure>\n\n\n\n<figure class=\"wp-block-image size-large\"><img loading=\"lazy\" decoding=\"async\" width=\"768\" height=\"1025\" data-id=\"165\" src=\"https:\/\/wordpress.nibis.de\/stmichael\/files\/2024\/08\/Lesewettbewerb-2023_04-768x1025-1.jpg\" alt=\"\" class=\"wp-image-165\" srcset=\"https:\/\/wordpress.nibis.de\/stmichael\/files\/2024\/08\/Lesewettbewerb-2023_04-768x1025-1.jpg 768w, https:\/\/wordpress.nibis.de\/stmichael\/files\/2024\/08\/Lesewettbewerb-2023_04-768x1025-1-225x300.jpg 225w, https:\/\/wordpress.nibis.de\/stmichael\/files\/2024\/08\/Lesewettbewerb-2023_04-768x1025-1-202x270.jpg 202w\" sizes=\"auto, (max-width: 768px) 100vw, 768px\" \/><\/figure>\n<\/figure>\n","protected":false},"excerpt":{"rendered":"<p>Helau und Alaf Unser F\u00f6rderverein hat zu Karneval den Sch\u00fclerinnen und Sch\u00fclern wieder eine leckere Freude bereitet und 250 Berliner sowie Fruchtkaramellen gespendet. Letztere wurden standesgem\u00e4\u00df f\u00fcr die Kinder bei der Karnevalsfeier geworfen. Die Kinder und Lehrerkr\u00e4fte waren begeistert und bedankten sich herzlich. Diese Aktionen vom F\u00f6rderverein soll dazu beitragen, das Gemeinschaftsgef\u00fchl an der Schule zu st\u00e4rken und den Kindern eine kleine Freude zu bereiten. Lesewettbewerb 2023 Beim schulinternen Lesewettbewerb f\u00fcr die Kinder der 3. und 4. Klasse sorgten wir,&#8230;<\/p>\n<p class=\"read-more\"><a class=\"btn btn-default\" href=\"https:\/\/wordpress.nibis.de\/stmichael\/schulleben-2023\/\">Weiterlesen<span class=\"screen-reader-text\"> Weiterlesen<\/span><\/a><\/p>\n","protected":false},"author":9194367,"featured_media":0,"parent":0,"menu_order":0,"comment_status":"closed","ping_status":"closed","template":"","meta":{"footnotes":""},"class_list":["post-398","page","type-page","status-publish","hentry"],"_links":{"self":[{"href":"https:\/\/wordpress.nibis.de\/stmichael\/wp-json\/wp\/v2\/pages\/398","targetHints":{"allow":["GET"]}}],"collection":[{"href":"https:\/\/wordpress.nibis.de\/stmichael\/wp-json\/wp\/v2\/pages"}],"about":[{"href":"https:\/\/wordpress.nibis.de\/stmichael\/wp-json\/wp\/v2\/types\/page"}],"author":[{"embeddable":true,"href":"https:\/\/wordpress.nibis.de\/stmichael\/wp-json\/wp\/v2\/users\/9194367"}],"replies":[{"embeddable":true,"href":"https:\/\/wordpress.nibis.de\/stmichael\/wp-json\/wp\/v2\/comments?post=398"}],"version-history":[{"count":5,"href":"https:\/\/wordpress.nibis.de\/stmichael\/wp-json\/wp\/v2\/pages\/398\/revisions"}],"predecessor-version":[{"id":409,"href":"https:\/\/wordpress.nibis.de\/stmichael\/wp-json\/wp\/v2\/pages\/398\/revisions\/409"}],"wp:attachment":[{"href":"https:\/\/wordpress.nibis.de\/stmichael\/wp-json\/wp\/v2\/media?parent=398"}],"curies":[{"name":"wp","href":"https:\/\/api.w.org\/{rel}","templated":true}]}}