{"id":400,"date":"2025-03-06T17:01:54","date_gmt":"2025-03-06T16:01:54","guid":{"rendered":"https:\/\/wordpress.nibis.de\/stmichael\/?page_id=400"},"modified":"2025-03-06T17:49:10","modified_gmt":"2025-03-06T16:49:10","slug":"schulleben-2024","status":"publish","type":"page","link":"https:\/\/wordpress.nibis.de\/stmichael\/schulleben-2024\/","title":{"rendered":"Schulleben 2024"},"content":{"rendered":"\n<h2>Sport Oskar 2024<\/h2>\n<p>Unsere Schule veranstaltete am 9. August 2024 das Sportfest \u201cSport-Oskar 2.0\u201d, ein Konzept der Volksbank BRAWO Stiftung und United Kids Foundations. Beim Fest durchliefen die Kinder einen Bewegungsparcours, bei dem es keine Gewinner oder Verlierer gab. Der Sport-Oskar vermittelte den Kindern Freude an der Bewegung und motivierte sie zu einem gesunden Lebensstil. Alle hatten an diesem ereignisreichen Tag viel Spa\u00df.<\/p>\n<p>Die Volksbank BRAWO Stiftung berichtete \u00fcber den Sport-Oskar auch auf ihrer Website\u00a0<a href=\"https:\/\/www.united-kids-foundations.de\/news\/sport-oskar-bringt-schule-in-bewegung\">[Neues Konzept sorgt f\u00fcr viel Spa\u00df am Sport an der Salzgitter Grundschule St. Michael].<\/a><\/p>\n\n\n\n<figure class=\"wp-block-gallery has-nested-images columns-default is-style-tw-img-rounded wp-block-gallery-1 is-layout-flex wp-block-gallery-is-layout-flex\">\n<figure class=\"wp-block-image size-large\"><img loading=\"lazy\" decoding=\"async\" width=\"1200\" height=\"1600\" data-id=\"114\" src=\"https:\/\/wordpress.nibis.de\/stmichael\/files\/2024\/08\/Oskar-2.jpeg\" alt=\"\" class=\"wp-image-114\" srcset=\"https:\/\/wordpress.nibis.de\/stmichael\/files\/2024\/08\/Oskar-2.jpeg 1200w, https:\/\/wordpress.nibis.de\/stmichael\/files\/2024\/08\/Oskar-2-225x300.jpeg 225w, https:\/\/wordpress.nibis.de\/stmichael\/files\/2024\/08\/Oskar-2-768x1024.jpeg 768w, https:\/\/wordpress.nibis.de\/stmichael\/files\/2024\/08\/Oskar-2-1152x1536.jpeg 1152w, https:\/\/wordpress.nibis.de\/stmichael\/files\/2024\/08\/Oskar-2-203x270.jpeg 203w\" sizes=\"auto, (max-width: 1200px) 100vw, 1200px\" \/><\/figure>\n\n\n\n<figure class=\"wp-block-image size-large\"><img loading=\"lazy\" decoding=\"async\" width=\"1200\" height=\"963\" data-id=\"113\" src=\"https:\/\/wordpress.nibis.de\/stmichael\/files\/2024\/08\/Oskar-1-1.jpeg\" alt=\"\" class=\"wp-image-113\" srcset=\"https:\/\/wordpress.nibis.de\/stmichael\/files\/2024\/08\/Oskar-1-1.jpeg 1200w, https:\/\/wordpress.nibis.de\/stmichael\/files\/2024\/08\/Oskar-1-1-300x241.jpeg 300w, https:\/\/wordpress.nibis.de\/stmichael\/files\/2024\/08\/Oskar-1-1-1024x822.jpeg 1024w, https:\/\/wordpress.nibis.de\/stmichael\/files\/2024\/08\/Oskar-1-1-768x616.jpeg 768w, https:\/\/wordpress.nibis.de\/stmichael\/files\/2024\/08\/Oskar-1-1-336x270.jpeg 336w\" sizes=\"auto, (max-width: 1200px) 100vw, 1200px\" \/><\/figure>\n<\/figure>\n\n\n\n<h2>Einschulung 2024<\/h2>\n<p>Heute fand die Einschulung in der St. Joseph Kirche unter dem Motto \u201cDie Schule ist wie ein bunter Garten\u201d statt. Das Motto verdeutlicht, dass nicht alle Kinder gleich sind und wir zu einer Gemeinschaft zusammenwachsen. Nach einem Gottesdienst und der Segnung der Kinder ging es weiter in die Schule, um dort die erste Schulstunde durchzuf\u00fchren.\u00a0 Wir hei\u00dfen die Erstkl\u00e4ssler in unserer Schulgemeinschaft herzlich Willkommen und danken dem F\u00f6rderverein f\u00fcr die Unterst\u00fctzung an diesem Tag.<\/p>\n\n\n\n<figure class=\"wp-block-gallery has-nested-images columns-2 is-style-tw-img-rounded wp-block-gallery-2 is-layout-flex wp-block-gallery-is-layout-flex\">\n<figure class=\"wp-block-image size-large\"><img loading=\"lazy\" decoding=\"async\" width=\"2560\" height=\"1928\" data-id=\"134\" src=\"https:\/\/wordpress.nibis.de\/stmichael\/files\/2024\/08\/b-scaled.jpg\" alt=\"\" class=\"wp-image-134\" srcset=\"https:\/\/wordpress.nibis.de\/stmichael\/files\/2024\/08\/b-scaled.jpg 2560w, https:\/\/wordpress.nibis.de\/stmichael\/files\/2024\/08\/b-300x226.jpg 300w, https:\/\/wordpress.nibis.de\/stmichael\/files\/2024\/08\/b-1024x771.jpg 1024w, https:\/\/wordpress.nibis.de\/stmichael\/files\/2024\/08\/b-768x578.jpg 768w, https:\/\/wordpress.nibis.de\/stmichael\/files\/2024\/08\/b-1536x1157.jpg 1536w, https:\/\/wordpress.nibis.de\/stmichael\/files\/2024\/08\/b-2048x1542.jpg 2048w, https:\/\/wordpress.nibis.de\/stmichael\/files\/2024\/08\/b-359x270.jpg 359w\" sizes=\"auto, (max-width: 2560px) 100vw, 2560px\" \/><\/figure>\n\n\n\n<figure class=\"wp-block-image size-large\"><img loading=\"lazy\" decoding=\"async\" width=\"1044\" height=\"1600\" data-id=\"132\" src=\"https:\/\/wordpress.nibis.de\/stmichael\/files\/2024\/08\/c.jpg\" alt=\"\" class=\"wp-image-132\" srcset=\"https:\/\/wordpress.nibis.de\/stmichael\/files\/2024\/08\/c.jpg 1044w, https:\/\/wordpress.nibis.de\/stmichael\/files\/2024\/08\/c-196x300.jpg 196w, https:\/\/wordpress.nibis.de\/stmichael\/files\/2024\/08\/c-668x1024.jpg 668w, https:\/\/wordpress.nibis.de\/stmichael\/files\/2024\/08\/c-768x1177.jpg 768w, https:\/\/wordpress.nibis.de\/stmichael\/files\/2024\/08\/c-1002x1536.jpg 1002w, https:\/\/wordpress.nibis.de\/stmichael\/files\/2024\/08\/c-176x270.jpg 176w\" sizes=\"auto, (max-width: 1044px) 100vw, 1044px\" \/><\/figure>\n\n\n\n<figure class=\"wp-block-image size-large\"><img loading=\"lazy\" decoding=\"async\" width=\"2560\" height=\"1928\" data-id=\"142\" src=\"https:\/\/wordpress.nibis.de\/stmichael\/files\/2024\/08\/d-scaled.jpg\" alt=\"\" class=\"wp-image-142\" srcset=\"https:\/\/wordpress.nibis.de\/stmichael\/files\/2024\/08\/d-scaled.jpg 2560w, https:\/\/wordpress.nibis.de\/stmichael\/files\/2024\/08\/d-300x226.jpg 300w, https:\/\/wordpress.nibis.de\/stmichael\/files\/2024\/08\/d-1024x771.jpg 1024w, https:\/\/wordpress.nibis.de\/stmichael\/files\/2024\/08\/d-768x578.jpg 768w, https:\/\/wordpress.nibis.de\/stmichael\/files\/2024\/08\/d-1536x1157.jpg 1536w, https:\/\/wordpress.nibis.de\/stmichael\/files\/2024\/08\/d-2048x1542.jpg 2048w, https:\/\/wordpress.nibis.de\/stmichael\/files\/2024\/08\/d-359x270.jpg 359w\" sizes=\"auto, (max-width: 2560px) 100vw, 2560px\" \/><\/figure>\n<\/figure>\n\n\n\n<h2>Braunschweiger Zeitung berichtet \u00fcber den Ganztag<\/h2>\n<p>Die Braunschweiger Zeitung berichte heute \u00fcber das offene Ganztagsmodell unserer Schule, bei dem die Kinder nach dem Unterricht bis 15:30 Uhr betreut werden. Nach einer gemeinsamen Mittagspause erledigen sie ihre Hausaufgaben und nehmen an verschiedenen AGs teil. Eltern wie Milja Kalik und Anett Dyrbus sch\u00e4tzen dieses Angebot sehr, da ihre Kinder so zus\u00e4tzlich gef\u00f6rdert werden und soziale Kontakte pflegen k\u00f6nnen. Besonders wichtig ist die Ganztagsbetreuung f\u00fcr berufst\u00e4tige Eltern, die durch das Modell Arbeit und Familie besser vereinbaren k\u00f6nnen. Kalik betont, dass ihr Sohn durch die Betreuung Deutsch lernte und dadurch gro\u00dfe schulische Fortschritte machte. Beide Elternteile sehen das Ganztagsmodell als unverzichtbar an und w\u00fcnschen sich, dass es an allen Schulen angeboten wird.<\/p>\n<p>Den vollst\u00e4ndigen Artikel finden Sie unter:\u00a0<a href=\"https:\/\/www.braunschweiger-zeitung.de\/incoming\/hsen\/salzgitter\/article406931410\/wieso-diese-eltern-aus-salzgitter-den-ganztag-sinnvoll-finden.html\">Ganztag in der Grundschule: Das bringt er Salzgitteraner Eltern (braunschweiger-zeitung.de)<\/a><\/p>\n\n\n\n<h2>Der Advent beginnt in der Grundschule Sankt Michael<\/h2>\n<p>In den letzten Tagen haben unsere Sch\u00fcler flei\u00dfig Dekoration f\u00fcr unseren Weihnachtsbaum gebastelt. Wir w\u00fcnschen der Schulgemeinschaft eine besinnliche Adventszeit und ein frohes Fest.<\/p>\n\n\n\n<figure class=\"wp-block-gallery has-nested-images columns-default is-style-tw-img-rounded wp-block-gallery-3 is-layout-flex wp-block-gallery-is-layout-flex\">\n<figure class=\"wp-block-image size-large\"><img loading=\"lazy\" decoding=\"async\" width=\"1440\" height=\"2560\" data-id=\"306\" src=\"https:\/\/wordpress.nibis.de\/stmichael\/files\/2024\/12\/Weihnachtsbaum2024-2-scaled.jpg\" alt=\"\" class=\"wp-image-306\" srcset=\"https:\/\/wordpress.nibis.de\/stmichael\/files\/2024\/12\/Weihnachtsbaum2024-2-scaled.jpg 1440w, https:\/\/wordpress.nibis.de\/stmichael\/files\/2024\/12\/Weihnachtsbaum2024-2-169x300.jpg 169w, https:\/\/wordpress.nibis.de\/stmichael\/files\/2024\/12\/Weihnachtsbaum2024-2-576x1024.jpg 576w, https:\/\/wordpress.nibis.de\/stmichael\/files\/2024\/12\/Weihnachtsbaum2024-2-768x1365.jpg 768w, https:\/\/wordpress.nibis.de\/stmichael\/files\/2024\/12\/Weihnachtsbaum2024-2-864x1536.jpg 864w, https:\/\/wordpress.nibis.de\/stmichael\/files\/2024\/12\/Weihnachtsbaum2024-2-1152x2048.jpg 1152w, https:\/\/wordpress.nibis.de\/stmichael\/files\/2024\/12\/Weihnachtsbaum2024-2-152x270.jpg 152w\" sizes=\"auto, (max-width: 1440px) 100vw, 1440px\" \/><\/figure>\n\n\n\n<figure class=\"wp-block-image size-large\"><img loading=\"lazy\" decoding=\"async\" width=\"1440\" height=\"2560\" data-id=\"307\" src=\"https:\/\/wordpress.nibis.de\/stmichael\/files\/2024\/12\/Weihnachtsbaum2024-1-scaled.jpg\" alt=\"\" class=\"wp-image-307\" srcset=\"https:\/\/wordpress.nibis.de\/stmichael\/files\/2024\/12\/Weihnachtsbaum2024-1-scaled.jpg 1440w, https:\/\/wordpress.nibis.de\/stmichael\/files\/2024\/12\/Weihnachtsbaum2024-1-169x300.jpg 169w, https:\/\/wordpress.nibis.de\/stmichael\/files\/2024\/12\/Weihnachtsbaum2024-1-576x1024.jpg 576w, https:\/\/wordpress.nibis.de\/stmichael\/files\/2024\/12\/Weihnachtsbaum2024-1-768x1365.jpg 768w, https:\/\/wordpress.nibis.de\/stmichael\/files\/2024\/12\/Weihnachtsbaum2024-1-864x1536.jpg 864w, https:\/\/wordpress.nibis.de\/stmichael\/files\/2024\/12\/Weihnachtsbaum2024-1-1152x2048.jpg 1152w, https:\/\/wordpress.nibis.de\/stmichael\/files\/2024\/12\/Weihnachtsbaum2024-1-152x270.jpg 152w\" sizes=\"auto, (max-width: 1440px) 100vw, 1440px\" \/><\/figure>\n<\/figure>\n\n\n\n<h2>Weihnachtsgottesdienst 2024<\/h2>\n<p>Heute haben wir unseren Weihnachtsgottesdienst in der Kirche St. Joseph gefeiert. Die Kinder haben unter anderem selber verfasste F\u00fcrbitten vorgelesen. Die Weihnachtsgeschichte wurde auch vorgetragen.<\/p>\n<p>Wir w\u00fcnschen allem ein gesegnetes Weihnachtsfest und einen guten Rutsch ins neue Jahr.<\/p>\n\n\n\n<figure class=\"wp-block-gallery has-nested-images columns-2 is-style-tw-img-rounded wp-block-gallery-4 is-layout-flex wp-block-gallery-is-layout-flex\">\n<figure class=\"wp-block-image size-large\"><img loading=\"lazy\" decoding=\"async\" width=\"2560\" height=\"1928\" data-id=\"314\" src=\"https:\/\/wordpress.nibis.de\/stmichael\/files\/2024\/12\/IMG-20241218-WA0055-scaled.jpg\" alt=\"\" class=\"wp-image-314\" srcset=\"https:\/\/wordpress.nibis.de\/stmichael\/files\/2024\/12\/IMG-20241218-WA0055-scaled.jpg 2560w, https:\/\/wordpress.nibis.de\/stmichael\/files\/2024\/12\/IMG-20241218-WA0055-300x226.jpg 300w, https:\/\/wordpress.nibis.de\/stmichael\/files\/2024\/12\/IMG-20241218-WA0055-1024x771.jpg 1024w, https:\/\/wordpress.nibis.de\/stmichael\/files\/2024\/12\/IMG-20241218-WA0055-768x578.jpg 768w, https:\/\/wordpress.nibis.de\/stmichael\/files\/2024\/12\/IMG-20241218-WA0055-1536x1157.jpg 1536w, https:\/\/wordpress.nibis.de\/stmichael\/files\/2024\/12\/IMG-20241218-WA0055-2048x1542.jpg 2048w, https:\/\/wordpress.nibis.de\/stmichael\/files\/2024\/12\/IMG-20241218-WA0055-359x270.jpg 359w\" sizes=\"auto, (max-width: 2560px) 100vw, 2560px\" \/><\/figure>\n\n\n\n<figure class=\"wp-block-image size-large\"><img loading=\"lazy\" decoding=\"async\" width=\"2560\" height=\"1928\" data-id=\"312\" src=\"https:\/\/wordpress.nibis.de\/stmichael\/files\/2024\/12\/IMG-20241218-WA0062-scaled.jpg\" alt=\"\" class=\"wp-image-312\" srcset=\"https:\/\/wordpress.nibis.de\/stmichael\/files\/2024\/12\/IMG-20241218-WA0062-scaled.jpg 2560w, https:\/\/wordpress.nibis.de\/stmichael\/files\/2024\/12\/IMG-20241218-WA0062-300x226.jpg 300w, https:\/\/wordpress.nibis.de\/stmichael\/files\/2024\/12\/IMG-20241218-WA0062-1024x771.jpg 1024w, https:\/\/wordpress.nibis.de\/stmichael\/files\/2024\/12\/IMG-20241218-WA0062-768x578.jpg 768w, https:\/\/wordpress.nibis.de\/stmichael\/files\/2024\/12\/IMG-20241218-WA0062-1536x1157.jpg 1536w, https:\/\/wordpress.nibis.de\/stmichael\/files\/2024\/12\/IMG-20241218-WA0062-2048x1542.jpg 2048w, https:\/\/wordpress.nibis.de\/stmichael\/files\/2024\/12\/IMG-20241218-WA0062-359x270.jpg 359w\" sizes=\"auto, (max-width: 2560px) 100vw, 2560px\" \/><\/figure>\n\n\n\n<figure class=\"wp-block-image size-large\"><img loading=\"lazy\" decoding=\"async\" width=\"2560\" height=\"1928\" data-id=\"311\" src=\"https:\/\/wordpress.nibis.de\/stmichael\/files\/2024\/12\/IMG-20241218-WA0064-scaled.jpg\" alt=\"\" class=\"wp-image-311\" srcset=\"https:\/\/wordpress.nibis.de\/stmichael\/files\/2024\/12\/IMG-20241218-WA0064-scaled.jpg 2560w, https:\/\/wordpress.nibis.de\/stmichael\/files\/2024\/12\/IMG-20241218-WA0064-300x226.jpg 300w, https:\/\/wordpress.nibis.de\/stmichael\/files\/2024\/12\/IMG-20241218-WA0064-1024x771.jpg 1024w, https:\/\/wordpress.nibis.de\/stmichael\/files\/2024\/12\/IMG-20241218-WA0064-768x578.jpg 768w, https:\/\/wordpress.nibis.de\/stmichael\/files\/2024\/12\/IMG-20241218-WA0064-1536x1157.jpg 1536w, https:\/\/wordpress.nibis.de\/stmichael\/files\/2024\/12\/IMG-20241218-WA0064-2048x1542.jpg 2048w, https:\/\/wordpress.nibis.de\/stmichael\/files\/2024\/12\/IMG-20241218-WA0064-359x270.jpg 359w\" sizes=\"auto, (max-width: 2560px) 100vw, 2560px\" \/><\/figure>\n<\/figure>\n","protected":false},"excerpt":{"rendered":"<p>Sport Oskar 2024 Unsere Schule veranstaltete am 9. August 2024 das Sportfest \u201cSport-Oskar 2.0\u201d, ein Konzept der Volksbank BRAWO Stiftung und United Kids Foundations. Beim Fest durchliefen die Kinder einen Bewegungsparcours, bei dem es keine Gewinner oder Verlierer gab. Der Sport-Oskar vermittelte den Kindern Freude an der Bewegung und motivierte sie zu einem gesunden Lebensstil. Alle hatten an diesem ereignisreichen Tag viel Spa\u00df. Die Volksbank BRAWO Stiftung berichtete \u00fcber den Sport-Oskar auch auf ihrer Website\u00a0[Neues Konzept sorgt f\u00fcr viel Spa\u00df&#8230;<\/p>\n<p class=\"read-more\"><a class=\"btn btn-default\" href=\"https:\/\/wordpress.nibis.de\/stmichael\/schulleben-2024\/\">Weiterlesen<span class=\"screen-reader-text\"> Weiterlesen<\/span><\/a><\/p>\n","protected":false},"author":9194367,"featured_media":0,"parent":0,"menu_order":0,"comment_status":"closed","ping_status":"closed","template":"","meta":{"footnotes":""},"class_list":["post-400","page","type-page","status-publish","hentry"],"_links":{"self":[{"href":"https:\/\/wordpress.nibis.de\/stmichael\/wp-json\/wp\/v2\/pages\/400","targetHints":{"allow":["GET"]}}],"collection":[{"href":"https:\/\/wordpress.nibis.de\/stmichael\/wp-json\/wp\/v2\/pages"}],"about":[{"href":"https:\/\/wordpress.nibis.de\/stmichael\/wp-json\/wp\/v2\/types\/page"}],"author":[{"embeddable":true,"href":"https:\/\/wordpress.nibis.de\/stmichael\/wp-json\/wp\/v2\/users\/9194367"}],"replies":[{"embeddable":true,"href":"https:\/\/wordpress.nibis.de\/stmichael\/wp-json\/wp\/v2\/comments?post=400"}],"version-history":[{"count":6,"href":"https:\/\/wordpress.nibis.de\/stmichael\/wp-json\/wp\/v2\/pages\/400\/revisions"}],"predecessor-version":[{"id":414,"href":"https:\/\/wordpress.nibis.de\/stmichael\/wp-json\/wp\/v2\/pages\/400\/revisions\/414"}],"wp:attachment":[{"href":"https:\/\/wordpress.nibis.de\/stmichael\/wp-json\/wp\/v2\/media?parent=400"}],"curies":[{"name":"wp","href":"https:\/\/api.w.org\/{rel}","templated":true}]}}