{"id":546,"date":"2025-04-29T11:50:49","date_gmt":"2025-04-29T09:50:49","guid":{"rendered":"https:\/\/wordpress.nibis.de\/stmichael\/?page_id=546"},"modified":"2026-04-24T11:19:31","modified_gmt":"2026-04-24T09:19:31","slug":"downloads","status":"publish","type":"page","link":"https:\/\/wordpress.nibis.de\/stmichael\/downloads\/","title":{"rendered":"Downloads"},"content":{"rendered":"\n<p>Anmeldeunterlagen <a href=\"https:\/\/wordpress.nibis.de\/stmichael\/files\/2026\/04\/Anmeldebogen-2026-04-24.pdf\">Anmeldebogen 2026-04-24<\/a><\/p>\n<p>Schulordnung <a href=\"https:\/\/wordpress.nibis.de\/stmichael\/files\/2026\/02\/Schulordnung-GS-St.-Michael.pdf\">Schulordnung GS St. Michael<\/a><\/p>\n<p>Feedbackkonzept <a href=\"https:\/\/wordpress.nibis.de\/stmichael\/files\/2025\/04\/Feedback-Konzept.pdf\">Feedback-Konzept<\/a><\/p>\n<h1>\u00a0<\/h1>\n<h1 class=\"text-align-center\">Flexibilisierung des Einschulungstermins<\/h1>\n<p>Die <strong>Schulpflicht<\/strong> beginnt in dem Schuljahr, in dem ein Kind das <strong>sechste Lebensjahr bis zum <\/strong><br \/><strong>30. September<\/strong> vollendet (seinen sechsten Geburtstag hat).<\/p>\n<p>Die M\u00f6glichkeit der Einschulung von \u201eKann\u201c-Kindern, die erst <strong>nach dem 30. September das sechste Lebensjahr<\/strong> vollenden, bleibt erhalten. Diese k\u00f6nnen, m\u00fcssen aber nicht eingeschult werden.<\/p>\n<p class=\"text-align-center\">F\u00fcr Kinder, die das <strong>sechste Lebensjahr zwischen dem 1. Juli und dem 30. September<\/strong> eines Jahres vollenden,\u00a0k\u00f6nnen die Erziehungsberechtigten den Schulbesuch durch schriftliche Erkl\u00e4rung gegen\u00fcber der Schule <strong>um ein Jahr hinausschieben<\/strong>;\u00a0die formlose Erkl\u00e4rung ist vor dem Beginn des betreffenden Schuljahres bis zum 1. Mai gegen\u00fcber der Schule abzugeben. Sie muss nicht begr\u00fcndet werden.<br \/>Kinder, deren Erziehungsberechtigte von der flexiblen Neuregelung Gebrauch machen und f\u00fcr die der Schulbesuch um ein Jahr hinausgeschoben wird, haben bis zu ihrem Schuleintritt einen Rechtsanspruch auf einen Kindergartenplatz im Umfang von vier Stunden t\u00e4glich an f\u00fcnf Tagen in der Woche. Ob ein Kind, dessen Erziehungsberechtigten von der Flexibilisierung des Einschulungstermins Gebrauch machen, in seiner bisherigen Einrichtung weiter betreut werden kann, obliegt den Entscheidungen des Tr\u00e4gers der Kindertageseinrichtung und des \u00f6rtlichen Tr\u00e4gers der Kinder und Jugendhilfe.<\/p>\n<p>\u00a0<\/p>\n<p>\u00a0<\/p>\n","protected":false},"excerpt":{"rendered":"<p>Anmeldeunterlagen Anmeldebogen 2026-04-24 Schulordnung Schulordnung GS St. Michael Feedbackkonzept Feedback-Konzept \u00a0 Flexibilisierung des Einschulungstermins Die Schulpflicht beginnt in dem Schuljahr, in dem ein Kind das sechste Lebensjahr bis zum 30. September vollendet (seinen sechsten Geburtstag hat). Die M\u00f6glichkeit der Einschulung von \u201eKann\u201c-Kindern, die erst nach dem 30. September das sechste Lebensjahr vollenden, bleibt erhalten. Diese k\u00f6nnen, m\u00fcssen aber nicht eingeschult werden. F\u00fcr Kinder, die das sechste Lebensjahr zwischen dem 1. Juli und dem 30. September eines Jahres vollenden,\u00a0k\u00f6nnen die Erziehungsberechtigten&#8230;<\/p>\n<p class=\"read-more\"><a class=\"btn btn-default\" href=\"https:\/\/wordpress.nibis.de\/stmichael\/downloads\/\">Weiterlesen<span class=\"screen-reader-text\"> Weiterlesen<\/span><\/a><\/p>\n","protected":false},"author":9194367,"featured_media":0,"parent":0,"menu_order":0,"comment_status":"closed","ping_status":"closed","template":"","meta":{"footnotes":""},"class_list":["post-546","page","type-page","status-publish","hentry"],"_links":{"self":[{"href":"https:\/\/wordpress.nibis.de\/stmichael\/wp-json\/wp\/v2\/pages\/546","targetHints":{"allow":["GET"]}}],"collection":[{"href":"https:\/\/wordpress.nibis.de\/stmichael\/wp-json\/wp\/v2\/pages"}],"about":[{"href":"https:\/\/wordpress.nibis.de\/stmichael\/wp-json\/wp\/v2\/types\/page"}],"author":[{"embeddable":true,"href":"https:\/\/wordpress.nibis.de\/stmichael\/wp-json\/wp\/v2\/users\/9194367"}],"replies":[{"embeddable":true,"href":"https:\/\/wordpress.nibis.de\/stmichael\/wp-json\/wp\/v2\/comments?post=546"}],"version-history":[{"count":14,"href":"https:\/\/wordpress.nibis.de\/stmichael\/wp-json\/wp\/v2\/pages\/546\/revisions"}],"predecessor-version":[{"id":849,"href":"https:\/\/wordpress.nibis.de\/stmichael\/wp-json\/wp\/v2\/pages\/546\/revisions\/849"}],"wp:attachment":[{"href":"https:\/\/wordpress.nibis.de\/stmichael\/wp-json\/wp\/v2\/media?parent=546"}],"curies":[{"name":"wp","href":"https:\/\/api.w.org\/{rel}","templated":true}]}}