{"id":788,"date":"2026-02-13T12:37:36","date_gmt":"2026-02-13T11:37:36","guid":{"rendered":"https:\/\/wordpress.nibis.de\/stmichael\/?page_id=788"},"modified":"2026-02-17T18:01:18","modified_gmt":"2026-02-17T17:01:18","slug":"foerderverein-2026","status":"publish","type":"page","link":"https:\/\/wordpress.nibis.de\/stmichael\/foerderverein-2026\/","title":{"rendered":"F\u00f6rderverein 2026"},"content":{"rendered":"\n<h2 class=\"wp-block-heading\">Fasching 2026<\/h2>\n\n\n\n<p>13. Februar 2026<\/p>\n\n\n\n<p>P\u00fcnktlich zur Faschingsfeier sorgte der F\u00f6rderverein f\u00fcr eine s\u00fc\u00dfe \u00dcberraschung: Dank einer gro\u00dfz\u00fcgigen Spende von <strong>Kaufland<\/strong> konnten leckere Berliner an die Kinder verteilt werden. Herzlichen Dank daf\u00fcr!<\/p>\n\n\n\n<p>Zus\u00e4tzlich wurden bunte Kamellen besorgt, die f\u00fcr noch mehr Freude und echte Karnevalsstimmung sorgten. Die Begeisterung war gro\u00df, und die s\u00fc\u00dfen Leckereien machten das Faschingsfest zu einem rundum gelungenen Erlebnis.<\/p>\n\n\n\n<figure class=\"wp-block-image size-large is-style-tw-rounded-corners\"><img loading=\"lazy\" decoding=\"async\" width=\"883\" height=\"1024\" src=\"https:\/\/wordpress.nibis.de\/stmichael\/files\/2026\/02\/IMG-20260213-WA0002-883x1024.jpg\" alt=\"\" class=\"wp-image-812\" style=\"aspect-ratio:4\/3;object-fit:cover\" srcset=\"https:\/\/wordpress.nibis.de\/stmichael\/files\/2026\/02\/IMG-20260213-WA0002-883x1024.jpg 883w, https:\/\/wordpress.nibis.de\/stmichael\/files\/2026\/02\/IMG-20260213-WA0002-259x300.jpg 259w, https:\/\/wordpress.nibis.de\/stmichael\/files\/2026\/02\/IMG-20260213-WA0002-768x891.jpg 768w, https:\/\/wordpress.nibis.de\/stmichael\/files\/2026\/02\/IMG-20260213-WA0002-100x116.jpg 100w, https:\/\/wordpress.nibis.de\/stmichael\/files\/2026\/02\/IMG-20260213-WA0002-1324x1536.jpg 1324w, https:\/\/wordpress.nibis.de\/stmichael\/files\/2026\/02\/IMG-20260213-WA0002-233x270.jpg 233w, https:\/\/wordpress.nibis.de\/stmichael\/files\/2026\/02\/IMG-20260213-WA0002.jpg 1379w\" sizes=\"auto, (max-width: 883px) 100vw, 883px\" \/><\/figure>\n\n\n\n<hr class=\"wp-block-separator has-alpha-channel-opacity\" \/>\n\n\n\n<h2 class=\"wp-block-heading\">Start in das neue Schulhalbjahr<\/h2>\n\n\n\n<p>4. Februar 2026<\/p>\n\n\n\n<p>Zum Start in das neue Schulhalbjahr sorgte der F\u00f6rderverein nach den Zeugnisferien f\u00fcr eine besondere \u00dcberraschung: Mit frischem Popcorn und leckeren Waffeln wurden die Kinder herzlich begr\u00fc\u00dft und auf das kommende Halbjahr eingestimmt. In fr\u00f6hlicher Atmosph\u00e4re konnten alle gemeinsam genie\u00dfen und motiviert in die neue Lernzeit starten.<\/p>\n\n\n\n<p>Tatkr\u00e4ftige Unterst\u00fctzung erhielt der F\u00f6rderverein von engagierten M\u00fcttern, die beim Vorbereiten und Backen halfen. Die Zutaten f\u00fcr den Waffelteig wurden freundlicherweise von <strong>Kaufland<\/strong> gespendet.<\/p>\n\n\n\n<figure class=\"wp-block-image size-large is-style-tw-rounded-corners\"><img loading=\"lazy\" decoding=\"async\" width=\"1024\" height=\"768\" src=\"https:\/\/wordpress.nibis.de\/stmichael\/files\/2026\/02\/IMG-20260217-WA0021-1024x768.jpg\" alt=\"\" class=\"wp-image-820\" srcset=\"https:\/\/wordpress.nibis.de\/stmichael\/files\/2026\/02\/IMG-20260217-WA0021-1024x768.jpg 1024w, https:\/\/wordpress.nibis.de\/stmichael\/files\/2026\/02\/IMG-20260217-WA0021-300x225.jpg 300w, https:\/\/wordpress.nibis.de\/stmichael\/files\/2026\/02\/IMG-20260217-WA0021-768x576.jpg 768w, https:\/\/wordpress.nibis.de\/stmichael\/files\/2026\/02\/IMG-20260217-WA0021-100x75.jpg 100w, https:\/\/wordpress.nibis.de\/stmichael\/files\/2026\/02\/IMG-20260217-WA0021-1536x1152.jpg 1536w, https:\/\/wordpress.nibis.de\/stmichael\/files\/2026\/02\/IMG-20260217-WA0021-360x270.jpg 360w, https:\/\/wordpress.nibis.de\/stmichael\/files\/2026\/02\/IMG-20260217-WA0021.jpg 2048w\" sizes=\"auto, (max-width: 1024px) 100vw, 1024px\" \/><\/figure>\n","protected":false},"excerpt":{"rendered":"<p>Fasching 2026 13. Februar 2026 P\u00fcnktlich zur Faschingsfeier sorgte der F\u00f6rderverein f\u00fcr eine s\u00fc\u00dfe \u00dcberraschung: Dank einer gro\u00dfz\u00fcgigen Spende von Kaufland konnten leckere Berliner an die Kinder verteilt werden. Herzlichen Dank daf\u00fcr! Zus\u00e4tzlich wurden bunte Kamellen besorgt, die f\u00fcr noch mehr Freude und echte Karnevalsstimmung sorgten. Die Begeisterung war gro\u00df, und die s\u00fc\u00dfen Leckereien machten das Faschingsfest zu einem rundum gelungenen Erlebnis. Start in das neue Schulhalbjahr 4. Februar 2026 Zum Start in das neue Schulhalbjahr sorgte der F\u00f6rderverein nach&#8230;<\/p>\n<p class=\"read-more\"><a class=\"btn btn-default\" href=\"https:\/\/wordpress.nibis.de\/stmichael\/foerderverein-2026\/\">Weiterlesen<span class=\"screen-reader-text\"> Weiterlesen<\/span><\/a><\/p>\n","protected":false},"author":9194367,"featured_media":0,"parent":0,"menu_order":0,"comment_status":"closed","ping_status":"closed","template":"","meta":{"footnotes":""},"class_list":["post-788","page","type-page","status-publish","hentry"],"_links":{"self":[{"href":"https:\/\/wordpress.nibis.de\/stmichael\/wp-json\/wp\/v2\/pages\/788","targetHints":{"allow":["GET"]}}],"collection":[{"href":"https:\/\/wordpress.nibis.de\/stmichael\/wp-json\/wp\/v2\/pages"}],"about":[{"href":"https:\/\/wordpress.nibis.de\/stmichael\/wp-json\/wp\/v2\/types\/page"}],"author":[{"embeddable":true,"href":"https:\/\/wordpress.nibis.de\/stmichael\/wp-json\/wp\/v2\/users\/9194367"}],"replies":[{"embeddable":true,"href":"https:\/\/wordpress.nibis.de\/stmichael\/wp-json\/wp\/v2\/comments?post=788"}],"version-history":[{"count":6,"href":"https:\/\/wordpress.nibis.de\/stmichael\/wp-json\/wp\/v2\/pages\/788\/revisions"}],"predecessor-version":[{"id":828,"href":"https:\/\/wordpress.nibis.de\/stmichael\/wp-json\/wp\/v2\/pages\/788\/revisions\/828"}],"wp:attachment":[{"href":"https:\/\/wordpress.nibis.de\/stmichael\/wp-json\/wp\/v2\/media?parent=788"}],"curies":[{"name":"wp","href":"https:\/\/api.w.org\/{rel}","templated":true}]}}