{"id":790,"date":"2026-02-13T12:38:01","date_gmt":"2026-02-13T11:38:01","guid":{"rendered":"https:\/\/wordpress.nibis.de\/stmichael\/?page_id=790"},"modified":"2026-04-24T15:39:33","modified_gmt":"2026-04-24T13:39:33","slug":"schulleben-2026","status":"publish","type":"page","link":"https:\/\/wordpress.nibis.de\/stmichael\/schulleben-2026\/","title":{"rendered":"Schulleben 2026"},"content":{"rendered":"\n<h2>Lesewettbewerb 2026<\/h2>\n<p>Am 22.04.2026 fand bei uns der allj\u00e4hrliche Lesewettbewerb statt. Zuerst mussten sich die Kinder aus dem vierten Jahrgang qualifizieren. Je zwei Klassensieger aus den drei vierten Klassen traten schlie\u00dflich gegeneinander an, um den finalen Schulsieger auszumachen. Wir gratulieren Ryu ganz herzlichen zum Schulsieg. Ein ganz besonderer Dank geht an unseren F\u00f6rderverein f\u00fcr das Organisieren und Dekorieren der Geschenke sowie an das <a href=\"https:\/\/kultiplex.de\/\" target=\"_blank\" rel=\"noopener\">Kino Kultiplex Salzgitter<\/a>, das\u00a0<a href=\"https:\/\/www.stadtbad-lebenstedt.de\/\" target=\"_blank\" rel=\"noopener\">Stadtbad Salzgitter<\/a> und\u00a0<a href=\"https:\/\/www.kaufland.de\/\" target=\"_blank\" rel=\"noopener\">Kaufland<\/a> f\u00fcr das Bereitstellen der Geschenke.<\/p>\n\n\n\n<figure class=\"wp-block-gallery has-nested-images columns-2 is-style-tw-img-rounded wp-block-gallery-1 is-layout-flex wp-block-gallery-is-layout-flex\">\n<figure class=\"wp-block-image size-full tw-width-100\"><img loading=\"lazy\" decoding=\"async\" width=\"378\" height=\"265\" data-id=\"851\" src=\"https:\/\/wordpress.nibis.de\/stmichael\/files\/2026\/04\/2026-04-22-Lesewettbewerb.jpg\" alt=\"\" class=\"wp-image-851\" srcset=\"https:\/\/wordpress.nibis.de\/stmichael\/files\/2026\/04\/2026-04-22-Lesewettbewerb.jpg 378w, https:\/\/wordpress.nibis.de\/stmichael\/files\/2026\/04\/2026-04-22-Lesewettbewerb-300x210.jpg 300w, https:\/\/wordpress.nibis.de\/stmichael\/files\/2026\/04\/2026-04-22-Lesewettbewerb-100x70.jpg 100w\" sizes=\"auto, (max-width: 378px) 100vw, 378px\" \/><\/figure>\n<\/figure>\n\n\n\n<h2>Wir feiern Fasching<\/h2>\n<p>Am 13.02.2026 haben wir in der Schule Fasching gefeiert. In den Klassen wurde ein Buffet organisiert und der F\u00f6rderverein stellte freundlicher Weise Berliner zur Verf\u00fcgung. Auch die in der Pause geworfenen Kamelle hat uns der F\u00f6rderverein gestellt. Ein gro\u00dfer Dank daf\u00fcr. \u00dcber den Tag hinweg ging es f\u00fcr jede Klasse in die Sporthalle, wo ein Parkour aufgebaut war. Zum Ausklang f\u00fchrte dann noch eine Polonaise durch die Schule.\u00a0<\/p>\n\n\n\n<figure class=\"wp-block-gallery has-nested-images columns-2 is-style-tw-img-rounded wp-block-gallery-2 is-layout-flex wp-block-gallery-is-layout-flex\">\n<figure class=\"wp-block-image size-full\"><img loading=\"lazy\" decoding=\"async\" width=\"600\" height=\"690\" data-id=\"799\" src=\"https:\/\/wordpress.nibis.de\/stmichael\/files\/2026\/02\/2026-02-13-Fasching-3.jpg\" alt=\"\" class=\"wp-image-799\" srcset=\"https:\/\/wordpress.nibis.de\/stmichael\/files\/2026\/02\/2026-02-13-Fasching-3.jpg 600w, https:\/\/wordpress.nibis.de\/stmichael\/files\/2026\/02\/2026-02-13-Fasching-3-261x300.jpg 261w, https:\/\/wordpress.nibis.de\/stmichael\/files\/2026\/02\/2026-02-13-Fasching-3-100x115.jpg 100w, https:\/\/wordpress.nibis.de\/stmichael\/files\/2026\/02\/2026-02-13-Fasching-3-235x270.jpg 235w\" sizes=\"auto, (max-width: 600px) 100vw, 600px\" \/><\/figure>\n\n\n\n<figure class=\"wp-block-image size-full\"><img loading=\"lazy\" decoding=\"async\" width=\"863\" height=\"600\" data-id=\"800\" src=\"https:\/\/wordpress.nibis.de\/stmichael\/files\/2026\/02\/2026-02-13-Fasching-2.jpg\" alt=\"\" class=\"wp-image-800\" srcset=\"https:\/\/wordpress.nibis.de\/stmichael\/files\/2026\/02\/2026-02-13-Fasching-2.jpg 863w, https:\/\/wordpress.nibis.de\/stmichael\/files\/2026\/02\/2026-02-13-Fasching-2-300x209.jpg 300w, https:\/\/wordpress.nibis.de\/stmichael\/files\/2026\/02\/2026-02-13-Fasching-2-768x534.jpg 768w, https:\/\/wordpress.nibis.de\/stmichael\/files\/2026\/02\/2026-02-13-Fasching-2-100x70.jpg 100w, https:\/\/wordpress.nibis.de\/stmichael\/files\/2026\/02\/2026-02-13-Fasching-2-388x270.jpg 388w\" sizes=\"auto, (max-width: 863px) 100vw, 863px\" \/><\/figure>\n\n\n\n<figure class=\"wp-block-image size-full\"><img loading=\"lazy\" decoding=\"async\" width=\"963\" height=\"600\" data-id=\"801\" src=\"https:\/\/wordpress.nibis.de\/stmichael\/files\/2026\/02\/2026-02-13-Fasching-1.jpg\" alt=\"\" class=\"wp-image-801\" srcset=\"https:\/\/wordpress.nibis.de\/stmichael\/files\/2026\/02\/2026-02-13-Fasching-1.jpg 963w, https:\/\/wordpress.nibis.de\/stmichael\/files\/2026\/02\/2026-02-13-Fasching-1-300x187.jpg 300w, https:\/\/wordpress.nibis.de\/stmichael\/files\/2026\/02\/2026-02-13-Fasching-1-768x479.jpg 768w, https:\/\/wordpress.nibis.de\/stmichael\/files\/2026\/02\/2026-02-13-Fasching-1-100x62.jpg 100w, https:\/\/wordpress.nibis.de\/stmichael\/files\/2026\/02\/2026-02-13-Fasching-1-433x270.jpg 433w\" sizes=\"auto, (max-width: 963px) 100vw, 963px\" \/><\/figure>\n<\/figure>\n","protected":false},"excerpt":{"rendered":"<p>Lesewettbewerb 2026 Am 22.04.2026 fand bei uns der allj\u00e4hrliche Lesewettbewerb statt. Zuerst mussten sich die Kinder aus dem vierten Jahrgang qualifizieren. Je zwei Klassensieger aus den drei vierten Klassen traten schlie\u00dflich gegeneinander an, um den finalen Schulsieger auszumachen. Wir gratulieren Ryu ganz herzlichen zum Schulsieg. Ein ganz besonderer Dank geht an unseren F\u00f6rderverein f\u00fcr das Organisieren und Dekorieren der Geschenke sowie an das Kino Kultiplex Salzgitter, das\u00a0Stadtbad Salzgitter und\u00a0Kaufland f\u00fcr das Bereitstellen der Geschenke. Wir feiern Fasching Am 13.02.2026 haben&#8230;<\/p>\n<p class=\"read-more\"><a class=\"btn btn-default\" href=\"https:\/\/wordpress.nibis.de\/stmichael\/schulleben-2026\/\">Weiterlesen<span class=\"screen-reader-text\"> Weiterlesen<\/span><\/a><\/p>\n","protected":false},"author":9194367,"featured_media":0,"parent":0,"menu_order":0,"comment_status":"closed","ping_status":"closed","template":"","meta":{"footnotes":""},"class_list":["post-790","page","type-page","status-publish","hentry"],"_links":{"self":[{"href":"https:\/\/wordpress.nibis.de\/stmichael\/wp-json\/wp\/v2\/pages\/790","targetHints":{"allow":["GET"]}}],"collection":[{"href":"https:\/\/wordpress.nibis.de\/stmichael\/wp-json\/wp\/v2\/pages"}],"about":[{"href":"https:\/\/wordpress.nibis.de\/stmichael\/wp-json\/wp\/v2\/types\/page"}],"author":[{"embeddable":true,"href":"https:\/\/wordpress.nibis.de\/stmichael\/wp-json\/wp\/v2\/users\/9194367"}],"replies":[{"embeddable":true,"href":"https:\/\/wordpress.nibis.de\/stmichael\/wp-json\/wp\/v2\/comments?post=790"}],"version-history":[{"count":6,"href":"https:\/\/wordpress.nibis.de\/stmichael\/wp-json\/wp\/v2\/pages\/790\/revisions"}],"predecessor-version":[{"id":855,"href":"https:\/\/wordpress.nibis.de\/stmichael\/wp-json\/wp\/v2\/pages\/790\/revisions\/855"}],"wp:attachment":[{"href":"https:\/\/wordpress.nibis.de\/stmichael\/wp-json\/wp\/v2\/media?parent=790"}],"curies":[{"name":"wp","href":"https:\/\/api.w.org\/{rel}","templated":true}]}}