{"id":97,"date":"2024-08-08T12:20:42","date_gmt":"2024-08-08T10:20:42","guid":{"rendered":"https:\/\/wordpress.nibis.de\/stmichael\/?page_id=97"},"modified":"2024-11-10T12:39:32","modified_gmt":"2024-11-10T11:39:32","slug":"1000schatze","status":"publish","type":"page","link":"https:\/\/wordpress.nibis.de\/stmichael\/1000schatze\/","title":{"rendered":"1000 Sch\u00e4tze"},"content":{"rendered":"<p>Unsere Grundschule nimmt am <em>1000 Sch\u00e4tze-Programm<\/em> teil, das sich speziell an die Sch\u00fcler der 1. Klasse richtet. Dieses Programm unterst\u00fctzt uns dabei, die Kinder in einer entscheidenden Phase ihrer Entwicklung zu begleiten und zu f\u00f6rdern. Es bietet den Lehrkr\u00e4ften und p\u00e4dagogischen Mitarbeitern praktische Werkzeuge, um die sozialen Kompetenzen und das Selbstwertgef\u00fchl der Kinder zu st\u00e4rken, insbesondere durch spielerische Methoden, die den Schulalltag bereichern. So profitieren auch die Kinder von einer positive Ver\u00e4nderungen im Klassenraum und einem gelungenen sozialen Miteinander.<\/p>\n<p>Im Rahmen des Programms f\u00fchren unsere Lehrer und p\u00e4dagogischen Mitarbeiter regelm\u00e4\u00dfige \u201e1000 Sch\u00e4tze\u201c-Stunden durch, in denen die Kinder durch gemeinsame Aktivit\u00e4ten ihre St\u00e4rken entdecken und lernen, wie wichtig Teamarbeit, Probleml\u00f6sung und der respektvolle Umgang miteinander sind.<\/p>\n<p>Das 1000 Sch\u00e4tze-Programm erinnert uns t\u00e4glich daran, dass es nicht nur um das Lernen von Fakten geht, sondern darum, den Kindern ein Umfeld zu bieten, in dem sie sich sicher und wertgesch\u00e4tzt f\u00fchlen \u2013 ein Umfeld, das ihre \u201eSch\u00e4tze\u201c sichtbar macht und sie auf ihrem Weg zu selbstbewussten und sozial kompetenten Menschen unterst\u00fctzt\u200b.<\/p>\n<p>Weitere Infos finden Sie unter: <a href=\"https:\/\/www.1000schaetze.de\/\">1000 Sch\u00e4tze-Programm | Suchtpr\u00e4vention Grundschule | NLS (1000schaetze.de)<\/a><\/p>\n","protected":false},"excerpt":{"rendered":"<p>Unsere Grundschule nimmt am 1000 Sch\u00e4tze-Programm teil, das sich speziell an die Sch\u00fcler der 1. Klasse richtet. Dieses Programm unterst\u00fctzt uns dabei, die Kinder in einer entscheidenden Phase ihrer Entwicklung zu begleiten und zu f\u00f6rdern. Es bietet den Lehrkr\u00e4ften und p\u00e4dagogischen Mitarbeitern praktische Werkzeuge, um die sozialen Kompetenzen und das Selbstwertgef\u00fchl der Kinder zu st\u00e4rken, insbesondere durch spielerische Methoden, die den Schulalltag bereichern. So profitieren auch die Kinder von einer positive Ver\u00e4nderungen im Klassenraum und einem gelungenen sozialen Miteinander. Im&#8230;<\/p>\n<p class=\"read-more\"><a class=\"btn btn-default\" href=\"https:\/\/wordpress.nibis.de\/stmichael\/1000schatze\/\">Weiterlesen<span class=\"screen-reader-text\"> Weiterlesen<\/span><\/a><\/p>\n","protected":false},"author":9194367,"featured_media":0,"parent":0,"menu_order":0,"comment_status":"closed","ping_status":"closed","template":"","meta":{"footnotes":""},"class_list":["post-97","page","type-page","status-publish","hentry"],"_links":{"self":[{"href":"https:\/\/wordpress.nibis.de\/stmichael\/wp-json\/wp\/v2\/pages\/97","targetHints":{"allow":["GET"]}}],"collection":[{"href":"https:\/\/wordpress.nibis.de\/stmichael\/wp-json\/wp\/v2\/pages"}],"about":[{"href":"https:\/\/wordpress.nibis.de\/stmichael\/wp-json\/wp\/v2\/types\/page"}],"author":[{"embeddable":true,"href":"https:\/\/wordpress.nibis.de\/stmichael\/wp-json\/wp\/v2\/users\/9194367"}],"replies":[{"embeddable":true,"href":"https:\/\/wordpress.nibis.de\/stmichael\/wp-json\/wp\/v2\/comments?post=97"}],"version-history":[{"count":5,"href":"https:\/\/wordpress.nibis.de\/stmichael\/wp-json\/wp\/v2\/pages\/97\/revisions"}],"predecessor-version":[{"id":243,"href":"https:\/\/wordpress.nibis.de\/stmichael\/wp-json\/wp\/v2\/pages\/97\/revisions\/243"}],"wp:attachment":[{"href":"https:\/\/wordpress.nibis.de\/stmichael\/wp-json\/wp\/v2\/media?parent=97"}],"curies":[{"name":"wp","href":"https:\/\/api.w.org\/{rel}","templated":true}]}}