{"id":10503,"date":"2025-03-13T20:01:25","date_gmt":"2025-03-13T19:01:25","guid":{"rendered":"https:\/\/wordpress.nibis.de\/strompost\/?page_id=10503"},"modified":"2026-02-25T05:52:29","modified_gmt":"2026-02-25T04:52:29","slug":"ehemalige-reporterinnen","status":"publish","type":"page","link":"https:\/\/wordpress.nibis.de\/strompost\/ehemalige-reporterinnen\/","title":{"rendered":"Ehemalige ReporterInnen"},"content":{"rendered":"\n<p class=\"has-text-align-center\">Wir sind die ehemaligen Sch\u00fclerreporterinnen und Sch\u00fclerreporter der vergangenen Halbjahre, die bei der Entwicklung und Ver\u00f6ffentlichung der Beitr\u00e4ge f\u00fcr unsere &#8222;Strompost&#8220; einen riesengro\u00dfen Anteil hatten:<\/p>\n\n\n\n<p class=\"has-text-align-center\"><mark><span class=\"tadv-background-color\" style=\"background-color:#fff\"><strong><mark><span class=\"tadv-background-color\" style=\"background-color:#fff\"><strong><span class=\"tadv-color\" style=\"color:#222\">I<strong>m 1. Halbjahr des Schuljahres 2025\/2<\/strong>6 schrieben diese SchulreporterInnen f\u00fcr die Strompost:<\/span><\/strong><\/span><\/mark><\/strong><\/span><\/mark><\/p>\n\n\n\n<figure class=\"wp-block-image size-large\"><img loading=\"lazy\" decoding=\"async\" width=\"1200\" height=\"675\" src=\"https:\/\/wordpress.nibis.de\/strompost\/files\/2026\/02\/Schule-9-1200x675.png\" alt=\"\" class=\"wp-image-12729\" srcset=\"https:\/\/wordpress.nibis.de\/strompost\/files\/2026\/02\/Schule-9-1200x675.png 1200w, https:\/\/wordpress.nibis.de\/strompost\/files\/2026\/02\/Schule-9-850x478.png 850w, https:\/\/wordpress.nibis.de\/strompost\/files\/2026\/02\/Schule-9-250x141.png 250w\" sizes=\"auto, (max-width: 1200px) 100vw, 1200px\" \/><\/figure>\n\n\n\n<p class=\"has-text-align-center has-regular-font-size\">Von links nach rechts: Reem, Fin, Lotte, Anni, Marie, Jonte, Evi, Nikita, Lucas, Cataleya, Victoria und Lisa. Nicht zu sehen: Jannes, Lavien, Linda und Ruschanth.<mark><span class=\"tadv-background-color\" style=\"background-color:#fff\"><strong><mark><span class=\"tadv-background-color\" style=\"background-color:#fff\"><strong><span class=\"tadv-color\" style=\"color:#222\"><\/span><\/strong><\/span><\/mark><\/strong><\/span><\/mark><\/p>\n\n\n\n<p class=\"has-text-align-center\"><mark><span style=\"background-color:#fff\" class=\"tadv-background-color\"><strong><mark><span style=\"background-color:#fff\" class=\"tadv-background-color\"><strong><span style=\"color:#222\" class=\"tadv-color\">I<strong>m 2. Halbjahr des Schuljahres 2024\/2<\/strong>5 schrieben diese SchulreporterInnen f\u00fcr die Strompost:<\/span><\/strong><\/span><\/mark><\/strong><\/span><\/mark><\/p>\n\n\n\n<figure class=\"wp-block-image size-large\"><img loading=\"lazy\" decoding=\"async\" width=\"1200\" height=\"675\" src=\"https:\/\/wordpress.nibis.de\/strompost\/files\/2025\/04\/Strom-3-1200x675.png\" alt=\"\" class=\"wp-image-10811\" srcset=\"https:\/\/wordpress.nibis.de\/strompost\/files\/2025\/04\/Strom-3-1200x675.png 1200w, https:\/\/wordpress.nibis.de\/strompost\/files\/2025\/04\/Strom-3-850x478.png 850w, https:\/\/wordpress.nibis.de\/strompost\/files\/2025\/04\/Strom-3-250x141.png 250w\" sizes=\"auto, (max-width: 1200px) 100vw, 1200px\" \/><figcaption class=\"wp-element-caption\">Von links nach rechts: John, Iza, Jonne, Fiona, Luis, Dlara, Tiara, Henri, Youssra, Bosse, Mara, Mattis, Hannah, Bosse, Sophia. Nicht zu sehen: Jannes.<\/figcaption><\/figure>\n\n\n\n<p class=\"has-text-align-center\"><mark><span style=\"background-color:#fff\" class=\"tadv-background-color\"><strong><mark><span style=\"background-color:#fff\" class=\"tadv-background-color\"><strong><span style=\"color:#222\" class=\"tadv-color\">I<strong>m 1. Halbjahr des Schuljahres 2024\/2<\/strong>5 schrieben diese SchulreporterInnen f\u00fcr die Strompost:<\/span><\/strong><\/span><\/mark><\/strong><\/span><\/mark><\/p>\n\n\n\n<figure class=\"wp-block-image size-large\"><img loading=\"lazy\" decoding=\"async\" width=\"1200\" height=\"675\" src=\"https:\/\/wordpress.nibis.de\/strompost\/files\/2025\/09\/Schule-4-1-1200x675.png\" alt=\"\" class=\"wp-image-11252\" srcset=\"https:\/\/wordpress.nibis.de\/strompost\/files\/2025\/09\/Schule-4-1-1200x675.png 1200w, https:\/\/wordpress.nibis.de\/strompost\/files\/2025\/09\/Schule-4-1-850x478.png 850w, https:\/\/wordpress.nibis.de\/strompost\/files\/2025\/09\/Schule-4-1-250x141.png 250w\" sizes=\"auto, (max-width: 1200px) 100vw, 1200px\" \/><\/figure>\n\n\n\n<p class=\"has-text-align-center\"><mark><span style=\"background-color:#fff\" class=\"tadv-background-color\"><strong><mark><span style=\"background-color:#fff\" class=\"tadv-background-color\"><strong><span style=\"color:#222\" class=\"tadv-color\">I<strong>m 2. Halbjahr des Schuljahres 2023\/2<\/strong>4 schrieben <mark><span style=\"background-color:#fff\" class=\"tadv-background-color\"><strong><mark><span style=\"background-color:#fff\" class=\"tadv-background-color\"><strong><span style=\"color:#222\" class=\"tadv-color\">diese SchulreporterInnen<\/span><\/strong><\/span><\/mark><\/strong><\/span><\/mark> f\u00fcr die Strompost:<\/span><\/strong><\/span><\/mark><\/strong><\/span><\/mark><\/p>\n\n\n\n<figure class=\"wp-block-image size-large\"><img loading=\"lazy\" decoding=\"async\" width=\"1200\" height=\"675\" src=\"https:\/\/wordpress.nibis.de\/strompost\/files\/2025\/09\/Schule-4-2-1200x675.png\" alt=\"\" class=\"wp-image-11253\" srcset=\"https:\/\/wordpress.nibis.de\/strompost\/files\/2025\/09\/Schule-4-2-1200x675.png 1200w, https:\/\/wordpress.nibis.de\/strompost\/files\/2025\/09\/Schule-4-2-850x478.png 850w, https:\/\/wordpress.nibis.de\/strompost\/files\/2025\/09\/Schule-4-2-250x141.png 250w\" sizes=\"auto, (max-width: 1200px) 100vw, 1200px\" \/><\/figure>\n\n\n\n<p class=\"has-text-align-center\"><mark><span style=\"background-color:#fff\" class=\"tadv-background-color\"><strong><mark><span style=\"background-color:#fff\" class=\"tadv-background-color\"><strong><span style=\"color:#222\" class=\"tadv-color\">I<strong>m 1. Halbjahr des Schuljahres 2023\/2<\/strong>4 schrieben <mark><span style=\"background-color:#fff\" class=\"tadv-background-color\"><strong><mark><span style=\"background-color:#fff\" class=\"tadv-background-color\"><strong><span style=\"color:#222\" class=\"tadv-color\">diese SchulreporterInnen<\/span><\/strong><\/span><\/mark><\/strong><\/span><\/mark> f\u00fcr die Strompost:<\/span><\/strong><\/span><\/mark><\/strong><\/span><\/mark><\/p>\n\n\n\n<figure class=\"wp-block-image size-large\"><img loading=\"lazy\" decoding=\"async\" width=\"1200\" height=\"675\" src=\"https:\/\/wordpress.nibis.de\/strompost\/files\/2025\/09\/Schule-4-3-1200x675.png\" alt=\"\" class=\"wp-image-11254\" srcset=\"https:\/\/wordpress.nibis.de\/strompost\/files\/2025\/09\/Schule-4-3-1200x675.png 1200w, https:\/\/wordpress.nibis.de\/strompost\/files\/2025\/09\/Schule-4-3-850x478.png 850w, https:\/\/wordpress.nibis.de\/strompost\/files\/2025\/09\/Schule-4-3-250x141.png 250w\" sizes=\"auto, (max-width: 1200px) 100vw, 1200px\" \/><\/figure>\n\n\n\n<p class=\"has-text-align-center\"><mark><span style=\"background-color:#fff\" class=\"tadv-background-color\"><strong><mark><span style=\"background-color:#fff\" class=\"tadv-background-color\"><strong><span style=\"color:#222\" class=\"tadv-color\">I<strong>m 2. Halbjahr des Schuljahres 2022\/2<\/strong>3 schrieben <mark><span style=\"background-color:#fff\" class=\"tadv-background-color\"><strong><mark><span style=\"background-color:#fff\" class=\"tadv-background-color\"><strong><span style=\"color:#222\" class=\"tadv-color\">diese SchulreporterInnen<\/span><\/strong><\/span><\/mark><\/strong><\/span><\/mark> f\u00fcr die Strompost:<\/span><\/strong><\/span><\/mark><\/strong><\/span><\/mark><\/p>\n\n\n\n<figure class=\"wp-block-image size-large is-resized\"><img loading=\"lazy\" decoding=\"async\" width=\"1200\" height=\"675\" src=\"https:\/\/wordpress.nibis.de\/strompost\/files\/2025\/09\/Schule-5-1200x675.png\" alt=\"\" class=\"wp-image-11255\" style=\"width:833px;height:468px\" srcset=\"https:\/\/wordpress.nibis.de\/strompost\/files\/2025\/09\/Schule-5-1200x675.png 1200w, https:\/\/wordpress.nibis.de\/strompost\/files\/2025\/09\/Schule-5-850x478.png 850w, https:\/\/wordpress.nibis.de\/strompost\/files\/2025\/09\/Schule-5-250x141.png 250w\" sizes=\"auto, (max-width: 1200px) 100vw, 1200px\" \/><\/figure>\n\n\n\n<p class=\"has-text-align-center\"><mark><span style=\"background-color:#fff\" class=\"tadv-background-color\"><strong><mark><span style=\"background-color:#fff\" class=\"tadv-background-color\"><strong><span style=\"color:#222\" class=\"tadv-color\">I<strong>m 1. Halbjahr des Schuljahres 2022\/2<\/strong>3 schrieben <mark><span style=\"background-color:#fff\" class=\"tadv-background-color\"><strong><mark><span style=\"background-color:#fff\" class=\"tadv-background-color\"><strong><span style=\"color:#222\" class=\"tadv-color\">diese SchulreporterInnen<\/span><\/strong><\/span><\/mark><\/strong><\/span><\/mark> f\u00fcr die Strompost:<\/span><\/strong><\/span><\/mark><\/strong><\/span><\/mark><\/p>\n\n\n\n<figure class=\"wp-block-image size-large\"><img loading=\"lazy\" decoding=\"async\" width=\"1200\" height=\"675\" src=\"https:\/\/wordpress.nibis.de\/strompost\/files\/2025\/09\/Schule-6-1200x675.png\" alt=\"\" class=\"wp-image-11256\" srcset=\"https:\/\/wordpress.nibis.de\/strompost\/files\/2025\/09\/Schule-6-1200x675.png 1200w, https:\/\/wordpress.nibis.de\/strompost\/files\/2025\/09\/Schule-6-850x478.png 850w, https:\/\/wordpress.nibis.de\/strompost\/files\/2025\/09\/Schule-6-250x141.png 250w\" sizes=\"auto, (max-width: 1200px) 100vw, 1200px\" \/><\/figure>\n\n\n\n<p class=\"has-text-align-center\"><mark><span style=\"background-color:#fff\" class=\"tadv-background-color\"><strong><mark><span style=\"background-color:#fff\" class=\"tadv-background-color\"><strong><span style=\"color:#222\" class=\"tadv-color\">I<strong>m 2. Halbjahr des Schuljahres 2021\/2<\/strong>2 schrieben <mark><span style=\"background-color:#fff\" class=\"tadv-background-color\"><strong><mark><span style=\"background-color:#fff\" class=\"tadv-background-color\"><strong><span style=\"color:#222\" class=\"tadv-color\">diese SchulreporterInnen<\/span><\/strong><\/span><\/mark><\/strong><\/span><\/mark> f\u00fcr die Strompost:<\/span><\/strong><\/span><\/mark><\/strong><\/span><\/mark><\/p>\n\n\n\n<figure class=\"wp-block-image size-large\"><img loading=\"lazy\" decoding=\"async\" width=\"1200\" height=\"675\" src=\"https:\/\/wordpress.nibis.de\/strompost\/files\/2025\/09\/Schule-7-1200x675.png\" alt=\"\" class=\"wp-image-11257\" srcset=\"https:\/\/wordpress.nibis.de\/strompost\/files\/2025\/09\/Schule-7-1200x675.png 1200w, https:\/\/wordpress.nibis.de\/strompost\/files\/2025\/09\/Schule-7-850x478.png 850w, https:\/\/wordpress.nibis.de\/strompost\/files\/2025\/09\/Schule-7-250x141.png 250w\" sizes=\"auto, (max-width: 1200px) 100vw, 1200px\" \/><\/figure>\n\n\n\n<p class=\"has-text-align-center\"><mark><span style=\"background-color:#fff\" class=\"tadv-background-color\"><strong><mark><span style=\"background-color:#fff\" class=\"tadv-background-color\"><strong><span style=\"color:#222\" class=\"tadv-color\">I<strong>m 1. Halbjahr des Schuljahres 2021\/2<\/strong>2 schrieben <mark><span style=\"background-color:#fff\" class=\"tadv-background-color\"><strong><mark><span style=\"background-color:#fff\" class=\"tadv-background-color\"><strong><span style=\"color:#222\" class=\"tadv-color\">diese SchulreporterInnen<\/span><\/strong><\/span><\/mark><\/strong><\/span><\/mark> zum ersten Mal f\u00fcr die Strompost:<\/span><\/strong><\/span><\/mark><\/strong><\/span><\/mark><\/p>\n\n\n\n<figure class=\"wp-block-image size-large\"><img loading=\"lazy\" decoding=\"async\" width=\"1200\" height=\"675\" src=\"https:\/\/wordpress.nibis.de\/strompost\/files\/2025\/09\/Schule-8-1200x675.png\" alt=\"\" class=\"wp-image-11258\" srcset=\"https:\/\/wordpress.nibis.de\/strompost\/files\/2025\/09\/Schule-8-1200x675.png 1200w, https:\/\/wordpress.nibis.de\/strompost\/files\/2025\/09\/Schule-8-850x478.png 850w, https:\/\/wordpress.nibis.de\/strompost\/files\/2025\/09\/Schule-8-250x141.png 250w\" sizes=\"auto, (max-width: 1200px) 100vw, 1200px\" \/><\/figure>\n","protected":false},"excerpt":{"rendered":"<p>Wir sind die ehemaligen Sch\u00fclerreporterinnen und Sch\u00fclerreporter der vergangenen Halbjahre, die bei der Entwicklung und Ver\u00f6ffentlichung der Beitr\u00e4ge f\u00fcr unsere &#8222;Strompost&#8220; einen riesengro\u00dfen Anteil hatten: Im 1. Halbjahr des Schuljahres 2025\/26 schrieben diese SchulreporterInnen f\u00fcr die Strompost: Von links nach&#8230; <a class=\"more-link\" href=\"https:\/\/wordpress.nibis.de\/strompost\/ehemalige-reporterinnen\/\">Weiterlesen &rarr;<\/a><\/p>\n","protected":false},"author":9194567,"featured_media":0,"parent":0,"menu_order":0,"comment_status":"closed","ping_status":"closed","template":"","meta":{"footnotes":""},"class_list":["post-10503","page","type-page","status-publish","hentry"],"_links":{"self":[{"href":"https:\/\/wordpress.nibis.de\/strompost\/wp-json\/wp\/v2\/pages\/10503","targetHints":{"allow":["GET"]}}],"collection":[{"href":"https:\/\/wordpress.nibis.de\/strompost\/wp-json\/wp\/v2\/pages"}],"about":[{"href":"https:\/\/wordpress.nibis.de\/strompost\/wp-json\/wp\/v2\/types\/page"}],"author":[{"embeddable":true,"href":"https:\/\/wordpress.nibis.de\/strompost\/wp-json\/wp\/v2\/users\/9194567"}],"replies":[{"embeddable":true,"href":"https:\/\/wordpress.nibis.de\/strompost\/wp-json\/wp\/v2\/comments?post=10503"}],"version-history":[{"count":30,"href":"https:\/\/wordpress.nibis.de\/strompost\/wp-json\/wp\/v2\/pages\/10503\/revisions"}],"predecessor-version":[{"id":12730,"href":"https:\/\/wordpress.nibis.de\/strompost\/wp-json\/wp\/v2\/pages\/10503\/revisions\/12730"}],"wp:attachment":[{"href":"https:\/\/wordpress.nibis.de\/strompost\/wp-json\/wp\/v2\/media?parent=10503"}],"curies":[{"name":"wp","href":"https:\/\/api.w.org\/{rel}","templated":true}]}}