{"id":12,"date":"2021-07-21T14:37:19","date_gmt":"2021-07-21T12:37:19","guid":{"rendered":"https:\/\/wordpress.nibis.de\/strompost\/?page_id=12"},"modified":"2025-02-02T07:42:17","modified_gmt":"2025-02-02T06:42:17","slug":"impressum","status":"publish","type":"page","link":"https:\/\/wordpress.nibis.de\/strompost\/impressum\/","title":{"rendered":"Impressum"},"content":{"rendered":"\n<div>\n<p>Land Niedersachsen (Diensteanbieter im Sinne des Telemediengesetzes)<\/p>\n<p>Das Land Niedersachsen ist eine juristische Person des \u00f6ffentlichen Rechts<br \/>vertreten durch<\/p>\n<p>Schulleitung:<br \/><strong>Wolf Beddig<\/strong>, Schulleiter<\/p>\n<p>Grundschule Iprump-Stickgras<br \/>Bremer Heerstra\u00dfe 6<br \/>27751 Delmenhorst<br \/>Telefon: +049( 0)4221 70264<br \/>Mail: <a href=\"&#x6d;&#97;&#x69;&#x6c;t&#x6f;&#58;i&#x6e;&#102;o&#x40;&#105;&#x70;&#x72;u&#x6d;&#112;-&#x73;&#116;i&#x63;&#107;&#x67;&#x72;&#97;&#x73;&#x2e;d&#x65;\">in&#102;&#111;&#x40;&#x69;&#x70;&#x72;um&#112;&#45;&#x73;&#x74;&#x69;&#x63;kg&#114;&#97;&#115;&#x2e;&#x64;&#x65;<\/a><\/p>\n<p>Schulische Datenschutzbeauftragte: <a href=\"&#109;&#x61;&#105;&#x6c;t&#x6f;:&#119;&#x65;&#105;&#x73;s&#x40;i&#112;&#x72;&#117;&#x6d;p&#x2d;s&#116;&#x69;&#99;&#x6b;g&#x72;a&#115;&#x2e;&#100;&#x65;\">&#x64;a&#x74;e&#x6e;&#115;&#x63;&#104;u&#x74;z&#x40;&#105;&#x70;&#114;&#x75;&#109;p&#x2d;s&#x74;&#105;&#x63;&#107;&#x67;&#x72;a&#x73;&#46;&#x64;&#101;<\/a><\/p>\n<p>Verantwortlicher f\u00fcr redaktionell-journalistische Angebote i. S. d. \u00a7 55 Abs. 2 Rundfunkstaatsvertrag:<\/p>\n<p><strong>Alexander H\u00fcve<\/strong>, Lehrer<br \/>Grundschule Iprump-Stickgras<br \/>Bremer Heerstra\u00dfe 6<br \/>27751 Delmenhorst<br \/>Mail: <a href=\"&#x6d;&#97;i&#x6c;&#x74;&#111;:&#x65;&#x76;&#101;r&#x73;&#x40;&#105;p&#x72;&#x75;&#109;p&#x2d;&#115;&#116;i&#x63;&#107;g&#x72;&#x61;&#115;&#46;&#x64;&#x65;\">w&#111;&#114;&#100;&#x70;&#x72;&#x65;ss&#64;&#105;&#x70;&#x72;&#x75;&#x6d;p-&#115;&#116;&#x69;&#x63;&#x6b;&#x67;r&#97;&#115;&#46;&#x64;&#x65;<\/a><\/p>\n<p>Haftungsausschluss<\/p>\n<p>Diese Webseite beinhaltet externe Links. Deren Inhalte entziehen sich unserer Einflussnahme, sodass eine Gew\u00e4hr f\u00fcr solche Inhalte von uns nicht \u00fcbernommen werden kann.<\/p>\n<p>Die Verantwortung liegt stets beim jeweiligen Betreiber der externen Seiten. Zum Zeitpunkt der Verkn\u00fcpfung der externen Links waren keine Rechtsverst\u00f6\u00dfe ersichtlich. Die permanente \u00dcberwachung fremder Inhalte auf Rechtsverst\u00f6\u00dfe ohne konkrete Hinweise ist uns nicht zumutbar.<\/p>\n<p>Sollten wir Kenntnis von Rechtsverletzungen erlangen, werden wir die entsprechenden externen Links unverz\u00fcglich entfernen.<\/p>\n<\/div>\n","protected":false},"excerpt":{"rendered":"<p>Land Niedersachsen (Diensteanbieter im Sinne des Telemediengesetzes) Das Land Niedersachsen ist eine juristische Person des \u00f6ffentlichen Rechtsvertreten durch Schulleitung:Wolf Beddig, Schulleiter Grundschule Iprump-StickgrasBremer Heerstra\u00dfe 627751 DelmenhorstTelefon: +049( 0)4221 70264Mail: &#105;n&#x66;o&#x40;i&#x70;r&#x75;m&#x70;-&#x73;&#116;&#x69;&#99;&#x6b;&#103;&#x72;&#97;&#x73;&#46;&#x64;&#101; Schulische Datenschutzbeauftragte: &#100;&#x61;&#116;&#x65;&#110;&#x73;&#99;&#x68;&#117;&#x74;&#122;&#x40;i&#x70;r&#x75;m&#x70;-&#x73;t&#x69;c&#107;&#x67;&#114;&#x61;&#115;&#x2e;&#100;&#x65; Verantwortlicher f\u00fcr redaktionell-journalistische Angebote i. S. d&#8230;. <a class=\"more-link\" href=\"https:\/\/wordpress.nibis.de\/strompost\/impressum\/\">Weiterlesen &rarr;<\/a><\/p>\n","protected":false},"author":953,"featured_media":0,"parent":0,"menu_order":0,"comment_status":"closed","ping_status":"closed","template":"","meta":{"footnotes":""},"class_list":["post-12","page","type-page","status-publish","hentry"],"_links":{"self":[{"href":"https:\/\/wordpress.nibis.de\/strompost\/wp-json\/wp\/v2\/pages\/12","targetHints":{"allow":["GET"]}}],"collection":[{"href":"https:\/\/wordpress.nibis.de\/strompost\/wp-json\/wp\/v2\/pages"}],"about":[{"href":"https:\/\/wordpress.nibis.de\/strompost\/wp-json\/wp\/v2\/types\/page"}],"author":[{"embeddable":true,"href":"https:\/\/wordpress.nibis.de\/strompost\/wp-json\/wp\/v2\/users\/953"}],"replies":[{"embeddable":true,"href":"https:\/\/wordpress.nibis.de\/strompost\/wp-json\/wp\/v2\/comments?post=12"}],"version-history":[{"count":8,"href":"https:\/\/wordpress.nibis.de\/strompost\/wp-json\/wp\/v2\/pages\/12\/revisions"}],"predecessor-version":[{"id":10519,"href":"https:\/\/wordpress.nibis.de\/strompost\/wp-json\/wp\/v2\/pages\/12\/revisions\/10519"}],"wp:attachment":[{"href":"https:\/\/wordpress.nibis.de\/strompost\/wp-json\/wp\/v2\/media?parent=12"}],"curies":[{"name":"wp","href":"https:\/\/api.w.org\/{rel}","templated":true}]}}