{"id":69,"date":"2025-04-23T11:22:49","date_gmt":"2025-04-23T09:22:49","guid":{"rendered":"https:\/\/wordpress.nibis.de\/sts-h-ghr1\/?page_id=69"},"modified":"2025-05-26T08:33:19","modified_gmt":"2025-05-26T06:33:19","slug":"faq","status":"publish","type":"page","link":"https:\/\/wordpress.nibis.de\/sts-h-ghr1\/faq\/","title":{"rendered":"FAQ"},"content":{"rendered":"\n<p><div id=\"faq-297\" class=\"arconix-faq-wrap\"><div id=\"faq-WelcheAusbildungsschulengehrenzumStudienseminarHannoverIGHR\" class=\"arconix-faq-title faq-closed\">Welche Ausbildungsschulen geh\u00f6ren zum Studienseminar Hannover I GHR?<\/div><div class=\"arconix-faq-content faq-closed\">Unsere Ausbildungsschulen (<strong>GS, GHS, GHRS, HS, RS, OBS, KGS, IGS<\/strong>) befinden sich in der <strong>Stadt Hannover<\/strong> und in der <strong>Region Hannover<\/strong> (Radius von ca. 30 km).<\/div><\/div><br><div id=\"faq-299\" class=\"arconix-faq-wrap\"><div id=\"faq-MussoderdarfichmireigenstndigeineAusbildungsschulenachderZuweisunginsStudienseminarHannoverIGHRsuchen\" class=\"arconix-faq-title faq-closed\">Muss oder darf ich mir eigenst\u00e4ndig eine Ausbildungsschule nach der Zuweisung ins Studienseminar Hannover I GHR suchen?<\/div><div class=\"arconix-faq-content faq-closed\"><p>Nein, die <strong>Zuweisung<\/strong> der Lehrkr\u00e4fte im Vorbereitungsdienst (LiVD) <strong>erfolgt ausschlie\u00dflich durch das STS H I GHR<\/strong> in enger Abstimmung mit dem Regionalen Landesamt f\u00fcr Schule und Bildung (RLSB) und den jeweiligen Schulleitungen, um den Schulen bedarfsgerecht (F\u00e4cher) Lehrkr\u00e4fte im Vorbereitungsdienst zuteilen zu k\u00f6nnen. Wenn Sie sich als besonderen H\u00e4rtefall sehen (z.B. wegen Kinderbetreuung oder Pflege eines Angeh\u00f6rigen), melden Sie dies <strong>zeitnah nach Zuweisung ans STS H I GHR<\/strong> per E-Mail (<a href=\"https:\/\/web.archive.org\/web\/20240804085832\/&#109;&#x61;&#105;&#x6c;&#116;&#x6f;&#58;&#x70;&#111;&#x73;&#116;&#x73;&#116;&#x65;&#108;&#x6c;&#101;&#x40;&#115;&#x65;&#109;&#x69;&#110;&#x61;&#114;&#x2d;&#104;&#x31;&#45;&#x67;&#104;&#x72;&#115;&#x2e;&#110;&#x69;&#101;&#x64;&#101;&#x72;&#115;&#x61;&#99;&#x68;&#115;&#x65;&#110;&#x2e;&#100;&#x65;\">&#112;&#x6f;s&#116;&#x73;t&#101;&#x6c;l&#101;&#x40;s&#101;&#x6d;i&#110;&#x61;r&#45;&#x68;1&#45;&#x67;h&#114;&#x73;&#46;&#110;&#x69;e&#100;&#x65;r&#x73;&#x61;c&#x68;&#x73;&#101;&#x6e;&#x2e;&#100;&#x65;<\/a>) zur\u00fcck, damit dies nach Pr\u00fcfung der H\u00e4rtef\u00e4lle bei der Zuweisung einer Ausbildungsschule ggf. ber\u00fccksichtigt werden kann.<\/p>\n<\/div><\/div><span style=\"color:var(--accent)\" class=\"tadv-color\"><strong><br><\/strong><\/span><div id=\"faq-301\" class=\"arconix-faq-wrap\"><div id=\"faq-WieverluftdieAusbildungwhrenddesVorbereitungsdienstes\" class=\"arconix-faq-title faq-closed\">Wie verl\u00e4uft die Ausbildung w\u00e4hrend des Vorbereitungsdienstes?<\/div><div class=\"arconix-faq-content faq-closed\"><p>Die 18 Monate dauernde Ausbildung findet einerseits an den Ausbildungsschulen statt, wo Sie eigenverantwortlichen und betreuten Unterricht (mit Unterst\u00fctzung und R\u00fcckmeldung einer Fachlehrkraft) erteilen, andererseits in einem p\u00e4dagogischen und in zwei fachdidaktischen Seminaren i.d.R. am Studienseminar.<\/p>\n<p>Am Dienstag und Donnerstag finden Seminarveranstaltungen statt. Sie werden monatlich acht Stunden im p\u00e4dagogischen Seminar und je sechs Stunden in den fachdidaktischen Seminaren gem\u00e4\u00df der Verordnung \u00fcber die Ausbildung und Pr\u00fcfung von Lehrkr\u00e4ften im Vorbereitungsdienst (APVO-Lehr) ausgebildet.<\/p>\n<p>Die Ausbildenden des Studienseminars besuchen Sie mindestens zehn Mal im Ausbildungsunterricht. In den anschlie\u00dfenden Unterrichtsnachbesprechungen wird gemeinsam die Qualit\u00e4t des Unterrichts unter Ber\u00fccksichtigung des Kompetenzzuwachses er\u00f6rtert. Eine Benotung der Unterrichtsbesuche findet nicht statt. (s. Durchf\u00fchrungsbestimmung zur APVO-Lehr, zu \u00a7 7, 5.4).<\/p>\n<\/div><\/div><br><div id=\"faq-303\" class=\"arconix-faq-wrap\"><div id=\"faq-WieweitmussichimVorbereitungsdienstfahren\" class=\"arconix-faq-title faq-closed\">Wie weit muss ich im Vorbereitungsdienst fahren?<\/div><div class=\"arconix-faq-content faq-closed\"><p>Die p\u00e4dagogischen und fachdidaktischen Seminare finden entweder im STS H I GHR oder an den verschiedenen Ausbildungsschulen der LiVD im Rahmen von Hospitationen statt. Es ist in Ausnahmef\u00e4llen m\u00f6glich, dass Sie in einzelnen F\u00e4chern in Kooperation mit einem der umliegenden Studienseminare ausgebildet werden. Das STS H I GHR ist problemlos mit den \u00f6ffentlichen Verkehrsmitteln zu erreichen. Finden Seminare an den Ausbildungsschulen statt, kann die An- und Abreise mit einem privaten Kraftfahrzeug unumg\u00e4nglich sein. Entweder nutzen Sie daf\u00fcr Ihr privates Kraftfahrzeug oder Sie bilden Fahrgemeinschaften. Reisekosten werden auf Antrag erstattet.<\/p>\n<\/div><\/div><br><div id=\"faq-305\" class=\"arconix-faq-wrap\"><div id=\"faq-WelchetechnischenVoraussetzungenbentigeich\" class=\"arconix-faq-title faq-closed\">Welche technischen Voraussetzungen ben\u00f6tige ich?<\/div><div class=\"arconix-faq-content faq-closed\"><p>Wir kommunizieren \u00fcber und arbeiten mit der Kommunikationsplattform IServ im Studienseminar. F\u00fcr die Seminararbeit ben\u00f6tigen Sie ein mobiles Endger\u00e4t.<\/p>\n<\/div><\/div><br><div id=\"faq-307\" class=\"arconix-faq-wrap\"><div id=\"faq-WievieleStundenmussichunterrichten\" class=\"arconix-faq-title faq-closed\">Wie viele Stunden muss ich unterrichten?<\/div><div class=\"arconix-faq-content faq-closed\"><p>In der Regel unterrichten Sie im 1. und 2. Ausbildungshalbjahr 13 Wochenstunden (\u00e0 45 Minuten), im 3. Ausbildungshalbjahr 12 Wochenstunden. Bei einer Dauer von 18 Monaten Vorbereitungsdienst ergeben sich dementsprechend f\u00fcr die drei Ausbildungshalbjahre ein eigenverantwortlicher Unterricht im Umfang von 22 Stunden sowie ein betreuter Unterricht (mit Unterst\u00fctzung und R\u00fcckmeldung einer Fachlehrkraft) im Umfang von 16 Stunden.<\/p>\n<p>Ihre Ausbildungsschule koordiniert im Einvernehmen mit dem STS H I GHR und unter Ber\u00fccksichtigung Ihrer Seminarveranstaltungen Ihren Stundenplan bei Ausbildungsbeginn.<\/p>\n<\/div><\/div><span style=\"color:var(--accent)\" class=\"tadv-color\"><br><\/span><div id=\"faq-309\" class=\"arconix-faq-wrap\"><div id=\"faq-WannundwieerfolgtdieEinstellung\" class=\"arconix-faq-title faq-closed\">Wann und wie erfolgt die Einstellung?<\/div><div class=\"arconix-faq-content faq-closed\"><p>Zu Beginn Ihres Vorbereitungsdienstes finden Einf\u00fchrungsveranstaltungen statt, die Ihnen den Einstieg in den Vorbereitungsdienst erleichtern sollen. Diese Einf\u00fchrung erfolgt in einem Umfang von ca. einer Woche.<\/p>\n<p>Am Tag Ihrer Einstellung m\u00fcssen Sie pers\u00f6nlich (ohne Angeh\u00f6rige\/Freunde) zur Vereidigung und \u00dcberreichung der Urkunde ins STS H I GHR kommen. Hierbei handelt es sich um einen formalen, nicht um einen festlichen Akt im Rahmen der ersten Einf\u00fchrungsveranstaltung.<\/p>\n<p>Sie werden rechtzeitig per E-Mail \u00fcber die entsprechenden Termine informiert.<\/p>\n<\/div><\/div><br><div id=\"faq-311\" class=\"arconix-faq-wrap\"><div id=\"faq-WannmussicherreichbarseinundwoaktualisiereichmeineKontaktdaten\" class=\"arconix-faq-title faq-closed\">Wann muss ich erreichbar sein und wo aktualisiere ich meine Kontaktdaten?<\/div><div class=\"arconix-faq-content faq-closed\"><p>Sobald Sie unserem Studienseminar zugewiesen sind, m\u00fcssen Sie daf\u00fcr Sorge tragen, dass Sie f\u00fcr uns erreichbar und Ihre Kontaktdaten aktuell sind. Bitte melden Sie sich gegebenenfalls bei uns in der Verwaltung (0511 \u2013 22861642 oder 41) und nennen uns auch vorab bei angestrebten Wohnortswechsel Ihren neuen Wohnort.<\/p>\n<p>Bis zur Einstellung erhalten Sie per E-Mail alle notwendigen Informationen von uns, u.a. auch rechtzeitig den Namen Ihrer Ausbildungsschule, so dass Sie sich noch vor der Einstellung dort vorstellen k\u00f6nnen.<\/p>\n<\/div><\/div><br><div id=\"faq-313\" class=\"arconix-faq-wrap\"><div id=\"faq-WieistesmitdemNachweisbereinenErste-Hilfe-Kurs\" class=\"arconix-faq-title faq-closed\">Wie ist es mit dem Nachweis \u00fcber einen Erste-Hilfe-Kurs?<\/div><div class=\"arconix-faq-content faq-closed\"><p>Der Nachweis \u00fcber einen Erste-Hilfe-Kurs im Ausma\u00df von 9 Stunden bzw. 9 Unterrichtseinheiten je nach Einrichtung gilt als Voraussetzung f\u00fcr die Zulassung zum Vorbereitungsdienst. Er muss <strong>zwingend vor der Einstellung<\/strong> dem Regionalen Landesamt f\u00fcr Schule und Bildung in Braunschweig vorliegen.<\/p>\n<\/div><\/div><br><div id=\"faq-315\" class=\"arconix-faq-wrap\"><div id=\"faq-WieistesmitdemNachweisdesMasernschutzes\" class=\"arconix-faq-title faq-closed\">Wie ist es mit dem Nachweis des Masernschutzes?<\/div><div class=\"arconix-faq-content faq-closed\"><p>Der Nachweis einer Impfung gegen Masern von allen LiVD, die nach dem 31.12.1970 geboren sind, gilt als Voraussetzung f\u00fcr die Zulassung zum Vorbereitungsdienst (Masernschutzgesetz). Alternativ kommt ein \u00e4rztliches Zeugnis in Betracht, das best\u00e4tigt, dass bei Ihnen eine Immunit\u00e4t gegen Masern vorliegt oder Sie aufgrund einer medizinischen Kontraindikation nicht geimpft werden k\u00f6nnen.<\/p>\n<p>Der Nachweis muss <strong>zwingend vor der Einstellung<\/strong> dem Regionalen Landesamt f\u00fcr Schule und Bildung in Braunschweig vorliegen.<\/p>\n<\/div><\/div><br><div id=\"faq-317\" class=\"arconix-faq-wrap\"><div id=\"faq-WohinsendeichdieangefordertenUnterlagen\" class=\"arconix-faq-title faq-closed\">Wohin sende ich die angeforderten Unterlagen?<\/div><div class=\"arconix-faq-content faq-closed\"><p>Bitte achten Sie genau darauf, welche Institution (Regionales Landesamt f\u00fcr Schule und Bildung oder Studienseminar Hannover I GHR) welche Unterlagen anfordert und senden diese dann zeitnah dorthin.<\/p>\n<\/div><\/div><br><div id=\"faq-319\" class=\"arconix-faq-wrap\"><div id=\"faq-WaskannichtunwennichweitereFragenhabe\" class=\"arconix-faq-title faq-closed\">Was kann ich tun, wenn ich weitere Fragen habe?<\/div><div class=\"arconix-faq-content faq-closed\"><p>Die meisten Fragen werden Ihnen w\u00e4hrend der Einf\u00fchrungswoche von Ihren Ausbildenden und Ihrem Personalrat beantwortet. Vorher erhalten Sie viele notwendige Informationen per E-Mail. Wenn Sie vor Beginn des Vorbereitungsdienstes weitere dringende Fragen kl\u00e4ren m\u00f6chten, k\u00f6nnen Sie sich an unsere Verwaltung wenden, telefonisch unter 0511 \u2013 22861642\/41 oder\u00a0per E-Mail an <a href=\"&#109;&#x61;i&#x6c;&#x74;&#111;&#x3a;p&#x6f;&#x73;&#116;&#x73;t&#x65;&#x6c;&#108;&#x65;&#64;&#x73;&#x65;&#109;&#x69;n&#x61;&#x72;&#45;&#x68;1&#x2d;&#x67;&#104;&#x72;s&#x2e;&#x6e;&#105;&#x65;d&#x65;&#x72;&#115;&#x61;c&#x68;&#x73;&#101;&#x6e;&#46;&#x64;&#x65;\">&#112;&#111;&#x73;t&#115;&#x74;&#x65;l&#108;&#x65;&#x40;s&#101;&#x6d;i&#110;&#x61;&#x72;-&#104;&#x31;&#x2d;g&#104;&#x72;s&#46;&#x6e;&#x69;e&#100;&#x65;&#x72;s&#97;&#x63;&#x68;&#115;&#101;&#x6e;&#46;&#100;&#x65;<\/a>.<\/p>\n<\/div><\/div><\/p>\n","protected":false},"excerpt":{"rendered":"","protected":false},"author":9194597,"featured_media":0,"parent":0,"menu_order":0,"comment_status":"closed","ping_status":"closed","template":"","meta":{"footnotes":""},"class_list":["post-69","page","type-page","status-publish","hentry"],"_links":{"self":[{"href":"https:\/\/wordpress.nibis.de\/sts-h-ghr1\/wp-json\/wp\/v2\/pages\/69","targetHints":{"allow":["GET"]}}],"collection":[{"href":"https:\/\/wordpress.nibis.de\/sts-h-ghr1\/wp-json\/wp\/v2\/pages"}],"about":[{"href":"https:\/\/wordpress.nibis.de\/sts-h-ghr1\/wp-json\/wp\/v2\/types\/page"}],"author":[{"embeddable":true,"href":"https:\/\/wordpress.nibis.de\/sts-h-ghr1\/wp-json\/wp\/v2\/users\/9194597"}],"replies":[{"embeddable":true,"href":"https:\/\/wordpress.nibis.de\/sts-h-ghr1\/wp-json\/wp\/v2\/comments?post=69"}],"version-history":[{"count":30,"href":"https:\/\/wordpress.nibis.de\/sts-h-ghr1\/wp-json\/wp\/v2\/pages\/69\/revisions"}],"predecessor-version":[{"id":324,"href":"https:\/\/wordpress.nibis.de\/sts-h-ghr1\/wp-json\/wp\/v2\/pages\/69\/revisions\/324"}],"wp:attachment":[{"href":"https:\/\/wordpress.nibis.de\/sts-h-ghr1\/wp-json\/wp\/v2\/media?parent=69"}],"curies":[{"name":"wp","href":"https:\/\/api.w.org\/{rel}","templated":true}]}}