{"id":154,"date":"2022-06-17T10:39:15","date_gmt":"2022-06-17T08:39:15","guid":{"rendered":"https:\/\/wordpress.nibis.de\/sts-h-so\/?page_id=154"},"modified":"2024-08-29T23:41:08","modified_gmt":"2024-08-29T21:41:08","slug":"sport","status":"publish","type":"page","link":"https:\/\/wordpress.nibis.de\/sts-h-so\/ausbildung\/fachidaktiken\/sport\/","title":{"rendered":"Sport"},"content":{"rendered":"\n<p class=\"has-text-align-center\" style=\"font-size:30px\">Fachdidaktik Sport<\/p>\n\n\n\n<p class=\"has-text-align-center\">\u201e\u2026 um ihre Balance wiederzufinden, m\u00fcssten sie erleben k\u00f6nnen, wie sch\u00f6n es ist, mit sich selbst und in sich selbst in Balance zu sein\u201c. <\/p>\n\n\n\n<p class=\"has-text-align-center\">-Gerald H\u00fcther-<\/p>\n\n\n\n<div class=\"wp-block-columns is-layout-flex wp-container-core-columns-is-layout-abceabcf wp-block-columns-is-layout-flex\">\n<div class=\"wp-block-column is-layout-flow wp-block-column-is-layout-flow\" style=\"--col-width:33.33%;flex-basis:33.33%\">\n<div class=\"wp-block-image\"><figure class=\"alignright size-full is-resized\"><img loading=\"lazy\" decoding=\"async\" src=\"https:\/\/wordpress.nibis.de\/sts-h-so\/files\/2023\/09\/grafik-3-1.png\" alt=\"\" class=\"wp-image-1026\" width=\"267\" height=\"255\" \/><\/figure><\/div>\n<\/div>\n\n\n\n<div class=\"wp-block-column is-vertically-aligned-center is-layout-flow wp-block-column-is-layout-flow\" style=\"--col-width:66.66%;flex-basis:66.66%\">\n<p>Im Sportseminar bewegen wir uns im Spannungsfeld\u2026.<\/p>\n\n\n\n<ul class=\"wp-block-list\"><li>zwischen Theorie und Praxis.<\/li><li>zwischen Strukturierung und \u00d6ffnung.<\/li><li>zwischen Individualisierung und Kooperation.<\/li><li>zwischen F\u00f6rdern und Fordern.<\/li><li>zwischen Anspannung und Entspannung.<\/li><\/ul>\n<\/div>\n<\/div>\n\n\n\n<p><br>Die Seminarinhalte entwickeln sich aus den Fragestellungen der Anw\u00e4rter:innen und sind an ihre Bed\u00fcrfnisse und Interesse angepasst. Ganz praktisch treffen wir uns in einer Sporthalle im Stadtgebiet und erproben Spiele, Bewegungsformen, diagnostische Verfahren, Methoden und Materialien. Sie lernen diese kennen, zu analysieren und entwickeln vielf\u00e4ltige M\u00f6glichkeiten Lerninhalte an die Lernausgangslagen ihrer Sch\u00fcler:innen anzupassen. Fachdidaktische Aspekte sind in diesem Seminar eng mit sonderp\u00e4dagogischen Fragestellungen verzahnt.<br><\/p>\n\n\n\n<div class=\"wp-block-columns is-layout-flex wp-container-core-columns-is-layout-abceabcf wp-block-columns-is-layout-flex\">\n<div class=\"wp-block-column is-layout-flow wp-block-column-is-layout-flow\">\n<p>\u00dcberblick \u00fcber m\u00f6gliche Seminarinhalte:<\/p>\n\n\n\n<p><\/p>\n\n\n\n<ul class=\"wp-block-list\"><li>Vermittlungsmodelle im Sportunterricht<\/li><li>Psychomotorische F\u00f6rderung<\/li><li>Classroommanagement im Sportunterricht<\/li><li>Diagnostik und F\u00f6rderung motorischer Kompetenzen<\/li><li>Sport im Freien<\/li><li>Diversit\u00e4tssensibler Sportunterricht<\/li><li>Kooperatives Lernen im Sportunterricht<\/li><li>Differenzierung<\/li><li>Ge\u00f6ffneter Sportunterricht<\/li><li>&#8230;<\/li><\/ul>\n<\/div>\n\n\n\n<div class=\"wp-block-column is-layout-flow wp-block-column-is-layout-flow\">\n<p>Verkn\u00fcpft werden diese Inhalte mit Themenschwerschwerpunkten aus den Bewegungsfeldern, z.B.:<\/p>\n\n\n\n<ul class=\"wp-block-list\"><li>Sportspiele<\/li><li>Kleine Spiele<\/li><li>Schwimmen<\/li><li>Bewegen im Wasser<\/li><li>Turnen und Bewegungsk\u00fcnste<\/li><li>Entspannung<\/li><li>Kooperative Abenteuerspiele<\/li><li>Gymnastisches Bewegen<\/li><li>Tanzen<\/li><li>Laufen, Springen, Werfen<\/li><li>Orientierungslauf<\/li><li>Bewegen auf rollenden Ger\u00e4ten<\/li><li>K\u00e4mpfen<\/li><li>&#8230;<\/li><\/ul>\n<\/div>\n<\/div>\n\n\n\n<p class=\"has-text-align-center\"><a href=\"&#x6d;&#97;i&#x6c;&#116;o&#x3a;&#97;n&#x64;&#114;e&#x61;&#115;&#46;&#x6d;&#101;u&#x73;&#101;l&#x40;&#115;t&#x73;&#45;h&#x2d;&#115;o&#x70;&#46;d&#x65;\">Andreas Meusel<\/a><\/p>\n\n\n\n<div class=\"wp-block-buttons is-content-justification-center is-layout-flex wp-container-core-buttons-is-layout-16018d1d wp-block-buttons-is-layout-flex\">\n<div class=\"wp-block-button\"><a class=\"wp-block-button__link\" href=\"https:\/\/wordpress.nibis.de\/sts-h-so\/ausbildung\/fachidaktiken\/deutsch\/\">Deutsch<\/a><\/div>\n\n\n\n<div class=\"wp-block-button\"><a class=\"wp-block-button__link\" href=\"https:\/\/wordpress.nibis.de\/sts-h-so\/ausbildung\/fachidaktiken\/kunst\/\">Kunst<\/a><\/div>\n\n\n\n<div class=\"wp-block-button\"><a class=\"wp-block-button__link\" href=\"https:\/\/wordpress.nibis.de\/sts-h-so\/ausbildung\/fachidaktiken\/mathematik\/\">Mathematik<\/a><\/div>\n\n\n\n<div class=\"wp-block-button\"><a class=\"wp-block-button__link\" href=\"https:\/\/wordpress.nibis.de\/sts-h-so\/ausbildung\/fachidaktiken\/musik\/\">Musik<\/a><\/div>\n\n\n\n<div class=\"wp-block-button\"><a class=\"wp-block-button__link\" href=\"https:\/\/wordpress.nibis.de\/sts-h-so\/ausbildung\/fachidaktiken\/fachdidaktik-sachunterricht\/\">Sachunterricht<\/a><\/div>\n\n\n\n<div class=\"wp-block-button\"><a class=\"wp-block-button__link\" href=\"https:\/\/wordpress.nibis.de\/sts-h-so\/ausbildung\/fachidaktiken\/weitere-fachdidaktiken\/\">Weitere Fachdidaktiken<\/a><\/div>\n<\/div>\n\n\n\n<p><\/p>\n\n\n\n<p class=\"has-text-align-center\">zur\u00fcck zu:<\/p>\n\n\n\n<div class=\"wp-block-buttons is-layout-flex wp-block-buttons-is-layout-flex\">\n<div class=\"wp-block-button aligncenter\"><a class=\"wp-block-button__link\" href=\"https:\/\/wordpress.nibis.de\/sts-h-so\/ausbildung\/\">Ausbildung<\/a><\/div>\n<\/div>\n","protected":false},"excerpt":{"rendered":"<p>Fachdidaktik Sport \u201e\u2026 um ihre Balance wiederzufinden, m\u00fcssten sie erleben k\u00f6nnen, wie sch\u00f6n es ist, mit sich selbst und in sich selbst in Balance zu sein\u201c. -Gerald H\u00fcther- Im Sportseminar bewegen wir uns im Spannungsfeld\u2026. zwischen Theorie und Praxis. zwischen Strukturierung und \u00d6ffnung. zwischen Individualisierung und Kooperation. zwischen F\u00f6rdern und Fordern. zwischen Anspannung und Entspannung. &#8230; <a title=\"Sport\" class=\"read-more\" href=\"https:\/\/wordpress.nibis.de\/sts-h-so\/ausbildung\/fachidaktiken\/sport\/\" aria-label=\"Mehr Informationen \u00fcber Sport\">Weiterlesen<\/a><\/p>\n","protected":false},"author":903,"featured_media":0,"parent":145,"menu_order":0,"comment_status":"closed","ping_status":"closed","template":"","meta":{"footnotes":""},"class_list":["post-154","page","type-page","status-publish"],"_links":{"self":[{"href":"https:\/\/wordpress.nibis.de\/sts-h-so\/wp-json\/wp\/v2\/pages\/154","targetHints":{"allow":["GET"]}}],"collection":[{"href":"https:\/\/wordpress.nibis.de\/sts-h-so\/wp-json\/wp\/v2\/pages"}],"about":[{"href":"https:\/\/wordpress.nibis.de\/sts-h-so\/wp-json\/wp\/v2\/types\/page"}],"author":[{"embeddable":true,"href":"https:\/\/wordpress.nibis.de\/sts-h-so\/wp-json\/wp\/v2\/users\/903"}],"replies":[{"embeddable":true,"href":"https:\/\/wordpress.nibis.de\/sts-h-so\/wp-json\/wp\/v2\/comments?post=154"}],"version-history":[{"count":25,"href":"https:\/\/wordpress.nibis.de\/sts-h-so\/wp-json\/wp\/v2\/pages\/154\/revisions"}],"predecessor-version":[{"id":1458,"href":"https:\/\/wordpress.nibis.de\/sts-h-so\/wp-json\/wp\/v2\/pages\/154\/revisions\/1458"}],"up":[{"embeddable":true,"href":"https:\/\/wordpress.nibis.de\/sts-h-so\/wp-json\/wp\/v2\/pages\/145"}],"wp:attachment":[{"href":"https:\/\/wordpress.nibis.de\/sts-h-so\/wp-json\/wp\/v2\/media?parent=154"}],"curies":[{"name":"wp","href":"https:\/\/api.w.org\/{rel}","templated":true}]}}