{"id":156,"date":"2022-06-17T10:39:50","date_gmt":"2022-06-17T08:39:50","guid":{"rendered":"https:\/\/wordpress.nibis.de\/sts-h-so\/?page_id=156"},"modified":"2023-10-30T17:10:03","modified_gmt":"2023-10-30T16:10:03","slug":"uebersicht-ueber-die-ausbildung","status":"publish","type":"page","link":"https:\/\/wordpress.nibis.de\/sts-h-so\/ausbildung\/uebersicht-ueber-die-ausbildung\/","title":{"rendered":"Ausbildungsprofil"},"content":{"rendered":"\n<p class=\"has-text-align-center\" style=\"font-size:30px\">Ausbildungsprofil<\/p>\n\n\n\n<p class=\"has-text-align-center\" style=\"font-size:17px\"><strong>Die Ausbildung in unserem Studienseminar<\/strong><\/p>\n\n\n\n<p class=\"has-text-align-center\">Die Ausbildung im Lehramt f\u00fcr Sonderp\u00e4dagogik erfolgt in zwei F\u00f6rderschwerpunkten, einer Fachdidaktik sowie im p\u00e4dagogischen Seminar.&nbsp;<\/p>\n\n\n\n<p><strong>Termine<\/strong><\/p>\n\n\n\n<p>Unser haupts\u00e4chlicher Ausbildungstag ist der Montag. Am Vormittag zwischen 10:00 und 13:30 Uhr finden die P\u00e4dagogischen Seminare im Wechsel mit den Fachdidaktiken Deutsch bzw. Sachunterricht statt.&nbsp;<br>Am Nachmittag zwischen 14:30 und 17:30 Uhr wechseln sich die F\u00f6rderschwerpunkte ab.&nbsp;<br>Die weiterenen Fachdidaktiken Mathematik, Kunst, Musik, Sport werden am Dienstagnachmittag angeboten.&nbsp;<\/p>\n\n\n\n<p>Die F\u00f6rderschwerpunkte Sehen und H\u00f6ren sowie die F\u00e4cher (Biologie, Englisch, Religion, Technik, Geschichte) werden in Kooperation mit anderen Seminaren ausgebildet. Die Zeiten dieser Seminare werden individuell kommuniziert.<\/p>\n\n\n\n<p>Die genauen Termine aller Seminarveranstaltungen werden \u00fcber einen internen Organisationsplan kommuniziert.<\/p>\n\n\n\n<p><strong>Module<\/strong><\/p>\n\n\n\n<p>Diese Themen bieten wir in modularisierter Form an:<\/p>\n\n\n\n<ul class=\"wp-block-list\"><li>Individuelle F\u00f6rderplanung<\/li><li>Musik, Spiel und Theater<\/li><li>Verfahren zur Feststellung eines Bedarfs an sonderp\u00e4dagogischer Unterst\u00fctzung aus Sicht des Regionalen Landesamts f\u00fcr Schule und Bildung<\/li><li>Einstellungsverfahren in den nieders\u00e4chsischen Staatsdienst<\/li><\/ul>\n\n\n\n<p><strong>Zusatzqualifikationen<\/strong><\/p>\n\n\n\n<p>Im Studienseminar Hannover k\u00f6nnen Sie folgende Zusatzqualifikationen erwerben:<\/p>\n\n\n\n<ul class=\"wp-block-list\"><li>Basiskompetenzen inklusive Mathematikdidaktik<\/li><li>Basiskompetenzen inklusive Deutschdidaktik<\/li><li>Musik in der Schule \u2013 Unterrichten, Unterst\u00fctzen, Begleiten<\/li><li>Medienkompeten(t)z unterrichten<\/li><\/ul>\n\n\n\n<p><strong>Unterrichtseinsatz<\/strong><strong>&nbsp;<\/strong><\/p>\n\n\n\n<p>W\u00e4hrend des Vorbereitungsdienstes unterrichten Anw\u00e4rter*innen in zwei F\u00f6rderschwerpunkten und in einem Unterrichtsfach. Sie sind in Lerngruppen eingesetzt, in denen sich Lernende mit den entsprechenden F\u00f6rderbedarfen befinden. Ausbildungsschulen sind sowohl F\u00f6rderschulen als auch allgemeine Schulen. Die Ausbildung schlie\u00dft alle Formen sonderp\u00e4dagogischer Unterst\u00fctzung ein. Die Kombination der F\u00f6rderschwerpunkte bedingt teilweise die Ausbildung an zwei verschiedenen Schulen.&nbsp;<\/p>\n\n\n\n<p>\u00dcber den gesamten Ausbildungszeitraum unterrichten LiVD 22 Stunden eigenverantwortlich und 16 Stunden unter Anleitung. Das bedeutet f\u00fcr die einzelnen Halbjahre 13 \u2013 13 \u2013 12 Stunden Ausbildungsunterricht in der Woche.<\/p>\n\n\n\n<p><strong>Unterrichtsbesuche<\/strong><\/p>\n\n\n\n<p>Jede der vier Fachseminarleitungen f\u00fchrt insgesamt f\u00fcnf Beratungsbesuche durch. Davon sind drei Gemeinsame Besuche (GUB), die mit einem ausf\u00fchrlichen Entwurf vorbereitet und deren Verlauf protokolliert wird. LiVD k\u00f6nnen drei weitere Besuche kombinieren, indem sie jeweils zwei Fachseminarleitungen zu einem Termin einladen. Insgesamt finden bei jeder LiVD daher zwischen 14 und 17 Besuche statt. Auf Wunsch der LiVD werden zus\u00e4tzliche Besuche vereinbart.<\/p>\n\n\n\n<p><\/p>\n\n\n\n<p class=\"has-text-align-center\">siehe auch:<\/p>\n\n\n\n<div class=\"wp-block-buttons is-content-justification-center is-layout-flex wp-container-core-buttons-is-layout-16018d1d wp-block-buttons-is-layout-flex\">\n<div class=\"wp-block-button\"><a class=\"wp-block-button__link\" href=\"https:\/\/wordpress.nibis.de\/sts-h-so\/ausbildung\/paedagogische-seminare\/\">P\u00e4dagogische Seminare<\/a><\/div>\n\n\n\n<div class=\"wp-block-button\"><a class=\"wp-block-button__link\" href=\"https:\/\/wordpress.nibis.de\/sts-h-so\/ausbildung\/sonderpaedagogische-fachrichtungen\/\">Sonderp\u00e4dagogische Fachrichtungen<\/a><\/div>\n\n\n\n<div class=\"wp-block-button\"><a class=\"wp-block-button__link\" href=\"https:\/\/wordpress.nibis.de\/sts-h-so\/ausbildung\/fachidaktiken\/\">Fachdidaktiken<\/a><\/div>\n<\/div>\n\n\n\n<p><\/p>\n\n\n\n<div class=\"wp-block-buttons is-content-justification-center is-layout-flex wp-container-core-buttons-is-layout-16018d1d wp-block-buttons-is-layout-flex\">\n<div class=\"wp-block-button\"><a class=\"wp-block-button__link\" href=\"https:\/\/wordpress.nibis.de\/sts-h-so\/ausbildung\/paedagogische-seminare\/\">Module<\/a><\/div>\n\n\n\n<div class=\"wp-block-button\"><a class=\"wp-block-button__link\" href=\"https:\/\/wordpress.nibis.de\/sts-h-so\/ausbildung\/tellerrand\/\">Tellerrand<\/a><\/div>\n\n\n\n<div class=\"wp-block-button\"><a class=\"wp-block-button__link\" href=\"https:\/\/wordpress.nibis.de\/sts-h-so\/ausbildung\/zusatzqualifikationen\/\">Zusatzqualifikationen<\/a><\/div>\n<\/div>\n\n\n\n<p><\/p>\n\n\n\n<div class=\"wp-block-buttons is-content-justification-center is-layout-flex wp-container-core-buttons-is-layout-16018d1d wp-block-buttons-is-layout-flex\">\n<div class=\"wp-block-button\"><a class=\"wp-block-button__link\" href=\"https:\/\/wordpress.nibis.de\/sts-h-so\/start\/weitere-informationen\/bibliothek\/\">Bibliothek<\/a><\/div>\n\n\n\n<div class=\"wp-block-button\"><a class=\"wp-block-button__link\" href=\"https:\/\/wordpress.nibis.de\/sts-h-so\/bewerbung\/\">Bewerbung<\/a><\/div>\n\n\n\n<div class=\"wp-block-button\"><a class=\"wp-block-button__link\" href=\"https:\/\/wordpress.nibis.de\/sts-h-so\/neue-livd\/\">Neue LiVD<\/a><\/div>\n<\/div>\n\n\n\n<p class=\"has-text-align-center\"><\/p>\n\n\n\n<p><\/p>\n\n\n\n<p><\/p>\n\n\n\n<div class=\"wp-block-columns is-layout-flex wp-container-core-columns-is-layout-abceabcf wp-block-columns-is-layout-flex\">\n<div class=\"wp-block-column is-layout-flow wp-block-column-is-layout-flow\" style=\"--col-width:33.33%;flex-basis:33.33%\"><\/div>\n<\/div>\n","protected":false},"excerpt":{"rendered":"<p>Ausbildungsprofil Die Ausbildung in unserem Studienseminar Die Ausbildung im Lehramt f\u00fcr Sonderp\u00e4dagogik erfolgt in zwei F\u00f6rderschwerpunkten, einer Fachdidaktik sowie im p\u00e4dagogischen Seminar.&nbsp; Termine Unser haupts\u00e4chlicher Ausbildungstag ist der Montag. Am Vormittag zwischen 10:00 und 13:30 Uhr finden die P\u00e4dagogischen Seminare im Wechsel mit den Fachdidaktiken Deutsch bzw. Sachunterricht statt.&nbsp;Am Nachmittag zwischen 14:30 und 17:30 Uhr &#8230; <a title=\"Ausbildungsprofil\" class=\"read-more\" href=\"https:\/\/wordpress.nibis.de\/sts-h-so\/ausbildung\/uebersicht-ueber-die-ausbildung\/\" aria-label=\"Mehr Informationen \u00fcber Ausbildungsprofil\">Weiterlesen<\/a><\/p>\n","protected":false},"author":907,"featured_media":0,"parent":21,"menu_order":0,"comment_status":"closed","ping_status":"closed","template":"","meta":{"footnotes":""},"class_list":["post-156","page","type-page","status-publish"],"_links":{"self":[{"href":"https:\/\/wordpress.nibis.de\/sts-h-so\/wp-json\/wp\/v2\/pages\/156","targetHints":{"allow":["GET"]}}],"collection":[{"href":"https:\/\/wordpress.nibis.de\/sts-h-so\/wp-json\/wp\/v2\/pages"}],"about":[{"href":"https:\/\/wordpress.nibis.de\/sts-h-so\/wp-json\/wp\/v2\/types\/page"}],"author":[{"embeddable":true,"href":"https:\/\/wordpress.nibis.de\/sts-h-so\/wp-json\/wp\/v2\/users\/907"}],"replies":[{"embeddable":true,"href":"https:\/\/wordpress.nibis.de\/sts-h-so\/wp-json\/wp\/v2\/comments?post=156"}],"version-history":[{"count":28,"href":"https:\/\/wordpress.nibis.de\/sts-h-so\/wp-json\/wp\/v2\/pages\/156\/revisions"}],"predecessor-version":[{"id":1313,"href":"https:\/\/wordpress.nibis.de\/sts-h-so\/wp-json\/wp\/v2\/pages\/156\/revisions\/1313"}],"up":[{"embeddable":true,"href":"https:\/\/wordpress.nibis.de\/sts-h-so\/wp-json\/wp\/v2\/pages\/21"}],"wp:attachment":[{"href":"https:\/\/wordpress.nibis.de\/sts-h-so\/wp-json\/wp\/v2\/media?parent=156"}],"curies":[{"name":"wp","href":"https:\/\/api.w.org\/{rel}","templated":true}]}}