{"id":160,"date":"2022-06-17T10:40:16","date_gmt":"2022-06-17T08:40:16","guid":{"rendered":"https:\/\/wordpress.nibis.de\/sts-h-so\/?page_id=160"},"modified":"2023-10-05T13:11:05","modified_gmt":"2023-10-05T11:11:05","slug":"musik","status":"publish","type":"page","link":"https:\/\/wordpress.nibis.de\/sts-h-so\/ausbildung\/fachidaktiken\/musik\/","title":{"rendered":"Musik"},"content":{"rendered":"\n<p class=\"has-text-align-center\" style=\"font-size:30px\">Fachdidaktik Musik<\/p>\n\n\n\n<p class=\"has-text-align-center\">\u201eEine falsche Note zu spielen, ist unbedeutend &#8211; ohne Leidenschaft zu spielen, ist unverzeihlich\u201c <\/p>\n\n\n\n<p class=\"has-text-align-center\">Ludwig van Beethoven<\/p>\n\n\n\n<div class=\"wp-block-image\"><figure class=\"aligncenter size-large is-resized\"><img loading=\"lazy\" decoding=\"async\" src=\"https:\/\/wordpress.nibis.de\/sts-h-so\/files\/2022\/07\/MU-Photo-Header-Sax-1024x439.jpg\" alt=\"\" class=\"wp-image-546\" width=\"768\" height=\"329\" srcset=\"https:\/\/wordpress.nibis.de\/sts-h-so\/files\/2022\/07\/MU-Photo-Header-Sax-1024x439.jpg 1024w, https:\/\/wordpress.nibis.de\/sts-h-so\/files\/2022\/07\/MU-Photo-Header-Sax-300x128.jpg 300w, https:\/\/wordpress.nibis.de\/sts-h-so\/files\/2022\/07\/MU-Photo-Header-Sax-768x329.jpg 768w, https:\/\/wordpress.nibis.de\/sts-h-so\/files\/2022\/07\/MU-Photo-Header-Sax-1536x658.jpg 1536w, https:\/\/wordpress.nibis.de\/sts-h-so\/files\/2022\/07\/MU-Photo-Header-Sax-2048x877.jpg 2048w\" sizes=\"auto, (max-width: 768px) 100vw, 768px\" \/><figcaption>Matthias Droste &#8211; untitled (2001)<\/figcaption><\/figure><\/div>\n\n\n\n<p><\/p>\n\n\n\n<p>Das Fachseminar Musik findet in der Regel in Musikr\u00e4umen kooperierender Schulen statt, so dass viele Inhalte musikpraktisch erfahrbar werden. Das gegenseitige Unterst\u00fctzen und Beraten aller Seminar-Teilnehmer: innen ist aufgrund der eher kleinen Seminargr\u00f6\u00dfe h\u00e4ufig gut m\u00f6glich und wird immer angestrebt. Dazu geh\u00f6rt auch das Vorstellen eigener Unterrichtsinhalte im Rahmen der Seminararbeit. <\/p>\n\n\n\n<p class=\"has-text-align-center\">Die folgenden inhaltlichen Themen werden bearbeitet:<\/p>\n\n\n\n<ul class=\"is-style-default wp-block-list\"><li>Curriculare Vorgaben f\u00fcr das Fach Musik<\/li><li>Gestaltung von Musikunterricht (Inhalte, Methoden, Prinzipien) in Inklusion und F\u00f6rderschule<\/li><li>Musikalische Lernvoraussetzungen und Niveaudifferenzierung<\/li><li>Die F\u00f6rderung von Bewegung, Wahrnehmung, Ausdruck und Kommunikation mit Musik<\/li><li>Aufbauender Musikunterricht<\/li><li>Aktives Musikh\u00f6ren<\/li><li>Kooperative Lernformen im Musikunterricht<\/li><li>Musikalische Parameter<\/li><li>Rhythmus, Trommeln<\/li><li>Bewegen, Tanzen, Choreographie<\/li><li>Sprechen, Rappen<\/li><li>Singen, Stimmbildung, Liederarbeitung<\/li><li>Instrumente, Instrumentalarrangements<\/li><li>Band-Arbeit<\/li><li>Traditionelle Notation \u2013 Alternative Notation<\/li><li>Einsatz von Medien, Apps<\/li><li>Bearbeitung von Audio- und Videodateien<\/li><li>Ensembleleitung<\/li><li>Beurteilen und Bewerten<\/li><li>Klassische Musik<\/li><li>Popul\u00e4re Musik<\/li><li>Jugendkultur<\/li><li><em>weitere Themen<\/em> werden von den Lehrkr\u00e4ften im Vorbereitungsdienst eingebracht<\/li><\/ul>\n\n\n\n<p class=\"has-text-align-center\">Das Fachseminar Musik findet dienstags von 14.30 bis 18.00 statt.<\/p>\n\n\n\n<div class=\"wp-block-image\"><figure class=\"aligncenter size-large is-resized\"><img loading=\"lazy\" decoding=\"async\" src=\"https:\/\/wordpress.nibis.de\/sts-h-so\/files\/2022\/10\/IMG_1007-1-680x1024.jpeg\" alt=\"\" class=\"wp-image-777\" width=\"170\" height=\"256\" srcset=\"https:\/\/wordpress.nibis.de\/sts-h-so\/files\/2022\/10\/IMG_1007-1-680x1024.jpeg 680w, https:\/\/wordpress.nibis.de\/sts-h-so\/files\/2022\/10\/IMG_1007-1-199x300.jpeg 199w, https:\/\/wordpress.nibis.de\/sts-h-so\/files\/2022\/10\/IMG_1007-1-768x1156.jpeg 768w, https:\/\/wordpress.nibis.de\/sts-h-so\/files\/2022\/10\/IMG_1007-1-1020x1536.jpeg 1020w, https:\/\/wordpress.nibis.de\/sts-h-so\/files\/2022\/10\/IMG_1007-1-1360x2048.jpeg 1360w, https:\/\/wordpress.nibis.de\/sts-h-so\/files\/2022\/10\/IMG_1007-1-scaled.jpeg 1700w\" sizes=\"auto, (max-width: 170px) 100vw, 170px\" \/><\/figure><\/div>\n\n\n\n<p class=\"has-text-align-center\">Leitung:<br><a href=\"&#x6d;&#97;&#x69;&#x6c;&#116;&#x6f;&#58;C&#x68;&#114;i&#x73;&#116;i&#x61;&#110;&#46;&#x42;&#117;&#x73;&#x63;&#104;&#x40;&#x73;&#116;&#x73;&#45;h&#x2d;&#115;o&#x70;&#46;d&#x65;\">Christian Busch<\/a><\/p>\n\n\n\n<p class=\"has-text-align-center\">siehe auch<\/p>\n\n\n\n<div class=\"wp-block-buttons is-content-justification-center is-layout-flex wp-container-core-buttons-is-layout-16018d1d wp-block-buttons-is-layout-flex\">\n<div class=\"wp-block-button\"><a class=\"wp-block-button__link\" href=\"https:\/\/wordpress.nibis.de\/sts-h-so\/ausbildung\/fachidaktiken\/deutsch\/\">Deutsch<\/a><\/div>\n\n\n\n<div class=\"wp-block-button\"><a class=\"wp-block-button__link\" href=\"https:\/\/wordpress.nibis.de\/sts-h-so\/ausbildung\/fachidaktiken\/kunst\/\">Kunst<\/a><\/div>\n\n\n\n<div class=\"wp-block-button\"><a class=\"wp-block-button__link\" href=\"https:\/\/wordpress.nibis.de\/sts-h-so\/ausbildung\/fachidaktiken\/mathematik\/\">Mathematik<\/a><\/div>\n\n\n\n<div class=\"wp-block-button\"><a class=\"wp-block-button__link\" href=\"https:\/\/wordpress.nibis.de\/sts-h-so\/ausbildung\/fachidaktiken\/fachdidaktik-sachunterricht\/\">Sachunterricht<\/a><\/div>\n\n\n\n<div class=\"wp-block-button\"><a class=\"wp-block-button__link\" href=\"https:\/\/wordpress.nibis.de\/sts-h-so\/ausbildung\/fachidaktiken\/sport\/\">Sport<\/a><\/div>\n\n\n\n<div class=\"wp-block-button\"><a class=\"wp-block-button__link\" href=\"https:\/\/wordpress.nibis.de\/sts-h-so\/ausbildung\/fachidaktiken\/weitere-fachdidaktiken\/\">Weitere Fachdidaktiken<\/a><\/div>\n<\/div>\n\n\n\n<p><\/p>\n\n\n\n<p class=\"has-text-align-center\">zur\u00fcck zu:<\/p>\n\n\n\n<div class=\"wp-block-buttons is-layout-flex wp-block-buttons-is-layout-flex\">\n<div class=\"wp-block-button aligncenter\"><a class=\"wp-block-button__link\" href=\"https:\/\/wordpress.nibis.de\/sts-h-so\/ausbildung\/\">Ausbildung<\/a><\/div>\n<\/div>\n","protected":false},"excerpt":{"rendered":"<p>Fachdidaktik Musik \u201eEine falsche Note zu spielen, ist unbedeutend &#8211; ohne Leidenschaft zu spielen, ist unverzeihlich\u201c Ludwig van Beethoven Das Fachseminar Musik findet in der Regel in Musikr\u00e4umen kooperierender Schulen statt, so dass viele Inhalte musikpraktisch erfahrbar werden. Das gegenseitige Unterst\u00fctzen und Beraten aller Seminar-Teilnehmer: innen ist aufgrund der eher kleinen Seminargr\u00f6\u00dfe h\u00e4ufig gut m\u00f6glich &#8230; <a title=\"Musik\" class=\"read-more\" href=\"https:\/\/wordpress.nibis.de\/sts-h-so\/ausbildung\/fachidaktiken\/musik\/\" aria-label=\"Mehr Informationen \u00fcber Musik\">Weiterlesen<\/a><\/p>\n","protected":false},"author":903,"featured_media":0,"parent":145,"menu_order":0,"comment_status":"closed","ping_status":"closed","template":"","meta":{"footnotes":""},"class_list":["post-160","page","type-page","status-publish"],"_links":{"self":[{"href":"https:\/\/wordpress.nibis.de\/sts-h-so\/wp-json\/wp\/v2\/pages\/160","targetHints":{"allow":["GET"]}}],"collection":[{"href":"https:\/\/wordpress.nibis.de\/sts-h-so\/wp-json\/wp\/v2\/pages"}],"about":[{"href":"https:\/\/wordpress.nibis.de\/sts-h-so\/wp-json\/wp\/v2\/types\/page"}],"author":[{"embeddable":true,"href":"https:\/\/wordpress.nibis.de\/sts-h-so\/wp-json\/wp\/v2\/users\/903"}],"replies":[{"embeddable":true,"href":"https:\/\/wordpress.nibis.de\/sts-h-so\/wp-json\/wp\/v2\/comments?post=160"}],"version-history":[{"count":29,"href":"https:\/\/wordpress.nibis.de\/sts-h-so\/wp-json\/wp\/v2\/pages\/160\/revisions"}],"predecessor-version":[{"id":1302,"href":"https:\/\/wordpress.nibis.de\/sts-h-so\/wp-json\/wp\/v2\/pages\/160\/revisions\/1302"}],"up":[{"embeddable":true,"href":"https:\/\/wordpress.nibis.de\/sts-h-so\/wp-json\/wp\/v2\/pages\/145"}],"wp:attachment":[{"href":"https:\/\/wordpress.nibis.de\/sts-h-so\/wp-json\/wp\/v2\/media?parent=160"}],"curies":[{"name":"wp","href":"https:\/\/api.w.org\/{rel}","templated":true}]}}