{"id":162,"date":"2022-06-17T10:40:27","date_gmt":"2022-06-17T08:40:27","guid":{"rendered":"https:\/\/wordpress.nibis.de\/sts-h-so\/?page_id=162"},"modified":"2023-11-30T10:01:58","modified_gmt":"2023-11-30T09:01:58","slug":"kunst","status":"publish","type":"page","link":"https:\/\/wordpress.nibis.de\/sts-h-so\/ausbildung\/fachidaktiken\/kunst\/","title":{"rendered":"Kunst"},"content":{"rendered":"\n<p class=\"has-text-align-center\" style=\"font-size:30px\">Fachdidaktik Kunst<\/p>\n\n\n\n<div class=\"wp-block-columns is-layout-flex wp-container-core-columns-is-layout-abceabcf wp-block-columns-is-layout-flex\">\n<div class=\"wp-block-column is-layout-flow wp-block-column-is-layout-flow\">\n<div class=\"wp-block-image\"><figure class=\"alignright size-full\"><img loading=\"lazy\" decoding=\"async\" width=\"251\" height=\"335\" src=\"https:\/\/wordpress.nibis.de\/sts-h-so\/files\/2023\/02\/Ku-2.jpg\" alt=\"\" class=\"wp-image-829\" srcset=\"https:\/\/wordpress.nibis.de\/sts-h-so\/files\/2023\/02\/Ku-2.jpg 251w, https:\/\/wordpress.nibis.de\/sts-h-so\/files\/2023\/02\/Ku-2-225x300.jpg 225w\" sizes=\"auto, (max-width: 251px) 100vw, 251px\" \/><\/figure><\/div>\n<\/div>\n\n\n\n<div class=\"wp-block-column is-layout-flow wp-block-column-is-layout-flow\">\n<div class=\"wp-block-image\"><figure class=\"alignleft size-full is-resized\"><img loading=\"lazy\" decoding=\"async\" src=\"https:\/\/wordpress.nibis.de\/sts-h-so\/files\/2023\/02\/Ku1.jpg\" alt=\"\" class=\"wp-image-828\" width=\"249\" height=\"332\" srcset=\"https:\/\/wordpress.nibis.de\/sts-h-so\/files\/2023\/02\/Ku1.jpg 251w, https:\/\/wordpress.nibis.de\/sts-h-so\/files\/2023\/02\/Ku1-225x300.jpg 225w\" sizes=\"auto, (max-width: 249px) 100vw, 249px\" \/><\/figure><\/div>\n<\/div>\n<\/div>\n\n\n\n<p>Das Kunstseminar findet in der Regel in einem Fachraum einer kooperierenden Schule statt.<\/p>\n\n\n\n<p>Die Seminarsitzungen haben grunds\u00e4tzlich theoretische, ( fach- ) didaktische und praxisorientierte Anteile.<\/p>\n\n\n\n<p>In den Theoriephasen werden in der Regel Bez\u00fcge zur Fachdiskussion \/ Fachliteratur und zu den ver-schiedenen Kerncurricular hergestellt. Es werden Verkn\u00fcpfungen von verschiedenen Themenfeldern ( z.B. Mensch, Natur, Raum ), Kompetenzbereichen und Gestaltungsfeldern ( z. B. Malerei, Grafik, Plastik\/ Installation \/Raum, Spiel\/Performance\/Aktion, digitale Medien ) erstellt. Ein besonderer Schwerpunkt wird dabei auf Sch\u00fclerorientierung und kreativit\u00e4tsf\u00f6rdernde sowie experimentelle Erkenntnisformen gelegt.<\/p>\n\n\n\n<p>In den Praxisphasen der Seminare werden regelm\u00e4\u00dfig Praxisbeispiele vorgestellt und selbst ausprobiert. Die eigene Praxis bringt nicht nur eigene Erfahrungen und Muster hervor, sondern zeigt in der Realisation und Diskussion auch Potentiale, m\u00f6gliche Schwierigkeiten und Konsequenzen bei der Umsetzung in den verschiedenen Lerngruppen der Livd.<\/p>\n\n\n\n<p>Beispiele f\u00fcr Seminarthemen:<\/p>\n\n\n\n<ul class=\"wp-block-list\"><li>Grafisches Gestalten I ( Zeichnen ) \/ Grafisches Gestalten lI ( Drucken )<\/li><li>Stationen und Orientierungen in der Kunstp\u00e4dagogik<\/li><li>Aktive Bildwahrnehmung im Kunstunterricht \/ Bildzug\u00e4nge im Museum ( Ausstellungsbesuch )<\/li><li>Digitale Medien im Kunstunterricht \u2013 Fotografie<\/li><li>Monster, Ungeheuer, Fantasiewesen<\/li><li>\u201eIch\u201c &#8211; Selbstdarstellung im Kunstunterricht \/ Wir &#8211; Gemeinschaftsarbeiten im Kunstunterricht<\/li><li>Kunst und Spiel \u2013 K\u00f6rper als Ausdrucksmittel<\/li><li>Farbiges Gestalten I ( Dimensionen von Farbe ) \/ Farbiges Gestalten II ( Malen \/ Farbauftrag )<\/li><li>Kunstunterricht in Verkn\u00fcpfung mit verschiedenen K\u00fcnstler*innen \/ Kunstrichtungen<\/li><li>Bildnerische Mittel \u2013 \u201eSprache der Kunst\u201c<\/li><li>Beurteilung und Bewertung im Kunstunterricht<\/li><li>Plastisches Gestalten I ( Arbeit mit Ton )<\/li><li>Zufallsverfahren im Kunstunterricht \/ Collage im Kunstunterricht<\/li><li>Landart \u2013 Natur \u2013 Kunst&nbsp; \/&nbsp; Themenfeld Tiere im Kunstunterricht<\/li><li>W wie Winter &amp; Weihnachten<\/li><li>Dinge \u2013 Sammeln und Ordnen<\/li><li>Graffiti und Street Art<\/li><\/ul>\n\n\n\n<p>Das Fachseminar Kunst findet in der Regel am Dienstag Nachmittag von 15.00 bis 18.30 Uhr statt. <\/p>\n\n\n\n<p>Seminarleiter ist <a href=\"&#x6d;a&#x69;&#108;&#x74;&#111;:&#x6d;a&#x72;&#99;&#x2e;&#115;c&#x68;&#97;&#x74;&#116;s&#x63;h&#x6e;&#101;&#x69;&#100;e&#x72;&#64;&#x73;&#116;&#x73;&#x2d;h&#x2d;&#115;&#x6f;&#112;&#46;&#x64;e\" data-type=\"URL\">Marc Schattschneider<\/a><\/p>\n\n\n\n<p class=\"has-text-align-center\">siehe auch<\/p>\n\n\n\n<div class=\"wp-block-buttons is-content-justification-center is-layout-flex wp-container-core-buttons-is-layout-16018d1d wp-block-buttons-is-layout-flex\">\n<div class=\"wp-block-button\"><a class=\"wp-block-button__link\" href=\"https:\/\/wordpress.nibis.de\/sts-h-so\/ausbildung\/fachidaktiken\/deutsch\/\">Deutsch<\/a><\/div>\n\n\n\n<div class=\"wp-block-button\"><a class=\"wp-block-button__link\" href=\"https:\/\/wordpress.nibis.de\/sts-h-so\/ausbildung\/fachidaktiken\/mathematik\/\">Mathematik<\/a><\/div>\n\n\n\n<div class=\"wp-block-button\"><a class=\"wp-block-button__link\" href=\"https:\/\/wordpress.nibis.de\/sts-h-so\/ausbildung\/fachidaktiken\/musik\/\">Musik<\/a><\/div>\n\n\n\n<div class=\"wp-block-button\"><a class=\"wp-block-button__link\" href=\"https:\/\/wordpress.nibis.de\/sts-h-so\/ausbildung\/fachidaktiken\/fachdidaktik-sachunterricht\/\">Sachunterricht<\/a><\/div>\n\n\n\n<div class=\"wp-block-button\"><a class=\"wp-block-button__link\" href=\"https:\/\/wordpress.nibis.de\/sts-h-so\/ausbildung\/fachidaktiken\/sport\/\">Sport<\/a><\/div>\n\n\n\n<div class=\"wp-block-button\"><a class=\"wp-block-button__link\" href=\"https:\/\/wordpress.nibis.de\/sts-h-so\/ausbildung\/fachidaktiken\/weitere-fachdidaktiken\/\">Weitere Fachdidaktiken<\/a><\/div>\n<\/div>\n\n\n\n<p><\/p>\n\n\n\n<p class=\"has-text-align-center\">zur\u00fcck zu:<\/p>\n\n\n\n<div class=\"wp-block-buttons is-layout-flex wp-block-buttons-is-layout-flex\">\n<div class=\"wp-block-button aligncenter\"><a class=\"wp-block-button__link\" href=\"https:\/\/wordpress.nibis.de\/sts-h-so\/ausbildung\/\">Ausbildung<\/a><\/div>\n<\/div>\n","protected":false},"excerpt":{"rendered":"<p>Fachdidaktik Kunst Das Kunstseminar findet in der Regel in einem Fachraum einer kooperierenden Schule statt. Die Seminarsitzungen haben grunds\u00e4tzlich theoretische, ( fach- ) didaktische und praxisorientierte Anteile. In den Theoriephasen werden in der Regel Bez\u00fcge zur Fachdiskussion \/ Fachliteratur und zu den ver-schiedenen Kerncurricular hergestellt. Es werden Verkn\u00fcpfungen von verschiedenen Themenfeldern ( z.B. Mensch, Natur, &#8230; <a title=\"Kunst\" class=\"read-more\" href=\"https:\/\/wordpress.nibis.de\/sts-h-so\/ausbildung\/fachidaktiken\/kunst\/\" aria-label=\"Mehr Informationen \u00fcber Kunst\">Weiterlesen<\/a><\/p>\n","protected":false},"author":903,"featured_media":0,"parent":145,"menu_order":0,"comment_status":"closed","ping_status":"closed","template":"","meta":{"footnotes":""},"class_list":["post-162","page","type-page","status-publish"],"_links":{"self":[{"href":"https:\/\/wordpress.nibis.de\/sts-h-so\/wp-json\/wp\/v2\/pages\/162","targetHints":{"allow":["GET"]}}],"collection":[{"href":"https:\/\/wordpress.nibis.de\/sts-h-so\/wp-json\/wp\/v2\/pages"}],"about":[{"href":"https:\/\/wordpress.nibis.de\/sts-h-so\/wp-json\/wp\/v2\/types\/page"}],"author":[{"embeddable":true,"href":"https:\/\/wordpress.nibis.de\/sts-h-so\/wp-json\/wp\/v2\/users\/903"}],"replies":[{"embeddable":true,"href":"https:\/\/wordpress.nibis.de\/sts-h-so\/wp-json\/wp\/v2\/comments?post=162"}],"version-history":[{"count":22,"href":"https:\/\/wordpress.nibis.de\/sts-h-so\/wp-json\/wp\/v2\/pages\/162\/revisions"}],"predecessor-version":[{"id":1371,"href":"https:\/\/wordpress.nibis.de\/sts-h-so\/wp-json\/wp\/v2\/pages\/162\/revisions\/1371"}],"up":[{"embeddable":true,"href":"https:\/\/wordpress.nibis.de\/sts-h-so\/wp-json\/wp\/v2\/pages\/145"}],"wp:attachment":[{"href":"https:\/\/wordpress.nibis.de\/sts-h-so\/wp-json\/wp\/v2\/media?parent=162"}],"curies":[{"name":"wp","href":"https:\/\/api.w.org\/{rel}","templated":true}]}}