{"id":168,"date":"2022-06-17T10:44:12","date_gmt":"2022-06-17T08:44:12","guid":{"rendered":"https:\/\/wordpress.nibis.de\/sts-h-so\/?page_id=168"},"modified":"2023-09-19T17:13:07","modified_gmt":"2023-09-19T15:13:07","slug":"emotional-soziale-entwicklung","status":"publish","type":"page","link":"https:\/\/wordpress.nibis.de\/sts-h-so\/ausbildung\/sonderpaedagogische-fachrichtungen\/emotional-soziale-entwicklung\/","title":{"rendered":"Emotionale und soziale Entwicklung"},"content":{"rendered":"\n<p class=\"has-text-align-center\" style=\"font-size:30px\">P\u00e4dagogik bei Beeintr\u00e4chtigungen der emotionalen und sozialen Entwicklung<\/p>\n\n\n\n<figure class=\"wp-block-image size-full\"><img loading=\"lazy\" decoding=\"async\" width=\"1190\" height=\"1683\" src=\"https:\/\/wordpress.nibis.de\/sts-h-so\/files\/2022\/09\/Homepage-ES-Bild.jpg\" alt=\"\" class=\"wp-image-714\" srcset=\"https:\/\/wordpress.nibis.de\/sts-h-so\/files\/2022\/09\/Homepage-ES-Bild.jpg 1190w, https:\/\/wordpress.nibis.de\/sts-h-so\/files\/2022\/09\/Homepage-ES-Bild-212x300.jpg 212w, https:\/\/wordpress.nibis.de\/sts-h-so\/files\/2022\/09\/Homepage-ES-Bild-724x1024.jpg 724w, https:\/\/wordpress.nibis.de\/sts-h-so\/files\/2022\/09\/Homepage-ES-Bild-768x1086.jpg 768w, https:\/\/wordpress.nibis.de\/sts-h-so\/files\/2022\/09\/Homepage-ES-Bild-1086x1536.jpg 1086w\" sizes=\"auto, (max-width: 1190px) 100vw, 1190px\" \/><\/figure>\n\n\n\n<figure class=\"wp-block-image size-full is-resized\"><img decoding=\"async\" src=\"https:\/\/wordpress.nibis.de\/sts-h-so\/files\/2022\/09\/Homepage-Seite-2-Bild.jpg\" alt=\"\" class=\"wp-image-718\" width=\"1190\" srcset=\"https:\/\/wordpress.nibis.de\/sts-h-so\/files\/2022\/09\/Homepage-Seite-2-Bild.jpg 810w, https:\/\/wordpress.nibis.de\/sts-h-so\/files\/2022\/09\/Homepage-Seite-2-Bild-169x300.jpg 169w, https:\/\/wordpress.nibis.de\/sts-h-so\/files\/2022\/09\/Homepage-Seite-2-Bild-576x1024.jpg 576w, https:\/\/wordpress.nibis.de\/sts-h-so\/files\/2022\/09\/Homepage-Seite-2-Bild-768x1364.jpg 768w\" sizes=\"(max-width: 810px) 100vw, 810px\" \/><\/figure>\n\n\n\n<p><\/p>\n\n\n\n<p class=\"has-text-align-center\">siehe auch<\/p>\n\n\n\n<div class=\"wp-block-buttons is-content-justification-center is-layout-flex wp-container-core-buttons-is-layout-16018d1d wp-block-buttons-is-layout-flex\">\n<div class=\"wp-block-button\"><a class=\"wp-block-button__link\" href=\"https:\/\/wordpress.nibis.de\/sts-h-so\/ausbildung\/sonderpaedagogische-fachrichtungen\/geistige-entwicklung\/\">Geistige Entwicklung<\/a><\/div>\n\n\n\n<div class=\"wp-block-button\"><a class=\"wp-block-button__link\" href=\"https:\/\/wordpress.nibis.de\/sts-h-so\/ausbildung\/sonderpaedagogische-fachrichtungen\/lernen\/\">Lernen<\/a><\/div>\n\n\n\n<div class=\"wp-block-button\"><a class=\"wp-block-button__link\" href=\"https:\/\/wordpress.nibis.de\/sts-h-so\/ausbildung\/sonderpaedagogische-fachrichtungen\/sprache\/\">Sprache<\/a><\/div>\n\n\n\n<div class=\"wp-block-button\"><a class=\"wp-block-button__link\" href=\"https:\/\/wordpress.nibis.de\/sts-h-so\/ausbildung\/sonderpaedagogische-fachrichtungen\/koerperlich-motorische-entwicklung\/\">K\u00f6rperlich-motorische Entwicklung<\/a><\/div>\n<\/div>\n\n\n\n<p><\/p>\n\n\n\n<p class=\"has-text-align-center\">zur\u00fcck zu:<\/p>\n\n\n\n<div class=\"wp-block-buttons is-layout-flex wp-block-buttons-is-layout-flex\">\n<div class=\"wp-block-button aligncenter\"><a class=\"wp-block-button__link\" href=\"https:\/\/wordpress.nibis.de\/sts-h-so\/ausbildung\/\">Ausbildung<\/a><\/div>\n<\/div>\n","protected":false},"excerpt":{"rendered":"<p>P\u00e4dagogik bei Beeintr\u00e4chtigungen der emotionalen und sozialen Entwicklung siehe auch zur\u00fcck zu:<\/p>\n","protected":false},"author":903,"featured_media":0,"parent":166,"menu_order":0,"comment_status":"closed","ping_status":"closed","template":"","meta":{"footnotes":""},"class_list":["post-168","page","type-page","status-publish"],"_links":{"self":[{"href":"https:\/\/wordpress.nibis.de\/sts-h-so\/wp-json\/wp\/v2\/pages\/168","targetHints":{"allow":["GET"]}}],"collection":[{"href":"https:\/\/wordpress.nibis.de\/sts-h-so\/wp-json\/wp\/v2\/pages"}],"about":[{"href":"https:\/\/wordpress.nibis.de\/sts-h-so\/wp-json\/wp\/v2\/types\/page"}],"author":[{"embeddable":true,"href":"https:\/\/wordpress.nibis.de\/sts-h-so\/wp-json\/wp\/v2\/users\/903"}],"replies":[{"embeddable":true,"href":"https:\/\/wordpress.nibis.de\/sts-h-so\/wp-json\/wp\/v2\/comments?post=168"}],"version-history":[{"count":24,"href":"https:\/\/wordpress.nibis.de\/sts-h-so\/wp-json\/wp\/v2\/pages\/168\/revisions"}],"predecessor-version":[{"id":1223,"href":"https:\/\/wordpress.nibis.de\/sts-h-so\/wp-json\/wp\/v2\/pages\/168\/revisions\/1223"}],"up":[{"embeddable":true,"href":"https:\/\/wordpress.nibis.de\/sts-h-so\/wp-json\/wp\/v2\/pages\/166"}],"wp:attachment":[{"href":"https:\/\/wordpress.nibis.de\/sts-h-so\/wp-json\/wp\/v2\/media?parent=168"}],"curies":[{"name":"wp","href":"https:\/\/api.w.org\/{rel}","templated":true}]}}