{"id":172,"date":"2022-06-17T10:45:44","date_gmt":"2022-06-17T08:45:44","guid":{"rendered":"https:\/\/wordpress.nibis.de\/sts-h-so\/?page_id=172"},"modified":"2025-12-23T22:38:13","modified_gmt":"2025-12-23T21:38:13","slug":"lernen","status":"publish","type":"page","link":"https:\/\/wordpress.nibis.de\/sts-h-so\/ausbildung\/sonderpaedagogische-fachrichtungen\/lernen\/","title":{"rendered":"Lernen"},"content":{"rendered":"\n<p class=\"has-text-align-center\" style=\"font-size:30px\">P\u00e4dagogik bei Beeintr\u00e4chtigungen des schulischen Lernens<\/p>\n\n\n<div class=\"wp-block-image\">\n<figure class=\"aligncenter size-full is-resized\"><img loading=\"lazy\" decoding=\"async\" width=\"843\" height=\"453\" src=\"https:\/\/wordpress.nibis.de\/sts-h-so\/files\/2022\/07\/FR-LE-Wortwolke.jpg\" alt=\"\" class=\"wp-image-695\" style=\"width:768px\" srcset=\"https:\/\/wordpress.nibis.de\/sts-h-so\/files\/2022\/07\/FR-LE-Wortwolke.jpg 843w, https:\/\/wordpress.nibis.de\/sts-h-so\/files\/2022\/07\/FR-LE-Wortwolke-300x161.jpg 300w, https:\/\/wordpress.nibis.de\/sts-h-so\/files\/2022\/07\/FR-LE-Wortwolke-768x413.jpg 768w\" sizes=\"auto, (max-width: 843px) 100vw, 843px\" \/><\/figure>\n<\/div>\n\n\n<p><strong>Gegenstandsbestimmung des F\u00f6rderschwerpunktes Lernen<\/strong><strong><\/strong><\/p>\n\n\n\n<p style=\"font-size:17px\">Der F\u00f6rderschwerpunkt Lernen setzt die grundlegende Erkenntnis voraus, dass&nbsp; <em>Lernen<\/em>&nbsp;ein&nbsp;<em>autonomer Prozess<\/em> ist, in dem Sch\u00fclerinnen und Sch\u00fcler ihr&nbsp;<em>Wissen, F\u00fchlen und Handeln auf individuelle Weise konstruieren.<\/em>&nbsp;Dies impliziert, dass Lernende das ihnen Dargebotene&nbsp;<em>an ihre bereits vorhandenen Strukturen ankn\u00fcpfen<\/em>, welche sie sich aufgrund ihrer&nbsp;<em>Lebenserfahrungen&nbsp;<\/em>ausgebildet haben. Hier spielen&nbsp;<em>Motivation und Selbstkonzept <\/em>eine entscheidende Rolle: Gelernt wird, was f\u00fcr das eigene Leben Sinn macht. Nur das, was&nbsp;<em>lebensbedeutsam<\/em>&nbsp;ist, kann auch gelernt werden. Lernende erwerben ihr Bild von der Welt&nbsp;<em>ganzheitlich,<\/em>&nbsp;\u00fcber Wahrnehmung, Emotionalit\u00e4t, K\u00f6rperlichkeit, soziale Einbindung und kognitive Verkn\u00fcpfungen. Sie brauchen dazu den Dialog mit Mitlernenden, Lehrpersonen und anderen Bezugspersonen ihrer Umwelt, denn Lernen ist immer ein&nbsp;<em>dialogisches Geschehen.&nbsp;<\/em>Es vollzieht sich im Kontext von gelingender sozialer&nbsp;<em>Beziehungsgestaltung.<\/em>&nbsp;<em> Sich \u00f6ffnen, wahrnehmen, selbstt\u00e4tig und selbstwirksam sein, genie\u00dfen und Beziehung gestalten<\/em>&nbsp;sind die Grundbausteine f\u00fcr gelingendes Lernen. Es ist gekoppelt an&nbsp;<em>Fragen-Stellen,<\/em>&nbsp;mit dem Ziel,&nbsp;<em>etwas ver\u00e4ndern&nbsp;<\/em>zu wollen bzw.&nbsp;<em>Grenzen oder Widerst\u00e4nde zu \u00fcberwinden.&nbsp;<\/em>Dazu ben\u00f6tigen Lernende&nbsp;<em>strukturierte Lernaufgaben<\/em>&nbsp;und M\u00f6glichkeiten,&nbsp;<em>Erfahrungen mit sich selbst, mit anderen Menschen und mit herausfordernden Problemstellungen&nbsp;<\/em>zu machen.<\/p>\n\n\n\n<p>Um diese Ziele zu erreichen und sich in der Schule als selbstwirksam Lernende zu erfahren, ben\u00f6tigen<strong>&nbsp;<\/strong><em>Lernende mit Unterst\u00fctzungsbedarf im Bereich Lernen<\/em>&nbsp;einen von Sicherheit und Akzeptanz getragenen schulischen Rahmen, in welchem ihre einzigartigen individuellen Lernbiographien verstanden werden, ihre individuellen F\u00e4higkeiten erkannt werden, ihre jeweiligen individuellen Lernausgangslagen diagnostiziert werden und in eine gezielte, geplante und evaluierte F\u00f6rderung einbezogen werden.<\/p>\n\n\n\n<p><strong>Ziele und zu erreichende Kompetenzen<\/strong><\/p>\n\n\n\n<p>Ziel der sonderp\u00e4dagogischen Ausbildung im F\u00f6rderschwerpunkt Lernen ist es, den LiVD Raum zu geben, nach den&nbsp;<em>Ausgangsbedingungen<\/em>&nbsp;und den&nbsp;<em>Gelingensbedingungen von individuellen Lernprozessen<\/em>&nbsp;zu fragen,&nbsp;<em>Lernbarrieren<\/em>&nbsp;zu identifizieren und der Erzeugung von schulischen Lernschwierigkeiten entgegen zu wirken. Zentral f\u00fcr die Ausbildung im F\u00f6rderschwerpunkt Lernen ist der Ausbau umfangreicher&nbsp;<em>diagnostischer Kompetenzen<\/em>,&nbsp;<em>unterrichtsanalytischer Kompetenzen<\/em>,&nbsp;<em>empathischer F\u00e4higkeiten<\/em>&nbsp;sowie&nbsp;<em>Kompetenzen des systemisches Denkens und Handelns<\/em>. Die&nbsp;<em>Reflexion der eigenen professionellen Rolle<\/em>&nbsp;als Sonderp\u00e4dagogin oder Sonderp\u00e4dagoge nimmt hierbei einen zentralen Stellenwert ein mit Blick auf<\/p>\n\n\n\n<ul class=\"wp-block-list\">\n<li><em>das Unterrichten<\/em><\/li>\n\n\n\n<li><em>das Erziehen<\/em><\/li>\n\n\n\n<li><em>das Beurteilen, Beraten und Unterst\u00fctzen<\/em><\/li>\n\n\n\n<li><em>das Diagnostizieren und F\u00f6rdern<\/em><\/li>\n\n\n\n<li><em>das Mitwirken bei der Gestaltung der Eigenverantwortlichkeit der Schule&nbsp;<\/em><\/li>\n\n\n\n<li><em>das F\u00f6rdern und Diagnostizieren, Unterst\u00fctzen und Beraten<\/em><\/li>\n\n\n\n<li><em>das Mitwirken bei der Gestaltung der Eigenverantwortlichkeit der Schule und Weiterentwickeln der eigenen Berufskompetenz und<\/em><\/li>\n\n\n\n<li><em>Personaler Kompetenzen.<\/em><\/li>\n<\/ul>\n\n\n\n<p><strong>Seminarinhalte&nbsp;<\/strong><strong><\/strong><\/p>\n\n\n\n<p>Die Seminarinhalte sind angebunden an die Verordnung \u00fcber die Ausbildung und Pr\u00fcfung von Lehrkr\u00e4ften im Vorbereitungsdienst (<em>APV0-Lehr<\/em>), vom 13.Juli 2010 (Nds. GVBl. Nr. 19\/2010 S. 288; SVBl. 9\/2010 S. 325), ge\u00e4ndert durch VO vom 23.7.2013 (Nds.GVBl. Nr. 14\/2013 S.206; SVBl. 9\/2013 S. 333 und vom 2.3.2017 ) Nds.GVBl. Nr.4\/2017 S. 57; SVBl. 4\/2017 S. 153.&nbsp;<em>Sie sind durchgehend kompetenzorientiert ausgerichtet<\/em>.&nbsp;Die jeweilige thematische Schwerpunktsetzung sowie die zeitliche Reihenfolge der thematisierten Seminarinhalte richten sich nach den konkreten Anliegen der LiVD, die sich aus ihrer aktuellen Praxis heraus ergeben und sind damit immer als Reflexion der eigenen Praxis zu verstehen. Durch die Aufforderung der LiVD, sich bez\u00fcglich ihrer Fragen und Bed\u00fcrfnisse in die Planung der Seminarinhalte einzubringen, sollen sie sich als aktive Gestalter ihres Ausbildungsprozesses erleben k\u00f6nnen. Die FSL stellen die strukturellen, theoretischen und methodischen Ressourcen zur Verf\u00fcgung, um diesem Anspruch gerecht zu werden.<\/p>\n\n\n\n<p><strong>Themen f\u00fcr die Reflexion der eigenen Praxis im Rahmen des Fachseminars P\u00e4dagogik bei&nbsp;Beeintr\u00e4chtigung des schulischen Lernens sind beispielsweise:<\/strong><\/p>\n\n\n\n<ul class=\"wp-block-list\">\n<li>Diagnostische Verfahren \/ Individuelle F\u00f6rderplanung \/ Gutachtenerstellung<\/li>\n\n\n\n<li>Individuelle F\u00f6rderung und Differenzierung<\/li>\n\n\n\n<li>Neurobiologie des Lernens und Lernpsychologie<\/li>\n\n\n\n<li>Lernstrategien und ihre F\u00f6rderung<\/li>\n\n\n\n<li>Motivation, Selbstwirksamkeit, Selbstkonzept, Empowerment<\/li>\n\n\n\n<li>Herausforderungen im inklusiven Kontext f\u00fcr den F\u00f6rderschwerpunkt Lernen<\/li>\n\n\n\n<li>Unterrichtsmethoden und ihre Herausforderungen im F\u00f6rderschwerpunkt Lernen<\/li>\n\n\n\n<li>Fragestellungen im Umgang mit interdisziplin\u00e4ren Entwicklungsbeeintr\u00e4chtigungen (z.B. Trauma, ADHS, Autismus-Spektrum-St\u00f6rungen etc).<\/li>\n<\/ul>\n\n\n\n<p><\/p>\n\n\n\n<p class=\"has-text-align-center\"><strong>Zust\u00e4ndige Fachseminarleiterinnen und Fachseminarleiter:<\/strong><\/p>\n\n\n\n<div class=\"wp-block-columns is-layout-flex wp-container-core-columns-is-layout-abceabcf wp-block-columns-is-layout-flex\">\n<div class=\"wp-block-column is-layout-flow wp-block-column-is-layout-flow\">\n<figure class=\"wp-block-image size-large is-resized\"><img loading=\"lazy\" decoding=\"async\" width=\"1024\" height=\"683\" src=\"https:\/\/wordpress.nibis.de\/sts-h-so\/files\/2024\/03\/tinaa-1024x683.jpg\" alt=\"\" class=\"wp-image-1408\" style=\"aspect-ratio:1.4970760233918128;width:519px;height:auto\" srcset=\"https:\/\/wordpress.nibis.de\/sts-h-so\/files\/2024\/03\/tinaa-1024x683.jpg 1024w, https:\/\/wordpress.nibis.de\/sts-h-so\/files\/2024\/03\/tinaa-300x200.jpg 300w, https:\/\/wordpress.nibis.de\/sts-h-so\/files\/2024\/03\/tinaa-768x512.jpg 768w, https:\/\/wordpress.nibis.de\/sts-h-so\/files\/2024\/03\/tinaa-1536x1024.jpg 1536w, https:\/\/wordpress.nibis.de\/sts-h-so\/files\/2024\/03\/tinaa-2048x1365.jpg 2048w\" sizes=\"auto, (max-width: 1024px) 100vw, 1024px\" \/><\/figure>\n\n\n\n<p class=\"has-text-align-center\"><a href=\"&#109;&#x61;&#105;&#x6c;&#116;&#x6f;&#58;&#x74;i&#x6e;a&#x2e;a&#x6c;b&#101;&#x72;&#115;&#x40;&#115;&#x74;&#115;&#x2d;&#104;&#x2d;s&#x6f;p&#x2e;d&#x65;\" data-type=\"URL\" data-id=\"&#x74;&#x69;&#x6e;&#x61;&#x2e;&#x61;&#x6c;&#x62;&#x65;&#x72;&#x73;&#x40;&#x73;&#x74;&#x73;&#x2d;&#x68;&#x2d;&#x73;&#x6f;&#x70;&#x2e;&#x64;&#x65;\">Tina Albers<\/a><\/p>\n<\/div>\n\n\n\n<div class=\"wp-block-column is-layout-flow wp-block-column-is-layout-flow\">\n<figure class=\"wp-block-image size-large is-resized\"><img loading=\"lazy\" decoding=\"async\" width=\"1024\" height=\"698\" src=\"https:\/\/wordpress.nibis.de\/sts-h-so\/files\/2024\/03\/gunter-1024x698.jpeg\" alt=\"\" class=\"wp-image-1400\" style=\"width:512px;height:349px\" srcset=\"https:\/\/wordpress.nibis.de\/sts-h-so\/files\/2024\/03\/gunter-1024x698.jpeg 1024w, https:\/\/wordpress.nibis.de\/sts-h-so\/files\/2024\/03\/gunter-300x204.jpeg 300w, https:\/\/wordpress.nibis.de\/sts-h-so\/files\/2024\/03\/gunter-768x523.jpeg 768w, https:\/\/wordpress.nibis.de\/sts-h-so\/files\/2024\/03\/gunter-1536x1047.jpeg 1536w, https:\/\/wordpress.nibis.de\/sts-h-so\/files\/2024\/03\/gunter-2048x1396.jpeg 2048w\" sizes=\"auto, (max-width: 1024px) 100vw, 1024px\" \/><\/figure>\n\n\n\n<p class=\"has-text-align-center\"><a href=\"m&#97;&#105;&#x6c;&#x74;&#x6f;:g&#117;&#110;&#x74;&#x65;&#x72;&#46;&#110;&#111;&#111;&#x74;&#x6e;&#x79;&#64;&#115;&#116;&#x73;&#x2d;&#x68;-s&#111;&#112;&#x2e;&#x64;&#x65;\">Gunter Nootny<\/a><\/p>\n<\/div>\n<\/div>\n\n\n<div class=\"wp-block-image\">\n<figure class=\"aligncenter is-resized\"><img decoding=\"async\" src=\"https:\/\/wordpress.nibis.de\/sts-h-so\/files\/2024\/03\/doris-1024x704.jpeg\" alt=\"Dieses Bild hat ein leeres Alt-Attribut. Der Dateiname ist doris-1024x704.jpeg\" style=\"width:512px\" \/><\/figure>\n<\/div>\n\n\n<p class=\"has-text-align-center\"><a href=\"&#x6d;&#x61;&#105;l&#x74;&#x6f;&#x3a;&#100;o&#x72;&#x69;&#x73;&#46;j&#x61;&#x63;&#x6f;&#98;-&#x6c;&#x65;&#x6f;&#64;s&#x74;&#x73;&#x2d;&#104;&#46;&#x73;&#x6f;&#x70;&#46;d&#x65;\" data-type=\"URL\" data-id=\"&#100;&#x6f;r&#105;&#x73;&#46;&#x6a;&#x61;&#99;&#x6f;b&#45;&#x6c;e&#111;&#x40;&#115;&#x74;s&#45;&#x68;&#46;&#115;&#x6f;&#112;&#x2e;&#x64;&#101;\">Doris Jacob-Leo<\/a><br><\/p>\n\n\n\n<p><strong>Organisation:<\/strong><br>Das Fachseminar P\u00e4dagogik bei Beeintr\u00e4chtigungen des schulischen Lernens findet ca. einmal im Monat montags von 14.30 Uhr bis 17.30 Uhr in den R\u00e4umen des Studienseminars statt.<\/p>\n\n\n\n<p class=\"has-text-align-center\">siehe auch:<\/p>\n\n\n\n<div class=\"wp-block-buttons is-content-justification-center is-layout-flex wp-container-core-buttons-is-layout-16018d1d wp-block-buttons-is-layout-flex\">\n<div class=\"wp-block-button\"><a class=\"wp-block-button__link wp-element-button\" href=\"https:\/\/wordpress.nibis.de\/sts-h-so\/ausbildung\/sonderpaedagogische-fachrichtungen\/geistige-entwicklung\/\">Geistige Entwicklung<\/a><\/div>\n\n\n\n<div class=\"wp-block-button\"><a class=\"wp-block-button__link wp-element-button\" href=\"https:\/\/wordpress.nibis.de\/sts-h-so\/ausbildung\/sonderpaedagogische-fachrichtungen\/emotional-soziale-entwicklung\/\">Emotionale und soziale Entwicklung<\/a><\/div>\n\n\n\n<div class=\"wp-block-button\"><a class=\"wp-block-button__link wp-element-button\" href=\"https:\/\/wordpress.nibis.de\/sts-h-so\/ausbildung\/sonderpaedagogische-fachrichtungen\/sprache\/\">Sprache<\/a><\/div>\n\n\n\n<div class=\"wp-block-button\"><a class=\"wp-block-button__link wp-element-button\" href=\"https:\/\/wordpress.nibis.de\/sts-h-so\/ausbildung\/sonderpaedagogische-fachrichtungen\/koerperlich-motorische-entwicklung\/\">K\u00f6rperlich-motorische Entwicklung<\/a><\/div>\n<\/div>\n\n\n\n<p><\/p>\n\n\n\n<p class=\"has-text-align-center\">zur\u00fcck zu:<\/p>\n\n\n\n<div class=\"wp-block-buttons is-layout-flex wp-block-buttons-is-layout-flex\">\n<div class=\"wp-block-button aligncenter\"><a class=\"wp-block-button__link wp-element-button\" href=\"https:\/\/wordpress.nibis.de\/sts-h-so\/ausbildung\/\">Ausbildung<\/a><\/div>\n<\/div>\n","protected":false},"excerpt":{"rendered":"<p>P\u00e4dagogik bei Beeintr\u00e4chtigungen des schulischen Lernens Gegenstandsbestimmung des F\u00f6rderschwerpunktes Lernen Der F\u00f6rderschwerpunkt Lernen setzt die grundlegende Erkenntnis voraus, dass&nbsp; Lernen&nbsp;ein&nbsp;autonomer Prozess ist, in dem Sch\u00fclerinnen und Sch\u00fcler ihr&nbsp;Wissen, F\u00fchlen und Handeln auf individuelle Weise konstruieren.&nbsp;Dies impliziert, dass Lernende das ihnen Dargebotene&nbsp;an ihre bereits vorhandenen Strukturen ankn\u00fcpfen, welche sie sich aufgrund ihrer&nbsp;Lebenserfahrungen&nbsp;ausgebildet haben. Hier spielen&nbsp;Motivation und &#8230; <a title=\"Lernen\" class=\"read-more\" href=\"https:\/\/wordpress.nibis.de\/sts-h-so\/ausbildung\/sonderpaedagogische-fachrichtungen\/lernen\/\" aria-label=\"Mehr Informationen \u00fcber Lernen\">Weiterlesen<\/a><\/p>\n","protected":false},"author":903,"featured_media":0,"parent":166,"menu_order":0,"comment_status":"closed","ping_status":"closed","template":"","meta":{"footnotes":""},"class_list":["post-172","page","type-page","status-publish"],"_links":{"self":[{"href":"https:\/\/wordpress.nibis.de\/sts-h-so\/wp-json\/wp\/v2\/pages\/172","targetHints":{"allow":["GET"]}}],"collection":[{"href":"https:\/\/wordpress.nibis.de\/sts-h-so\/wp-json\/wp\/v2\/pages"}],"about":[{"href":"https:\/\/wordpress.nibis.de\/sts-h-so\/wp-json\/wp\/v2\/types\/page"}],"author":[{"embeddable":true,"href":"https:\/\/wordpress.nibis.de\/sts-h-so\/wp-json\/wp\/v2\/users\/903"}],"replies":[{"embeddable":true,"href":"https:\/\/wordpress.nibis.de\/sts-h-so\/wp-json\/wp\/v2\/comments?post=172"}],"version-history":[{"count":35,"href":"https:\/\/wordpress.nibis.de\/sts-h-so\/wp-json\/wp\/v2\/pages\/172\/revisions"}],"predecessor-version":[{"id":1531,"href":"https:\/\/wordpress.nibis.de\/sts-h-so\/wp-json\/wp\/v2\/pages\/172\/revisions\/1531"}],"up":[{"embeddable":true,"href":"https:\/\/wordpress.nibis.de\/sts-h-so\/wp-json\/wp\/v2\/pages\/166"}],"wp:attachment":[{"href":"https:\/\/wordpress.nibis.de\/sts-h-so\/wp-json\/wp\/v2\/media?parent=172"}],"curies":[{"name":"wp","href":"https:\/\/api.w.org\/{rel}","templated":true}]}}