{"id":178,"date":"2022-06-17T10:45:53","date_gmt":"2022-06-17T08:45:53","guid":{"rendered":"https:\/\/wordpress.nibis.de\/sts-h-so\/?page_id=178"},"modified":"2024-07-31T10:09:11","modified_gmt":"2024-07-31T08:09:11","slug":"sprache","status":"publish","type":"page","link":"https:\/\/wordpress.nibis.de\/sts-h-so\/ausbildung\/sonderpaedagogische-fachrichtungen\/sprache\/","title":{"rendered":"Sprache"},"content":{"rendered":"\n<p class=\"has-text-align-center\" style=\"font-size:30px\">P\u00e4dagogik bei Beeintr\u00e4chtigungen der Sprache und des Sprechens<\/p>\n\n\n\n<p class=\"has-text-align-center\">Herzlich Willkommen im Fachseminar Sprache!&nbsp;<\/p>\n\n\n\n<div class=\"wp-block-image\"><figure class=\"aligncenter size-full is-resized\"><img loading=\"lazy\" decoding=\"async\" src=\"https:\/\/wordpress.nibis.de\/sts-h-so\/files\/2024\/07\/Header-SR-edited.jpg\" alt=\"\" class=\"wp-image-1431\" width=\"292\" height=\"151\" \/><figcaption>(Bildquelle: Deutsche Gesellschaft f\u00fcr Sprachheilp\u00e4dagogik (dgs) e.V.)\u00a0<\/figcaption><\/figure><\/div>\n\n\n\n<p>Gemeinsam m\u00f6chten wir mit Ihnen an der Frage arbeiten, wie sprachliche Lernbarrieren im Unterricht abgebaut und gleichzeitig unterrichtsimmanente Sprachf\u00f6rderangebote geschaffen werden k\u00f6nnen.&nbsp;&nbsp;<\/p>\n\n\n\n<p>Im Mittelpunkt unser Arbeit steht die F\u00f6rderung von Sprache als auch die Pr\u00e4vention von Sprachbeeintr\u00e4chtigungen in inklusiven Settings der Grundschule und Sekundarstufe I (Gesamt- und Oberschulen) als auch an F\u00f6rderschulen (Sprachheilschule, F\u00f6rderschulen Schwerpunkt GE oder ESE).&nbsp;&nbsp;<\/p>\n\n\n\n<p>Wir befassen uns u.a. mit den Themen: F\u00f6rderplanung, Diagnostik und Gutachtenerstellung, Kooperative Gespr\u00e4chsformen, Lehrer:innensprache, Feedback- und Modelliertechniken, semantisch-lexikalische F\u00f6rderung, F\u00f6rderung der Erz\u00e4hlkompetenz, Schriftsprachlernen, Stottern\/ Mutismus\/ AVWS, Deutsch als Zweitsprache\u2026&nbsp;<\/p>\n\n\n\n<p>Gerne k\u00f6nnen Sie auch Themenw\u00fcnsche f\u00fcr die Seminargestaltung einbringen!&nbsp;&nbsp;<\/p>\n\n\n\n<p>Die Seminare finden in Regel im monatlichen Rhythmus am Nachmittag in der Zeit von 14.30-17.30 Uhr statt.&nbsp;<\/p>\n\n\n\n<p>Die F\u00f6rderplanarbeit begleiten wir im Rahmen der Nachbesprechungen bei Unterrichtsbesuchen und durch individuelle Treffen.&nbsp;<\/p>\n\n\n\n<p><\/p>\n\n\n\n<p class=\"has-text-align-center\">Wir freuen uns Sie kennenzulernen und zu begleiten!&nbsp;&nbsp;<\/p>\n\n\n\n<p class=\"has-text-align-center\">Ihre Fachseminarleitungen&nbsp;<\/p>\n\n\n\n<div class=\"wp-block-image\"><figure class=\"aligncenter size-full\"><img loading=\"lazy\" decoding=\"async\" width=\"605\" height=\"432\" src=\"https:\/\/wordpress.nibis.de\/sts-h-so\/files\/2024\/07\/2024-SR.jpg\" alt=\"\" class=\"wp-image-1424\" srcset=\"https:\/\/wordpress.nibis.de\/sts-h-so\/files\/2024\/07\/2024-SR.jpg 605w, https:\/\/wordpress.nibis.de\/sts-h-so\/files\/2024\/07\/2024-SR-300x214.jpg 300w\" sizes=\"auto, (max-width: 605px) 100vw, 605px\" \/><\/figure><\/div>\n\n\n\n<p class=\"has-text-align-center\"><a href=\"&#x6d;a&#x72;&#105;o&#x6e;&#46;&#x62;&#111;r&#x73;&#117;&#x74;&#122;k&#x79;&#64;&#x73;&#x74;s&#x2d;&#104;-&#x73;&#111;&#x70;&#46;d&#x65;\" data-type=\"URL\" data-id=\"&#109;&#x61;r&#105;&#x6f;n&#46;&#x62;o&#x72;&#x73;&#117;&#x74;z&#107;&#x79;&#64;&#115;&#x74;s&#x2d;&#x68;&#45;&#x73;&#x6f;&#112;&#x2e;d&#101;\">Marion Borsutzky<\/a>, <a href=\"&#x6d;a&#x69;&#108;t&#x6f;&#58;&#x41;&#x6e;n&#x2d;&#77;a&#x72;&#105;&#x2e;&#68;o&#x65;&#114;i&#x6e;&#103;&#x40;&#115;t&#x73;&#45;&#x68;&#x2d;s&#x6f;&#112;&#46;&#x64;&#101;\">Ann-Mari D\u00f6ring<\/a> und <a href=\"&#x6d;&#97;&#x72;&#105;e&#x2e;&#98;a&#x6e;&#115;&#x6e;&#x65;r&#x2d;&#97;h&#x72;&#98;&#x65;&#x72;g&#x40;&#115;t&#x73;&#45;h&#x2d;&#115;&#x6f;&#112;&#46;&#x64;&#101;\">Marie Dr. Bansner-Ahrberg<\/a>.<\/p>\n\n\n\n<p class=\"has-text-align-center\">siehe auch<\/p>\n\n\n\n<div class=\"wp-block-buttons is-content-justification-center is-layout-flex wp-container-core-buttons-is-layout-16018d1d wp-block-buttons-is-layout-flex\">\n<div class=\"wp-block-button\"><a class=\"wp-block-button__link\" href=\"https:\/\/wordpress.nibis.de\/sts-h-so\/ausbildung\/sonderpaedagogische-fachrichtungen\/geistige-entwicklung\/\">Geistige Entwicklung<\/a><\/div>\n\n\n\n<div class=\"wp-block-button\"><a class=\"wp-block-button__link\" href=\"https:\/\/wordpress.nibis.de\/sts-h-so\/ausbildung\/sonderpaedagogische-fachrichtungen\/lernen\/\">Lernen<\/a><\/div>\n\n\n\n<div class=\"wp-block-button\"><a class=\"wp-block-button__link\" href=\"https:\/\/wordpress.nibis.de\/sts-h-so\/ausbildung\/sonderpaedagogische-fachrichtungen\/emotional-soziale-entwicklung\/\">Emotionale und soziale Entwicklung<\/a><\/div>\n\n\n\n<div class=\"wp-block-button\"><a class=\"wp-block-button__link\" href=\"https:\/\/wordpress.nibis.de\/sts-h-so\/ausbildung\/sonderpaedagogische-fachrichtungen\/koerperlich-motorische-entwicklung\/\">K\u00f6rperlich-motorische Entwicklung<\/a><\/div>\n<\/div>\n\n\n\n<p><\/p>\n\n\n\n<p class=\"has-text-align-center\">zur\u00fcck zu:<\/p>\n\n\n\n<div class=\"wp-block-buttons is-layout-flex wp-block-buttons-is-layout-flex\">\n<div class=\"wp-block-button aligncenter\"><a class=\"wp-block-button__link\" href=\"https:\/\/wordpress.nibis.de\/sts-h-so\/ausbildung\/\">Ausbildung<\/a><\/div>\n<\/div>\n","protected":false},"excerpt":{"rendered":"<p>P\u00e4dagogik bei Beeintr\u00e4chtigungen der Sprache und des Sprechens Herzlich Willkommen im Fachseminar Sprache!&nbsp; Gemeinsam m\u00f6chten wir mit Ihnen an der Frage arbeiten, wie sprachliche Lernbarrieren im Unterricht abgebaut und gleichzeitig unterrichtsimmanente Sprachf\u00f6rderangebote geschaffen werden k\u00f6nnen.&nbsp;&nbsp; Im Mittelpunkt unser Arbeit steht die F\u00f6rderung von Sprache als auch die Pr\u00e4vention von Sprachbeeintr\u00e4chtigungen in inklusiven Settings der Grundschule &#8230; <a title=\"Sprache\" class=\"read-more\" href=\"https:\/\/wordpress.nibis.de\/sts-h-so\/ausbildung\/sonderpaedagogische-fachrichtungen\/sprache\/\" aria-label=\"Mehr Informationen \u00fcber Sprache\">Weiterlesen<\/a><\/p>\n","protected":false},"author":903,"featured_media":0,"parent":166,"menu_order":0,"comment_status":"closed","ping_status":"closed","template":"","meta":{"footnotes":""},"class_list":["post-178","page","type-page","status-publish"],"_links":{"self":[{"href":"https:\/\/wordpress.nibis.de\/sts-h-so\/wp-json\/wp\/v2\/pages\/178","targetHints":{"allow":["GET"]}}],"collection":[{"href":"https:\/\/wordpress.nibis.de\/sts-h-so\/wp-json\/wp\/v2\/pages"}],"about":[{"href":"https:\/\/wordpress.nibis.de\/sts-h-so\/wp-json\/wp\/v2\/types\/page"}],"author":[{"embeddable":true,"href":"https:\/\/wordpress.nibis.de\/sts-h-so\/wp-json\/wp\/v2\/users\/903"}],"replies":[{"embeddable":true,"href":"https:\/\/wordpress.nibis.de\/sts-h-so\/wp-json\/wp\/v2\/comments?post=178"}],"version-history":[{"count":24,"href":"https:\/\/wordpress.nibis.de\/sts-h-so\/wp-json\/wp\/v2\/pages\/178\/revisions"}],"predecessor-version":[{"id":1432,"href":"https:\/\/wordpress.nibis.de\/sts-h-so\/wp-json\/wp\/v2\/pages\/178\/revisions\/1432"}],"up":[{"embeddable":true,"href":"https:\/\/wordpress.nibis.de\/sts-h-so\/wp-json\/wp\/v2\/pages\/166"}],"wp:attachment":[{"href":"https:\/\/wordpress.nibis.de\/sts-h-so\/wp-json\/wp\/v2\/media?parent=178"}],"curies":[{"name":"wp","href":"https:\/\/api.w.org\/{rel}","templated":true}]}}