{"id":182,"date":"2022-06-17T10:47:04","date_gmt":"2022-06-17T08:47:04","guid":{"rendered":"https:\/\/wordpress.nibis.de\/sts-h-so\/?page_id=182"},"modified":"2023-09-07T08:26:48","modified_gmt":"2023-09-07T06:26:48","slug":"quereinstieg","status":"publish","type":"page","link":"https:\/\/wordpress.nibis.de\/sts-h-so\/ausbildung\/quereinstieg\/","title":{"rendered":"Quereinstieg"},"content":{"rendered":"\n<p class=\"has-text-align-center\" style=\"font-size:30px\">Quereinstieg<\/p>\n\n\n\n<p>F\u00fcr die Zulassung zum Quereinstieg ist das Regionale Landesamt f\u00fcr Schule und Bildung zust\u00e4ndig. Informationen finden Sie auf den Seiten des Kultusministeriums unter:<\/p>\n\n\n\n<p><a href=\"https:\/\/www.mk.niedersachsen.de\/startseite\/schule\/lehrkrafte_und_nichtlehrendes_personal\/wege_in_den_schuldienst\/einstellung_in_den_vorbereitungsdienst\/quereinstieg_in_den_vorbereitungsdienst_an_allgemein_bildenden_schulen\/quereinstieg-in-den-vorbereitungsdienst-an-allgemein-bildenden-schulen-167436.html\" data-type=\"URL\" data-id=\"https:\/\/www.mk.niedersachsen.de\/startseite\/schule\/lehrkrafte_und_nichtlehrendes_personal\/wege_in_den_schuldienst\/einstellung_in_den_vorbereitungsdienst\/quereinstieg_in_den_vorbereitungsdienst_an_allgemein_bildenden_schulen\/quereinstieg-in-den-vorbereitungsdienst-an-allgemein-bildenden-schulen-167436.html\" target=\"_blank\" rel=\"noreferrer noopener\">https:\/\/www.mk.niedersachsen.de\/startseite\/schule\/lehrkrafte_und_nichtlehrendes_personal\/wege_in_den_schuldienst\/einstellung_in_den_vorbereitungsdienst\/quereinstieg_in_den_vorbereitungsdienst_an_allgemein_bildenden_schulen\/quereinstieg-in-den-vorbereitungsdienst-an-allgemein-bildenden-schulen-167436.html<\/a><\/p>\n\n\n\n<p><a href=\"https:\/\/www.mk.niedersachsen.de\/download\/156748\/Merkblatt_ueber_die_Einstellung_in_den_Vorbereitungsdienst_fuer_ein_allgemein_bildendes_Lehramt_im_Rahmen_des_Quereinstiegs_zum_10.08.2023.pdf\" data-type=\"URL\" data-id=\"https:\/\/www.mk.niedersachsen.de\/download\/156748\/Merkblatt_ueber_die_Einstellung_in_den_Vorbereitungsdienst_fuer_ein_allgemein_bildendes_Lehramt_im_Rahmen_des_Quereinstiegs_zum_10.08.2023.pdf\" target=\"_blank\" rel=\"noreferrer noopener\">https:\/\/www.mk.niedersachsen.de\/download\/156748\/Merkblatt_ueber_die_Einstellung_in_den_Vorbereitungsdienst_fuer_ein_allgemein_bildendes_Lehramt_im_Rahmen_des_Quereinstiegs_zum_10.08.2023.pdf<\/a><\/p>\n","protected":false},"excerpt":{"rendered":"<p>Quereinstieg F\u00fcr die Zulassung zum Quereinstieg ist das Regionale Landesamt f\u00fcr Schule und Bildung zust\u00e4ndig. Informationen finden Sie auf den Seiten des Kultusministeriums unter: https:\/\/www.mk.niedersachsen.de\/startseite\/schule\/lehrkrafte_und_nichtlehrendes_personal\/wege_in_den_schuldienst\/einstellung_in_den_vorbereitungsdienst\/quereinstieg_in_den_vorbereitungsdienst_an_allgemein_bildenden_schulen\/quereinstieg-in-den-vorbereitungsdienst-an-allgemein-bildenden-schulen-167436.html https:\/\/www.mk.niedersachsen.de\/download\/156748\/Merkblatt_ueber_die_Einstellung_in_den_Vorbereitungsdienst_fuer_ein_allgemein_bildendes_Lehramt_im_Rahmen_des_Quereinstiegs_zum_10.08.2023.pdf<\/p>\n","protected":false},"author":907,"featured_media":0,"parent":21,"menu_order":0,"comment_status":"closed","ping_status":"closed","template":"","meta":{"footnotes":""},"class_list":["post-182","page","type-page","status-publish"],"_links":{"self":[{"href":"https:\/\/wordpress.nibis.de\/sts-h-so\/wp-json\/wp\/v2\/pages\/182","targetHints":{"allow":["GET"]}}],"collection":[{"href":"https:\/\/wordpress.nibis.de\/sts-h-so\/wp-json\/wp\/v2\/pages"}],"about":[{"href":"https:\/\/wordpress.nibis.de\/sts-h-so\/wp-json\/wp\/v2\/types\/page"}],"author":[{"embeddable":true,"href":"https:\/\/wordpress.nibis.de\/sts-h-so\/wp-json\/wp\/v2\/users\/907"}],"replies":[{"embeddable":true,"href":"https:\/\/wordpress.nibis.de\/sts-h-so\/wp-json\/wp\/v2\/comments?post=182"}],"version-history":[{"count":9,"href":"https:\/\/wordpress.nibis.de\/sts-h-so\/wp-json\/wp\/v2\/pages\/182\/revisions"}],"predecessor-version":[{"id":979,"href":"https:\/\/wordpress.nibis.de\/sts-h-so\/wp-json\/wp\/v2\/pages\/182\/revisions\/979"}],"up":[{"embeddable":true,"href":"https:\/\/wordpress.nibis.de\/sts-h-so\/wp-json\/wp\/v2\/pages\/21"}],"wp:attachment":[{"href":"https:\/\/wordpress.nibis.de\/sts-h-so\/wp-json\/wp\/v2\/media?parent=182"}],"curies":[{"name":"wp","href":"https:\/\/api.w.org\/{rel}","templated":true}]}}