{"id":191,"date":"2022-06-17T10:50:55","date_gmt":"2022-06-17T08:50:55","guid":{"rendered":"https:\/\/wordpress.nibis.de\/sts-h-so\/?page_id=191"},"modified":"2024-08-22T09:39:02","modified_gmt":"2024-08-22T07:39:02","slug":"zq-mathematik","status":"publish","type":"page","link":"https:\/\/wordpress.nibis.de\/sts-h-so\/ausbildung\/zusatzqualifikationen\/zq-mathematik\/","title":{"rendered":"ZQ Mathematik"},"content":{"rendered":"\n<p class=\"has-text-align-center\" style=\"font-size:30px\">Zusatzqualifikation \u201eInklusive Mathematikdidaktik\u201c<\/p>\n\n\n\n<div class=\"wp-block-image\"><figure class=\"aligncenter size-full is-resized\"><img decoding=\"async\" src=\"https:\/\/wordpress.nibis.de\/sts-h-so\/files\/2022\/07\/ZQ-MA-Header.jpg\" alt=\"\" class=\"wp-image-608\" width=\"768\" srcset=\"https:\/\/wordpress.nibis.de\/sts-h-so\/files\/2022\/07\/ZQ-MA-Header.jpg 707w, https:\/\/wordpress.nibis.de\/sts-h-so\/files\/2022\/07\/ZQ-MA-Header-300x157.jpg 300w\" sizes=\"(max-width: 707px) 100vw, 707px\" \/><\/figure><\/div>\n\n\n\n<p><strong>Rahmenbedingungen<\/strong><\/p>\n\n\n\n<p>Sie durchlaufen 10 Seminarveranstaltungen in zwei aufeinanderfolgenden Halbjahren. Es ist vorgeschrieben, dass evtl. Fehlzeiten nur h\u00f6chstens 2 Termine insgesamt betragen d\u00fcrfen. Gegen Ende erfolgt eine Pr\u00fcfung in der Form eines Kolloquiums. In Ihrer Ausbildungsschule begleiten Sie Mathematikunterricht, der von einer ausgebildeten Fachlehrkraft geleitet wird.<\/p>\n\n\n\n<p><strong>Sie m\u00fcssen kein Mathe &#8211; Genie&nbsp;sein, um bei uns mitzumachen! Alle Inhalte werden gut verst\u00e4ndlich und anschaulich vermittelt. Fallbeispiele und kleinere Filmsequenzen,&nbsp; \u00dcbungen und Spiele &nbsp;zeigen dabei vielf\u00e4ltige Praxisbez\u00fcge auf.<\/strong><\/p>\n\n\n\n<p>Und das sind einige unserer Themen \u2026<\/p>\n\n\n\n<div class=\"wp-block-image\"><figure class=\"aligncenter size-full\"><img loading=\"lazy\" decoding=\"async\" width=\"700\" height=\"360\" src=\"https:\/\/wordpress.nibis.de\/sts-h-so\/files\/2022\/07\/ZQ-MA-Puzzle.jpg\" alt=\"\" class=\"wp-image-609\" srcset=\"https:\/\/wordpress.nibis.de\/sts-h-so\/files\/2022\/07\/ZQ-MA-Puzzle.jpg 700w, https:\/\/wordpress.nibis.de\/sts-h-so\/files\/2022\/07\/ZQ-MA-Puzzle-300x154.jpg 300w\" sizes=\"auto, (max-width: 700px) 100vw, 700px\" \/><\/figure><\/div>\n\n\n\n<p class=\"has-text-align-center\"><a href=\"&#x6d;&#x61;&#x69;&#x6c;&#x74;&#x6f;&#x3a;&#x52;&#105;&#97;&#46;&#75;&#105;&#114;&#99;hhof&#x40;&#x73;&#x74;&#x73;&#x2d;&#x68;&#x2d;&#x73;&#x6f;&#112;&#46;&#100;&#101;\">Dr. Ria Kirchhof<\/a> und <a href=\"&#109;&#x61;&#105;&#x6c;&#116;&#x6f;:&#x41;n&#x6e;-&#77;&#x61;&#114;&#x69;&#46;&#x44;&#111;&#x65;r&#x69;n&#x67;&#64;&#115;&#x74;&#115;&#x2d;&#104;&#x2d;&#115;&#x6f;p&#x2e;d&#x65;\">Ann-Mari D\u00f6hring<\/a><\/p>\n\n\n\n<p class=\"has-text-align-center\">siehe auch<\/p>\n\n\n\n<div class=\"wp-block-buttons is-content-justification-center is-layout-flex wp-container-core-buttons-is-layout-16018d1d wp-block-buttons-is-layout-flex\">\n<div class=\"wp-block-button\"><a class=\"wp-block-button__link\" href=\"https:\/\/wordpress.nibis.de\/sts-h-so\/ausbildung\/zusatzqualifikationen\/zq-deutsch\/\">ZQ Deutsch<\/a><\/div>\n\n\n\n<div class=\"wp-block-button\"><a class=\"wp-block-button__link\" href=\"https:\/\/wordpress.nibis.de\/sts-h-so\/ausbildung\/zusatzqualifikationen\/zq-musik\/\">ZQ Musik<\/a><\/div>\n\n\n\n<div class=\"wp-block-button\"><a class=\"wp-block-button__link\" href=\"https:\/\/wordpress.nibis.de\/sts-h-so\/ausbildung\/zusatzqualifikationen\/zq-medien\/\">ZQ Medien<\/a><\/div>\n<\/div>\n\n\n\n<p><\/p>\n\n\n\n<p class=\"has-text-align-center\">zur\u00fcck zu:<\/p>\n\n\n\n<div class=\"wp-block-buttons is-layout-flex wp-block-buttons-is-layout-flex\">\n<div class=\"wp-block-button aligncenter\"><a class=\"wp-block-button__link\" href=\"https:\/\/wordpress.nibis.de\/sts-h-so\/ausbildung\/\">Ausbildung<\/a><\/div>\n<\/div>\n","protected":false},"excerpt":{"rendered":"<p>Zusatzqualifikation \u201eInklusive Mathematikdidaktik\u201c Rahmenbedingungen Sie durchlaufen 10 Seminarveranstaltungen in zwei aufeinanderfolgenden Halbjahren. Es ist vorgeschrieben, dass evtl. Fehlzeiten nur h\u00f6chstens 2 Termine insgesamt betragen d\u00fcrfen. Gegen Ende erfolgt eine Pr\u00fcfung in der Form eines Kolloquiums. In Ihrer Ausbildungsschule begleiten Sie Mathematikunterricht, der von einer ausgebildeten Fachlehrkraft geleitet wird. Sie m\u00fcssen kein Mathe &#8211; Genie&nbsp;sein, um &#8230; <a title=\"ZQ Mathematik\" class=\"read-more\" href=\"https:\/\/wordpress.nibis.de\/sts-h-so\/ausbildung\/zusatzqualifikationen\/zq-mathematik\/\" aria-label=\"Mehr Informationen \u00fcber ZQ Mathematik\">Weiterlesen<\/a><\/p>\n","protected":false},"author":903,"featured_media":0,"parent":173,"menu_order":0,"comment_status":"closed","ping_status":"closed","template":"","meta":{"footnotes":""},"class_list":["post-191","page","type-page","status-publish"],"_links":{"self":[{"href":"https:\/\/wordpress.nibis.de\/sts-h-so\/wp-json\/wp\/v2\/pages\/191","targetHints":{"allow":["GET"]}}],"collection":[{"href":"https:\/\/wordpress.nibis.de\/sts-h-so\/wp-json\/wp\/v2\/pages"}],"about":[{"href":"https:\/\/wordpress.nibis.de\/sts-h-so\/wp-json\/wp\/v2\/types\/page"}],"author":[{"embeddable":true,"href":"https:\/\/wordpress.nibis.de\/sts-h-so\/wp-json\/wp\/v2\/users\/903"}],"replies":[{"embeddable":true,"href":"https:\/\/wordpress.nibis.de\/sts-h-so\/wp-json\/wp\/v2\/comments?post=191"}],"version-history":[{"count":19,"href":"https:\/\/wordpress.nibis.de\/sts-h-so\/wp-json\/wp\/v2\/pages\/191\/revisions"}],"predecessor-version":[{"id":1440,"href":"https:\/\/wordpress.nibis.de\/sts-h-so\/wp-json\/wp\/v2\/pages\/191\/revisions\/1440"}],"up":[{"embeddable":true,"href":"https:\/\/wordpress.nibis.de\/sts-h-so\/wp-json\/wp\/v2\/pages\/173"}],"wp:attachment":[{"href":"https:\/\/wordpress.nibis.de\/sts-h-so\/wp-json\/wp\/v2\/media?parent=191"}],"curies":[{"name":"wp","href":"https:\/\/api.w.org\/{rel}","templated":true}]}}