{"id":192,"date":"2022-06-17T10:51:04","date_gmt":"2022-06-17T08:51:04","guid":{"rendered":"https:\/\/wordpress.nibis.de\/sts-h-so\/?page_id=192"},"modified":"2023-11-29T21:52:06","modified_gmt":"2023-11-29T20:52:06","slug":"kontakt","status":"publish","type":"page","link":"https:\/\/wordpress.nibis.de\/sts-h-so\/start\/kontakt\/","title":{"rendered":"Kontakt \/ Standort"},"content":{"rendered":"\n<p class=\"has-text-align-center\" style=\"font-size:30px\">Kontakt \/ Standort<\/p>\n\n\n\n<p class=\"has-text-align-center\">Studienseminar Hannover f\u00fcr das Lehramt f\u00fcr Sonderp\u00e4dagogik<\/p>\n\n\n\n<p class=\"has-text-align-center\">Wunstorfer Stra\u00dfe 28<\/p>\n\n\n\n<p class=\"has-text-align-center\">30453 Hannover<\/p>\n\n\n\n<p class=\"has-text-align-center\">Telefon: 0511-22861651<\/p>\n\n\n\n<p class=\"has-text-align-center\">Email: <a href=\"&#x6d;&#x61;&#105;lt&#x6f;&#x3a;&#80;&#111;s&#x74;&#x73;&#116;&#101;l&#x6c;&#x65;&#x40;&#115;em&#x69;&#x6e;&#97;&#114;-&#x68;&#x2d;&#115;&#111;&#46;&#x4e;&#x69;&#101;&#100;e&#x72;&#x73;&#x61;&#99;hs&#x65;&#x6e;&#46;&#100;e\">&#80;&#x6f;&#x73;t&#115;&#x74;&#x65;l&#108;&#x65;&#64;&#115;&#x65;&#x6d;i&#110;&#x61;r&#45;&#x68;&#x2d;s&#111;&#x2e;&#x4e;&#105;&#x65;&#x64;e&#114;&#x73;&#x61;c&#104;&#x73;e&#110;&#x2e;&#x64;e<\/a><\/p>\n\n\n\n<p class=\"has-text-align-center\">\u00d6ffnungszeiten der Verwaltung: Montag \u2013 Donnerstag: 09:00 \u2013 15:00 Uhr, Freitag: 09:00 \u2013 14:00 Uhr<\/p>\n\n\n\n<p class=\"has-text-align-center\">Haltestelle Wunstorfer Stra\u00dfe, Hannover: Stadtbahn Linie 10, Bus Linien 170 und 700<\/p>\n\n\n\n<div class=\"wp-block-image\"><figure class=\"aligncenter size-full\"><img loading=\"lazy\" decoding=\"async\" width=\"953\" height=\"675\" src=\"https:\/\/wordpress.nibis.de\/sts-h-so\/files\/2023\/02\/STandort.jpg\" alt=\"\" class=\"wp-image-823\" srcset=\"https:\/\/wordpress.nibis.de\/sts-h-so\/files\/2023\/02\/STandort.jpg 953w, https:\/\/wordpress.nibis.de\/sts-h-so\/files\/2023\/02\/STandort-300x212.jpg 300w, https:\/\/wordpress.nibis.de\/sts-h-so\/files\/2023\/02\/STandort-768x544.jpg 768w\" sizes=\"auto, (max-width: 953px) 100vw, 953px\" \/><\/figure><\/div>\n\n\n\n<p class=\"has-text-align-center\">Daten von <a href=\"http:\/\/www.openstreetmap.org\/\">OpenStreetMap<\/a> &#8211; Ver\u00f6ffent-licht unter <a href=\"http:\/\/opendatacommons.org\/licenses\/odbl\/\">ODbL<\/a><\/p>\n\n\n\n<p class=\"has-text-align-center\">siehe auch:<\/p>\n\n\n\n<div class=\"wp-block-buttons is-content-justification-center is-layout-flex wp-container-core-buttons-is-layout-16018d1d wp-block-buttons-is-layout-flex\">\n<div class=\"wp-block-button\"><a class=\"wp-block-button__link\" href=\"https:\/\/wordpress.nibis.de\/sts-h-so\/start\/seminarprofil\/\">Unser Seminar<\/a><\/div>\n\n\n\n<div class=\"wp-block-button\"><a class=\"wp-block-button__link\" href=\"https:\/\/wordpress.nibis.de\/sts-h-so\/start\/leitbild\/\">Leitbild<\/a><\/div>\n\n\n\n<div class=\"wp-block-button\"><a class=\"wp-block-button__link\" href=\"https:\/\/wordpress.nibis.de\/sts-h-so\/start\/unser-team\/\">Unser Team<\/a><\/div>\n\n\n\n<div class=\"wp-block-button\"><a class=\"wp-block-button__link\" href=\"https:\/\/wordpress.nibis.de\/sts-h-so\/start\/weitere-informationen\/seminarrat\/\">Seminarrat<\/a><\/div>\n\n\n\n<div class=\"wp-block-button\"><a class=\"wp-block-button__link\" href=\"https:\/\/wordpress.nibis.de\/sts-h-so\/start\/weitere-informationen\/personalrat\/\">Personalr\u00e4te<\/a><\/div>\n<\/div>\n\n\n\n<p><\/p>\n\n\n\n<div class=\"wp-block-buttons is-content-justification-center is-layout-flex wp-container-core-buttons-is-layout-16018d1d wp-block-buttons-is-layout-flex\">\n<div class=\"wp-block-button\"><a class=\"wp-block-button__link\" href=\"https:\/\/wordpress.nibis.de\/sts-h-so\/ausbildung\/\">Informationen zur Ausbildung<\/a><\/div>\n<\/div>\n\n\n\n<p><\/p>\n","protected":false},"excerpt":{"rendered":"<p>Kontakt \/ Standort Studienseminar Hannover f\u00fcr das Lehramt f\u00fcr Sonderp\u00e4dagogik Wunstorfer Stra\u00dfe 28 30453 Hannover Telefon: 0511-22861651 Email: Po&#115;&#116;&#115;&#x74;&#x65;&#x6c;&#x6c;&#x65;&#64;s&#101;&#109;&#105;&#x6e;&#x61;&#x72;&#x2d;&#x68;-s&#111;&#46;&#78;&#x69;&#x65;&#x64;&#x65;&#x72;sa&#99;&#104;&#115;&#x65;&#x6e;&#x2e;&#x64;&#x65; \u00d6ffnungszeiten der Verwaltung: Montag \u2013 Donnerstag: 09:00 \u2013 15:00 Uhr, Freitag: 09:00 \u2013 14:00 Uhr Haltestelle Wunstorfer Stra\u00dfe, Hannover: Stadtbahn Linie 10, Bus Linien 170 und 700 Daten von OpenStreetMap &#8211; Ver\u00f6ffent-licht unter ODbL siehe auch:<\/p>\n","protected":false},"author":907,"featured_media":0,"parent":17,"menu_order":0,"comment_status":"closed","ping_status":"closed","template":"","meta":{"footnotes":""},"class_list":["post-192","page","type-page","status-publish"],"_links":{"self":[{"href":"https:\/\/wordpress.nibis.de\/sts-h-so\/wp-json\/wp\/v2\/pages\/192","targetHints":{"allow":["GET"]}}],"collection":[{"href":"https:\/\/wordpress.nibis.de\/sts-h-so\/wp-json\/wp\/v2\/pages"}],"about":[{"href":"https:\/\/wordpress.nibis.de\/sts-h-so\/wp-json\/wp\/v2\/types\/page"}],"author":[{"embeddable":true,"href":"https:\/\/wordpress.nibis.de\/sts-h-so\/wp-json\/wp\/v2\/users\/907"}],"replies":[{"embeddable":true,"href":"https:\/\/wordpress.nibis.de\/sts-h-so\/wp-json\/wp\/v2\/comments?post=192"}],"version-history":[{"count":19,"href":"https:\/\/wordpress.nibis.de\/sts-h-so\/wp-json\/wp\/v2\/pages\/192\/revisions"}],"predecessor-version":[{"id":1367,"href":"https:\/\/wordpress.nibis.de\/sts-h-so\/wp-json\/wp\/v2\/pages\/192\/revisions\/1367"}],"up":[{"embeddable":true,"href":"https:\/\/wordpress.nibis.de\/sts-h-so\/wp-json\/wp\/v2\/pages\/17"}],"wp:attachment":[{"href":"https:\/\/wordpress.nibis.de\/sts-h-so\/wp-json\/wp\/v2\/media?parent=192"}],"curies":[{"name":"wp","href":"https:\/\/api.w.org\/{rel}","templated":true}]}}