{"id":200,"date":"2022-06-17T10:55:48","date_gmt":"2022-06-17T08:55:48","guid":{"rendered":"https:\/\/wordpress.nibis.de\/sts-h-so\/?page_id=200"},"modified":"2023-11-29T21:50:36","modified_gmt":"2023-11-29T20:50:36","slug":"seminarprofil","status":"publish","type":"page","link":"https:\/\/wordpress.nibis.de\/sts-h-so\/start\/seminarprofil\/","title":{"rendered":"Unser Seminar"},"content":{"rendered":"\n<p class=\"has-text-align-center\" style=\"font-size:30px\">Unser Seminar<\/p>\n\n\n\n<p><\/p>\n\n\n\n<p style=\"font-size:17px\">Im Studienseminar Hannover f\u00fcr das Lehramt f\u00fcr Sonderp\u00e4dagogik bilden wir angehende Lehrkr\u00e4fte in der zweiten Phase ihrer Ausbildung zur F\u00f6rderschullehrkraft aus. Der Vorbereitungsdienst beginnt jeweils im Februar oder August mit dem Ziel der Staatspr\u00fcfung nach 18 Monaten. Insgesamt werden in der Regel etwa 100 Lehrkr\u00e4fte im Vorbereitungsdienst (LiVD) von ca. 30 Fachseminarleitungen ausgebildet.<br><br>Im Lehramt f\u00fcr Sonderp\u00e4dagogik erfolgt die Ausbildung in zwei F\u00f6rderschwerpunkten, einer Fachdidaktik sowie im p\u00e4dagogischen Seminar.&nbsp;<\/p>\n\n\n\n<p><\/p>\n\n\n\n<p><\/p>\n\n\n\n<div class=\"wp-block-media-text alignwide has-media-on-the-right is-stacked-on-mobile is-style-default\"><figure class=\"wp-block-media-text__media\"><img decoding=\"async\" src=\"https:\/\/wordpress.nibis.de\/sts-h-so\/files\/2023\/10\/Region.jpg\" alt=\"\" class=\"wp-image-1309 size-full\" \/><\/figure><div class=\"wp-block-media-text__content\">\n<p><\/p>\n\n\n\n<p><\/p>\n\n\n\n<p><\/p>\n\n\n\n<p style=\"font-size:17px\"><strong>Unser Einzugsbereich<\/strong> umfasst den Bezirk der ehemaligen Regionalabteilung Hannover und liegt zwischen den Regionen Diepholz und Holzminden. Rund um die Stadt und Region Hannover liegen eine Vielzahl von Ausbildungsschulen. Seminarveranstaltungen finden in der Regel in unseren R\u00e4umen in der Stadt Hannover statt.<br><br>Das Seminargeb\u00e4ude ist ein gemeinsam genutztes Geb\u00e4ude mit jeweils zwei Studienseminaren im Grund-, Haupt- und Realschullehramt und im Lehramt an Gymnasien sowie dem Lehramt an berufsbildenden Schulen in der Wunstorfer Stra\u00dfe 28 in Hannover Linden\/Limmer. Das Geb\u00e4ude ist mit \u00f6ffentlichen Verkehrsmitteln gut erreichbar.&nbsp;<\/p>\n<\/div><\/div>\n\n\n\n<p><\/p>\n\n\n\n<p><strong><span style=\"text-decoration: underline\" class=\"underline\">Ausbildungsspektrum<\/span><\/strong><\/p>\n\n\n\n<div class=\"wp-block-columns is-layout-flex wp-container-core-columns-is-layout-abceabcf wp-block-columns-is-layout-flex\">\n<div class=\"wp-block-column is-layout-flow wp-block-column-is-layout-flow\">\n<p style=\"font-size:17px\"><strong>Unsere F\u00f6rderschwerpunkte<\/strong><\/p>\n\n\n\n<ul class=\"wp-block-list\"><li>Lernen&nbsp;<\/li><li>Sprache<\/li><li>geistige Entwicklung&nbsp;<\/li><li>emotional-soziale Entwicklung&nbsp;<\/li><li>k\u00f6rperlich-motorische Entwicklung<\/li><li>Sehen und H\u00f6ren                                                                                    in Kooperation mit dem Studienseminar L\u00fcneburg<\/li><\/ul>\n<\/div>\n\n\n\n<div class=\"wp-block-column is-layout-flow wp-block-column-is-layout-flow\">\n<p><strong>Unser F\u00e4cherspektrum<\/strong><\/p>\n\n\n\n<ul class=\"wp-block-list\"><li>Deutsch<\/li><li>Mathematik<\/li><li>Sachunterricht<\/li><li>Kunst<\/li><li>Musik<\/li><li>Sport<\/li><li>Biologie, Erdkunde, Religion, Werte und Normen, Englisch, Technik in Kooperation mit Studienseminaren anderer Lehr\u00e4mter<\/li><\/ul>\n<\/div>\n<\/div>\n\n\n\n<p><\/p>\n\n\n\n<p><strong>Unsere Zusatzqualifikationen<\/strong><\/p>\n\n\n\n<p>Im Studienseminar Hannover k\u00f6nnen Sie folgende Zusatzqualifikationen erwerben:<\/p>\n\n\n\n<ul class=\"wp-block-list\"><li>Basiskompetenzen inklusive Mathematikdidaktik<\/li><li>Basiskompetenzen inklusive Deutschdidaktik<\/li><li>Musik in der Schule \u2013 Unterrichten, Unterst\u00fctzen, Begleiten<\/li><li>Medienkompeten(t)z unterrichten<\/li><\/ul>\n\n\n\n<p><\/p>\n\n\n\n<p class=\"has-text-align-center\">siehe auch:<\/p>\n\n\n\n<div class=\"wp-block-buttons is-content-justification-center is-layout-flex wp-container-core-buttons-is-layout-16018d1d wp-block-buttons-is-layout-flex\">\n<div class=\"wp-block-button\"><a class=\"wp-block-button__link\" href=\"https:\/\/wordpress.nibis.de\/sts-h-so\/start\/leitbild\/\">Leitbild<\/a><\/div>\n\n\n\n<div class=\"wp-block-button\"><a class=\"wp-block-button__link\" href=\"https:\/\/wordpress.nibis.de\/sts-h-so\/start\/unser-team\/\">Unser Team<\/a><\/div>\n\n\n\n<div class=\"wp-block-button\"><a class=\"wp-block-button__link\" href=\"https:\/\/wordpress.nibis.de\/sts-h-so\/start\/kontakt\/\">Kontakt \/ Standort<\/a><\/div>\n\n\n\n<div class=\"wp-block-button\"><a class=\"wp-block-button__link\" href=\"https:\/\/wordpress.nibis.de\/sts-h-so\/start\/weitere-informationen\/seminarrat\/\">Seminarrat<\/a><\/div>\n\n\n\n<div class=\"wp-block-button\"><a class=\"wp-block-button__link\" href=\"https:\/\/wordpress.nibis.de\/sts-h-so\/start\/weitere-informationen\/personalrat\/\">Personalr\u00e4te<\/a><\/div>\n<\/div>\n\n\n\n<p><\/p>\n\n\n\n<div class=\"wp-block-buttons is-content-justification-center is-layout-flex wp-container-core-buttons-is-layout-16018d1d wp-block-buttons-is-layout-flex\">\n<div class=\"wp-block-button\"><a class=\"wp-block-button__link\" href=\"https:\/\/wordpress.nibis.de\/sts-h-so\/ausbildung\/\">Informationen zur Ausbildung<\/a><\/div>\n<\/div>\n\n\n\n<p><\/p>\n\n\n\n<p><\/p>\n","protected":false},"excerpt":{"rendered":"<p>Unser Seminar Im Studienseminar Hannover f\u00fcr das Lehramt f\u00fcr Sonderp\u00e4dagogik bilden wir angehende Lehrkr\u00e4fte in der zweiten Phase ihrer Ausbildung zur F\u00f6rderschullehrkraft aus. Der Vorbereitungsdienst beginnt jeweils im Februar oder August mit dem Ziel der Staatspr\u00fcfung nach 18 Monaten. Insgesamt werden in der Regel etwa 100 Lehrkr\u00e4fte im Vorbereitungsdienst (LiVD) von ca. 30 Fachseminarleitungen ausgebildet. &#8230; <a title=\"Unser Seminar\" class=\"read-more\" href=\"https:\/\/wordpress.nibis.de\/sts-h-so\/start\/seminarprofil\/\" aria-label=\"Mehr Informationen \u00fcber Unser Seminar\">Weiterlesen<\/a><\/p>\n","protected":false},"author":907,"featured_media":0,"parent":17,"menu_order":0,"comment_status":"closed","ping_status":"closed","template":"","meta":{"footnotes":""},"class_list":["post-200","page","type-page","status-publish"],"_links":{"self":[{"href":"https:\/\/wordpress.nibis.de\/sts-h-so\/wp-json\/wp\/v2\/pages\/200","targetHints":{"allow":["GET"]}}],"collection":[{"href":"https:\/\/wordpress.nibis.de\/sts-h-so\/wp-json\/wp\/v2\/pages"}],"about":[{"href":"https:\/\/wordpress.nibis.de\/sts-h-so\/wp-json\/wp\/v2\/types\/page"}],"author":[{"embeddable":true,"href":"https:\/\/wordpress.nibis.de\/sts-h-so\/wp-json\/wp\/v2\/users\/907"}],"replies":[{"embeddable":true,"href":"https:\/\/wordpress.nibis.de\/sts-h-so\/wp-json\/wp\/v2\/comments?post=200"}],"version-history":[{"count":30,"href":"https:\/\/wordpress.nibis.de\/sts-h-so\/wp-json\/wp\/v2\/pages\/200\/revisions"}],"predecessor-version":[{"id":1364,"href":"https:\/\/wordpress.nibis.de\/sts-h-so\/wp-json\/wp\/v2\/pages\/200\/revisions\/1364"}],"up":[{"embeddable":true,"href":"https:\/\/wordpress.nibis.de\/sts-h-so\/wp-json\/wp\/v2\/pages\/17"}],"wp:attachment":[{"href":"https:\/\/wordpress.nibis.de\/sts-h-so\/wp-json\/wp\/v2\/media?parent=200"}],"curies":[{"name":"wp","href":"https:\/\/api.w.org\/{rel}","templated":true}]}}