{"id":202,"date":"2022-06-17T10:57:01","date_gmt":"2022-06-17T08:57:01","guid":{"rendered":"https:\/\/wordpress.nibis.de\/sts-h-so\/?page_id=202"},"modified":"2023-11-05T11:08:23","modified_gmt":"2023-11-05T10:08:23","slug":"modul-beratung","status":"publish","type":"page","link":"https:\/\/wordpress.nibis.de\/sts-h-so\/ausbildung\/module\/modul-beratung\/","title":{"rendered":"Modul Beratung"},"content":{"rendered":"\n<p class=\"has-text-align-center\" style=\"font-size:30px\">Modulreihe Beratung&nbsp;&nbsp;<\/p>\n\n\n\n<p>P\u00e4dagogische Beratung ist eine Kernkompetenz sonderp\u00e4dagogischen Arbeitens und erlagt insbesondere in Zeiten des Lehrer:innenmangels an zunehmender Bedeutung.&nbsp;&nbsp;<\/p>\n\n\n\n<p>P\u00e4dagogische Beratung baut auf einem komplexen Verstehensprozess auf. Personen, die Beratung w\u00fcnschen, zur Beratung geschickt werden oder noch gar nicht f\u00fcr sich selbst erkannt haben, dass eine Beratung hilfreich w\u00e4re, m\u00fcssen in ihrem spezifischen Bed\u00fcrfnis nach Probleml\u00f6sung vom Beratenden abgeholt werden. Hierzu ist eine professionelle Haltung notwendig, die auf Empathie, Kongruenz und Akzeptanz ausgerichtet ist. Das Einstellen auf das Gegen\u00fcber ist genauso gefragt wie das Mitlaufen-Lassen einer Meta-Ebene zum analytischen Verst\u00e4ndnis der Gesamtsituation. Schlie\u00dflich ben\u00f6tigt es Interventions- und Fragetechniken, Visualisierungsm\u00f6glichkeiten und Strukturen, um ein Beratungsgespr\u00e4ch f\u00fcr alle Seiten zu einem produktiven, hilfreichen Ereignis werden zu lassen.&nbsp;&nbsp;<\/p>\n\n\n\n<p>Das alles will erlernt und professionalisiert sein. In unserem Modul Beratung geht es darum, den Blick zu sch\u00e4rfen auf Verstehensprozesse, das Setting und die Struktur von Beratungsgespr\u00e4chen, auf Gespr\u00e4chstechniken sowie auf spezifische und herausfordernde Beratungssituationen im p\u00e4dagogischen Kontext.&nbsp;&nbsp;<\/p>\n\n\n\n<p>In drei aufeinander bezogenen Modulen erhalten Sie die M\u00f6glichkeit, in ein intensives \u00dcben und Reflektieren zu kommen. Sie gehen aus der Veranstaltungsrehe heraus mit einem Basiswissen \u00fcber Beratung im p\u00e4dagogischen Kontext, das Sie unmittelbar in Ihrem schulischen Alltag anwenden k\u00f6nnen.&nbsp;<\/p>\n\n\n\n<p><strong>Verantwortliche und Ansprechpartner:innen f\u00fcr die Modulreihe Beratung sind:&nbsp;<\/strong>&nbsp;<\/p>\n\n\n\n<p>Marco Frensch, Robert Kurz, Marion Borsutzky, Gunter Nootny, Jens K\u00f6gel, Beate Cyrus, Sebastian Seurig, Tessa Kroll.&nbsp;<\/p>\n\n\n\n<p class=\"has-text-align-center\">siehe auch<\/p>\n\n\n\n<div class=\"wp-block-buttons is-content-justification-center is-layout-flex wp-container-core-buttons-is-layout-16018d1d wp-block-buttons-is-layout-flex\">\n<div class=\"wp-block-button\"><a class=\"wp-block-button__link\" href=\"https:\/\/wordpress.nibis.de\/sts-h-so\/ausbildung\/module\/modul-diagnostik\/\">Diagnostik<\/a><\/div>\n\n\n\n<div class=\"wp-block-button\"><a class=\"wp-block-button__link\" href=\"https:\/\/wordpress.nibis.de\/sts-h-so\/ausbildung\/module\/modul-foerderplanung\/\">F\u00f6rderplanung<\/a><\/div>\n\n\n\n<div class=\"wp-block-button\"><a class=\"wp-block-button__link\" href=\"https:\/\/wordpress.nibis.de\/sts-h-so\/ausbildung\/module\/modul-musik-spiel-theater\/\">Musik-Spiel-Theater<\/a><\/div>\n<\/div>\n\n\n\n<p><\/p>\n\n\n\n<p class=\"has-text-align-center\">zur\u00fcck zu:<\/p>\n\n\n\n<div class=\"wp-block-buttons is-layout-flex wp-block-buttons-is-layout-flex\">\n<div class=\"wp-block-button aligncenter\"><a class=\"wp-block-button__link\" href=\"https:\/\/wordpress.nibis.de\/sts-h-so\/ausbildung\/\">Ausbildung<\/a><\/div>\n<\/div>\n\n\n\n<p><\/p>\n","protected":false},"excerpt":{"rendered":"<p>Modulreihe Beratung&nbsp;&nbsp; P\u00e4dagogische Beratung ist eine Kernkompetenz sonderp\u00e4dagogischen Arbeitens und erlagt insbesondere in Zeiten des Lehrer:innenmangels an zunehmender Bedeutung.&nbsp;&nbsp; P\u00e4dagogische Beratung baut auf einem komplexen Verstehensprozess auf. Personen, die Beratung w\u00fcnschen, zur Beratung geschickt werden oder noch gar nicht f\u00fcr sich selbst erkannt haben, dass eine Beratung hilfreich w\u00e4re, m\u00fcssen in ihrem spezifischen Bed\u00fcrfnis nach &#8230; <a title=\"Modul Beratung\" class=\"read-more\" href=\"https:\/\/wordpress.nibis.de\/sts-h-so\/ausbildung\/module\/modul-beratung\/\" aria-label=\"Mehr Informationen \u00fcber Modul Beratung\">Weiterlesen<\/a><\/p>\n","protected":false},"author":903,"featured_media":0,"parent":197,"menu_order":0,"comment_status":"closed","ping_status":"closed","template":"","meta":{"footnotes":""},"class_list":["post-202","page","type-page","status-publish"],"_links":{"self":[{"href":"https:\/\/wordpress.nibis.de\/sts-h-so\/wp-json\/wp\/v2\/pages\/202","targetHints":{"allow":["GET"]}}],"collection":[{"href":"https:\/\/wordpress.nibis.de\/sts-h-so\/wp-json\/wp\/v2\/pages"}],"about":[{"href":"https:\/\/wordpress.nibis.de\/sts-h-so\/wp-json\/wp\/v2\/types\/page"}],"author":[{"embeddable":true,"href":"https:\/\/wordpress.nibis.de\/sts-h-so\/wp-json\/wp\/v2\/users\/903"}],"replies":[{"embeddable":true,"href":"https:\/\/wordpress.nibis.de\/sts-h-so\/wp-json\/wp\/v2\/comments?post=202"}],"version-history":[{"count":8,"href":"https:\/\/wordpress.nibis.de\/sts-h-so\/wp-json\/wp\/v2\/pages\/202\/revisions"}],"predecessor-version":[{"id":1335,"href":"https:\/\/wordpress.nibis.de\/sts-h-so\/wp-json\/wp\/v2\/pages\/202\/revisions\/1335"}],"up":[{"embeddable":true,"href":"https:\/\/wordpress.nibis.de\/sts-h-so\/wp-json\/wp\/v2\/pages\/197"}],"wp:attachment":[{"href":"https:\/\/wordpress.nibis.de\/sts-h-so\/wp-json\/wp\/v2\/media?parent=202"}],"curies":[{"name":"wp","href":"https:\/\/api.w.org\/{rel}","templated":true}]}}