{"id":213,"date":"2022-06-17T10:59:22","date_gmt":"2022-06-17T08:59:22","guid":{"rendered":"https:\/\/wordpress.nibis.de\/sts-h-so\/?page_id=213"},"modified":"2025-03-30T20:27:28","modified_gmt":"2025-03-30T18:27:28","slug":"personalrat","status":"publish","type":"page","link":"https:\/\/wordpress.nibis.de\/sts-h-so\/start\/weitere-informationen\/personalrat\/","title":{"rendered":"Personalr\u00e4te"},"content":{"rendered":"\n<p class=\"has-text-align-center\" style=\"font-size:30px\">Personalrat der Ausbildenden und Angestellten<\/p>\n\n\n\n<p>Kein Kollegium ohne Personalrat\u2026<\/p>\n\n\n\n<p>Zu unseren Aufgaben z\u00e4hlen:<\/p>\n\n\n\n<ul class=\"wp-block-list\"><li>AnsprechpartnerInnen sein bei Anregungen, Anfragen, Beschwerden oder auftretenden Problemen.<\/li><li>Begleitung von KollegInnen bei Dienstgespr\u00e4chen.<\/li><li>Die Einhaltung von Rechten und Schutzvorschriften \u00fcberpr\u00fcfen (z.B. bei Stellenbesetzungen).<\/li><li>Durchf\u00fchrung regelm\u00e4\u00dfiger Personalratsversammlungen und Austauschtreffen mit der Seminarleitung.<\/li><\/ul>\n\n\n\n<p>F\u00fcr eine Kontaktaufnahme sind in der <a href=\"https:\/\/wordpress.nibis.de\/sts-h-so\/start\/kontakt\/\" data-type=\"page\" data-id=\"192\">Verwaltung<\/a> des Studienseminars die E-Mail-Adressen der derzeitigen Personalr\u00e4te erh\u00e4ltlich.<\/p>\n\n\n\n<p><\/p>\n\n\n\n<p><\/p>\n\n\n\n<p class=\"has-text-align-center\" style=\"font-size:30px\">Personalrat der Lehrkr\u00e4fte im Vorbereitungsdienst<\/p>\n\n\n\n<p>Infos folgen in K\u00fcrze<\/p>\n\n\n\n<p class=\"has-text-align-center\">siehe auch:<\/p>\n\n\n\n<div class=\"wp-block-buttons is-content-justification-center is-layout-flex wp-container-core-buttons-is-layout-16018d1d wp-block-buttons-is-layout-flex\">\n<div class=\"wp-block-button\"><a class=\"wp-block-button__link\" href=\"https:\/\/wordpress.nibis.de\/sts-h-so\/start\/seminarprofil\/\">Unser Seminar<\/a><\/div>\n\n\n\n<div class=\"wp-block-button\"><a class=\"wp-block-button__link\" href=\"https:\/\/wordpress.nibis.de\/sts-h-so\/start\/leitbild\/\">Leitbild<\/a><\/div>\n\n\n\n<div class=\"wp-block-button\"><a class=\"wp-block-button__link\" href=\"https:\/\/wordpress.nibis.de\/sts-h-so\/start\/unser-team\/\">Unser Team<\/a><\/div>\n\n\n\n<div class=\"wp-block-button\"><a class=\"wp-block-button__link\" href=\"https:\/\/wordpress.nibis.de\/sts-h-so\/start\/kontakt\/\">Kontakt \/ Standort<\/a><\/div>\n\n\n\n<div class=\"wp-block-button\"><a class=\"wp-block-button__link\" href=\"https:\/\/wordpress.nibis.de\/sts-h-so\/start\/weitere-informationen\/seminarrat\/\">Seminarrat<\/a><\/div>\n<\/div>\n\n\n\n<p><\/p>\n\n\n\n<div class=\"wp-block-buttons is-content-justification-center is-layout-flex wp-container-core-buttons-is-layout-16018d1d wp-block-buttons-is-layout-flex\">\n<div class=\"wp-block-button\"><a class=\"wp-block-button__link\" href=\"https:\/\/wordpress.nibis.de\/sts-h-so\/ausbildung\/\">Informationen zur Ausbildung<\/a><\/div>\n<\/div>\n","protected":false},"excerpt":{"rendered":"<p>Personalrat der Ausbildenden und Angestellten Kein Kollegium ohne Personalrat\u2026 Zu unseren Aufgaben z\u00e4hlen: AnsprechpartnerInnen sein bei Anregungen, Anfragen, Beschwerden oder auftretenden Problemen. Begleitung von KollegInnen bei Dienstgespr\u00e4chen. Die Einhaltung von Rechten und Schutzvorschriften \u00fcberpr\u00fcfen (z.B. bei Stellenbesetzungen). Durchf\u00fchrung regelm\u00e4\u00dfiger Personalratsversammlungen und Austauschtreffen mit der Seminarleitung. F\u00fcr eine Kontaktaufnahme sind in der Verwaltung des Studienseminars die &#8230; <a title=\"Personalr\u00e4te\" class=\"read-more\" href=\"https:\/\/wordpress.nibis.de\/sts-h-so\/start\/weitere-informationen\/personalrat\/\" aria-label=\"Mehr Informationen \u00fcber Personalr\u00e4te\">Weiterlesen<\/a><\/p>\n","protected":false},"author":907,"featured_media":0,"parent":25,"menu_order":0,"comment_status":"closed","ping_status":"closed","template":"","meta":{"footnotes":""},"class_list":["post-213","page","type-page","status-publish"],"_links":{"self":[{"href":"https:\/\/wordpress.nibis.de\/sts-h-so\/wp-json\/wp\/v2\/pages\/213","targetHints":{"allow":["GET"]}}],"collection":[{"href":"https:\/\/wordpress.nibis.de\/sts-h-so\/wp-json\/wp\/v2\/pages"}],"about":[{"href":"https:\/\/wordpress.nibis.de\/sts-h-so\/wp-json\/wp\/v2\/types\/page"}],"author":[{"embeddable":true,"href":"https:\/\/wordpress.nibis.de\/sts-h-so\/wp-json\/wp\/v2\/users\/907"}],"replies":[{"embeddable":true,"href":"https:\/\/wordpress.nibis.de\/sts-h-so\/wp-json\/wp\/v2\/comments?post=213"}],"version-history":[{"count":14,"href":"https:\/\/wordpress.nibis.de\/sts-h-so\/wp-json\/wp\/v2\/pages\/213\/revisions"}],"predecessor-version":[{"id":1470,"href":"https:\/\/wordpress.nibis.de\/sts-h-so\/wp-json\/wp\/v2\/pages\/213\/revisions\/1470"}],"up":[{"embeddable":true,"href":"https:\/\/wordpress.nibis.de\/sts-h-so\/wp-json\/wp\/v2\/pages\/25"}],"wp:attachment":[{"href":"https:\/\/wordpress.nibis.de\/sts-h-so\/wp-json\/wp\/v2\/media?parent=213"}],"curies":[{"name":"wp","href":"https:\/\/api.w.org\/{rel}","templated":true}]}}