{"id":217,"date":"2022-06-17T11:00:27","date_gmt":"2022-06-17T09:00:27","guid":{"rendered":"https:\/\/wordpress.nibis.de\/sts-h-so\/?page_id=217"},"modified":"2023-11-29T21:52:34","modified_gmt":"2023-11-29T20:52:34","slug":"seminarrat","status":"publish","type":"page","link":"https:\/\/wordpress.nibis.de\/sts-h-so\/start\/weitere-informationen\/seminarrat\/","title":{"rendered":"Seminarrat"},"content":{"rendered":"\n<p class=\"has-text-align-center\" style=\"font-size:30px\">Seminarrat<\/p>\n\n\n\n<p>Der Seminarrat ist ein beratendes Gremium des Studienseminars, das Empfehlungen ausarbeitet, die auf den Dienstbesprechungen der Fachseminarleitungen vorgestellt und der erweiterten Seminarleitung kommuniziert werden.<\/p>\n\n\n\n<p>Inhaltlich geht es um Themen, die auf den N\u00e4geln brennen. Der Seminarrat ber\u00e4t zu folgenden Themenfeldern:<\/p>\n\n\n\n<ul class=\"wp-block-list\"><li>allgemeine Fragen der Ausbildung<\/li><li>organisatorische Fragen des Vorbereitungsdienstes<\/li><li>inhaltliche Aspekte der Ausbildung<\/li><li>Fragen der Teilhabe der LiVD am Ausbildungsprozess<\/li><li>aktuelle Schulpolitische Entwicklungen &#8211; bezogen auf den Vorbereitungsdienst<\/li><\/ul>\n\n\n\n<p>Das Gremium setzt sich parit\u00e4tisch aus Lehramtsanw\u00e4rter*innen und Fachseminarleiter*innen zusammen. Getagt wird einmal viertelj\u00e4hrlich.<\/p>\n\n\n\n<figure class=\"wp-block-image size-large\"><img loading=\"lazy\" decoding=\"async\" width=\"1024\" height=\"576\" src=\"https:\/\/wordpress.nibis.de\/sts-h-so\/files\/2023\/03\/Vorstellung-des-Seminarrates_Homepage-1024x576.png\" alt=\"\" class=\"wp-image-877\" srcset=\"https:\/\/wordpress.nibis.de\/sts-h-so\/files\/2023\/03\/Vorstellung-des-Seminarrates_Homepage-1024x576.png 1024w, https:\/\/wordpress.nibis.de\/sts-h-so\/files\/2023\/03\/Vorstellung-des-Seminarrates_Homepage-300x169.png 300w, https:\/\/wordpress.nibis.de\/sts-h-so\/files\/2023\/03\/Vorstellung-des-Seminarrates_Homepage-768x432.png 768w, https:\/\/wordpress.nibis.de\/sts-h-so\/files\/2023\/03\/Vorstellung-des-Seminarrates_Homepage.png 1280w\" sizes=\"auto, (max-width: 1024px) 100vw, 1024px\" \/><\/figure>\n\n\n\n<blockquote class=\"wp-block-quote is-layout-flow wp-block-quote-is-layout-flow\"><p>Zitat einer Lehramtsanw\u00e4rterin:<\/p><cite>Durch meine Beteiligung im Seminarrat kann ich Interessen und Themen aus der Perspektive der Anw\u00e4rter*innen mit einbringen. So gestalte ich im Austausch mit den Seminarleitenden meine Ausbildung und die k\u00fcnftiger LiVDs mit (z.B. digitale W\u00fcnsche und Rahmenbedingungen).<\/cite><\/blockquote>\n\n\n\n<blockquote class=\"wp-block-quote is-layout-flow wp-block-quote-is-layout-flow\"><p>Zitat einer Fachseminarleiterin<\/p><cite>Ich engagiere mich im Seminarrat, weil ich den dialogischen Austausch mit den LiVDs auf Augenh\u00f6he sch\u00e4tze und es meinen Blick auf die Ausbildungssituation weitet.<\/cite><\/blockquote>\n\n\n\n<p class=\"has-text-align-center\">siehe auch:<\/p>\n\n\n\n<div class=\"wp-block-buttons is-content-justification-center is-layout-flex wp-container-core-buttons-is-layout-16018d1d wp-block-buttons-is-layout-flex\">\n<div class=\"wp-block-button\"><a class=\"wp-block-button__link\" href=\"https:\/\/wordpress.nibis.de\/sts-h-so\/start\/seminarprofil\/\">Unser Seminar<\/a><\/div>\n\n\n\n<div class=\"wp-block-button\"><a class=\"wp-block-button__link\" href=\"https:\/\/wordpress.nibis.de\/sts-h-so\/start\/leitbild\/\">Leitbild<\/a><\/div>\n\n\n\n<div class=\"wp-block-button\"><a class=\"wp-block-button__link\" href=\"https:\/\/wordpress.nibis.de\/sts-h-so\/start\/unser-team\/\">Unser Team<\/a><\/div>\n\n\n\n<div class=\"wp-block-button\"><a class=\"wp-block-button__link\" href=\"https:\/\/wordpress.nibis.de\/sts-h-so\/start\/kontakt\/\">Kontakt \/ Standort<\/a><\/div>\n\n\n\n<div class=\"wp-block-button\"><a class=\"wp-block-button__link\" href=\"https:\/\/wordpress.nibis.de\/sts-h-so\/start\/weitere-informationen\/personalrat\/\">Personalr\u00e4te<\/a><\/div>\n<\/div>\n\n\n\n<p><\/p>\n\n\n\n<div class=\"wp-block-buttons is-content-justification-center is-layout-flex wp-container-core-buttons-is-layout-16018d1d wp-block-buttons-is-layout-flex\">\n<div class=\"wp-block-button\"><a class=\"wp-block-button__link\" href=\"https:\/\/wordpress.nibis.de\/sts-h-so\/ausbildung\/\">Informationen zur Ausbildung<\/a><\/div>\n<\/div>\n","protected":false},"excerpt":{"rendered":"<p>Seminarrat Der Seminarrat ist ein beratendes Gremium des Studienseminars, das Empfehlungen ausarbeitet, die auf den Dienstbesprechungen der Fachseminarleitungen vorgestellt und der erweiterten Seminarleitung kommuniziert werden. Inhaltlich geht es um Themen, die auf den N\u00e4geln brennen. Der Seminarrat ber\u00e4t zu folgenden Themenfeldern: allgemeine Fragen der Ausbildung organisatorische Fragen des Vorbereitungsdienstes inhaltliche Aspekte der Ausbildung Fragen der &#8230; <a title=\"Seminarrat\" class=\"read-more\" href=\"https:\/\/wordpress.nibis.de\/sts-h-so\/start\/weitere-informationen\/seminarrat\/\" aria-label=\"Mehr Informationen \u00fcber Seminarrat\">Weiterlesen<\/a><\/p>\n","protected":false},"author":907,"featured_media":0,"parent":25,"menu_order":0,"comment_status":"closed","ping_status":"closed","template":"","meta":{"footnotes":""},"class_list":["post-217","page","type-page","status-publish"],"_links":{"self":[{"href":"https:\/\/wordpress.nibis.de\/sts-h-so\/wp-json\/wp\/v2\/pages\/217","targetHints":{"allow":["GET"]}}],"collection":[{"href":"https:\/\/wordpress.nibis.de\/sts-h-so\/wp-json\/wp\/v2\/pages"}],"about":[{"href":"https:\/\/wordpress.nibis.de\/sts-h-so\/wp-json\/wp\/v2\/types\/page"}],"author":[{"embeddable":true,"href":"https:\/\/wordpress.nibis.de\/sts-h-so\/wp-json\/wp\/v2\/users\/907"}],"replies":[{"embeddable":true,"href":"https:\/\/wordpress.nibis.de\/sts-h-so\/wp-json\/wp\/v2\/comments?post=217"}],"version-history":[{"count":12,"href":"https:\/\/wordpress.nibis.de\/sts-h-so\/wp-json\/wp\/v2\/pages\/217\/revisions"}],"predecessor-version":[{"id":1368,"href":"https:\/\/wordpress.nibis.de\/sts-h-so\/wp-json\/wp\/v2\/pages\/217\/revisions\/1368"}],"up":[{"embeddable":true,"href":"https:\/\/wordpress.nibis.de\/sts-h-so\/wp-json\/wp\/v2\/pages\/25"}],"wp:attachment":[{"href":"https:\/\/wordpress.nibis.de\/sts-h-so\/wp-json\/wp\/v2\/media?parent=217"}],"curies":[{"name":"wp","href":"https:\/\/api.w.org\/{rel}","templated":true}]}}