{"id":42,"date":"2022-06-02T16:41:51","date_gmt":"2022-06-02T14:41:51","guid":{"rendered":"https:\/\/wordpress.nibis.de\/sts-h-so\/?page_id=42"},"modified":"2023-09-22T10:48:03","modified_gmt":"2023-09-22T08:48:03","slug":"fachdidaktik-sachunterricht","status":"publish","type":"page","link":"https:\/\/wordpress.nibis.de\/sts-h-so\/ausbildung\/fachidaktiken\/fachdidaktik-sachunterricht\/","title":{"rendered":"Sachunterricht"},"content":{"rendered":"\n<p class=\"has-text-align-center\" style=\"font-size:30px\">Fachdidaktik Sachunterricht!<\/p>\n\n\n\n<div class=\"wp-block-image\"><figure class=\"aligncenter size-large\"><img loading=\"lazy\" decoding=\"async\" width=\"1024\" height=\"381\" src=\"https:\/\/wordpress.nibis.de\/sts-h-so\/files\/2022\/03\/IMG_1095-scaled-e1655457721921-1024x381.jpg\" alt=\"\" class=\"wp-image-56\" srcset=\"https:\/\/wordpress.nibis.de\/sts-h-so\/files\/2022\/03\/IMG_1095-scaled-e1655457721921-1024x381.jpg 1024w, https:\/\/wordpress.nibis.de\/sts-h-so\/files\/2022\/03\/IMG_1095-scaled-e1655457721921-300x112.jpg 300w, https:\/\/wordpress.nibis.de\/sts-h-so\/files\/2022\/03\/IMG_1095-scaled-e1655457721921-768x286.jpg 768w, https:\/\/wordpress.nibis.de\/sts-h-so\/files\/2022\/03\/IMG_1095-scaled-e1655457721921-1536x572.jpg 1536w, https:\/\/wordpress.nibis.de\/sts-h-so\/files\/2022\/03\/IMG_1095-scaled-e1655457721921-2048x762.jpg 2048w\" sizes=\"auto, (max-width: 1024px) 100vw, 1024px\" \/><\/figure><\/div>\n\n\n\n<h4 class=\"alignfull has-text-align-center has-black-color has-text-color wp-block-heading\" style=\"font-size:17px;line-height:1.5\">Im Sachunterricht bilden wir, <a href=\"&#x6d;&#x61;&#x69;&#x6c;&#x74;&#x6f;&#x3a;&#x4b;&#x61;&#x74;&#x68;&#x61;&#x72;&#x69;&#110;&#97;&#46;&#78;&#111;&#108;&#116;&#101;&#64;&#115;&#116;s-h-sop&#46;&#x64;&#x65;\"><strong>Katharina Nolte<\/strong> <\/a>und <strong><a href=\"&#x6d;&#x61;&#x69;&#x6c;&#x74;&#x6f;&#x3a;&#x53;&#97;&#115;&#99;&#104;&#97;&#46;&#83;plan&#x65;&#x6d;&#x61;&#x6e;&#x6e;&#x40;&#x73;&#x74;&#x73;&#45;&#104;&#45;&#115;&#111;&#112;&#46;de\">Sascha Splanemann<\/a><\/strong>, Sie in zwei Fachseminaren aus.<\/h4>\n\n\n\n<h4 class=\"alignfull has-text-align-center has-black-color has-text-color wp-block-heading\" style=\"font-size:17px;line-height:1.5\">Unser Grundverst\u00e4ndnis vom Sachunterricht:<\/h4>\n\n\n\n<p><strong>Sachunterricht&#8230;<\/strong><\/p>\n\n\n\n<div class=\"wp-block-image\"><figure class=\"alignright size-large is-resized\"><img loading=\"lazy\" decoding=\"async\" src=\"https:\/\/wordpress.nibis.de\/sts-h-so\/files\/2022\/03\/hands-g08e4766c7_1920-1024x683.jpg\" alt=\"\" class=\"wp-image-50\" width=\"247\" height=\"167\" \/><\/figure><\/div>\n\n\n\n<ul class=\"wp-block-list\"><li>ist Welterkundung und f\u00f6rdert die direkte Begegnung der Kinder mit der Wirklichkeit<\/li><li>greift Ph\u00e4nomene und epochaltypische Schl\u00fcsselprobleme&nbsp;der Lebenswirklichkeit&nbsp;vielperspektivisch&nbsp;auf<\/li><li>geht von der unmittelbaren Lebenswelt der Kinder aus und bezieht deren&nbsp;Fragen,&nbsp;Interessen&nbsp;und&nbsp;Vorerfahrungen ein.<\/li><li>vermittelt den Kindern Sach-, Handlungs- und Reflexionskompetenz,&nbsp;mit dem Ziel die&nbsp;Welt&nbsp;zu verstehen, sich diese zu erschlie\u00dfen, sich in ihr zu orientieren&nbsp;und diese mitgestalten zu&nbsp;k\u00f6nnen.<\/li><li>motiviert und f\u00f6rdert&nbsp;in diesem Zusammenhang kreatives,&nbsp;selbst\u00e4ndiges, aktives, entdeckendes, handelndes und forschendes Lernen&nbsp;<\/li><\/ul>\n\n\n\n<h2 class=\"wp-block-heading\" style=\"font-size:17px\"><strong>Unsere Seminararbeit:<\/strong><\/h2>\n\n\n\n<p>Die Ausbildung orientiert sich am internen\u00a0<em>Seminarcurriculum<\/em>\u00a0[link]\u00a0und den f\u00fcnf Kompetenzbereichen der\u00a0<em>APVO-Lehr\u00a0[link].\u00a0<\/em>Zentrales Anliegen\u00a0unserer\u00a0Seminare ist ein anw\u00e4rter:innenorientiertes Arbeiten,\u00a0indem\u00a0Ihre Interessen und Bed\u00fcrfnisse\u00a0gezielt\u00a0ber\u00fccksichtigt werden.<\/p>\n<p>In den Seminarveranstaltungen\u00a0verzahnen\u00a0wir Theorie und Praxis des Sachunterrichts miteinander.\u00a0Dabei\u00a0flie\u00dfen Zusammenh\u00e4nge mit den\u00a0verschiedenen F\u00f6rderschwerpunkten kontinuierlich ein. Vielf\u00e4ltige\u00a0praxisrelevante\u00a0handlungs- und sch\u00fcler:innenenorientierte\u00a0Herangehensweisen\u00a0werden hinsichtlich\u00a0ihrer\u00a0(inklusiven) Umsetzung aus\u00a0fachdidaktischer\u00a0und sonderp\u00e4dagogischer Perspektive\u00a0erprobt und\u00a0reflektiert.<\/p>\n<p>Bei der\u00a0Auswahl\u00a0inhaltlicher\u00a0Schwerpunkte\u00a0integrieren und\u00a0verkn\u00fcpfen wir relevante, auf die f\u00fcnf Perspektiven des Sachunterrichts bezogene Inhalte mit\u00a0Fachprinzipien,\u00a0fachspezifischen Methoden und fachgem\u00e4\u00dfen Denk-, Arbeits- und Handlungsweisen.<\/p>\n\n\n\n<p style=\"font-size:17px\"><strong>M\u00f6gliche Seminarthemen:<\/strong><\/p>\n\n\n\n<ul class=\"wp-block-list\"><li>Planungsgrundlagen eines vielperspektivischen (inklusiven) Sachunterrichts<\/li><li>Leistungsfeststellung und -bewertung<\/li><li>f\u00e4cher\u00fcbergreifende Themen (z.B. Sexualbildung, Mobilit\u00e4t, Bildung nachhaltiger Entwicklung, Demokratiebildung, Sprachbildung etc.)<\/li><li>digitale Medien und Medienkompetenz<\/li><li>F\u00f6rdern und Differenzieren im Sachunterricht<\/li><li>Au\u00dferschulisches Lernen<\/li><li>Unterrichtseinstiege und Abschlussphasen im Sachunterricht<\/li><li>Offene Unterrichtsformen<\/li><li>Arbeit ohne Schriftsprache<\/li><li>Experimentieren&nbsp;im Sachunterricht<\/li><li>Spielen im Sachunterricht<\/li><li>Philosophieren im Sachunterricht<\/li><li>Sozialwissenschaftliche Perspektive:&nbsp;z.B. Kinderrechte, Werbung &amp; Konsum, Interkulturelles Lernen<\/li><li>Naturwissenschaftliche Perspektive:&nbsp;Pflanzen und Tiere im Sachunterricht, Bionik,&nbsp;der K\u00f6rper des Menschen und seine Gesunderhaltung, Ph\u00e4nomene der unbelebten Natur<\/li><li>Geographische Perspektive: Raumorientierung mit analogen und digitalen Orientierungsmitteln, Lebensr\u00e4ume \u2013 Nutzung, Gestaltung, Wandel<\/li><li>Historische Perspektive:&nbsp;Zeit und Zeitmessung, Historisches Lernen<\/li><li>Technische Perspektive:&nbsp;Bauen &amp; Konstruieren, Ver- und Entsorgung, Werkzeuge,&nbsp;Erfindungen<\/li><\/ul>\n\n\n\n<p style=\"font-size:17px\"><strong>Impressionen aus der Seminararbeit<\/strong>:<\/p>\n\n\n\n<figure class=\"wp-block-gallery has-nested-images columns-2 is-cropped wp-block-gallery-1 is-layout-flex wp-block-gallery-is-layout-flex\">\n<figure class=\"wp-block-image size-large\"><img loading=\"lazy\" decoding=\"async\" width=\"1024\" height=\"768\" data-id=\"59\" src=\"https:\/\/wordpress.nibis.de\/sts-h-so\/files\/2022\/03\/IMG_0945-1024x768.jpg\" alt=\"\" class=\"wp-image-59\" srcset=\"https:\/\/wordpress.nibis.de\/sts-h-so\/files\/2022\/03\/IMG_0945-1024x768.jpg 1024w, https:\/\/wordpress.nibis.de\/sts-h-so\/files\/2022\/03\/IMG_0945-300x225.jpg 300w, https:\/\/wordpress.nibis.de\/sts-h-so\/files\/2022\/03\/IMG_0945-768x576.jpg 768w, https:\/\/wordpress.nibis.de\/sts-h-so\/files\/2022\/03\/IMG_0945-1536x1152.jpg 1536w, https:\/\/wordpress.nibis.de\/sts-h-so\/files\/2022\/03\/IMG_0945-2048x1536.jpg 2048w, https:\/\/wordpress.nibis.de\/sts-h-so\/files\/2022\/03\/IMG_0945-400x300.jpg 400w\" sizes=\"auto, (max-width: 1024px) 100vw, 1024px\" \/><\/figure>\n\n\n\n<figure class=\"wp-block-image size-large\"><img loading=\"lazy\" decoding=\"async\" width=\"1024\" height=\"768\" data-id=\"62\" src=\"https:\/\/wordpress.nibis.de\/sts-h-so\/files\/2022\/03\/IMG_4556-1024x768.jpeg\" alt=\"\" class=\"wp-image-62\" srcset=\"https:\/\/wordpress.nibis.de\/sts-h-so\/files\/2022\/03\/IMG_4556-1024x768.jpeg 1024w, https:\/\/wordpress.nibis.de\/sts-h-so\/files\/2022\/03\/IMG_4556-300x225.jpeg 300w, https:\/\/wordpress.nibis.de\/sts-h-so\/files\/2022\/03\/IMG_4556-768x576.jpeg 768w, https:\/\/wordpress.nibis.de\/sts-h-so\/files\/2022\/03\/IMG_4556-1536x1152.jpeg 1536w, https:\/\/wordpress.nibis.de\/sts-h-so\/files\/2022\/03\/IMG_4556-2048x1536.jpeg 2048w, https:\/\/wordpress.nibis.de\/sts-h-so\/files\/2022\/03\/IMG_4556-400x300.jpeg 400w\" sizes=\"auto, (max-width: 1024px) 100vw, 1024px\" \/><\/figure>\n\n\n\n<figure class=\"wp-block-image size-large\"><img loading=\"lazy\" decoding=\"async\" width=\"1024\" height=\"768\" data-id=\"61\" src=\"https:\/\/wordpress.nibis.de\/sts-h-so\/files\/2022\/03\/IMG_3694-1024x768.jpg\" alt=\"\" class=\"wp-image-61\" srcset=\"https:\/\/wordpress.nibis.de\/sts-h-so\/files\/2022\/03\/IMG_3694-1024x768.jpg 1024w, https:\/\/wordpress.nibis.de\/sts-h-so\/files\/2022\/03\/IMG_3694-300x225.jpg 300w, https:\/\/wordpress.nibis.de\/sts-h-so\/files\/2022\/03\/IMG_3694-768x576.jpg 768w, https:\/\/wordpress.nibis.de\/sts-h-so\/files\/2022\/03\/IMG_3694-1536x1152.jpg 1536w, https:\/\/wordpress.nibis.de\/sts-h-so\/files\/2022\/03\/IMG_3694-2048x1536.jpg 2048w, https:\/\/wordpress.nibis.de\/sts-h-so\/files\/2022\/03\/IMG_3694-400x300.jpg 400w\" sizes=\"auto, (max-width: 1024px) 100vw, 1024px\" \/><\/figure>\n\n\n\n<figure class=\"wp-block-image size-large\"><img loading=\"lazy\" decoding=\"async\" width=\"1024\" height=\"768\" data-id=\"60\" src=\"https:\/\/wordpress.nibis.de\/sts-h-so\/files\/2022\/03\/IMG_4429-2-1-1024x768.jpeg\" alt=\"\" class=\"wp-image-60\" srcset=\"https:\/\/wordpress.nibis.de\/sts-h-so\/files\/2022\/03\/IMG_4429-2-1-1024x768.jpeg 1024w, https:\/\/wordpress.nibis.de\/sts-h-so\/files\/2022\/03\/IMG_4429-2-1-300x225.jpeg 300w, https:\/\/wordpress.nibis.de\/sts-h-so\/files\/2022\/03\/IMG_4429-2-1-768x576.jpeg 768w, https:\/\/wordpress.nibis.de\/sts-h-so\/files\/2022\/03\/IMG_4429-2-1-1536x1152.jpeg 1536w, https:\/\/wordpress.nibis.de\/sts-h-so\/files\/2022\/03\/IMG_4429-2-1-2048x1536.jpeg 2048w, https:\/\/wordpress.nibis.de\/sts-h-so\/files\/2022\/03\/IMG_4429-2-1-400x300.jpeg 400w\" sizes=\"auto, (max-width: 1024px) 100vw, 1024px\" \/><\/figure>\n<\/figure>\n\n\n\n<p><\/p>\n\n\n\n<p style=\"font-size:17px\"><strong>Wissenswertes:<\/strong><\/p>\n\n\n\n<h2 class=\"wp-block-heading\" style=\"font-size:17px\"><a href=\"https:\/\/wordpress.nibis.de\/sts-h-so\/files\/2022\/03\/FS-SU-Literatur-Grundlagen-Sascha-Splanemann-1.pdf\" target=\"_blank\" rel=\"noreferrer noopener\">Grundlagenliteratur<\/a>      <\/h2>\n\n\n\n<h2 class=\"wp-block-heading\" style=\"font-size:17px\"><a href=\"https:\/\/wordpress.nibis.de\/sts-h-so\/files\/2022\/03\/KC-GS-SU-Priorisierung-_Pandemie-ab-08.21.pdf\" target=\"_blank\" rel=\"noreferrer noopener\">Kerncurriculum Sachunterricht der Grundschule<\/a><\/h2>\n\n\n\n<h2 class=\"wp-block-heading\" style=\"font-size:17px\"><a href=\"https:\/\/wordpress.nibis.de\/sts-h-so\/files\/2022\/03\/Auszug-KC-Geistige-Entwicklung-Sachunterricht.pdf\" data-type=\"URL\" data-id=\"https:\/\/wordpress.nibis.de\/sts-h-so\/files\/2022\/03\/Auszug-KC-Geistige-Entwicklung-Sachunterricht.pdf\" target=\"_blank\" rel=\"noreferrer noopener\">Kerncurriculum Sachunterricht f\u00fcr den F\u00f6rderschwerpunkt Geistige Entwicklung<\/a><\/h2>\n\n\n\n<h2 class=\"wp-block-heading\" style=\"font-size:17px\"><a href=\"https:\/\/wordpress.nibis.de\/sts-h-so\/files\/2022\/03\/Auszug-Materialien-Foerderschwerpunkt-Lernen.pdf\" target=\"_blank\" rel=\"noreferrer noopener\">Materialien f\u00fcr einen kompetenzorientierten Unterricht im F\u00f6rderschwerpunkt Lernen (Sachunterricht)<\/a>   <\/h2>\n\n\n\n<p><a rel=\"noreferrer noopener\" href=\"https:\/\/www.nibis.de\/mobilitaet_8255\" target=\"_blank\">Curriculum Mobilit\u00e4t<\/a><\/p>\n\n\n\n<p><a rel=\"noreferrer noopener\" href=\"https:\/\/gdsu.de\/content\/perspektivrahmen-sachunterricht-0\" data-type=\"URL\" data-id=\"https:\/\/gdsu.de\/content\/perspektivrahmen-sachunterricht-0\" target=\"_blank\">Perspektivrahmen Sachunterricht der GDSU e.V.<\/a><\/p>\n\n\n\n<figure class=\"wp-block-embed is-type-video is-provider-youtube wp-block-embed-youtube wp-embed-aspect-4-3 wp-has-aspect-ratio\"><div class=\"wp-block-embed__wrapper\">\n<div  id=\"_ytid_23243\" class=\"__youtube_prefs__  __youtube_prefs_gdpr__  epyt-is-override \" allowfullscreen data-no-lazy=\"1\" data-skipgform_ajax_framebjll=\"\"><p><strong>Please accept YouTube cookies to play this video.<\/strong> By accepting you will be accessing content from YouTube, a service provided by an external third party.<\/p>\n<p><a href=\"https:\/\/policies.google.com\/privacy\" target=\"_blank\" rel=\"noopener\">YouTube privacy policy<\/a><\/p>\n<p>If you accept this notice, your choice will be saved and the page will refresh.<\/p>\n<button type=\"button\" class=\"__youtube_prefs_gdpr__\">https:\/\/youtu.be\/dmZAuv1zrdo Content<img decoding=\"async\" src=\"https:\/\/wordpress.nibis.de\/sts-h-so\/wp-content\/plugins\/youtube-embed-plus\/images\/icon-check.png\" alt=\"accept\" data-no-lazy=\"1\" data-skipgform_ajax_framebjll=\"\" \/><\/button><\/div>\n<\/div><\/figure>\n\n\n\n<figure class=\"wp-block-embed is-type-video is-provider-youtube wp-block-embed-youtube wp-embed-aspect-16-9 wp-has-aspect-ratio\"><div class=\"wp-block-embed__wrapper\">\n<div  id=\"_ytid_73520\" class=\"__youtube_prefs__  __youtube_prefs_gdpr__  epyt-is-override \" allowfullscreen data-no-lazy=\"1\" data-skipgform_ajax_framebjll=\"\"><p><strong>Please accept YouTube cookies to play this video.<\/strong> By accepting you will be accessing content from YouTube, a service provided by an external third party.<\/p>\n<p><a href=\"https:\/\/policies.google.com\/privacy\" target=\"_blank\" rel=\"noopener\">YouTube privacy policy<\/a><\/p>\n<p>If you accept this notice, your choice will be saved and the page will refresh.<\/p>\n<button type=\"button\" class=\"__youtube_prefs_gdpr__\">https:\/\/youtu.be\/dmZAuv1zrdo Content<img decoding=\"async\" src=\"https:\/\/wordpress.nibis.de\/sts-h-so\/wp-content\/plugins\/youtube-embed-plus\/images\/icon-check.png\" alt=\"accept\" data-no-lazy=\"1\" data-skipgform_ajax_framebjll=\"\" \/><\/button><\/div>\n<\/div><\/figure>\n\n\n\n<p><\/p>\n\n\n\n<p class=\"has-text-align-center\">siehe auch<\/p>\n\n\n\n<div class=\"wp-block-buttons is-content-justification-center is-layout-flex wp-container-core-buttons-is-layout-16018d1d wp-block-buttons-is-layout-flex\">\n<div class=\"wp-block-button\"><a class=\"wp-block-button__link\" href=\"https:\/\/wordpress.nibis.de\/sts-h-so\/ausbildung\/fachidaktiken\/deutsch\/\">Deutsch<\/a><\/div>\n\n\n\n<div class=\"wp-block-button\"><a class=\"wp-block-button__link\" href=\"https:\/\/wordpress.nibis.de\/sts-h-so\/ausbildung\/fachidaktiken\/kunst\/\">Kunst<\/a><\/div>\n\n\n\n<div class=\"wp-block-button\"><a class=\"wp-block-button__link\" href=\"https:\/\/wordpress.nibis.de\/sts-h-so\/ausbildung\/fachidaktiken\/mathematik\/\">Mathematik<\/a><\/div>\n\n\n\n<div class=\"wp-block-button\"><a class=\"wp-block-button__link\" href=\"https:\/\/wordpress.nibis.de\/sts-h-so\/ausbildung\/fachidaktiken\/musik\/\">Musik<\/a><\/div>\n\n\n\n<div class=\"wp-block-button\"><a class=\"wp-block-button__link\" href=\"https:\/\/wordpress.nibis.de\/sts-h-so\/ausbildung\/fachidaktiken\/sport\/\">Sport<\/a><\/div>\n\n\n\n<div class=\"wp-block-button\"><a class=\"wp-block-button__link\" href=\"https:\/\/wordpress.nibis.de\/sts-h-so\/ausbildung\/fachidaktiken\/weitere-fachdidaktiken\/\">Weitere Fachdidaktiken<\/a><\/div>\n<\/div>\n\n\n\n<p><\/p>\n\n\n\n<p class=\"has-text-align-center\">zur\u00fcck zu:<\/p>\n\n\n\n<div class=\"wp-block-buttons is-layout-flex wp-block-buttons-is-layout-flex\">\n<div class=\"wp-block-button aligncenter\"><a class=\"wp-block-button__link\" href=\"https:\/\/wordpress.nibis.de\/sts-h-so\/ausbildung\/\">Ausbildung<\/a><\/div>\n<\/div>\n","protected":false},"excerpt":{"rendered":"<p>Fachdidaktik Sachunterricht! Im Sachunterricht bilden wir, Katharina Nolte und Sascha Splanemann, Sie in zwei Fachseminaren aus. Unser Grundverst\u00e4ndnis vom Sachunterricht: Sachunterricht&#8230; ist Welterkundung und f\u00f6rdert die direkte Begegnung der Kinder mit der Wirklichkeit greift Ph\u00e4nomene und epochaltypische Schl\u00fcsselprobleme&nbsp;der Lebenswirklichkeit&nbsp;vielperspektivisch&nbsp;auf geht von der unmittelbaren Lebenswelt der Kinder aus und bezieht deren&nbsp;Fragen,&nbsp;Interessen&nbsp;und&nbsp;Vorerfahrungen ein. vermittelt den Kindern Sach-, &#8230; <a title=\"Sachunterricht\" class=\"read-more\" href=\"https:\/\/wordpress.nibis.de\/sts-h-so\/ausbildung\/fachidaktiken\/fachdidaktik-sachunterricht\/\" aria-label=\"Mehr Informationen \u00fcber Sachunterricht\">Weiterlesen<\/a><\/p>\n","protected":false},"author":903,"featured_media":0,"parent":145,"menu_order":0,"comment_status":"closed","ping_status":"closed","template":"","meta":{"footnotes":""},"class_list":["post-42","page","type-page","status-publish"],"_links":{"self":[{"href":"https:\/\/wordpress.nibis.de\/sts-h-so\/wp-json\/wp\/v2\/pages\/42","targetHints":{"allow":["GET"]}}],"collection":[{"href":"https:\/\/wordpress.nibis.de\/sts-h-so\/wp-json\/wp\/v2\/pages"}],"about":[{"href":"https:\/\/wordpress.nibis.de\/sts-h-so\/wp-json\/wp\/v2\/types\/page"}],"author":[{"embeddable":true,"href":"https:\/\/wordpress.nibis.de\/sts-h-so\/wp-json\/wp\/v2\/users\/903"}],"replies":[{"embeddable":true,"href":"https:\/\/wordpress.nibis.de\/sts-h-so\/wp-json\/wp\/v2\/comments?post=42"}],"version-history":[{"count":53,"href":"https:\/\/wordpress.nibis.de\/sts-h-so\/wp-json\/wp\/v2\/pages\/42\/revisions"}],"predecessor-version":[{"id":1274,"href":"https:\/\/wordpress.nibis.de\/sts-h-so\/wp-json\/wp\/v2\/pages\/42\/revisions\/1274"}],"up":[{"embeddable":true,"href":"https:\/\/wordpress.nibis.de\/sts-h-so\/wp-json\/wp\/v2\/pages\/145"}],"wp:attachment":[{"href":"https:\/\/wordpress.nibis.de\/sts-h-so\/wp-json\/wp\/v2\/media?parent=42"}],"curies":[{"name":"wp","href":"https:\/\/api.w.org\/{rel}","templated":true}]}}