{"id":850,"date":"2023-02-17T09:45:46","date_gmt":"2023-02-17T08:45:46","guid":{"rendered":"https:\/\/wordpress.nibis.de\/sts-h-so\/?page_id=850"},"modified":"2025-03-30T20:29:44","modified_gmt":"2025-03-30T18:29:44","slug":"neue-livd","status":"publish","type":"page","link":"https:\/\/wordpress.nibis.de\/sts-h-so\/neue-livd\/","title":{"rendered":"Neue LiVD"},"content":{"rendered":"\n<p class=\"has-text-align-center\" style=\"font-size:30px\">Neu bei uns im Studienseminar?<\/p>\n\n\n\n<p class=\"has-text-align-center\">Sie haben einen Zulassungsbescheid durch das Regionale Landesamt f\u00fcr Schule und Bildung Braunschweig erhalten? <\/p>\n\n\n\n<p class=\"has-text-align-center\">Sie werden Ihren Vorbereitungsdienst an unserem Studienseminar absolvieren? Dann&#8230;<\/p>\n\n\n\n<p class=\"has-text-align-center\" style=\"font-size:30px\">HERZLICH WILLKOMMEN!<\/p>\n\n\n\n<p><\/p>\n\n\n\n<p class=\"has-text-align-center\">Alle wichtigen Startinformationen erhalten Sie von uns in K\u00fcrze und im Rahmen der Einf\u00fchrungstage zu Beginn Ihrer Ausbildungszeit.<\/p>\n\n\n\n<p class=\"has-text-align-center\">W\u00e4hrend Ihrer Ausbildungszeit werden wir mit Ihnen in hohem Ma\u00dfe \u00fcber unser Lernmanagementsystem <a href=\"https:\/\/stsniedersachsen.itslearning.com\/\" data-type=\"URL\" data-id=\"https:\/\/stsniedersachsen.itslearning.com\/\" target=\"_blank\" rel=\"noreferrer noopener\">itslearning<\/a> kommunizieren. Die Zugangsdaten erhalten Sie mit Start der Ausbildung!<\/p>\n\n\n\n<p class=\"has-text-align-center\">Bei Fragen und Anliegen nehmen Sie bitte <a href=\"https:\/\/wordpress.nibis.de\/sts-h-so\/start\/kontakt\/\" data-type=\"page\" data-id=\"192\">Kontakt<\/a> mit uns auf!<\/p>\n\n\n\n<p><\/p>\n\n\n\n<p class=\"has-text-align-center\">Wir freuen uns auf Sie!<\/p>\n\n\n\n<p class=\"has-text-align-center\">zur\u00fcck zu:<\/p>\n\n\n\n<div class=\"wp-block-buttons is-layout-flex wp-block-buttons-is-layout-flex\">\n<div class=\"wp-block-button aligncenter\"><a class=\"wp-block-button__link\" href=\"https:\/\/wordpress.nibis.de\/sts-h-so\/ausbildung\/\">Ausbildung<\/a><\/div>\n<\/div>\n\n\n\n<p> <\/p>\n","protected":false},"excerpt":{"rendered":"<p>Neu bei uns im Studienseminar? Sie haben einen Zulassungsbescheid durch das Regionale Landesamt f\u00fcr Schule und Bildung Braunschweig erhalten? Sie werden Ihren Vorbereitungsdienst an unserem Studienseminar absolvieren? Dann&#8230; HERZLICH WILLKOMMEN! Alle wichtigen Startinformationen erhalten Sie von uns in K\u00fcrze und im Rahmen der Einf\u00fchrungstage zu Beginn Ihrer Ausbildungszeit. W\u00e4hrend Ihrer Ausbildungszeit werden wir mit Ihnen &#8230; <a title=\"Neue LiVD\" class=\"read-more\" href=\"https:\/\/wordpress.nibis.de\/sts-h-so\/neue-livd\/\" aria-label=\"Mehr Informationen \u00fcber Neue LiVD\">Weiterlesen<\/a><\/p>\n","protected":false},"author":907,"featured_media":0,"parent":0,"menu_order":0,"comment_status":"closed","ping_status":"closed","template":"","meta":{"footnotes":""},"class_list":["post-850","page","type-page","status-publish"],"_links":{"self":[{"href":"https:\/\/wordpress.nibis.de\/sts-h-so\/wp-json\/wp\/v2\/pages\/850","targetHints":{"allow":["GET"]}}],"collection":[{"href":"https:\/\/wordpress.nibis.de\/sts-h-so\/wp-json\/wp\/v2\/pages"}],"about":[{"href":"https:\/\/wordpress.nibis.de\/sts-h-so\/wp-json\/wp\/v2\/types\/page"}],"author":[{"embeddable":true,"href":"https:\/\/wordpress.nibis.de\/sts-h-so\/wp-json\/wp\/v2\/users\/907"}],"replies":[{"embeddable":true,"href":"https:\/\/wordpress.nibis.de\/sts-h-so\/wp-json\/wp\/v2\/comments?post=850"}],"version-history":[{"count":11,"href":"https:\/\/wordpress.nibis.de\/sts-h-so\/wp-json\/wp\/v2\/pages\/850\/revisions"}],"predecessor-version":[{"id":1471,"href":"https:\/\/wordpress.nibis.de\/sts-h-so\/wp-json\/wp\/v2\/pages\/850\/revisions\/1471"}],"wp:attachment":[{"href":"https:\/\/wordpress.nibis.de\/sts-h-so\/wp-json\/wp\/v2\/media?parent=850"}],"curies":[{"name":"wp","href":"https:\/\/api.w.org\/{rel}","templated":true}]}}