{"id":86,"date":"2022-03-20T18:40:49","date_gmt":"2022-03-20T17:40:49","guid":{"rendered":"https:\/\/wordpress.nibis.de\/sts-h-so\/?page_id=86"},"modified":"2023-11-27T12:56:35","modified_gmt":"2023-11-27T11:56:35","slug":"datenschutz","status":"publish","type":"page","link":"https:\/\/wordpress.nibis.de\/sts-h-so\/datenschutz\/","title":{"rendered":"Datenschutz"},"content":{"rendered":"\n<p style=\"font-size:30px\">Datenschutz und Haftungsausschluss<\/p>\n\n\n\n<p><strong>I. Name und Anschrift der Verantwortlichen<\/strong><\/p>\n\n\n\n<p>Studienseminar Hannover f\u00fcr das Lehramt Sonderp\u00e4dagogik <br>Wunstorfer Str. 28            <br>30453 Hannover<br><br>Telefon: 0511-22861651<br>E-Mail:&#x70;&#x6f;&#x73;&#116;&#115;te&#x6c;&#x6c;&#x65;&#64;&#115;em&#x69;&#x6e;&#x61;&#114;&#45;h-&#x73;&#x6f;&#x2e;&#110;&#105;ed&#x65;&#x72;&#x73;&#97;&#99;hs&#x65;&#x6e;&#x2e;&#100;&#101;<\/p>\n\n\n\n<p><strong>Vertretungsberechtigt<\/strong><br>Afra Kiehl-Will, Seminarrektorin<\/p>\n\n\n\n<p><strong>II. Name und Anschrift der Datenschutzbeauftragten<\/strong><\/p>\n\n\n\n<p>N.N.<br>E-Mail: N.N.<\/p>\n\n\n\n<p>Vertretung:<br>N.N.<br>E-Mail: N.N.<\/p>\n\n\n\n<p><strong>III. Zust\u00e4ndige Aufsichtsbeh\u00f6rden<\/strong><br><br>RLSB Hannover<br>Mail\u00e4nder Str.2<br>30539 Hannover<br>Email: &#115;&#101;&#x72;v&#105;&#x63;&#x65;&#64;&#114;&#x6c;&#x73;b&#45;&#x68;&#x2e;n&#105;&#x65;&#x64;e&#114;&#x73;&#x61;c&#104;&#x73;e&#110;&#46;&#x64;e<\/p>\n\n\n\n<p>Nieders\u00e4chsisches Kultusministerium (Presse- und \u00d6ffentlichkeitsarbei)<br>Hans-B\u00f6ckler-Allee 5<br>30173 Hannover<br>Email: pressestelle&#64;&#109;&#107;&#46;&#110;&#105;&#101;&#100;&#101;&#114;&#115;&#97;&#99;&#104;&#115;&#x65;&#x6e;&#x2e;&#x64;&#x65;<\/p>\n\n\n\n<p><strong>IV. Bereitstellung der Website und Erstellung von Logfiles<br><\/strong>Bei jedem Aufruf unserer Internetseite erfasst unser System automatisiert Daten und Informationen vom Computersystem des aufrufenden Rechners. Folgende Daten werden hierbei erhoben:<\/p>\n\n\n\n<p>(1) Datum und Uhrzeit des Zugriffes<br>(2) Vom System protokollierte Fehler beim Aufruf unserer Seiten<br>(3) Die IP-Adresse des Nutzers<br>(4) Die Betriebssystemversion des Nutzers<br>(5) Der Browsertyp des Nutzers<br>(6) Die vom Nutzer aufgerufene Seite<br>(7) Die Weiterleitung auf eine externe Seite<\/p>\n\n\n\n<p>Die Daten werden in den Logfiles gespeichert. Eine Speicherung dieser Daten zusammen mit anderen personenbezogenen Daten des Nutzers findet nicht statt. Zweck der Datenspeicherung ist technische Optimierung unserer Internetseite. Rechtsgrundlage f\u00fcr die vor\u00fcbergehende Speicherung der Daten ist Art. 6 Abs.1 lit.f DSGVO.<\/p>\n\n\n\n<p>Die Daten werden f\u00fcr 8 Wochen gespeichert, sie werden lediglich statistisch ausgewertet. Danach werden sie gel\u00f6scht.<\/p>\n\n\n\n<p><strong>V. Verwendung von Cookies<br><\/strong>Beim Anmelden in WordPress werden Cookies eingerichtet, um die Anmeldeinformationen und Anzeigeoptionen zu speichern. Anmelde-Cookies verfallen nach zwei Tagen und Cookies f\u00fcr die Anzeigeoptionen nach einem Jahr. Falls Sie bei der Anmeldung \u201eAngemeldet bleiben\u201c ausgew\u00e4hlt haben, wird Ihre Anmeldung zwei Wochen lang aufrechterhalten. Mit der Abmeldung aus Ihrem Konto werden die Anmelde-Cookies gel\u00f6scht.<\/p>\n\n\n\n<p><strong>VI. Speicherung personenbezogener Daten bei Kontaktaufnahme<br><\/strong>Sofern Sie per E-Mail den Kontakt mit uns aufnehmen, werden die von Ihnen \u00fcbermittelten personenbezogenen Daten automatisch gespeichert. Diese Daten werden f\u00fcr Zwecke der Bearbeitung Ihres Anliegens und der Kontaktaufnahme mit Ihnen gespeichert.<\/p>\n\n\n\n<p>Wenn Sie Gebrauch von unserem Kontaktformular machen, werden die folgenden personenbezogenen Daten von Ihnen gespeichert: Ihr Name, Ihre Anschrift, Ihre E-Mail-Adresse.<\/p>\n\n\n\n<p>Die L\u00f6schung der Daten erfolgt, sobald deren Speicherung f\u00fcr die Bearbeitung Ihres Anliegens nicht mehr erforderlich ist.<\/p>\n\n\n\n<p>Eine \u00dcbermittlung Ihrer pers\u00f6nlichen Daten an Dritte findet nicht statt.<\/p>\n\n\n\n<p><strong>VII. Kontaktformulare<br><\/strong>Wenn Sie einen Kommentar auf unserer Website schreiben, kann das eine Einwilligung sein, Ihren Namen, E-Mailadresse und Website in Cookies zu speichern. Dies ist eine Komfortfunktion, damit Sie nicht, wenn Sie einen weiteren Kommentar schreiben, all diese Daten erneut eingeben m\u00fcssen. Diese Cookies werden ein Jahr lang gespeichert.<\/p>\n\n\n\n<p><strong>VIII. Medien<br><\/strong>Wenn Sie ein registrierter Benutzer sind und Fotos auf diese Website laden, sollten Sie vermeiden Fotos mit einer EXIF-GPS-Standort hochzuladen. Besucher dieser Website k\u00f6nnten Fotos, die auf dieser Website gespeichert sind, herunterladen und deren Standort-Informationen extrahieren.<\/p>\n\n\n\n<p><strong>IX. Eingebettete Inhalte von anderen Websites<br><\/strong>Beitr\u00e4ge auf dieser Website k\u00f6nnen eingebettete Inhalte beinhalten (z. B. Videos, Bilder, Beitr\u00e4ge etc.). Eingebettete Inhalte von anderen Websites verhalten sich exakt so, als ob der Besucher die andere Website besucht h\u00e4tte.<br>Diese Websites k\u00f6nnen Daten \u00fcber Sie sammeln, Cookies benutzen, zus\u00e4tzliche Tracking-Dienste von Dritten einbetten und Ihre Interaktion mit diesem eingebetteten Inhalt aufzeichnen, inklusive Ihrer Interaktion mit dem eingebetteten Inhalt, falls Sie ein Konto haben und auf dieser Website angemeldet sind.\u201c<\/p>\n\n\n\n<p><strong>X. Betroffenenrechte<br><\/strong>Sie k\u00f6nnen folgende Rechte geltend machen:<\/p>\n\n\n\n<p><em>\u2022 Auskunft\/ Akteneinsicht<\/em><br>Gem. Art. 15 DSGVO haben Sie das Recht, Auskunft bzw. Akteneinsicht \u00fcber die von uns verarbeiteten personenbezogenen Daten zu erhalten.<\/p>\n\n\n\n<p><em>\u2022 Berichtigung<\/em><br>Sind bei uns gespeicherte personenbezogene Daten unrichtig oder unvollst\u00e4ndig, haben Sie gem. Art. 16 DSGVO das Recht, diese berichtigen bzw. vervollst\u00e4ndigen zu lassen.<\/p>\n\n\n\n<p><em>\u2022 L\u00f6schung<\/em><br>Art. 17 DSGVO normiert das Recht auf L\u00f6schung personenbezogener Daten. Dieses Recht steht Ihnen insbesondere dann zu, wenn die Speicherung der personenbezogenen Daten zur Erf\u00fcllung unserer gesetzlichen Aufgaben nicht mehr erforderlich ist oder Sie Ihre Einwilligung zur Datenverarbeitung mit Wirkung f\u00fcr die Zukunft widerrufen haben.<\/p>\n\n\n\n<p><em>\u2022 Einschr\u00e4nkung der Verarbeitung<\/em><br>Gem. Art. 18 DSGVO k\u00f6nnen Sie die Einschr\u00e4nkung der personenbezogenen Daten verlangen, wenn<br>\u2013 die Richtigkeit der Daten von Ihnen bestritten wird<br>\u2013 die Verarbeitung unrechtm\u00e4\u00dfig ist, Sie aber deren L\u00f6schung ablehnen<br>\u2013 wir die Daten nicht mehr ben\u00f6tigen, Sie jedoch diese zur Geltendmachung, Aus\u00fcbung oder Verteidigung von Rechtsanspr\u00fcchen ben\u00f6tigen<br>\u2013 oder Sie gem\u00e4\u00df Art. 21 DSGVO Widerspruch gegen die Verarbeitung eingelegt haben<\/p>\n\n\n\n<p><em>\u2022 Widerspruch<\/em><br>Sie k\u00f6nnen bei Gr\u00fcnden, die sich aus Ihrer besonderen Situation ergeben, ein Widerspruchsrecht geltend machen. Gem. Art. 21 DSGVO ist jedoch zu ber\u00fccksichtigten, ob schutzw\u00fcrdige Gr\u00fcnde f\u00fcr die Verarbeitung vorliegen oder die Verarbeitung der Geltendmachung, Aus\u00fcbung oder Verteidigung von Rechtsanspr\u00fcchen dient.<\/p>\n\n\n\n<p>M\u00f6chten Sie von Ihrem Widerspruchsrecht Gebrauch machen, gen\u00fcgt eine E-Mail an: &#x70;&#x6f;&#115;&#116;s&#x74;&#x65;&#x6c;&#108;e&#64;&#x73;&#x74;&#115;&#45;h&#x2d;&#x73;&#x6f;&#46;ni&#x65;&#x64;&#101;&#114;s&#x61;&#x63;&#x68;&#115;en&#x2e;&#x64;&#101;<\/p>\n\n\n\n<p><em>\u2022 Daten\u00fcbertragbarkeit<\/em><br>Ist die Verarbeitung Ihrer Daten mit Hilfe eines automatisierten Verfahrens erfolgt, haben Sie gem. Art. 20 DSGVO das Recht, die Daten in einem g\u00e4ngigen und maschinenlesbaren Format zu erhalten und an eine andere Schule zu \u00fcbermitteln bzw. durch uns \u00fcbermitteln zu lassen.<\/p>\n\n\n\n<p><em>\u2022 Widerruf der Einwilligung<\/em><br>Sie haben gem. Art. 7 Absatz 3 DSGVO das Recht, uns erteilte Einwilligungen jederzeit mit Wirkung f\u00fcr die Zukunft zu widerrufen.<\/p>\n\n\n\n<p><em>\u2022 Beschwerde<\/em><br>Art. 77 DSGVO normiert ein Beschwerderecht bei der Aufsichtsbeh\u00f6rde. Die f\u00fcr uns zust\u00e4ndige Aufsichtsbeh\u00f6rde ist die Landesbeauftragte f\u00fcr den Datenschutz Niedersachsen, Prinzenstra\u00dfe 5, 30159 Hannover. E-Mail: &#x70;o&#x73;&#116;&#x73;&#116;&#x65;&#x6c;l&#x65;&#64;&#x6c;&#102;&#x64;&#46;n&#x69;&#101;&#x64;&#101;&#x72;&#115;a&#x63;&#104;&#x73;&#101;&#x6e;&#46;d&#x65;<\/p>\n\n\n\n<p><\/p>\n\n\n\n<p class=\"has-medium-font-size\"><strong>Haftung f\u00fcr Inhalte<\/strong><\/p>\n\n\n\n<p>Die Inhalte unserer Seiten wurden mit gr\u00f6\u00dfter Sorgfalt erstellt. F\u00fcr die Richtigkeit, Vollst\u00e4ndigkeit und Aktualit\u00e4t der Inhalte k\u00f6nnen wir jedoch keine Gew\u00e4hr \u00fcbernehmen. Als Diensteanbieter sind wir gem\u00e4\u00df \u00a7 7 Abs.1 TMG f\u00fcr eigene Inhalte auf diesen Seiten nach den allgemeinen Gesetzen verantwortlich. Nach \u00a7\u00a7 8 bis 10 TMG sind wir als Diensteanbieter jedoch nicht verpflichtet, \u00fcbermittelte oder gespeicherte fremde Informationen zu \u00fcberwachen oder nach Umst\u00e4nden zu forschen, die auf eine rechtswidrige T\u00e4tigkeit hinweisen. Verpflichtungen zur Entfernung oder Sperrung der Nutzung von Informationen nach den allgemeinen Gesetzen bleiben hiervon unber\u00fchrt. Eine diesbez\u00fcgliche Haftung ist jedoch erst ab dem Zeitpunkt der Kenntnis einer konkreten Rechtsverletzung m\u00f6glich. Bei Bekanntwerden von entsprechenden Rechtsverletzungen werden wir diese Inhalte umgehend entfernen.<\/p>\n\n\n\n<p class=\"has-medium-font-size\"><strong>Haftung f\u00fcr Links<\/strong><\/p>\n\n\n\n<p>Unser Angebot enth\u00e4lt Links zu externen Webseiten Dritter, auf deren Inhalte wir keinen Einfluss haben. Deshalb k\u00f6nnen wir f\u00fcr diese fremden Inhalte auch keine Gew\u00e4hr \u00fcbernehmen. F\u00fcr die Inhalte der verlinkten Seiten ist stets der jeweilige Anbieter oder Betreiber der Seiten verantwortlich. Die verlinkten Seiten wurden zum Zeitpunkt der Verlinkung auf m\u00f6gliche Rechtsverst\u00f6\u00dfe \u00fcberpr\u00fcft. Rechtswidrige Inhalte waren zum Zeitpunkt der Verlinkung nicht erkennbar. Eine permanente inhaltliche Kontrolle der verlinkten Seiten ist jedoch ohne konkrete Anhaltspunkte einer Rechtsverletzung nicht zumutbar. Bei Bekanntwerden von Rechtsverletzungen werden wir derartige Links umgehend entfernen.<\/p>\n\n\n\n<p class=\"has-medium-font-size\"><strong>Urheberrecht<\/strong><\/p>\n\n\n\n<p>Die durch die Seitenbetreiber erstellten Inhalte und Werke auf diesen Seiten unterliegen dem deutschen Urheberrecht. Die Vervielf\u00e4ltigung, Bearbeitung, Verbreitung und jede Art der Verwertung au\u00dferhalb der Grenzen des Urheberrechtes bed\u00fcrfen der schriftlichen Zustimmung des jeweiligen Autors bzw. Erstellers. Downloads und Kopien dieser Seite sind nur f\u00fcr den privaten, nicht kommerziellen Gebrauch gestattet. Soweit die Inhalte auf dieser Seite nicht vom Betreiber erstellt wurden, werden die Urheberrechte Dritter beachtet. Insbesondere werden Inhalte Dritter als solche gekennzeichnet. Sollten Sie trotzdem auf eine Urheberrechtsverletzung aufmerksam werden, bitten wir um einen entsprechenden Hinweis. Bei Bekanntwerden von Rechtsverletzungen werden wir derartige Inhalte umgehend entfernen.<\/p>\n\n\n\n<p><\/p>\n\n\n\n<p>Hannover, im September 2023<\/p>\n\n\n\n<p><\/p>\n\n\n\n<p><\/p>\n","protected":false},"excerpt":{"rendered":"<p>Datenschutz und Haftungsausschluss I. Name und Anschrift der Verantwortlichen Studienseminar Hannover f\u00fcr das Lehramt Sonderp\u00e4dagogik Wunstorfer Str. 28 30453 Hannover Telefon: 0511-22861651E-Mail:&#112;&#x6f;&#115;&#x74;&#115;&#x74;e&#x6c;l&#101;&#x40;&#115;&#x65;&#109;&#x69;n&#x61;r&#45;&#x68;&#45;&#x73;&#111;&#x2e;&#110;&#x69;e&#x64;e&#114;&#x73;&#97;&#x63;&#104;&#x73;e&#x6e;&#46;&#100;&#x65; VertretungsberechtigtAfra Kiehl-Will, Seminarrektorin II. Name und Anschrift der Datenschutzbeauftragten N.N.E-Mail: N.N. Vertretung:N.N.E-Mail: N.N. III. Zust\u00e4ndige Aufsichtsbeh\u00f6rden RLSB HannoverMail\u00e4nder Str.230539 HannoverEmail: &#115;&#x65;&#114;&#x76;&#105;&#x63;e&#x40;r&#x6c;s&#98;&#x2d;&#104;&#x2e;&#110;&#x69;&#101;&#x64;e&#x72;s&#x61;c&#104;&#x73;&#101;&#x6e;&#46;&#x64;&#101; Nieders\u00e4chsisches Kultusministerium (Presse- und \u00d6ffentlichkeitsarbei)Hans-B\u00f6ckler-Allee 530173 HannoverEmail: p&#114;&#x65;&#x73;s&#101;&#x73;&#x74;e&#108;&#108;&#x65;&#x40;m&#107;&#x2e;&#x6e;i&#101;&#x64;&#x65;r&#115;&#97;&#x63;&#x68;s&#101;&#x6e;&#x2e;d&#101; IV. Bereitstellung der Website &#8230; <a title=\"Datenschutz\" class=\"read-more\" href=\"https:\/\/wordpress.nibis.de\/sts-h-so\/datenschutz\/\" aria-label=\"Mehr Informationen \u00fcber Datenschutz\">Weiterlesen<\/a><\/p>\n","protected":false},"author":354,"featured_media":0,"parent":0,"menu_order":0,"comment_status":"closed","ping_status":"closed","template":"","meta":{"footnotes":""},"class_list":["post-86","page","type-page","status-publish"],"_links":{"self":[{"href":"https:\/\/wordpress.nibis.de\/sts-h-so\/wp-json\/wp\/v2\/pages\/86","targetHints":{"allow":["GET"]}}],"collection":[{"href":"https:\/\/wordpress.nibis.de\/sts-h-so\/wp-json\/wp\/v2\/pages"}],"about":[{"href":"https:\/\/wordpress.nibis.de\/sts-h-so\/wp-json\/wp\/v2\/types\/page"}],"author":[{"embeddable":true,"href":"https:\/\/wordpress.nibis.de\/sts-h-so\/wp-json\/wp\/v2\/users\/354"}],"replies":[{"embeddable":true,"href":"https:\/\/wordpress.nibis.de\/sts-h-so\/wp-json\/wp\/v2\/comments?post=86"}],"version-history":[{"count":13,"href":"https:\/\/wordpress.nibis.de\/sts-h-so\/wp-json\/wp\/v2\/pages\/86\/revisions"}],"predecessor-version":[{"id":1351,"href":"https:\/\/wordpress.nibis.de\/sts-h-so\/wp-json\/wp\/v2\/pages\/86\/revisions\/1351"}],"wp:attachment":[{"href":"https:\/\/wordpress.nibis.de\/sts-h-so\/wp-json\/wp\/v2\/media?parent=86"}],"curies":[{"name":"wp","href":"https:\/\/api.w.org\/{rel}","templated":true}]}}