{"id":893,"date":"2023-09-04T16:20:33","date_gmt":"2023-09-04T14:20:33","guid":{"rendered":"https:\/\/wordpress.nibis.de\/sts-h-so\/?page_id=893"},"modified":"2023-11-08T19:49:54","modified_gmt":"2023-11-08T18:49:54","slug":"zq-medien","status":"publish","type":"page","link":"https:\/\/wordpress.nibis.de\/sts-h-so\/ausbildung\/zusatzqualifikationen\/zq-medien\/","title":{"rendered":""},"content":{"rendered":"\n<p class=\"has-text-align-center\" style=\"font-size:30px\">ZQ Medienkompetent(z) unterrichten<\/p>\n\n\n\n<div class=\"wp-block-image\"><figure class=\"aligncenter size-large\"><img loading=\"lazy\" decoding=\"async\" width=\"1024\" height=\"682\" src=\"https:\/\/wordpress.nibis.de\/sts-h-so\/files\/2012\/10\/16-1024x682.jpg\" alt=\"\" class=\"wp-image-115\" srcset=\"https:\/\/wordpress.nibis.de\/sts-h-so\/files\/2012\/10\/16-1024x682.jpg 1024w, https:\/\/wordpress.nibis.de\/sts-h-so\/files\/2012\/10\/16-300x200.jpg 300w, https:\/\/wordpress.nibis.de\/sts-h-so\/files\/2012\/10\/16-768x512.jpg 768w, https:\/\/wordpress.nibis.de\/sts-h-so\/files\/2012\/10\/16.jpg 1280w\" sizes=\"auto, (max-width: 1024px) 100vw, 1024px\" \/><\/figure><\/div>\n\n\n\n<div class=\"wp-block-image\"><figure class=\"aligncenter size-large\"><img loading=\"lazy\" decoding=\"async\" width=\"1024\" height=\"621\" src=\"https:\/\/wordpress.nibis.de\/sts-h-so\/files\/2023\/11\/ZQ-MEdien-3-1024x621.jpeg\" alt=\"\" class=\"wp-image-1315\" srcset=\"https:\/\/wordpress.nibis.de\/sts-h-so\/files\/2023\/11\/ZQ-MEdien-3-1024x621.jpeg 1024w, https:\/\/wordpress.nibis.de\/sts-h-so\/files\/2023\/11\/ZQ-MEdien-3-300x182.jpeg 300w, https:\/\/wordpress.nibis.de\/sts-h-so\/files\/2023\/11\/ZQ-MEdien-3-768x466.jpeg 768w, https:\/\/wordpress.nibis.de\/sts-h-so\/files\/2023\/11\/ZQ-MEdien-3-1536x932.jpeg 1536w, https:\/\/wordpress.nibis.de\/sts-h-so\/files\/2023\/11\/ZQ-MEdien-3.jpeg 1924w\" sizes=\"auto, (max-width: 1024px) 100vw, 1024px\" \/><\/figure><\/div>\n\n\n\n<div class=\"wp-block-image\"><figure class=\"aligncenter size-large\"><img loading=\"lazy\" decoding=\"async\" width=\"1024\" height=\"682\" src=\"https:\/\/wordpress.nibis.de\/sts-h-so\/files\/2012\/10\/13-1024x682.jpg\" alt=\"\" class=\"wp-image-114\" srcset=\"https:\/\/wordpress.nibis.de\/sts-h-so\/files\/2012\/10\/13-1024x682.jpg 1024w, https:\/\/wordpress.nibis.de\/sts-h-so\/files\/2012\/10\/13-300x200.jpg 300w, https:\/\/wordpress.nibis.de\/sts-h-so\/files\/2012\/10\/13-768x512.jpg 768w, https:\/\/wordpress.nibis.de\/sts-h-so\/files\/2012\/10\/13.jpg 1280w\" sizes=\"auto, (max-width: 1024px) 100vw, 1024px\" \/><\/figure><\/div>\n\n\n\n<p class=\"has-text-align-center\">Durchf\u00fchrung: <a href=\"&#109;&#x61;&#105;&#x6c;t&#x6f;:&#106;&#x65;&#110;&#x73;&#46;&#x6b;o&#101;&#x67;&#101;&#x6c;&#64;&#x73;t&#115;&#x2d;&#104;&#x2d;s&#x6f;p&#46;&#x64;&#101;]\" data-type=\"URL\" data-id=\"Mailto: &#106;&#x65;n&#115;&#x2e;&#107;&#x6f;e&#103;&#x65;l&#x40;&#x73;&#116;&#x73;-&#104;&#x2d;s&#x6f;&#x70;&#46;&#x64;e]\">Jens K\u00f6gel<\/a> und <a href=\"&#x6d;&#x61;&#x69;&#x6c;&#x74;&#x6f;&#x3a;&#x6b;&#117;&#114;&#122;&#64;&#115;&#116;&#115;-h-s&#x6f;&#x70;&#x2e;&#x64;&#x65;\">Robert Kurz<\/a> <\/p>\n\n\n\n<p class=\"has-text-align-center\">siehe auch<\/p>\n\n\n\n<div class=\"wp-block-buttons is-content-justification-center is-layout-flex wp-container-core-buttons-is-layout-16018d1d wp-block-buttons-is-layout-flex\">\n<div class=\"wp-block-button\"><a class=\"wp-block-button__link\" href=\"https:\/\/wordpress.nibis.de\/sts-h-so\/ausbildung\/zusatzqualifikationen\/zq-deutsch\/\">ZQ Deutsch<\/a><\/div>\n\n\n\n<div class=\"wp-block-button\"><a class=\"wp-block-button__link\" href=\"https:\/\/wordpress.nibis.de\/sts-h-so\/ausbildung\/zusatzqualifikationen\/zq-mathematik\/\">ZQ Mathematik<\/a><\/div>\n\n\n\n<div class=\"wp-block-button\"><a class=\"wp-block-button__link\" href=\"https:\/\/wordpress.nibis.de\/sts-h-so\/ausbildung\/zusatzqualifikationen\/zq-musik\/\">ZQ Musik<\/a><\/div>\n<\/div>\n\n\n\n<p><\/p>\n\n\n\n<p class=\"has-text-align-center\">zur\u00fcck zu:<\/p>\n\n\n\n<div class=\"wp-block-buttons is-layout-flex wp-block-buttons-is-layout-flex\">\n<div class=\"wp-block-button aligncenter\"><a class=\"wp-block-button__link\" href=\"https:\/\/wordpress.nibis.de\/sts-h-so\/ausbildung\/\">Ausbildung<\/a><\/div>\n<\/div>\n","protected":false},"excerpt":{"rendered":"<p>ZQ Medienkompetent(z) unterrichten Durchf\u00fchrung: Jens K\u00f6gel und Robert Kurz siehe auch zur\u00fcck zu:<\/p>\n","protected":false},"author":907,"featured_media":0,"parent":173,"menu_order":0,"comment_status":"closed","ping_status":"closed","template":"","meta":{"footnotes":""},"class_list":["post-893","page","type-page","status-publish"],"_links":{"self":[{"href":"https:\/\/wordpress.nibis.de\/sts-h-so\/wp-json\/wp\/v2\/pages\/893","targetHints":{"allow":["GET"]}}],"collection":[{"href":"https:\/\/wordpress.nibis.de\/sts-h-so\/wp-json\/wp\/v2\/pages"}],"about":[{"href":"https:\/\/wordpress.nibis.de\/sts-h-so\/wp-json\/wp\/v2\/types\/page"}],"author":[{"embeddable":true,"href":"https:\/\/wordpress.nibis.de\/sts-h-so\/wp-json\/wp\/v2\/users\/907"}],"replies":[{"embeddable":true,"href":"https:\/\/wordpress.nibis.de\/sts-h-so\/wp-json\/wp\/v2\/comments?post=893"}],"version-history":[{"count":10,"href":"https:\/\/wordpress.nibis.de\/sts-h-so\/wp-json\/wp\/v2\/pages\/893\/revisions"}],"predecessor-version":[{"id":1338,"href":"https:\/\/wordpress.nibis.de\/sts-h-so\/wp-json\/wp\/v2\/pages\/893\/revisions\/1338"}],"up":[{"embeddable":true,"href":"https:\/\/wordpress.nibis.de\/sts-h-so\/wp-json\/wp\/v2\/pages\/173"}],"wp:attachment":[{"href":"https:\/\/wordpress.nibis.de\/sts-h-so\/wp-json\/wp\/v2\/media?parent=893"}],"curies":[{"name":"wp","href":"https:\/\/api.w.org\/{rel}","templated":true}]}}