{"id":106,"date":"2017-07-10T10:28:26","date_gmt":"2017-07-10T08:28:26","guid":{"rendered":"http:\/\/wordpress.nibis.de\/stscelle\/?page_id=106"},"modified":"2025-01-08T13:22:24","modified_gmt":"2025-01-08T12:22:24","slug":"willkommen","status":"publish","type":"page","link":"https:\/\/wordpress.nibis.de\/stscelle\/","title":{"rendered":"Herzlich Willkommen auf unserer Homepage!"},"content":{"rendered":"\n<p style=\"text-align: justify\">Hier bekommen Sie \u00fcber die Ausbildung am Studienseminar Celle s\u00e4mtliche Informationen von A wie <a href=\"https:\/\/wordpress.nibis.de\/stscelle\/wohlfuehlen-in-celle\/\">Ankommen in Celle<\/a> bis Z wie <a href=\"https:\/\/wordpress.nibis.de\/stscelle\/zusatzqualifkationen\/\">Zusatzqualifikationen<\/a>.<\/p>\n<p style=\"text-align: justify\">Im Mittelpunkt unserer T\u00e4tigkeit steht, unsere Studienreferendarinnen und Studienreferendare zu eigenverantwortlichen und mit individuellen St\u00e4rken ausgestatteten Lehrerpers\u00f6nlichkeiten auszubilden, um die vielf\u00e4ltigen Anforderungen des Lehrerberufs bew\u00e4ltigen zu k\u00f6nnen. Dar\u00fcber hinaus \u00fcbernimmt das Seminar die berufsbegleitende Qualifizierung von Quereinsteigerinnen und Quereinsteigern.<\/p>\n<p style=\"text-align: justify\">Mit viel Begeisterung f\u00fcr ihre F\u00e4cher begleiten unsere <a href=\"https:\/\/wordpress.nibis.de\/stscelle\/ausbilderinnen-und-ausbilder\/\">Ausbilderinnen und Ausbilder<\/a> Sie durch das Referendariat und stehen Ihnen, in enger Zusammenarbeit mit den <a href=\"https:\/\/wordpress.nibis.de\/stscelle\/ausbildungsschulen\/\">Ausbildungsschulen<\/a>, mit ihrer Fachkompetenz zur Verf\u00fcgung, damit Sie mit viel Praxisbezug die didaktisch-methodischen Kompetenzen Ihrer <a href=\"https:\/\/wordpress.nibis.de\/stscelle\/faecher\/\">F\u00e4cher<\/a> zur optimalen F\u00f6rderung von individuellen Lernprozessen erwerben.<\/p>\n<p>Ein Potpourri unserer Aktivit\u00e4ten zum Einstimmen auf unsere Homepage:<\/p>\n\n\t\t<!-- MasterSlider -->\n\t\t<div id=\"P_MS69dfddb45c1d9\" class=\"master-slider-parent msl ms-parent-id-22\" style=\"max-width:800px;\">\n\n\t\t\t\n\t\t\t<!-- MasterSlider Main -->\n\t\t\t<div id=\"MS69dfddb45c1d9\" class=\"master-slider ms-skin-default\" >\n\t\t\t\t \t\t\t\t \n\t\t\t\t<div  class=\"ms-slide\" data-delay=\"3\" data-fill-mode=\"fit\"  >\n\t\t\t\t\t<img decoding=\"async\" src=\"https:\/\/wordpress.nibis.de\/stscelle\/wp-content\/plugins\/master-slider\/public\/assets\/css\/blank.gif\" alt=\"\" title=\"\" data-src=\"https:\/\/wordpress.nibis.de\/stscelle\/files\/2024\/06\/IMG_3063-2-scaled.jpg\" \/>\n\n\t\t\t\t\t<div class=\"ms-info\"><div style=\"padding-left: 160px;\"><a href=\"https:\/\/wordpress.nibis.de\/stscelle\/aktuelles\/\">gemeinsames Ausklingen des Schuljahres 23\/24 beim Sommerfest<\/a><\/div><\/div>\n\n\n\t<div class=\"ms-thumb\" ><div class=\"ms-tab-context\"><div class=\"&quot;ms-tab-context&quot;\"><\/div><\/div>\n<\/div>\n\t\t\t\t<\/div>\n\t\t\t\t<div  class=\"ms-slide\" data-delay=\"3\" data-fill-mode=\"fit\"  >\n\t\t\t\t\t<img decoding=\"async\" src=\"https:\/\/wordpress.nibis.de\/stscelle\/wp-content\/plugins\/master-slider\/public\/assets\/css\/blank.gif\" alt=\"\" title=\"\" data-src=\"https:\/\/wordpress.nibis.de\/stscelle\/files\/2024\/07\/634B4B98-0B06-42D7-8B6F-ABD76EBE2C84-1024x735-2.jpeg\" \/>\n\n\t\t\t\t\t<div class=\"ms-info\"><div style=\"padding-left: 40px;\"><a href=\"https:\/\/wordpress.nibis.de\/stscelle\/nachrichtenarchiv\/\">Mannschaft des Studienseminars erspielt sich den 3. Platz beim Celler Lehrerfu\u00dfballturnier<\/a><\/div><\/div>\n\n\n\t<div class=\"ms-thumb\" ><div class=\"ms-tab-context\"><div class=\"&quot;ms-tab-context&quot;\"><\/div><\/div>\n<\/div>\n\t\t\t\t<\/div>\n\t\t\t\t<div  class=\"ms-slide\" data-delay=\"3\" data-fill-mode=\"fit\"  >\n\t\t\t\t\t<img decoding=\"async\" src=\"https:\/\/wordpress.nibis.de\/stscelle\/wp-content\/plugins\/master-slider\/public\/assets\/css\/blank.gif\" alt=\"\" title=\"\" data-src=\"https:\/\/wordpress.nibis.de\/stscelle\/files\/2024\/08\/IMG_9432-scaled.jpg\" \/>\n\n\t\t\t\t\t<div class=\"ms-info\"><div style=\"padding-left: 120px;\"><a href=\"https:\/\/wordpress.nibis.de\/stscelle\/seminarentwicklung\/\">Fortbildung der Ausbilderschaft auf dem Hof Michael in Endeholz bei Eschede<\/a><\/div><\/div>\n\n\n\t<div class=\"ms-thumb\" ><div class=\"ms-tab-context\"><div class=\"&quot;ms-tab-context&quot;\"><\/div><\/div>\n<\/div>\n\t\t\t\t<\/div>\n\t\t\t\t<div  class=\"ms-slide\" data-delay=\"3\" data-fill-mode=\"fit\"  >\n\t\t\t\t\t<img decoding=\"async\" src=\"https:\/\/wordpress.nibis.de\/stscelle\/wp-content\/plugins\/master-slider\/public\/assets\/css\/blank.gif\" alt=\"\" title=\"\" data-src=\"https:\/\/wordpress.nibis.de\/stscelle\/files\/2024\/06\/IMG_0991-scaled.jpg\" \/>\n\n\t\t\t\t\t<div class=\"ms-info\"><div style=\"padding-left: 280px;\"><a href=\"https:\/\/wordpress.nibis.de\/stscelle\/aktuelles\/\">Verabschiedung des Jahrgangs 7.24<\/a><\/div><\/div>\n\n\n\t<div class=\"ms-thumb\" ><div class=\"ms-tab-context\"><div class=\"&quot;ms-tab-context&quot;\"><\/div><\/div>\n<\/div>\n\t\t\t\t<\/div>\n\t\t\t\t<div  class=\"ms-slide\" data-delay=\"3\" data-fill-mode=\"fit\"  >\n\t\t\t\t\t<img decoding=\"async\" src=\"https:\/\/wordpress.nibis.de\/stscelle\/wp-content\/plugins\/master-slider\/public\/assets\/css\/blank.gif\" alt=\"\" title=\"\" data-src=\"https:\/\/wordpress.nibis.de\/stscelle\/files\/2024\/06\/Copy-of-Copy-of-Copy-of-Copy-of-Copy-of-JPEG-Bild-scaled.jpeg\" \/>\n\n\t\t\t\t\t<div class=\"ms-info\"><div style=\"padding-left: 200px;\"><a href=\"https:\/\/wordpress.nibis.de\/stscelle\/aktuelles\/\">Paddeltour auf der \u00d6rtze (Kompaktseminar M\u00fcden 2024)<\/a><\/div><\/div>\n\n\n\t<div class=\"ms-thumb\" ><div class=\"ms-tab-context\"><div class=\"&quot;ms-tab-context&quot;\"><\/div><\/div>\n<\/div>\n\t\t\t\t<\/div>\n\t\t\t\t<div  class=\"ms-slide\" data-delay=\"3\" data-fill-mode=\"fit\"  >\n\t\t\t\t\t<img decoding=\"async\" src=\"https:\/\/wordpress.nibis.de\/stscelle\/wp-content\/plugins\/master-slider\/public\/assets\/css\/blank.gif\" alt=\"\" title=\"\" data-src=\"https:\/\/wordpress.nibis.de\/stscelle\/files\/2024\/03\/IMG_0227-scaled.jpg\" \/>\n\n\t\t\t\t\t<div class=\"ms-info\"><div style=\"padding-left: 240px;\"><a href=\"https:\/\/wordpress.nibis.de\/stscelle\/nachrichtenarchiv\/\">Das Fachseminar Biologie auf NABU Gut Sunder<\/a><\/div><\/div>\n\n\n\t<div class=\"ms-thumb\" ><div class=\"ms-tab-context\"><div class=\"&quot;ms-tab-context&quot;\"><\/div><\/div>\n<\/div>\n\t\t\t\t<\/div>\n\t\t\t\t<div  class=\"ms-slide\" data-delay=\"3\" data-fill-mode=\"fit\"  >\n\t\t\t\t\t<img decoding=\"async\" src=\"https:\/\/wordpress.nibis.de\/stscelle\/wp-content\/plugins\/master-slider\/public\/assets\/css\/blank.gif\" alt=\"\" title=\"\" data-src=\"https:\/\/wordpress.nibis.de\/stscelle\/files\/2023\/09\/IMG_0249-scaled.jpeg\" \/>\n\n\t\t\t\t\t<div class=\"ms-info\"><div style=\"padding-left: 80px;\"><a href=\"https:\/\/wordpress.nibis.de\/stscelle\/nachrichtenarchiv\/\">Herausforderung des Tages beim Kompaktseminar M\u00fcden 2023: trockenen Fu\u00dfes die \u00d6rtze \u00fcberqueren<\/a><\/div><\/div>\n\n\n\t<div class=\"ms-thumb\" ><div class=\"ms-tab-context\"><div class=\"&quot;ms-tab-context&quot;\"><\/div><\/div>\n<\/div>\n\t\t\t\t<\/div>\n\t\t\t\t<div  class=\"ms-slide\" data-delay=\"3\" data-fill-mode=\"fit\"  >\n\t\t\t\t\t<img decoding=\"async\" src=\"https:\/\/wordpress.nibis.de\/stscelle\/wp-content\/plugins\/master-slider\/public\/assets\/css\/blank.gif\" alt=\"\" title=\"\" data-src=\"https:\/\/wordpress.nibis.de\/stscelle\/files\/2024\/06\/20240614_142801-4.jpg\" \/>\n\n\t\t\t\t\t<div class=\"ms-info\"><div style=\"padding-left: 120px;\"><a href=\"https:\/\/wordpress.nibis.de\/stscelle\/aktuelles\/\">Das Fachseminar Physik nimmt teil am Workshop Virtuelle Realit\u00e4t und Bluetooth-Sensoren<\/a><\/div><\/div>\n\n\n\t<div class=\"ms-thumb\" ><div class=\"ms-tab-context\"><div class=\"&quot;ms-tab-context&quot;\"><\/div><\/div>\n<\/div>\n\t\t\t\t<\/div>\n\t\t\t\t<div  class=\"ms-slide\" data-delay=\"3\" data-fill-mode=\"fill\"  >\n\t\t\t\t\t<img decoding=\"async\" src=\"https:\/\/wordpress.nibis.de\/stscelle\/wp-content\/plugins\/master-slider\/public\/assets\/css\/blank.gif\" alt=\"\" title=\"\" data-src=\"https:\/\/wordpress.nibis.de\/stscelle\/files\/2024\/02\/Schmarbeck_Wacholderheide-Sonnenaufgang_ccbysa_MTiemann_20160811_1-scaled.jpg\" \/>\n\n\t\t\t\t\t<div class=\"ms-info\"><div style=\"padding-left: 200px;\"><a href=\"https:\/\/wordpress.nibis.de\/stscelle\/wohlfuehlen-in-celle\/\">Wanderung auf dem Heidschnuckenweg zum Seele baumeln lassen<\/a><\/div><\/div>\n\n\n\t<div class=\"ms-thumb\" ><div class=\"ms-tab-context\"><div class=\"&quot;ms-tab-context&quot;\"><\/div><\/div>\n<\/div>\n\t\t\t\t<\/div>\n\n\t\t\t<\/div>\n\t\t\t<!-- END MasterSlider Main -->\n\n\t\t\t \n\t\t<\/div>\n\t\t<!-- END MasterSlider -->\n\n\t\t<script>\n\t\t(function ( $ ) {\n\t\t\t\"use strict\";\n\n\t\t\t$(function () {\n\t\t\t\tvar masterslider_c1d9 = new MasterSlider();\n\n\t\t\t\t\/\/ slider controls\n\t\t\t\tmasterslider_c1d9.control('arrows'     ,{ autohide:false, overVideo:true  });\n\t\t\t\tmasterslider_c1d9.control('slideinfo'  ,{ autohide:false, overVideo:true, dir:'h', align:'bottom',inset:false , margin:10   });\n\t\t\t\t\/\/ slider setup\n\t\t\t\tmasterslider_c1d9.setup(\"MS69dfddb45c1d9\", {\n\t\t\t\t\t\twidth           : 800,\n\t\t\t\t\t\theight          : 480,\n\t\t\t\t\t\tminHeight       : 0,\n\t\t\t\t\t\tspace           : 0,\n\t\t\t\t\t\tstart           : 1,\n\t\t\t\t\t\tgrabCursor      : true,\n\t\t\t\t\t\tswipe           : true,\n\t\t\t\t\t\tmouse           : true,\n\t\t\t\t\t\tlayout          : \"boxed\",\n\t\t\t\t\t\twheel           : false,\n\t\t\t\t\t\tautoplay        : false,\n\t\t\t\t\t\tinstantStartLayers:false,\n\t\t\t\t\t\tloop            : false,\n\t\t\t\t\t\tshuffle         : false,\n\t\t\t\t\t\tpreload         : 0,\n\t\t\t\t\t\theightLimit     : true,\n\t\t\t\t\t\tautoHeight      : false,\n\t\t\t\t\t\tsmoothHeight    : true,\n\t\t\t\t\t\tendPause        : false,\n\t\t\t\t\t\toverPause       : true,\n\t\t\t\t\t\tfillMode        : \"fill\",\n\t\t\t\t\t\tcenterControls  : true,\n\t\t\t\t\t\tstartOnAppear   : false,\n\t\t\t\t\t\tlayersMode      : \"center\",\n\t\t\t\t\t\thideLayers      : false,\n\t\t\t\t\t\tfullscreenMargin: 0,\n\t\t\t\t\t\tspeed           : 20,\n\t\t\t\t\t\tdir             : \"h\",\n\t\t\t\t\t\tparallaxMode    : 'swipe',\n\t\t\t\t\t\tview            : \"basic\"\n\t\t\t\t});\n\n\t\t\t\t\n\t\t\t\twindow.masterslider_instances = window.masterslider_instances || [];\n\t\t\t\twindow.masterslider_instances.push( masterslider_c1d9 );\n\t\t\t });\n\n\t\t})(jQuery);\n\t\t<\/script>\n\n\n","protected":false},"excerpt":{"rendered":"<p>Hier bekommen Sie \u00fcber die Ausbildung am Studienseminar Celle s\u00e4mtliche Informationen von A wie Ankommen in Celle bis Z wie Zusatzqualifikationen. Im Mittelpunkt unserer T\u00e4tigkeit &hellip; <\/p>\n","protected":false},"author":9192192,"featured_media":0,"parent":0,"menu_order":0,"comment_status":"closed","ping_status":"closed","template":"","meta":{"footnotes":""},"class_list":["post-106","page","type-page","status-publish","hentry"],"_links":{"self":[{"href":"https:\/\/wordpress.nibis.de\/stscelle\/wp-json\/wp\/v2\/pages\/106","targetHints":{"allow":["GET"]}}],"collection":[{"href":"https:\/\/wordpress.nibis.de\/stscelle\/wp-json\/wp\/v2\/pages"}],"about":[{"href":"https:\/\/wordpress.nibis.de\/stscelle\/wp-json\/wp\/v2\/types\/page"}],"author":[{"embeddable":true,"href":"https:\/\/wordpress.nibis.de\/stscelle\/wp-json\/wp\/v2\/users\/9192192"}],"replies":[{"embeddable":true,"href":"https:\/\/wordpress.nibis.de\/stscelle\/wp-json\/wp\/v2\/comments?post=106"}],"version-history":[{"count":40,"href":"https:\/\/wordpress.nibis.de\/stscelle\/wp-json\/wp\/v2\/pages\/106\/revisions"}],"predecessor-version":[{"id":1673,"href":"https:\/\/wordpress.nibis.de\/stscelle\/wp-json\/wp\/v2\/pages\/106\/revisions\/1673"}],"wp:attachment":[{"href":"https:\/\/wordpress.nibis.de\/stscelle\/wp-json\/wp\/v2\/media?parent=106"}],"curies":[{"name":"wp","href":"https:\/\/api.w.org\/{rel}","templated":true}]}}