{"id":1081,"date":"2024-02-13T15:44:58","date_gmt":"2024-02-13T14:44:58","guid":{"rendered":"https:\/\/wordpress.nibis.de\/stscelle\/?page_id=1081"},"modified":"2025-06-25T14:03:33","modified_gmt":"2025-06-25T12:03:33","slug":"paedagogik","status":"publish","type":"page","link":"https:\/\/wordpress.nibis.de\/stscelle\/paedagogik\/","title":{"rendered":"P\u00e4dagogik"},"content":{"rendered":"\n<p><span style=\"font-size: 18pt\">Allgemeine Informationen zur p\u00e4dagogischen Ausbildung<\/span><\/p>\n<p>Team: Herr OStD Knebel, Frau StD&#8216; Schucht, Frau StR\u2019 Corban-Sagwitz, Frau StR\u2019 Engels, Frau StR\u2019 Dr. Buchterkirchen, Frau StR\u2018 Misselhorn<\/p>\n<p style=\"text-align: justify\">Der P\u00e4dagogik als Metawissenschaft kommt im Studienseminar Celle f\u00fcr das Lehramt an Gymnasien eine zentrale, die Ausbildungen in den F\u00e4chern verbindende Funktion zu.<\/p>\n<p style=\"text-align: justify\">Im Bereich der P\u00e4dagogik arbeiten mehrere Ausbilder*innen im Team eng zusammen, um das Fach und die Arbeit am Studienseminar Celle insgesamt stetig weiterzuentwickeln und zu optimieren.<\/p>\n<p style=\"text-align: justify\">Unser Ziel ist es, den uns anvertrauten Lehrkr\u00e4ften im Vorbereitungsdienst jede im Rahmen der Vorgaben m\u00f6gliche Unterst\u00fctzung zu geben, damit sie sich, im Sinne des Konstruktivismus und der Selbstausbildung, zu Lehrkr\u00e4ften entwickeln k\u00f6nnen, die nicht nur ihr Fachwissen, sondern auch ihre Freude am Unterrichten und am Umgang mit Menschen an Ihre Sch\u00fclerinnen und Sch\u00fcler weitergeben.<\/p>\n<p style=\"text-align: justify\">Innerhalb der f\u00fcnf in der APVO-Lehr definierten Kompetenzbereiche setzen wir daher besondere Schwerpunkte in den Bereichen 1 (Planung, Durchf\u00fchrung und Reflexion von Unterricht) und 5 (Personale Kompetenzen, Strategien zur Bew\u00e4ltigung von Herausforderungen des Berufsalltags).<\/p>\n<p style=\"text-align: justify\">Selbstverst\u00e4ndlich nehmen wir aber auch die Bereiche 2 (Erziehen), 3 (Beurteilen, Beraten und Unterst\u00fctzen, Diagnostizieren und F\u00f6rdern) sowie 4 (Mitwirken bei der Gestaltung der Eigenverantwortlichkeit der Schule und Weiterentwickeln der eigenen Berufskompetenz) genau in den Blick.<\/p>\n<p style=\"text-align: justify\">Organisatorisch gestaltet sich die Ausbildung im Fach P\u00e4dagogik so, dass wir w\u00f6chentlich entlang unseres Seminarlehrplans semesterweise Seminarsitzungen abhalten, wobei alle Ausbildenden des Faches wechselnd in allen Semestern zum Einsatz kommen.<\/p>\n<p style=\"text-align: justify\">Dar\u00fcber hinaus treffen wir uns regelm\u00e4\u00dfig in den semester\u00fcbergreifenden Ausbildungsgruppen der Leiter*innen der p\u00e4dagogischen Seminare sowie zu einem zweit\u00e4gigen Kompaktseminar au\u00dferhalb Celles.<\/p>\n<p style=\"text-align: justify\">Bei unseren Themen kooperieren wir mit zahlreichen Partnern aus dem Bildungsbereich.<\/p>\n<p style=\"text-align: justify\">F\u00fcr Anregungen und W\u00fcnsche zur Weiterentwicklung unserer Arbeit \u2013 auch aus den Reihen der LiV \u2013 sind wir offen!<\/p>\n<p>Die Grundlage f\u00fcr die Ausbildung bildet der Seminarlehrplan P\u00e4dagogik.<\/p>\n<p><span style=\"font-size: 18pt\"><a href=\"http:\/\/wordpress.nibis.de\/stscelle\/files\/2017\/08\/Kooperationspartner.pdf\">Kooperationspartner<\/a><\/span><\/p>\n<table style=\"border-collapse: collapse;width: 100%\">\n<tbody>\n<tr>\n<td style=\"width: 50%\"><img decoding=\"async\" class=\"aligncenter\" src=\"http:\/\/wordpress.nibis.de\/stscelle\/files\/2017\/08\/Bildschirmfoto-2017-12-03-um-15.23.25-1.png\" \/><\/td>\n<td style=\"width: 50%\"><img decoding=\"async\" class=\"aligncenter\" src=\"http:\/\/wordpress.nibis.de\/stscelle\/files\/2017\/08\/Bildschirmfoto-2017-12-03-um-15.23.55-300x72.png\" \/><\/td>\n<\/tr>\n<tr>\n<td style=\"width: 50%\"><img decoding=\"async\" class=\"aligncenter\" src=\"http:\/\/wordpress.nibis.de\/stscelle\/files\/2017\/08\/Bildschirmfoto-2017-12-03-um-15.31.33.png\" \/><\/td>\n<td style=\"width: 50%\"><img loading=\"lazy\" decoding=\"async\" class=\"aligncenter\" src=\"http:\/\/wordpress.nibis.de\/stscelle\/files\/2017\/08\/Begabung-Bild-300x231.jpg\" width=\"232\" height=\"179\" \/><\/td>\n<\/tr>\n<tr>\n<td style=\"width: 50%;text-align: center\"><span style=\"font-size: 14pt\"><a href=\"http:\/\/wordpress.nibis.de\/stscelle\/files\/2017\/08\/Kooperationspartner-1.pdf\">Kooperationspartner<\/a><\/span>\n<p style=\"text-align: center\">\u00a0<\/p>\n<p style=\"text-align: center\"><span style=\"font-size: 14pt\">Adressen<\/span><\/p>\n<\/td>\n<td style=\"width: 50%\"><img decoding=\"async\" class=\"aligncenter\" src=\"http:\/\/wordpress.nibis.de\/stscelle\/files\/2017\/08\/Bildschirmfoto-2018-01-15-um-19.11.17.png\" \/><\/td>\n<\/tr>\n<\/tbody>\n<\/table>\n<p><span style=\"font-size: 18pt\">Fachliteratur &#8211; Hinweise<\/span><\/p>\n<p>In der Bibliothek des Studienseminars finden sich neben einem Pr\u00e4senz- und Ausleihbestand an Grundlagenliteratur und aktuellen Erscheinungen zahlreiche gesammelte Fachartikel zu den Ausbildungsbausteinen des P\u00e4dagogikseminars.<\/p>\n","protected":false},"excerpt":{"rendered":"<p>Allgemeine Informationen zur p\u00e4dagogischen Ausbildung Team: Herr OStD Knebel, Frau StD&#8216; Schucht, Frau StR\u2019 Corban-Sagwitz, Frau StR\u2019 Engels, Frau StR\u2019 Dr. Buchterkirchen, Frau StR\u2018 Misselhorn &hellip; <\/p>\n","protected":false},"author":9194135,"featured_media":0,"parent":0,"menu_order":0,"comment_status":"closed","ping_status":"closed","template":"","meta":{"footnotes":""},"class_list":["post-1081","page","type-page","status-publish","hentry"],"_links":{"self":[{"href":"https:\/\/wordpress.nibis.de\/stscelle\/wp-json\/wp\/v2\/pages\/1081","targetHints":{"allow":["GET"]}}],"collection":[{"href":"https:\/\/wordpress.nibis.de\/stscelle\/wp-json\/wp\/v2\/pages"}],"about":[{"href":"https:\/\/wordpress.nibis.de\/stscelle\/wp-json\/wp\/v2\/types\/page"}],"author":[{"embeddable":true,"href":"https:\/\/wordpress.nibis.de\/stscelle\/wp-json\/wp\/v2\/users\/9194135"}],"replies":[{"embeddable":true,"href":"https:\/\/wordpress.nibis.de\/stscelle\/wp-json\/wp\/v2\/comments?post=1081"}],"version-history":[{"count":10,"href":"https:\/\/wordpress.nibis.de\/stscelle\/wp-json\/wp\/v2\/pages\/1081\/revisions"}],"predecessor-version":[{"id":1790,"href":"https:\/\/wordpress.nibis.de\/stscelle\/wp-json\/wp\/v2\/pages\/1081\/revisions\/1790"}],"wp:attachment":[{"href":"https:\/\/wordpress.nibis.de\/stscelle\/wp-json\/wp\/v2\/media?parent=1081"}],"curies":[{"name":"wp","href":"https:\/\/api.w.org\/{rel}","templated":true}]}}