{"id":1197,"date":"2024-02-15T10:58:18","date_gmt":"2024-02-15T09:58:18","guid":{"rendered":"https:\/\/wordpress.nibis.de\/stscelle\/?page_id=1197"},"modified":"2024-02-26T10:52:36","modified_gmt":"2024-02-26T09:52:36","slug":"allgemeine-informationen","status":"publish","type":"page","link":"https:\/\/wordpress.nibis.de\/stscelle\/allgemeine-informationen\/","title":{"rendered":"Von der Uni zur Schulpraxis"},"content":{"rendered":"\n<p style=\"text-align: justify\"><span data-offset-key=\"8kqs0-0-0\">Unser Ziel ist es, dass wir Sie im Rahmen Ihres Vorbereitungsdienstes auf die allt\u00e4glichen Herausforderungen des Lehrerberufs vorbereiten. Dabei werden Sie Ihre bereits erworbenen Basiskompetenzen aus dem Studium durch praktische Erfahrungen im Schulalltag erweitern und vertiefen, aber nat\u00fcrlich auch neue <\/span><span id=\"decorator-corrected-entity-id-5\" data-entity-key=\"5\" data-offset-key=\"8kqs0-1-0\"><span data-offset-key=\"8kqs0-1-0\">Kompetenzen auf<\/span><\/span><span data-offset-key=\"8kqs0-2-0\"> der Grundlage der <em>Verordnung \u00fcber die Ausbildung und Pr\u00fcfung von Lehrkr\u00e4ften im Vorbereitungsdienst<\/em> (<a href=\"http:\/\/www.schure.de\/20411\/apvo-lehr.htm\">APVO-Lehr<\/a>) er<\/span><span id=\"decorator-corrected-entity-id-9\" data-entity-key=\"9\" data-offset-key=\"8kqs0-5-0\"><span data-offset-key=\"8kqs0-5-0\">werben<\/span><\/span><span data-offset-key=\"8kqs0-6-0\">.<\/span><\/p>\n<p style=\"text-align: justify\">Uns ist es sehr wichtig, dass Sie trotz der vorgegebenen zu bew\u00e4ltigenden Ereignisse die Zeit des Referendariats nutzen, mutig zu sein, sich in der Schulpraxis auszuprobieren und sich somit in enger Kooperation mit Ihren <a href=\"https:\/\/wordpress.nibis.de\/stscelle\/ausbildungsschulen\/\">Ausbildungsschulen<\/a> und Ihren Ausbilderinnen und Ausbildern innerhalb der drei Ausbildungshalbjahre zu mit individuellen St\u00e4rken ausgestatteten Lehrerpers\u00f6nlichkeiten entwickeln.<\/p>\n<p style=\"text-align: justify\">Wir freuen uns darauf, Sie auf diesem Weg begleiten zu d\u00fcrfen!<\/p>\n<p>\u00a0<\/p>\n","protected":false},"excerpt":{"rendered":"<p>Unser Ziel ist es, dass wir Sie im Rahmen Ihres Vorbereitungsdienstes auf die allt\u00e4glichen Herausforderungen des Lehrerberufs vorbereiten. Dabei werden Sie Ihre bereits erworbenen Basiskompetenzen &hellip; <\/p>\n","protected":false},"author":9194135,"featured_media":0,"parent":0,"menu_order":0,"comment_status":"closed","ping_status":"closed","template":"","meta":{"footnotes":""},"class_list":["post-1197","page","type-page","status-publish","hentry"],"_links":{"self":[{"href":"https:\/\/wordpress.nibis.de\/stscelle\/wp-json\/wp\/v2\/pages\/1197","targetHints":{"allow":["GET"]}}],"collection":[{"href":"https:\/\/wordpress.nibis.de\/stscelle\/wp-json\/wp\/v2\/pages"}],"about":[{"href":"https:\/\/wordpress.nibis.de\/stscelle\/wp-json\/wp\/v2\/types\/page"}],"author":[{"embeddable":true,"href":"https:\/\/wordpress.nibis.de\/stscelle\/wp-json\/wp\/v2\/users\/9194135"}],"replies":[{"embeddable":true,"href":"https:\/\/wordpress.nibis.de\/stscelle\/wp-json\/wp\/v2\/comments?post=1197"}],"version-history":[{"count":5,"href":"https:\/\/wordpress.nibis.de\/stscelle\/wp-json\/wp\/v2\/pages\/1197\/revisions"}],"predecessor-version":[{"id":1295,"href":"https:\/\/wordpress.nibis.de\/stscelle\/wp-json\/wp\/v2\/pages\/1197\/revisions\/1295"}],"wp:attachment":[{"href":"https:\/\/wordpress.nibis.de\/stscelle\/wp-json\/wp\/v2\/media?parent=1197"}],"curies":[{"name":"wp","href":"https:\/\/api.w.org\/{rel}","templated":true}]}}