{"id":1199,"date":"2024-02-15T10:58:19","date_gmt":"2024-02-15T09:58:19","guid":{"rendered":"https:\/\/wordpress.nibis.de\/stscelle\/?page_id=1199"},"modified":"2024-11-07T14:09:04","modified_gmt":"2024-11-07T13:09:04","slug":"seminarentwicklung","status":"publish","type":"page","link":"https:\/\/wordpress.nibis.de\/stscelle\/seminarentwicklung\/","title":{"rendered":"Seminarentwicklung"},"content":{"rendered":"\n<p style=\"text-align: justify\">Kennzeichen der Lehrerausbildung ist die Zweiphasigkeit mit dem Studium in der ersten Phase und dem Vorbereitungsdienst in der zweiten Phase. Damit verbunden ist die Verankerung der zweiten Phase in der Fl\u00e4che, so dass den Studienseminaren als verantwortlichen Institutionen eine \u00fcberaus hohe Bedeutung zukommt.<\/p>\n<p style=\"text-align: justify\">Studienseminare sind zur systematischen Qualit\u00e4tsentwicklung und Qualit\u00e4tssicherung verpflichtet. Ein geeignetes Instrument daf\u00fcr ist das Seminarprogramm.<\/p>\n<p>(Aus: Eckdaten eines Seminarprogrammes; NLSchB 2012)<\/p>\n<p><strong>Qualit\u00e4tsbereiche:<\/strong><\/p>\n<p><img loading=\"lazy\" decoding=\"async\" class=\"wp-image-1641 aligncenter\" src=\"https:\/\/wordpress.nibis.de\/stscelle\/files\/2024\/08\/Screenshot-2024-08-16-103242.jpg\" alt=\"\" width=\"819\" height=\"418\" srcset=\"https:\/\/wordpress.nibis.de\/stscelle\/files\/2024\/08\/Screenshot-2024-08-16-103242.jpg 1054w, https:\/\/wordpress.nibis.de\/stscelle\/files\/2024\/08\/Screenshot-2024-08-16-103242-300x153.jpg 300w, https:\/\/wordpress.nibis.de\/stscelle\/files\/2024\/08\/Screenshot-2024-08-16-103242-1024x523.jpg 1024w, https:\/\/wordpress.nibis.de\/stscelle\/files\/2024\/08\/Screenshot-2024-08-16-103242-768x392.jpg 768w\" sizes=\"auto, (max-width: 819px) 100vw, 819px\" \/><\/p>\n<p><strong>Teilergebnis &#8211; Beispiel aus einer seminarinternen Fortbildung im Rahmen der Qualit\u00e4tsentwicklung (Q5):<\/strong><\/p>\n<p><img loading=\"lazy\" decoding=\"async\" class=\"wp-image-1645 aligncenter\" src=\"https:\/\/wordpress.nibis.de\/stscelle\/files\/2024\/08\/Screenshot-2024-08-16-103340.jpg\" alt=\"\" width=\"824\" height=\"466\" srcset=\"https:\/\/wordpress.nibis.de\/stscelle\/files\/2024\/08\/Screenshot-2024-08-16-103340.jpg 1161w, https:\/\/wordpress.nibis.de\/stscelle\/files\/2024\/08\/Screenshot-2024-08-16-103340-300x170.jpg 300w, https:\/\/wordpress.nibis.de\/stscelle\/files\/2024\/08\/Screenshot-2024-08-16-103340-1024x579.jpg 1024w, https:\/\/wordpress.nibis.de\/stscelle\/files\/2024\/08\/Screenshot-2024-08-16-103340-768x435.jpg 768w\" sizes=\"auto, (max-width: 824px) 100vw, 824px\" \/><\/p>\n<h2>\u00a0<\/h2>\n<p><strong>Aktuelle Silf: 05. November 2024 auf Hof Michael in Endeholz<\/strong><\/p>\n<p>Nach einer kurzen Dienstbesprechung stand dieses Mal das Thema\u00a0<em>Gespr\u00e4ch zum Ausbildungsstand<\/em> auf der Agenda. Nach einer kurzen Einf\u00fchrung arbeiteten die Ausbilder*innen in sehr lebhaften Rollenspielen an verschiedenen Settings des Ausbildungsstandgespr\u00e4ches:<\/p>\n<table style=\"border-collapse: collapse;width: 100%\">\n<tbody>\n<tr>\n<td style=\"width: 33.3333%\">\n<p>1. Setting:<\/p>\n<p>Kompetenzbezogene Auswertung<\/p>\n<\/td>\n<td style=\"width: 33.3333%\">\n<p>2. Setting:<\/p>\n<p>Entwicklungsorientierte Auswertung<\/p>\n<\/td>\n<td style=\"width: 33.3333%\">\n<p>3. Setting:<\/p>\n<p>Lernbiografiebezogene Auswertung<\/p>\n<\/td>\n<\/tr>\n<\/tbody>\n<\/table>\n<p>Diese wurden anschlie\u00dfend in einem Galerie-Walk ausgiebig diskutiert und abschlie\u00dfend besprochen.<\/p>\n<p>\u00a0<\/p>\n\n\n\n<figure class=\"wp-block-gallery has-nested-images columns-default is-cropped is-style-tw-img-rounded wp-block-gallery-1 is-layout-flex wp-block-gallery-is-layout-flex\">\n<figure class=\"wp-block-image size-large is-style-rounded\"><img loading=\"lazy\" decoding=\"async\" width=\"1920\" height=\"1920\" data-id=\"1686\" src=\"https:\/\/wordpress.nibis.de\/stscelle\/files\/2024\/11\/IMG_5167.jpg\" alt=\"\" class=\"wp-image-1686\" srcset=\"https:\/\/wordpress.nibis.de\/stscelle\/files\/2024\/11\/IMG_5167.jpg 1920w, https:\/\/wordpress.nibis.de\/stscelle\/files\/2024\/11\/IMG_5167-300x300.jpg 300w, https:\/\/wordpress.nibis.de\/stscelle\/files\/2024\/11\/IMG_5167-1024x1024.jpg 1024w, https:\/\/wordpress.nibis.de\/stscelle\/files\/2024\/11\/IMG_5167-150x150.jpg 150w, https:\/\/wordpress.nibis.de\/stscelle\/files\/2024\/11\/IMG_5167-768x768.jpg 768w, https:\/\/wordpress.nibis.de\/stscelle\/files\/2024\/11\/IMG_5167-1536x1536.jpg 1536w\" sizes=\"auto, (max-width: 1920px) 100vw, 1920px\" \/><\/figure>\n\n\n\n<figure class=\"wp-block-image size-large is-style-rounded\"><img loading=\"lazy\" decoding=\"async\" width=\"1920\" height=\"1920\" data-id=\"1687\" src=\"https:\/\/wordpress.nibis.de\/stscelle\/files\/2024\/11\/IMG_5168.jpg\" alt=\"\" class=\"wp-image-1687\" srcset=\"https:\/\/wordpress.nibis.de\/stscelle\/files\/2024\/11\/IMG_5168.jpg 1920w, https:\/\/wordpress.nibis.de\/stscelle\/files\/2024\/11\/IMG_5168-300x300.jpg 300w, https:\/\/wordpress.nibis.de\/stscelle\/files\/2024\/11\/IMG_5168-1024x1024.jpg 1024w, https:\/\/wordpress.nibis.de\/stscelle\/files\/2024\/11\/IMG_5168-150x150.jpg 150w, https:\/\/wordpress.nibis.de\/stscelle\/files\/2024\/11\/IMG_5168-768x768.jpg 768w, https:\/\/wordpress.nibis.de\/stscelle\/files\/2024\/11\/IMG_5168-1536x1536.jpg 1536w\" sizes=\"auto, (max-width: 1920px) 100vw, 1920px\" \/><\/figure>\n<\/figure>\n","protected":false},"excerpt":{"rendered":"<p>Kennzeichen der Lehrerausbildung ist die Zweiphasigkeit mit dem Studium in der ersten Phase und dem Vorbereitungsdienst in der zweiten Phase. Damit verbunden ist die Verankerung &hellip; <\/p>\n","protected":false},"author":9194135,"featured_media":0,"parent":0,"menu_order":0,"comment_status":"closed","ping_status":"closed","template":"","meta":{"footnotes":""},"class_list":["post-1199","page","type-page","status-publish","hentry"],"_links":{"self":[{"href":"https:\/\/wordpress.nibis.de\/stscelle\/wp-json\/wp\/v2\/pages\/1199","targetHints":{"allow":["GET"]}}],"collection":[{"href":"https:\/\/wordpress.nibis.de\/stscelle\/wp-json\/wp\/v2\/pages"}],"about":[{"href":"https:\/\/wordpress.nibis.de\/stscelle\/wp-json\/wp\/v2\/types\/page"}],"author":[{"embeddable":true,"href":"https:\/\/wordpress.nibis.de\/stscelle\/wp-json\/wp\/v2\/users\/9194135"}],"replies":[{"embeddable":true,"href":"https:\/\/wordpress.nibis.de\/stscelle\/wp-json\/wp\/v2\/comments?post=1199"}],"version-history":[{"count":8,"href":"https:\/\/wordpress.nibis.de\/stscelle\/wp-json\/wp\/v2\/pages\/1199\/revisions"}],"predecessor-version":[{"id":1709,"href":"https:\/\/wordpress.nibis.de\/stscelle\/wp-json\/wp\/v2\/pages\/1199\/revisions\/1709"}],"wp:attachment":[{"href":"https:\/\/wordpress.nibis.de\/stscelle\/wp-json\/wp\/v2\/media?parent=1199"}],"curies":[{"name":"wp","href":"https:\/\/api.w.org\/{rel}","templated":true}]}}