{"id":255,"date":"2017-08-21T10:40:02","date_gmt":"2017-08-21T08:40:02","guid":{"rendered":"http:\/\/wordpress.nibis.de\/stscelle\/?page_id=255"},"modified":"2025-01-06T12:05:09","modified_gmt":"2025-01-06T11:05:09","slug":"englisch","status":"publish","type":"page","link":"https:\/\/wordpress.nibis.de\/stscelle\/englisch\/","title":{"rendered":"Englisch"},"content":{"rendered":"<p><strong>Ausbildende: <\/strong>Frau StD\u00b4 Engler<\/p>\n<p>Der Englischunterricht hat sich in den letzten Jahren mit Blick auf seine Zielsetzung deutlich ver\u00e4ndert. An die Stelle der reinen Vermittlung des englischen Sprachsystems ist ein kompetenzorientierter Unterricht getreten, durch den den Lernenden ein kommunikatives Handeln erm\u00f6glicht wird.<\/p>\n<p>Die Rolle der Englischlehrkraft hat sich im Zuge der Entwicklungen nicht nur ver\u00e4ndert, sondern ganz entscheidend erweitert. Hier seien nur einige der Funktionen genannt: Initiator von Lernprozessen, Lernbegleiter, Motivator, Kommunikator, Textexperte, Diagnostiker, Strategieexperte, Literaturkenner, interkultureller Mittler, Medienexperte, Evaluator, Grammatikexperte, language coach . . .<\/p>\n<p>Unser Ziel im Fachseminar Englisch ist es, die Lehrkr\u00e4fte im Vorbereitungsdienst bestm\u00f6glich auf all diese Anforderungen vorzubereiten und ihnen den Weg zur Entwicklung ihrer Kompetenzen zu ebnen. Dabei geht es uns um die Schaffung von Sicherheit im Schulalltag und um den Aufbau von Professionalit\u00e4t sowohl in der Arbeit mit dem Lehrwerk als auch im Einsatz authentischen Textmaterials.<\/p>\n<p>Die Fachseminarsitzungen dienen der Vermittlung der Grundlagen des modernen Englischunterrichts und weisen einen hohen Praxisbezug aus. Innovative Fachkonzepte werden vorgestellt und auf ihre Alltagstauglichkeit hin \u00fcberpr\u00fcft, wobei die Bed\u00fcrfnisse und Interessen der Lehrkr\u00e4fte im Vorbereitungsdienst Ber\u00fccksichtigung finden.<\/p>\n","protected":false},"excerpt":{"rendered":"<p>Ausbildende: Frau StD\u00b4 Engler Der Englischunterricht hat sich in den letzten Jahren mit Blick auf seine Zielsetzung deutlich ver\u00e4ndert. An die Stelle der reinen Vermittlung &hellip; <\/p>\n","protected":false},"author":9192192,"featured_media":0,"parent":0,"menu_order":0,"comment_status":"closed","ping_status":"closed","template":"","meta":{"footnotes":""},"class_list":["post-255","page","type-page","status-publish","hentry"],"_links":{"self":[{"href":"https:\/\/wordpress.nibis.de\/stscelle\/wp-json\/wp\/v2\/pages\/255","targetHints":{"allow":["GET"]}}],"collection":[{"href":"https:\/\/wordpress.nibis.de\/stscelle\/wp-json\/wp\/v2\/pages"}],"about":[{"href":"https:\/\/wordpress.nibis.de\/stscelle\/wp-json\/wp\/v2\/types\/page"}],"author":[{"embeddable":true,"href":"https:\/\/wordpress.nibis.de\/stscelle\/wp-json\/wp\/v2\/users\/9192192"}],"replies":[{"embeddable":true,"href":"https:\/\/wordpress.nibis.de\/stscelle\/wp-json\/wp\/v2\/comments?post=255"}],"version-history":[{"count":8,"href":"https:\/\/wordpress.nibis.de\/stscelle\/wp-json\/wp\/v2\/pages\/255\/revisions"}],"predecessor-version":[{"id":1713,"href":"https:\/\/wordpress.nibis.de\/stscelle\/wp-json\/wp\/v2\/pages\/255\/revisions\/1713"}],"wp:attachment":[{"href":"https:\/\/wordpress.nibis.de\/stscelle\/wp-json\/wp\/v2\/media?parent=255"}],"curies":[{"name":"wp","href":"https:\/\/api.w.org\/{rel}","templated":true}]}}