{"id":261,"date":"2017-08-21T10:41:23","date_gmt":"2017-08-21T08:41:23","guid":{"rendered":"http:\/\/wordpress.nibis.de\/stscelle\/?page_id=261"},"modified":"2024-02-15T15:20:00","modified_gmt":"2024-02-15T14:20:00","slug":"mathematik","status":"publish","type":"page","link":"https:\/\/wordpress.nibis.de\/stscelle\/mathematik\/","title":{"rendered":"Mathematik"},"content":{"rendered":"<p><strong>Ausbildende:<\/strong> Frau StD&#8216; M\u00fcller, Herr OStR Wessel<\/p>\n<table width=\"0\">\n<tbody>\n<tr>\n<td width=\"643\">In einem rechtwinkligen Dreieck mit den Katheten a und b und der Hypotenuse c gilt: a\u00b2+b\u00b2=c\u00b2<\/td>\n<\/tr>\n<\/tbody>\n<\/table>\n<p>Den Satz des Pythagoras kennt jede (angehende) Mathematiklehrkraft. Wie aber bringt man dieses Wissen an die Sch\u00fclerinnen und Sch\u00fcler? Was und warum sollen die Sch\u00fclerinnen und Sch\u00fcler in der Unterrichtsstunde konkret lernen und wie setzt man die ausgew\u00e4hlten Inhalte geeignet methodisch um, um den gr\u00f6\u00dftm\u00f6glichen Lernzuwachs zu erreichen?<\/p>\n<p>Auf der Basis des im Studium erworbenen Fachwissens soll die Ausbildung dazu bef\u00e4higen, einen modernen, problem- und sch\u00fclerorientierten sowie sachgerechten Mathematikunterricht zu planen, durchzuf\u00fchren und zu reflektieren. Die auf Kompetenzerwerb angelegte kumulative Ausbildung folgt in seiner Konzeption den in der Ausbildung- und Pr\u00fcfungsverordnung (APVO) angelegten Kompetenzbereichen, den allgemein geltenden fachdidaktischen und fachmethodischen Erkenntnissen sowie den rechtlichen Rahmenvorgaben (KC, EPA). In der APVO sind 5 Kompetenzbereiche mit 66 Einzelkompetenzen aufgef\u00fchrt, die w\u00e4hrend der Ausbildung zu f\u00f6rdern sind. Neben der Notwendigkeit, die Einzelkompetenzen w\u00e4hrend der Ausbildung vernetzend und \u00fcbergreifend im Blick zu behalten, muss auch eine Fokussierung und Schwerpunktsetzung auf einzelne Kompetenzbereiche erfolgen. Dies sind f\u00fcr die kompetenzorientierte Ausbildung im Fach Mathematik vor allem die Kompetenzbereiche 1 (Planen, Durchf\u00fchren und Reflektieren von Unterricht) und 3 (Beurteilen, Beraten und Unterst\u00fctzen, Diagnostizieren und F\u00f6rdern). Trotz einer solchen Schwerpunktsetzung finden nat\u00fcrlich auch die \u00fcbrigen Kompetenzbereiche Anwendung und flie\u00dfen mit ein.<\/p>\n<p>Im Rahmen der vierzehnt\u00e4gig stattfindenden Fachsitzungen werden fachdidaktische und fachmethodische Grundlagen er\u00f6rtert. Die Sitzungen beginnen in der Regel mit einem kurzen Vortrag einer Referendarin bzw. eines Referendaren, die bzw. der aus dem eigenen Unterricht berichtet und damit Anlass zur Diskussion gibt. Dies k\u00f6nnen Aspekte aus dem Unterricht sein, die besonders gut gelungen sind oder aber auch problematisch waren, mit der Idee, sie gemeinsam im Plenum zu optimieren. Auch k\u00f6nnen hier im Unterricht aufgetretene Konfliktsituationen besprochen werden. Im Anschluss daran erfolgt die Erarbeitung der eigentlichen Stundenthematik. Dies erfolgt in unterschiedlichen Darstellungs-, Lern- und Erarbeitungsformen.<\/p>\n<p>Erg\u00e4nzt werden die regul\u00e4ren Fachsitzungen durch folgende zus\u00e4tzliche Angebote: Im Rahmen der Einf\u00fchrungswoche werden die Referendarinnen und Referendare in einer Blockveranstaltung auf den Unterricht in eigener Verantwortung im Fach Mathematik vorbereitet. Dort werden Grundlagen und allgemeinbildenden Ziele des Mathematikunterrichts sowie die Planung von Mathematikunterricht angesprochen. Am Ende des ersten Semesters findet eine zus\u00e4tzliche Veranstaltung statt, die den GUB-Entwurf zum Thema hat. Mindestens einmal im Semester besucht die Fachgruppe zudem gemeinsam eine regionale oder \u00fcberregionale Fortbildung wie z.B. den MNU-Tag, die Didacta, die Jule-Tagung, die T\u00b3-Tagung oder ausgew\u00e4hlte Veranstaltungen des DASU-Symposiums.<\/p>\n<p>Wir freuen uns, Sie am Studienseminar in Celle begr\u00fc\u00dfen zu k\u00f6nnen.<\/p>\n<p>Brigitta M\u00fcller und Hans-Ulrich Wessel<\/p>\n","protected":false},"excerpt":{"rendered":"<p>Ausbildende: Frau StD&#8216; M\u00fcller, Herr OStR Wessel In einem rechtwinkligen Dreieck mit den Katheten a und b und der Hypotenuse c gilt: a\u00b2+b\u00b2=c\u00b2 Den Satz &hellip; <\/p>\n","protected":false},"author":9192192,"featured_media":0,"parent":0,"menu_order":0,"comment_status":"closed","ping_status":"closed","template":"","meta":{"footnotes":""},"class_list":["post-261","page","type-page","status-publish","hentry"],"_links":{"self":[{"href":"https:\/\/wordpress.nibis.de\/stscelle\/wp-json\/wp\/v2\/pages\/261","targetHints":{"allow":["GET"]}}],"collection":[{"href":"https:\/\/wordpress.nibis.de\/stscelle\/wp-json\/wp\/v2\/pages"}],"about":[{"href":"https:\/\/wordpress.nibis.de\/stscelle\/wp-json\/wp\/v2\/types\/page"}],"author":[{"embeddable":true,"href":"https:\/\/wordpress.nibis.de\/stscelle\/wp-json\/wp\/v2\/users\/9192192"}],"replies":[{"embeddable":true,"href":"https:\/\/wordpress.nibis.de\/stscelle\/wp-json\/wp\/v2\/comments?post=261"}],"version-history":[{"count":3,"href":"https:\/\/wordpress.nibis.de\/stscelle\/wp-json\/wp\/v2\/pages\/261\/revisions"}],"predecessor-version":[{"id":1241,"href":"https:\/\/wordpress.nibis.de\/stscelle\/wp-json\/wp\/v2\/pages\/261\/revisions\/1241"}],"wp:attachment":[{"href":"https:\/\/wordpress.nibis.de\/stscelle\/wp-json\/wp\/v2\/media?parent=261"}],"curies":[{"name":"wp","href":"https:\/\/api.w.org\/{rel}","templated":true}]}}