{"id":265,"date":"2017-08-21T10:42:24","date_gmt":"2017-08-21T08:42:24","guid":{"rendered":"http:\/\/wordpress.nibis.de\/stscelle\/?page_id=265"},"modified":"2026-03-16T13:27:30","modified_gmt":"2026-03-16T12:27:30","slug":"politik-wirtschaft","status":"publish","type":"page","link":"https:\/\/wordpress.nibis.de\/stscelle\/politik-wirtschaft\/","title":{"rendered":"Politik-Wirtschaft"},"content":{"rendered":"<p><strong>Ausbildender: <\/strong>Herr StD Wessel<\/p>\n<p><strong>Zielstellung der Ausbildung im Fach:<\/strong><\/p>\n<p>Die Ausbildung zielt darauf ab, die im Studium erworbenen Kenntnisse sicherzustellen und zu erweitern sowie im Hinblick auf die Anforderungen im schulformspezifischen Kontext im Sinne einer Vernetzung von Theorie und Praxis weiterzuentwickeln. Im Mittelpunkt stehen dabei die Kompetenzen im Bereich der Planung, Durchf\u00fchrung und Reflexion von Fachunterricht. Angestrebt wird eine kumulative, kompetenzorientierte, fachwissenschaftlich und fachdidaktisch fundierte sowie formal und inhaltlich zwar standardisierte und reglementierte, aber dennoch m\u00f6glichst personensensibel und konstruktiv angelegte Ausbildung. Besonderer Wert wird auf eine tolerante, konstruktive, respektvolle, wertsch\u00e4tzende und rollenbewusste Kommunikation zwischen den beteiligten Akteuren gelegt.<\/p>\n<p><strong>Organisation der Ausbildung:<\/strong><\/p>\n<p>Die Ausbildung im Studienseminar findet im Rahmen von zwei je dreist\u00fcndigen Fachseminarsitzungen pro Monat statt. Hinzu kommen Blockveranstaltungen zu den Themenschwerpunkten \u201eUnterrichtsplanung\u201c und \u201eUnterrichtsgestaltung und \u2013reflexion\u201c sowie fachliche Fortbildungsseminare, z.T. an externen Standorten. Die Themen des Fachseminars werden in ihrer Abfolge so strukturiert, dass die Kompetenzbereiche Planen, Durchf\u00fchren und Reflexion von Fachunterricht mit Bezug zu den Ausbildungsanforderungen behandelt werden.<\/p>\n<p>Wie das gesamte \u201eSystem Schule\u201c sind das Fach Politik-Wirtschaft und die dazugeh\u00f6rigen Fachwissenschaften, Fachdidaktiken, Curricula und Inhalte einem st\u00e4ndigen Wandel unterworfen. Dies erfordert im Sinne der Qualit\u00e4tssicherung und \u2013entwicklung eine regelm\u00e4\u00dfige, m\u00f6glichst alle beteiligten Akteure ber\u00fccksichtigende Evaluation und hierauf basierend eine stetige Aktualisierung und ggf. Neuausrichtung des Ausbildungskonzepts im Fach Politik-Wirtschaft.<\/p>\n<p><strong>Ich freue mich auf eine spannende Zeit mit Ihnen! <\/strong><\/p>\n<p>Hans-Ulrich Wessel, Fachleiter Politik-Wirtschaft<\/p>\n","protected":false},"excerpt":{"rendered":"<p>Ausbildender: Herr StD Wessel Zielstellung der Ausbildung im Fach: Die Ausbildung zielt darauf ab, die im Studium erworbenen Kenntnisse sicherzustellen und zu erweitern sowie im &hellip; <\/p>\n","protected":false},"author":9192192,"featured_media":0,"parent":0,"menu_order":0,"comment_status":"closed","ping_status":"closed","template":"","meta":{"footnotes":""},"class_list":["post-265","page","type-page","status-publish","hentry"],"_links":{"self":[{"href":"https:\/\/wordpress.nibis.de\/stscelle\/wp-json\/wp\/v2\/pages\/265","targetHints":{"allow":["GET"]}}],"collection":[{"href":"https:\/\/wordpress.nibis.de\/stscelle\/wp-json\/wp\/v2\/pages"}],"about":[{"href":"https:\/\/wordpress.nibis.de\/stscelle\/wp-json\/wp\/v2\/types\/page"}],"author":[{"embeddable":true,"href":"https:\/\/wordpress.nibis.de\/stscelle\/wp-json\/wp\/v2\/users\/9192192"}],"replies":[{"embeddable":true,"href":"https:\/\/wordpress.nibis.de\/stscelle\/wp-json\/wp\/v2\/comments?post=265"}],"version-history":[{"count":6,"href":"https:\/\/wordpress.nibis.de\/stscelle\/wp-json\/wp\/v2\/pages\/265\/revisions"}],"predecessor-version":[{"id":1922,"href":"https:\/\/wordpress.nibis.de\/stscelle\/wp-json\/wp\/v2\/pages\/265\/revisions\/1922"}],"wp:attachment":[{"href":"https:\/\/wordpress.nibis.de\/stscelle\/wp-json\/wp\/v2\/media?parent=265"}],"curies":[{"name":"wp","href":"https:\/\/api.w.org\/{rel}","templated":true}]}}