{"id":267,"date":"2017-08-21T10:43:00","date_gmt":"2017-08-21T08:43:00","guid":{"rendered":"http:\/\/wordpress.nibis.de\/stscelle\/?page_id=267"},"modified":"2024-11-07T12:59:10","modified_gmt":"2024-11-07T11:59:10","slug":"physik","status":"publish","type":"page","link":"https:\/\/wordpress.nibis.de\/stscelle\/physik\/","title":{"rendered":"Physik"},"content":{"rendered":"\n<p><strong>Ausbildender:<\/strong> Herr StD Dr. Vorrath<\/p>\n<p><strong>Zielstellung der Ausbildung im Fach:<\/strong><\/p>\n<ol>\n<li>Einstein: <em>\u201eIf you can&#8217;t explain it simply, you don&#8217;t understand it well enough.\u201c<\/em><\/li>\n<\/ol>\n<p>Ob das obige Zitat tats\u00e4chlich von A. Einstein ist, bleibt unklar, doch die Botschaft, die in ihm steckt, ist es nicht: Die in Ihrem Studium erworbenen fachwissenschaftlichen Kenntnisse und Fertigkeiten sind nicht das Ende, sondern vielmehr der Startpunkt f\u00fcr eine individuelle Begegnung mit dem Unterrichtsfach Physik im Spannungsfeld aus Fachwissenschaft, Fachdidaktik und Ihren zuk\u00fcnftigen Sch\u00fclerinnen und Sch\u00fclern. Die Ausbildung am StS Celle soll Sie auf Ihrem Weg begleiten, Ihnen Klarheit und Orientierung geben.<br>Sie sollen dazu bef\u00e4higt werden, einen modernen, problemorientierten sowie sch\u00fclerorientierten Unterricht zu planen, durchzuf\u00fchren sowie bzgl. seiner Lernwirksamkeit zu reflektieren.<br>Angestrebt wird eine kumulative, kompetenzorientierte, fachwissenschaftlich und fachdidaktisch fundierte sowie formal und inhaltlich zwar standardisierte und reglementierte, aber dennoch m\u00f6glichst personensensibel und konstruktiv angelegte Ausbildung.<\/p>\n<p><strong>Organisation der Ausbildung:<\/strong><\/p>\n<p>Die Ausbildung im Studienseminar findet im Rahmen von zwei je dreist\u00fcndigen Fachseminarsitzungen pro Monat statt. Hinzu kommt eine Blockveranstaltung zu Beginn der Ausbildung zu den Themenschwerpunkten \u201eUnterrichtsplanung\u201c, \u201eUnterrichtsgestaltung\u201c und \u201eSicherheit im Physikunterricht\u201c.<br>Auf der Grundlage von umfangreichem und erprobtem Arbeitsmaterial biete ich Ihnen im Rahmen Ihrer Ausbildung praxisorientierte Blockseminare an, um Ihnen die Gelegenheit zu er\u00f6ffnen, sich mit den Experimenten des Physikunterrichts vor allem in der Sek. II vertraut zu machen.<br>Das fachdidaktische Material der Seminarsitzungen sowie das Arbeitsmaterial aus den praktischen \u00dcbungen werde ich Ihnen digital zur Verf\u00fcgung stellen, um Ihnen einen m\u00f6glichst guten Start in Ihre Ausbildung und Ihren sp\u00e4teren Beruf zu erm\u00f6glichen.<\/p>\n<p>Ich freue mich, Sie hier am StS Celle begr\u00fc\u00dfen zu d\u00fcrfen.<\/p>\n<p>Herzlichst<\/p>\n<p>Ihr Stefan Vorrath<\/p>\n<p>&nbsp;<\/p>\n\n\n\n<h4 class=\"wp-block-heading\">Im Folgenden k\u00f6nnen Sie hier besondere Aktivit\u00e4ten ab 2024 des Fachseminars Physik gesammelt lesen:<\/h4>\n\n\n\n<table style=\"border-collapse: collapse;width: 100%;height: 567px\">\n<tbody>\n<tr style=\"height: 567px\">\n<td style=\"width: 17.1875%;height: 567px\"><strong>25. Oktober 2024<\/strong><\/td>\n<td style=\"width: 82.8125%;height: 567px\">\n<p><strong><span style=\"text-decoration: underline\">Erste NLC-Fortbildung in Physik gemeinsam mit dem H<\/span>BG<\/strong><\/p>\n<p style=\"text-align: justify\">Im Rahmen unserer Bem\u00fchungen um Vernetzung im Kleinen wie im Gro\u00dfen hatten wir am Freitag etwa zehn G\u00e4ste aus der Region zu Gast, um gemeinsam zu experimentieren und Erfahrungen zur Oberstufenphysik auszutauschen.<\/p>\n<p style=\"text-align: justify\">Stand am Vormittag ein Stationenlernen zur Strukturanalyse mit Laserlicht auf dem Programm, wendeten wir uns am Nachmittag Experimenten zur Messung von Koinzidenzen sowie der Laser-Interferometrie mit Realexperimenten zu. Durchsetzt wurden die Experimentierphasen durch kurze Impulsvortr\u00e4ge mit vor allem fachlichen Informationen zur Quantenphysik, um die fachliche und experimentelle Aus- und Fortbildung gewinnbringend zu verkn\u00fcpfen.<\/p>\n<p style=\"text-align: justify\">Die Evaluationsergebnisse der LiVD sowie die direkten R\u00fcckmeldungen der Kolleginnen und Kollegen werden wir gemeinsam auswerten, um Verbesserungen f\u00fcr den Wiederholungsfall vorzunehmen. &nbsp;<\/p>\n<p style=\"text-align: justify\">Das Ziel muss es sein, das Angebot noch besser auf die Bed\u00fcrfnisse der Teilnehmerinnen und Teilnehmer abzustimmen.<\/p>\n<\/td>\n<\/tr>\n<\/tbody>\n<\/table>\n\n\n\n<figure class=\"wp-block-gallery has-nested-images columns-default is-cropped wp-block-gallery-1 is-layout-flex wp-block-gallery-is-layout-flex\">\n<figure class=\"wp-block-image size-large is-style-rounded\"><img loading=\"lazy\" decoding=\"async\" width=\"1024\" height=\"488\" data-id=\"1699\" src=\"https:\/\/wordpress.nibis.de\/stscelle\/files\/2024\/11\/Interferometer-2-1024x488.jpg\" alt=\"\" class=\"wp-image-1699\" srcset=\"https:\/\/wordpress.nibis.de\/stscelle\/files\/2024\/11\/Interferometer-2-1024x488.jpg 1024w, https:\/\/wordpress.nibis.de\/stscelle\/files\/2024\/11\/Interferometer-2-300x143.jpg 300w, https:\/\/wordpress.nibis.de\/stscelle\/files\/2024\/11\/Interferometer-2-768x366.jpg 768w, https:\/\/wordpress.nibis.de\/stscelle\/files\/2024\/11\/Interferometer-2.jpg 1384w\" sizes=\"auto, (max-width: 1024px) 100vw, 1024px\" \/><\/figure>\n<\/figure>\n\n\n\n<table style=\"border-collapse: collapse;width: 100.625%\">\n<tbody>\n<tr>\n<td style=\"width: 17.6042%\">\u00a0<\/td>\n<td style=\"width: 83.0208%\">\n<p style=\"text-align: justify\">Ich danke dem HBG Celle f\u00fcr die exzellente Ausstattung unserer Physiksammlung, dem Kompetenzzentrum der Leuphana in L\u00fcneburg f\u00fcr die Organisation des Tages sowie allen Kolleginnen und Kollegen des HBG f\u00fcr die Unterst\u00fctzung bei der Umsetzung &#8211; es hat wirklich sehr viel Spa\u00df gemacht, sodass die Lust auf Mehr nach wie vor ungebrochen hoch ist.<\/p>\n<p>Text: Stefan Vorrath<\/p>\n<p>Bild: Stefan Vorrath<\/p>\n<\/td>\n<\/tr>\n<\/tbody>\n<\/table>\n\n\n\n<table style=\"border-collapse: collapse;width: 92.2917%;height: 858px\">\n<tbody>\n<tr style=\"height: 858px\">\n<td style=\"width: 17.1875%;height: 858px\">\n<p><strong>14. Juni 2024<\/strong><\/p>\n<p>&nbsp;<\/p>\n<\/td>\n<td style=\"width: 75.1042%;height: 858px\">\n<p><strong><u>Das Fachseminar nimmt teil am Workshop <em>Virtuelle Realit\u00e4t und Bluetooth-Sensoren<\/em><\/u><\/strong><\/p>\n<p style=\"text-align: justify\">Als Jahresabschluss hatten wir erneut Mitglieder der Arbeitsgruppe von Herrn Prof. Dr. Gunnar Friege bei uns im Fachseminar und am HBG zu Gast. Gemeinsam mit weiteren interessierten Lehrkr\u00e4ften, die sich \u00fcber das NLC angemeldet hatten, bekamen alle Teilnehmenden aktuelle Einblicke in die neuartigen M\u00f6glichkeiten der VR am Beispiel der Quantenoptik und der Interferometrie. Neben bereits Bekanntem wurden auch Neuentwicklungen wie das Mach-Zehnder-Interferometer vorgestellt. Solch ein Experiment kann in der Schule oft nur als Demoexperiment oder als Simulation besprochen werden. Die VR macht es jedoch bereits jetzt sehr authentisch m\u00f6glich, das Experiment zum Quantenradierer mit dem MZI ohne Gefahr f\u00fcr die Sch\u00fclerinnen und Sch\u00fcler beliebig oft wie unter realen Laborumgebungen durchzuf\u00fchren und auszuwerten. Damit ergeben sich faszinierende M\u00f6glichkeiten jenseits der bereits etablierten Lernplattformen f\u00fcr den Physikunterricht.<\/p>\n<p style=\"text-align: justify\">In der zweiten Praxisrunde ging es um das Arbeiten mit Bluetooth-Sensoren in relevanten Themenfeldern der Schulphysik, zum Beispiel in der Mechanik. Nach einem sehr informativen Kurzvortrag wurden einige Sensoren getestet und Einsatzm\u00f6glichkeiten diskutiert. Die einfache Handhabung des Messdatenerfassungssystems, bestehend aus Sensor, Software und Tablet, \u00fcberzeugte ebenso wie das gute Preis-Leistungs-Verh\u00e4ltnis. In der Kaffeepause zwischen den Praxisphasen ergaben sich nette Gespr\u00e4che auch au\u00dferhalb der Physik. Mein herzlicher Dank gilt Frau Annika Koop und Herrn Jochen Wiechmann f\u00fcr die Impulsvortr\u00e4ge und die Betreuung in den Praxisphasen sowie Herrn Dr. Dirk Brockmann-Behnsen f\u00fcr die Gesamtorganisation des dreist\u00fcndigen Workshops. Zudem danke ich im Namen des Studienseminars der Leibniz-Universit\u00e4t f\u00fcr die Bereitstellung der VR, die kollegiale Zusammenarbeit in den letzten Jahren und das exzellente Catering.<\/p>\n<p>&nbsp;<\/p>\n<\/td>\n<\/tr>\n<\/tbody>\n<\/table>\n\n\n\n<figure class=\"wp-block-gallery has-nested-images columns-default is-cropped wp-block-gallery-2 is-layout-flex wp-block-gallery-is-layout-flex\">\n<figure class=\"wp-block-image size-large is-style-default\"><img loading=\"lazy\" decoding=\"async\" width=\"809\" height=\"1024\" data-id=\"1535\" src=\"https:\/\/wordpress.nibis.de\/stscelle\/files\/2024\/06\/20240614_142801-4-809x1024.jpg\" alt=\"\" class=\"wp-image-1535\" srcset=\"https:\/\/wordpress.nibis.de\/stscelle\/files\/2024\/06\/20240614_142801-4-809x1024.jpg 809w, https:\/\/wordpress.nibis.de\/stscelle\/files\/2024\/06\/20240614_142801-4-237x300.jpg 237w, https:\/\/wordpress.nibis.de\/stscelle\/files\/2024\/06\/20240614_142801-4-768x972.jpg 768w, https:\/\/wordpress.nibis.de\/stscelle\/files\/2024\/06\/20240614_142801-4-1213x1536.jpg 1213w, https:\/\/wordpress.nibis.de\/stscelle\/files\/2024\/06\/20240614_142801-4-1618x2048.jpg 1618w, https:\/\/wordpress.nibis.de\/stscelle\/files\/2024\/06\/20240614_142801-4.jpg 1725w\" sizes=\"auto, (max-width: 809px) 100vw, 809px\" \/><\/figure>\n\n\n\n<figure class=\"wp-block-image size-large is-style-default\"><img loading=\"lazy\" decoding=\"async\" width=\"577\" height=\"1024\" data-id=\"1534\" src=\"https:\/\/wordpress.nibis.de\/stscelle\/files\/2024\/06\/IMG-20240614-WA0004-3-577x1024.jpg\" alt=\"\" class=\"wp-image-1534\" srcset=\"https:\/\/wordpress.nibis.de\/stscelle\/files\/2024\/06\/IMG-20240614-WA0004-3-577x1024.jpg 577w, https:\/\/wordpress.nibis.de\/stscelle\/files\/2024\/06\/IMG-20240614-WA0004-3-169x300.jpg 169w, https:\/\/wordpress.nibis.de\/stscelle\/files\/2024\/06\/IMG-20240614-WA0004-3-768x1364.jpg 768w, https:\/\/wordpress.nibis.de\/stscelle\/files\/2024\/06\/IMG-20240614-WA0004-3-865x1536.jpg 865w, https:\/\/wordpress.nibis.de\/stscelle\/files\/2024\/06\/IMG-20240614-WA0004-3.jpg 1153w\" sizes=\"auto, (max-width: 577px) 100vw, 577px\" \/><\/figure>\n\n\n\n<figure class=\"wp-block-image size-large is-style-default\"><img loading=\"lazy\" decoding=\"async\" width=\"577\" height=\"1024\" data-id=\"1536\" src=\"https:\/\/wordpress.nibis.de\/stscelle\/files\/2024\/06\/IMG-20240614-WA0005-3-577x1024.jpg\" alt=\"\" class=\"wp-image-1536\" srcset=\"https:\/\/wordpress.nibis.de\/stscelle\/files\/2024\/06\/IMG-20240614-WA0005-3-577x1024.jpg 577w, https:\/\/wordpress.nibis.de\/stscelle\/files\/2024\/06\/IMG-20240614-WA0005-3-169x300.jpg 169w, https:\/\/wordpress.nibis.de\/stscelle\/files\/2024\/06\/IMG-20240614-WA0005-3-768x1364.jpg 768w, https:\/\/wordpress.nibis.de\/stscelle\/files\/2024\/06\/IMG-20240614-WA0005-3-865x1536.jpg 865w, https:\/\/wordpress.nibis.de\/stscelle\/files\/2024\/06\/IMG-20240614-WA0005-3.jpg 1153w\" sizes=\"auto, (max-width: 577px) 100vw, 577px\" \/><\/figure>\n<\/figure>\n\n\n<table style=\"border-collapse: collapse;width: 100%;height: 788px\">\n<tbody>\n<tr style=\"height: 788px\">\n<td style=\"width: 15.9375%;height: 788px\"><strong>05. April 2024<\/strong><\/td>\n<td style=\"width: 84.0625%;height: 788px\">\n<p><span style=\"text-decoration: underline\"><strong>Experimenteller Workshop des Fachseminars am HBG<\/strong><\/span><\/p>\n<p style=\"text-align: justify\">Das Fachseminar Physik des Studienseminars hat am Freitag erstmals einen experimentellen Workshop mit externen G\u00e4sten sowie mit den Lehrkr\u00e4ften aus dem Vorbereitungsdienst veranstaltet. Das Ziel unserer Bem\u00fchungen besteht darin, Lehrkr\u00e4fte und angehende Lehrkr\u00e4fte dieses Fachs zusammenzuf\u00fchren und ihnen hilfreiches und erprobtes Material an die Hand zu geben, wohlwissend, dass die Entwicklung neuer Experimente vor allem Lehrkr\u00e4ften im Vorbereitungsdienst viel Zeit und Kraft abverlangt. Inhaltlich ging es um den Aufbau und die Durchf\u00fchrung bekannter und weniger bekannter Experimente zur Bestimmung des Planck\u2019schen Wirkungsquantums. In der ersten Runde haben wir mit den Oberstufenk\u00e4sten experimentiert. Wichtige Aspekte haben wir dabei altmodisch an der Tafel gesammelt. In der zweiten Runde wurden Experimente aus einem Stationenlernen durchlaufen und besprochen, die gemeinsam mit einer ehemaligen Referendarin und jetzigen Kollegin aus Hannover in den Ferien weiterentwickelt worden sind. Entstanden sind neben vielen Daten und Excel-Tabelle auch vielversprechende Impressionen \u2013 ohne Worte festgehalten f\u00fcr unser Seminar.<\/p>\n<p style=\"text-align: justify\">Der n\u00e4chste Workshop ist vor diesem Hintergrund dieser Aussichten inhaltlich auch schon fertig und wartet nur noch auf seine Umsetzung.&nbsp;&nbsp;<\/p>\n<p style=\"text-align: justify\">Ich danke meiner ehemaligen Referendarin f\u00fcr die Unterst\u00fctzung und die gro\u00dfartigen Ideen sowie meinem Fachseminar f\u00fcr die Mitarbeit und die starken Bilder.<\/p>\n<\/td>\n<\/tr>\n<\/tbody>\n<\/table>\n\n\n<figure class=\"wp-block-gallery has-nested-images columns-default is-cropped wp-block-gallery-3 is-layout-flex wp-block-gallery-is-layout-flex\">\n<figure class=\"wp-block-image size-large is-style-default\"><img loading=\"lazy\" decoding=\"async\" width=\"1024\" height=\"768\" data-id=\"1537\" src=\"https:\/\/wordpress.nibis.de\/stscelle\/files\/2024\/06\/20240405_152044-1024x768.jpg\" alt=\"\" class=\"wp-image-1537\" srcset=\"https:\/\/wordpress.nibis.de\/stscelle\/files\/2024\/06\/20240405_152044-1024x768.jpg 1024w, https:\/\/wordpress.nibis.de\/stscelle\/files\/2024\/06\/20240405_152044-300x225.jpg 300w, https:\/\/wordpress.nibis.de\/stscelle\/files\/2024\/06\/20240405_152044-768x576.jpg 768w, https:\/\/wordpress.nibis.de\/stscelle\/files\/2024\/06\/20240405_152044-1536x1152.jpg 1536w, https:\/\/wordpress.nibis.de\/stscelle\/files\/2024\/06\/20240405_152044-2048x1536.jpg 2048w\" sizes=\"auto, (max-width: 1024px) 100vw, 1024px\" \/><\/figure>\n\n\n\n<figure class=\"wp-block-image size-large is-style-default\"><img loading=\"lazy\" decoding=\"async\" width=\"1024\" height=\"768\" data-id=\"1538\" src=\"https:\/\/wordpress.nibis.de\/stscelle\/files\/2024\/06\/20240405_152750-1024x768.jpg\" alt=\"\" class=\"wp-image-1538\" srcset=\"https:\/\/wordpress.nibis.de\/stscelle\/files\/2024\/06\/20240405_152750-1024x768.jpg 1024w, https:\/\/wordpress.nibis.de\/stscelle\/files\/2024\/06\/20240405_152750-300x225.jpg 300w, https:\/\/wordpress.nibis.de\/stscelle\/files\/2024\/06\/20240405_152750-768x576.jpg 768w, https:\/\/wordpress.nibis.de\/stscelle\/files\/2024\/06\/20240405_152750-1536x1152.jpg 1536w, https:\/\/wordpress.nibis.de\/stscelle\/files\/2024\/06\/20240405_152750-2048x1536.jpg 2048w\" sizes=\"auto, (max-width: 1024px) 100vw, 1024px\" \/><\/figure>\n<\/figure>\n\n\n\n<table style=\"border-collapse: collapse;width: 100%;height: 723px\">\n<tbody>\n<tr style=\"height: 723px\">\n<td style=\"width: 16.875%;text-align: justify;height: 723px\"><strong>23. Februar 2024<\/strong><\/td>\n<td style=\"width: 83.125%;height: 723px\">\n<p style=\"text-align: justify\"><strong><u>Das Fachseminar Physik zu Gast im HITec in Hannover<\/u><\/strong><\/p>\n<p style=\"text-align: justify\">Das Studienseminar in Celle hatte im Rahmen der Fachausbildung die M\u00f6glichkeit, eine 11. &nbsp;Klasse des Hermann-Billung-Gymnasiums in Celle zum HITec nach Hannover zu begleiten.<\/p>\n<p style=\"text-align: justify\">F\u00fcr unsere angehenden Lehrkr\u00e4fte mit dem Unterrichtsfach Physik ging es darum, das Potenzial dieses h\u00f6chstinteressanten, au\u00dferschulischen Lernorts der Leibniz-Universit\u00e4t in Hannover vor dem Hintergrund fachlicher, fachdidaktischer, methodischer, aber auch p\u00e4dagogischer Gesichtspunkte f\u00fcr eine 11. Klasse unter die Lupe zu nehmen.<\/p>\n<p style=\"text-align: justify\">Nach einem kurzen Input konnten unsere Lehrkr\u00e4fte im Vorbereitungsdienst einen ganzen Tag die Sch\u00fclerinnen und Sch\u00fcler in Aktion beobachten, um so aus erster Hand einen Eindruck von den M\u00f6glichkeiten der Masterclasses des HITec zu erwerben.<\/p>\n<p style=\"text-align: justify\">Ihre Aufzeichnungen und Eindr\u00fccke bildeten die Grundlage f\u00fcr die gemeinsame Reflexion des Tages in den R\u00e4umlichkeiten des HITec. Mit dem Besuch in Hannover sind nicht unsere LiVd, sondern auch wir als Seminar um eine Erfahrung reicher geworden. Die Eindr\u00fccke helfen auch uns als Seminar, die Ausbildung stetig f\u00fcr unsere Lehrkr\u00e4fte im Vorbereitungsdienst weiterzuentwickeln, um sie bestm\u00f6glich auf ihren Beruf vorzubereiten.<\/p>\n<p style=\"text-align: justify\">Das Seminar Celle dankt allen Beteiligten f\u00fcr das Gelingen dieses h\u00f6chst aufschlussreichen Tages an der Uni in Hannover.<\/p>\n<\/td>\n<\/tr>\n<\/tbody>\n<\/table>\n\n\n\n<figure class=\"wp-block-gallery has-nested-images columns-default is-cropped wp-block-gallery-4 is-layout-flex wp-block-gallery-is-layout-flex\">\n<figure class=\"wp-block-image size-large is-style-default\"><img loading=\"lazy\" decoding=\"async\" width=\"1024\" height=\"485\" data-id=\"1540\" src=\"https:\/\/wordpress.nibis.de\/stscelle\/files\/2024\/06\/Feb24-1024x485.jpg\" alt=\"\" class=\"wp-image-1540\" srcset=\"https:\/\/wordpress.nibis.de\/stscelle\/files\/2024\/06\/Feb24-1024x485.jpg 1024w, https:\/\/wordpress.nibis.de\/stscelle\/files\/2024\/06\/Feb24-300x142.jpg 300w, https:\/\/wordpress.nibis.de\/stscelle\/files\/2024\/06\/Feb24-768x364.jpg 768w, https:\/\/wordpress.nibis.de\/stscelle\/files\/2024\/06\/Feb24-1536x728.jpg 1536w, https:\/\/wordpress.nibis.de\/stscelle\/files\/2024\/06\/Feb24-2048x971.jpg 2048w\" sizes=\"auto, (max-width: 1024px) 100vw, 1024px\" \/><\/figure>\n\n\n\n<figure class=\"wp-block-image size-large is-style-default\"><img loading=\"lazy\" decoding=\"async\" width=\"1024\" height=\"485\" data-id=\"1539\" src=\"https:\/\/wordpress.nibis.de\/stscelle\/files\/2024\/06\/Feb242-1024x485.jpg\" alt=\"\" class=\"wp-image-1539\" srcset=\"https:\/\/wordpress.nibis.de\/stscelle\/files\/2024\/06\/Feb242-1024x485.jpg 1024w, https:\/\/wordpress.nibis.de\/stscelle\/files\/2024\/06\/Feb242-300x142.jpg 300w, https:\/\/wordpress.nibis.de\/stscelle\/files\/2024\/06\/Feb242-768x363.jpg 768w, https:\/\/wordpress.nibis.de\/stscelle\/files\/2024\/06\/Feb242-1536x727.jpg 1536w, https:\/\/wordpress.nibis.de\/stscelle\/files\/2024\/06\/Feb242-2048x969.jpg 2048w\" sizes=\"auto, (max-width: 1024px) 100vw, 1024px\" \/><\/figure>\n<\/figure>\n\n\n","protected":false},"excerpt":{"rendered":"<p>Ausbildender: Herr StD Dr. Vorrath Zielstellung der Ausbildung im Fach: Einstein: \u201eIf you can&#8217;t explain it simply, you don&#8217;t understand it well enough.\u201c Ob das &hellip; <\/p>\n","protected":false},"author":9192192,"featured_media":0,"parent":0,"menu_order":0,"comment_status":"closed","ping_status":"closed","template":"","meta":{"footnotes":""},"class_list":["post-267","page","type-page","status-publish","hentry"],"_links":{"self":[{"href":"https:\/\/wordpress.nibis.de\/stscelle\/wp-json\/wp\/v2\/pages\/267","targetHints":{"allow":["GET"]}}],"collection":[{"href":"https:\/\/wordpress.nibis.de\/stscelle\/wp-json\/wp\/v2\/pages"}],"about":[{"href":"https:\/\/wordpress.nibis.de\/stscelle\/wp-json\/wp\/v2\/types\/page"}],"author":[{"embeddable":true,"href":"https:\/\/wordpress.nibis.de\/stscelle\/wp-json\/wp\/v2\/users\/9192192"}],"replies":[{"embeddable":true,"href":"https:\/\/wordpress.nibis.de\/stscelle\/wp-json\/wp\/v2\/comments?post=267"}],"version-history":[{"count":11,"href":"https:\/\/wordpress.nibis.de\/stscelle\/wp-json\/wp\/v2\/pages\/267\/revisions"}],"predecessor-version":[{"id":1700,"href":"https:\/\/wordpress.nibis.de\/stscelle\/wp-json\/wp\/v2\/pages\/267\/revisions\/1700"}],"wp:attachment":[{"href":"https:\/\/wordpress.nibis.de\/stscelle\/wp-json\/wp\/v2\/media?parent=267"}],"curies":[{"name":"wp","href":"https:\/\/api.w.org\/{rel}","templated":true}]}}