{"id":431,"date":"2018-03-28T10:34:34","date_gmt":"2018-03-28T08:34:34","guid":{"rendered":"http:\/\/wordpress.nibis.de\/stscelle\/?page_id=431"},"modified":"2024-03-09T06:57:23","modified_gmt":"2024-03-09T05:57:23","slug":"zusatzqualifkationen","status":"publish","type":"page","link":"https:\/\/wordpress.nibis.de\/stscelle\/zusatzqualifkationen\/","title":{"rendered":"Zusatzqualifikationen"},"content":{"rendered":"\n<p style=\"text-align: justify\">Der Bedarf an unterschiedlichen Angeboten an den Schulen ist sehr facettenreich. Auch die Lehramtsausbildung an den Integrierten Gesamtschulen ist mittlerweile gegenw\u00e4rtig. Somit bilden wir Sie am Studienseminar Celle nicht nur in Ihren F\u00e4chern aus, sondern m\u00f6chten Ihnen zus\u00e4tzlich den Erwerb folgender Zusatzqualifikationen anbieten:<\/p>\n<ul>\n<li><a href=\"https:\/\/wordpress.nibis.de\/stscelle\/daz\/\">Deutsch als Zweitsprache &#8211; sprachsensibler Unterricht (DaZ)<\/a><\/li>\n<li><a href=\"https:\/\/wordpress.nibis.de\/stscelle\/theatrale-methodik\/\">Theatrale Methodik<\/a><\/li>\n<li><a href=\"https:\/\/wordpress.nibis.de\/stscelle\/naturwissenschaften\/\">Naturwissenschaften (IGS)<\/a><\/li>\n<li style=\"text-align: justify\"><a href=\"https:\/\/wordpress.nibis.de\/stscelle\/gesellschaftslehre-igs\/\">Gesellschaftslehre (IGS)<\/a><\/li>\n<li><a href=\"https:\/\/wordpress.nibis.de\/stscelle\/bilingualer-unterricht\/\">Bilingualer Unterricht<\/a><\/li>\n<\/ul>\n<p style=\"text-align: justify\">Die Anforderungen richten sich nach den <a href=\"http:\/\/www.schure.de\/20411\/35-84110-413.htm\">Durchf\u00fchrungsbestimmungen der APVO zu \u00a7 6.4<\/a>. Nat\u00fcrlich wird Ihnen auch eine Bescheinigung \u00fcber die erfolgreiche Teilnahme ausgestellt. Die Bedingungen daf\u00fcr entnehmen Sie bitte der jeweiligen Vorstellung der oben aufgelisteten Zusatzqualifikationen.<\/p>\n","protected":false},"excerpt":{"rendered":"<p>Der Bedarf an unterschiedlichen Angeboten an den Schulen ist sehr facettenreich. Auch die Lehramtsausbildung an den Integrierten Gesamtschulen ist mittlerweile gegenw\u00e4rtig. Somit bilden wir Sie &hellip; <\/p>\n","protected":false},"author":9192192,"featured_media":0,"parent":0,"menu_order":0,"comment_status":"closed","ping_status":"closed","template":"","meta":{"footnotes":""},"class_list":["post-431","page","type-page","status-publish","hentry"],"_links":{"self":[{"href":"https:\/\/wordpress.nibis.de\/stscelle\/wp-json\/wp\/v2\/pages\/431","targetHints":{"allow":["GET"]}}],"collection":[{"href":"https:\/\/wordpress.nibis.de\/stscelle\/wp-json\/wp\/v2\/pages"}],"about":[{"href":"https:\/\/wordpress.nibis.de\/stscelle\/wp-json\/wp\/v2\/types\/page"}],"author":[{"embeddable":true,"href":"https:\/\/wordpress.nibis.de\/stscelle\/wp-json\/wp\/v2\/users\/9192192"}],"replies":[{"embeddable":true,"href":"https:\/\/wordpress.nibis.de\/stscelle\/wp-json\/wp\/v2\/comments?post=431"}],"version-history":[{"count":9,"href":"https:\/\/wordpress.nibis.de\/stscelle\/wp-json\/wp\/v2\/pages\/431\/revisions"}],"predecessor-version":[{"id":1406,"href":"https:\/\/wordpress.nibis.de\/stscelle\/wp-json\/wp\/v2\/pages\/431\/revisions\/1406"}],"wp:attachment":[{"href":"https:\/\/wordpress.nibis.de\/stscelle\/wp-json\/wp\/v2\/media?parent=431"}],"curies":[{"name":"wp","href":"https:\/\/api.w.org\/{rel}","templated":true}]}}