{"id":433,"date":"2018-03-28T10:34:48","date_gmt":"2018-03-28T08:34:48","guid":{"rendered":"http:\/\/wordpress.nibis.de\/stscelle\/?page_id=433"},"modified":"2018-12-04T10:46:04","modified_gmt":"2018-12-04T09:46:04","slug":"theatrale-methodik","status":"publish","type":"page","link":"https:\/\/wordpress.nibis.de\/stscelle\/theatrale-methodik\/","title":{"rendered":"Theatrale Methodik"},"content":{"rendered":"<p>Zusatzqualifikation Theatrale Methodik am Studienseminar Celle<\/p>\n<p>(\u00a7 6.4 der Durchfu\u0308hrungsbestimmungen zur APVO-Lehr<a href=\"#_ftn1\" name=\"_ftnref1\">[1]<\/a>)<\/p>\n<p>&nbsp;<\/p>\n<p><strong>Ausbilderin<\/strong>: Esther F. Gehlhoff-Hilgers<\/p>\n<p>&nbsp;<\/p>\n<p><em>\u201eDie ganze Welt ist eine B\u00fchne <\/em><\/p>\n<p><em>Und Frau\u2019n und M\u00e4nner blo\u00dfe Spieler.<\/em><\/p>\n<p><em>Sie treten auf und gehen wieder ab,<\/em><\/p>\n<p><em>Sein Leben lang spielt jeder manche Rollen.\u201c<\/em><br \/>\n(William Shakespeare, Was Ihr wollt)<\/p>\n<p>&nbsp;<\/p>\n<p><strong>Ziel:<\/strong> Einf\u00fchrung in den Umgang mit theatralen und performativen Gestaltungsmitteln<\/p>\n<p>Am Studienseminar Celle f\u00fcr das Lehramt an Gymnasien bieten wir in einer zus\u00e4tzlich zu erwerbenden Qualifikation Auszubildenden die M\u00f6glichkeit, ihre Kompetenzen im Umgang mit den theatralen\u00a0Gestaltungsmitteln K\u00f6rper, Raum, Zeit, Text und Stimme zu erweitern.<\/p>\n<p>Wir gehen davon aus, dass die angebotenen Module zum szenischen Interpretieren dar\u00fcber hinaus textinterpretatorische Verfahren aller hermeneutischen F\u00e4cher unterst\u00fctzen.<\/p>\n<p><strong>Ausbildungsschwerpunkt:<br \/>\n<\/strong>Die Vermittlung performativer K\u00fcnste verlangt vielf\u00e4ltige Kenntnisse und F\u00e4higkeiten in Stimm- und K\u00f6rperarbeit, Improvisation, B\u00fchnenbild, Kost\u00fcmbild, Dramaturgie, Regie und anderem mehr, die in der theaterp\u00e4dagogischen Arbeit mit einer Gruppe in methodisch \u2013 didaktisches Handeln umgesetzt werden sollen. Die Vermittlung von Theater an Sch\u00fcler und Sch\u00fclerinnen ist ein vielschichtiger Prozess, den Theaterlehrer und -lehrerinnen verantwortlich anleiten und darin Sorge tragen f\u00fcr die Entwicklung des Projektes, f\u00fcr den thematischen Rahmen und den Forschungsraum, der sich den Jugendlichen \u00f6ffnet. Es ist daher wesentlich, einen inspirierenden Fundus an Strategien und Formen des Darstellenden Spiels anzulegen und basale Kompetenzen zu schulen, um mit (gr\u00f6\u00dferen) Gruppen dynamische \u00e4sthetische Prozesse auf den Weg zu bringen und zu moderieren.<\/p>\n<p>Der zus\u00e4tzliche Einblick in M\u00f6glichkeiten von Performancearbeit mit Montage, Textfl\u00e4chen und Fragmenten soll den Fokus auf vera\u0308nderte Wahrnehmungsweisen, Befreiung von bekannten Sehgewohnheiten, Experiment und U\u0308berraschung legen.<\/p>\n<p><strong>Organisation der Zusatzqualifikation<\/strong>:<\/p>\n<p>In sechs vierst\u00fcndigen Modulen<a href=\"#_ftn2\" name=\"_ftnref2\">[2]<\/a> wird didaktisch-methodisches Handwerkszeug vorgestellt und praktisch erprobt. Die Praxisseminareinheiten bauen aufeinander auf und finden in der Regel im Vier-Wochen-Rhythmus statt. Ein \u201elanger Samstag\u201c als Blocktermin n.V. hat sich bew\u00e4hrt. Am Ende der Qualifikation steht eine kleine Werkschau.<\/p>\n<p>Das Ausbildungsangebot richtet sich an alle LiVD am Studienseminar Celle, die neugierig sind, \u00e4sthetisch-performativ zu experimentieren, theatrale Interpretationen zu erproben und\/oder sich auf die Theaterarbeit an der Schule oder ihre Lehrer<em>rolle<\/em> vorzubereiten. Empfehlenswert ist eine Teilnahme<a href=\"#_ftn3\" name=\"_ftnref3\">[3]<\/a> bereits im ersten Ausbildungssemester.<\/p>\n<p>Ich freue mich, mit Ihnen auf theatrale Entdeckungsreise zu gehen!<\/p>\n<p>&nbsp;<\/p>\n<p>E.F. Gehlhoff-Hilgers<\/p>\n<p><a href=\"#_ftnref1\" name=\"_ftn1\">[1]<\/a> in der jeweils g\u00fcltigen Fassung<\/p>\n<p><a href=\"#_ftnref2\" name=\"_ftn2\">[2]<\/a> Organisation und Terminierung erfolgen bei Einladung zum ersten Treffen<\/p>\n<p><a href=\"#_ftnref3\" name=\"_ftn3\">[3]<\/a> die Zahl der Kursteilnehmer und Kursteilnehmerinnen ist auf maximal 16 begrenzt<\/p>\n","protected":false},"excerpt":{"rendered":"<p>Zusatzqualifikation Theatrale Methodik am Studienseminar Celle (\u00a7 6.4 der Durchfu\u0308hrungsbestimmungen zur APVO-Lehr[1]) &nbsp; Ausbilderin: Esther F. Gehlhoff-Hilgers &nbsp; \u201eDie ganze Welt ist eine B\u00fchne Und &hellip; <\/p>\n","protected":false},"author":9192192,"featured_media":0,"parent":0,"menu_order":0,"comment_status":"closed","ping_status":"closed","template":"","meta":{"footnotes":""},"class_list":["post-433","page","type-page","status-publish","hentry"],"_links":{"self":[{"href":"https:\/\/wordpress.nibis.de\/stscelle\/wp-json\/wp\/v2\/pages\/433","targetHints":{"allow":["GET"]}}],"collection":[{"href":"https:\/\/wordpress.nibis.de\/stscelle\/wp-json\/wp\/v2\/pages"}],"about":[{"href":"https:\/\/wordpress.nibis.de\/stscelle\/wp-json\/wp\/v2\/types\/page"}],"author":[{"embeddable":true,"href":"https:\/\/wordpress.nibis.de\/stscelle\/wp-json\/wp\/v2\/users\/9192192"}],"replies":[{"embeddable":true,"href":"https:\/\/wordpress.nibis.de\/stscelle\/wp-json\/wp\/v2\/comments?post=433"}],"version-history":[{"count":2,"href":"https:\/\/wordpress.nibis.de\/stscelle\/wp-json\/wp\/v2\/pages\/433\/revisions"}],"predecessor-version":[{"id":566,"href":"https:\/\/wordpress.nibis.de\/stscelle\/wp-json\/wp\/v2\/pages\/433\/revisions\/566"}],"wp:attachment":[{"href":"https:\/\/wordpress.nibis.de\/stscelle\/wp-json\/wp\/v2\/media?parent=433"}],"curies":[{"name":"wp","href":"https:\/\/api.w.org\/{rel}","templated":true}]}}