{"id":680,"date":"2019-12-03T11:39:54","date_gmt":"2019-12-03T10:39:54","guid":{"rendered":"https:\/\/wordpress.nibis.de\/stscelle\/?page_id=680"},"modified":"2019-12-03T11:41:32","modified_gmt":"2019-12-03T10:41:32","slug":"naturwissenschaften","status":"publish","type":"page","link":"https:\/\/wordpress.nibis.de\/stscelle\/naturwissenschaften\/","title":{"rendered":"Naturwissenschaften"},"content":{"rendered":"\n<p>Ausbilder: Herr StD Dr. Vorrath<\/p>\n\n\n\n<p>Eine solide naturwissenschaftliche Grundbildung wird in einer von\nTechnik und zunehmend auch k\u00fcnstlicher Intelligenz gepr\u00e4gten Welt als die\nentscheidende Schl\u00fcsselqualifikation angesehen, die es jedem Individuum\nerm\u00f6glichen wird, aktiv an den gro\u00dfen Themen der Gesellschaft zu partizipieren\nund konstruktiv an der Gestaltung unserer Zukunft mitzuwirken. Im\nBildungsbereich werden unter dem Begriff<em> Scientific\nliteracy <\/em>seit l\u00e4ngerer Zeit die damit verbundenen Bestrebungen\nzusammengefasst, die notwendig sind, um die dazu erforderlichen Kompetenzen an\ndie zuk\u00fcnftigen Generationen weiterzugeben.<\/p>\n\n\n\n<p>Zweifelsohne kommt dem System Schule und in besonderer Weise der\nAusbildung zuk\u00fcnftiger Lehrkr\u00e4fte in diesem herausfordernden Umfeld eine\nbesondere, durchaus tragende Rolle zu. <\/p>\n\n\n\n<p>Der Vermittlung einer naturwissenschaftlichen Grundbildung haben sich\nneben dem Gymnasium vor dem Hintergrund der gesamtgesellschaftlichen Dimension\ndieses Themen-komplexes auch alle anderen Schulformen, wie beispielsweise die\nIntegrierte Gesamtschule, verschrieben.<\/p>\n\n\n\n<p>Da an integrierten Schulformen die drei naturwissenschaftlichen F\u00e4cher im Verbundfach <em>Naturwissenschaften<\/em> unterrichtet werden, sieht das Studienseminar Celle gegen\u00fcber einer zeitgem\u00e4\u00dfen aber auch fachlich gepr\u00e4gten Ausbildung p\u00e4dagogischen Handlungsbedarf.<\/p>\n\n\n\n<p>Aus diesem Grund <strong>bietet das Studienseminar Celle im Bereich der Naturwissenschaften eine Zusatzqualifikation an, deren Ziel es ist, die Lehrkr\u00e4fte im Vorbereitungsdienst (LiVD) auf einen m\u00f6glichen Einsatz in Integrierten Gesamtschulen vorzubereiten<\/strong> und ihnen grundlegende  Kenntnisse \u00fcber den besonderen Fachunterricht der im Verbund zu unterrichtenden drei Naturwissenschaften &nbsp;zu vermitteln<\/p>\n\n\n\n<p>Teilnehmen k\u00f6nnen Lehrkr\u00e4fte im Vorbereitungsdienst der Fachrichtungen\nBiologie, Chemie und Physik, die sich vorzugsweise im 2. Semester befinden. F\u00fcr\ndie Durchf\u00fchrung der Ma\u00dfnahme sind sechs Monate vorgesehen. Die LiVD beantragen\ndie Teilnahme an der Zusatzqualifikation bei der Seminarleitung des\nStudienseminars.<\/p>\n\n\n\n<p><strong>Anforderungen<\/strong><\/p>\n\n\n\n<ol class=\"wp-block-list\"><li>mindestens 20 Stunden Seminarveranstaltungen, ggf.\nim Rahmen einer Blockveranstaltung<\/li><li>Praxisteil: Planung und Durchf\u00fchrung eines GUBs in\neiner Klasse der IGS Celle bzw. eines Gymnasiums (fach\u00fcbergreifend) auf\nGrundlage eines ausf\u00fchrlichen Stundenentwurfs<\/li><li>20-min\u00fctiges Kolloquium \u00fcber die Ausbildungsinhalte<\/li><\/ol>\n","protected":false},"excerpt":{"rendered":"<p>Ausbilder: Herr StD Dr. Vorrath Eine solide naturwissenschaftliche Grundbildung wird in einer von Technik und zunehmend auch k\u00fcnstlicher Intelligenz gepr\u00e4gten Welt als die entscheidende Schl\u00fcsselqualifikation &hellip; <\/p>\n","protected":false},"author":9192192,"featured_media":0,"parent":0,"menu_order":0,"comment_status":"closed","ping_status":"closed","template":"","meta":{"footnotes":""},"class_list":["post-680","page","type-page","status-publish","hentry"],"_links":{"self":[{"href":"https:\/\/wordpress.nibis.de\/stscelle\/wp-json\/wp\/v2\/pages\/680","targetHints":{"allow":["GET"]}}],"collection":[{"href":"https:\/\/wordpress.nibis.de\/stscelle\/wp-json\/wp\/v2\/pages"}],"about":[{"href":"https:\/\/wordpress.nibis.de\/stscelle\/wp-json\/wp\/v2\/types\/page"}],"author":[{"embeddable":true,"href":"https:\/\/wordpress.nibis.de\/stscelle\/wp-json\/wp\/v2\/users\/9192192"}],"replies":[{"embeddable":true,"href":"https:\/\/wordpress.nibis.de\/stscelle\/wp-json\/wp\/v2\/comments?post=680"}],"version-history":[{"count":2,"href":"https:\/\/wordpress.nibis.de\/stscelle\/wp-json\/wp\/v2\/pages\/680\/revisions"}],"predecessor-version":[{"id":683,"href":"https:\/\/wordpress.nibis.de\/stscelle\/wp-json\/wp\/v2\/pages\/680\/revisions\/683"}],"wp:attachment":[{"href":"https:\/\/wordpress.nibis.de\/stscelle\/wp-json\/wp\/v2\/media?parent=680"}],"curies":[{"name":"wp","href":"https:\/\/api.w.org\/{rel}","templated":true}]}}