{"id":790,"date":"2020-11-11T13:30:25","date_gmt":"2020-11-11T12:30:25","guid":{"rendered":"https:\/\/wordpress.nibis.de\/stscelle\/?page_id=790"},"modified":"2020-11-11T13:30:25","modified_gmt":"2020-11-11T12:30:25","slug":"gesellschaftslehre-igs","status":"publish","type":"page","link":"https:\/\/wordpress.nibis.de\/stscelle\/gesellschaftslehre-igs\/","title":{"rendered":"Gesellschaftslehre (IGS)"},"content":{"rendered":"\n<p>Inhalte:<\/p>\n\n\n\n<ol class=\"wp-block-list\" type=\"1\"><li>Das Fach Gesellschaftslehre verbindet im Kern die drei F\u00e4cher Politik-Wirtschaft, Geschichte und Erdkunde miteinander, um einen holistischeren Zugang zu zentralen gesellschaftswissenschaftlichen Feldern zu erhalten und\/oder relevante gesellschaftliche Themen, Entwicklungen und Prozesse ganzheitlicher durchdringen zu k\u00f6nnen.<\/li><li>Das Fach Gesellschaftslehre bedient sich der didaktisch-methodischen Pekuliarit\u00e4ten der drei o.g. Einzelf\u00e4cher und verbindet die Inhalte der F\u00e4cher unter \u00fcbergeordneten, strukturierenden Aspekten, die viel Raum f\u00fcr didaktisch-methodische Entscheidungen lassen und dementsprechend Chancen bieten, die F\u00e4cher nicht nur zu verbinden, sondern im Kontext der jeweils anderen F\u00e4cher auch das Profil des Einzelfaches zu sch\u00e4rfen.<\/li><li>Dabei ist es -ganz im Sinne des 2020 erschienenen neuen Kerncurriculums- Ziel des Faches, aus der &#8222;Vergangenheit [zu] lernen, das Heute [zu] beurteilen, das Morgen[zu] &nbsp;gestalten&#8220;.<\/li><\/ol>\n\n\n\n<p>Zielstellung:<\/p>\n\n\n\n<p>Die Zusatzausbildung &#8222;Gesellschaftslehre&#8220; am Studienseminar Celle bereitet die Lehrkr\u00e4fte im Vorbereitungsdienst auf Anforderungen, M\u00f6glichkeiten und Chancen des Faches Gesellschaftslehre an Integrierten Gesamtschulen vor und bietet die M\u00f6glichkeit, die eigenen Ausbildungsf\u00e4cher in dem o.g. Kontext zu reflektieren.<\/p>\n\n\n\n<p>Zugangsvoraussetzungen:<\/p>\n\n\n\n<p>Teilnehmende sollten &#8211; idealer Weise &#8211; in einem der F\u00e4cher Geschichte oder Politik-Wirtschaft am Studienseminar Celle ausgebildet werden oder alternativ ein universit\u00e4res (Dritt-)Fach der Gesellschaftswissenschaften studiert haben. Die Teilnehmerzahl ist auf 10 Lehrkr\u00e4fte im Vorbereitungsdienst beschr\u00e4nkt.<\/p>\n\n\n\n<p>Die Ausbildung erfolgt in Kooperation durch Herrn StD Lahme (FL Politik-Wirtschaft) und Herrn OStR Dr. Thoene (FL Geschichte).<\/p>\n","protected":false},"excerpt":{"rendered":"<p>Inhalte: Das Fach Gesellschaftslehre verbindet im Kern die drei F\u00e4cher Politik-Wirtschaft, Geschichte und Erdkunde miteinander, um einen holistischeren Zugang zu zentralen gesellschaftswissenschaftlichen Feldern zu erhalten &hellip; <\/p>\n","protected":false},"author":9192192,"featured_media":0,"parent":0,"menu_order":0,"comment_status":"closed","ping_status":"closed","template":"","meta":{"footnotes":""},"class_list":["post-790","page","type-page","status-publish","hentry"],"_links":{"self":[{"href":"https:\/\/wordpress.nibis.de\/stscelle\/wp-json\/wp\/v2\/pages\/790","targetHints":{"allow":["GET"]}}],"collection":[{"href":"https:\/\/wordpress.nibis.de\/stscelle\/wp-json\/wp\/v2\/pages"}],"about":[{"href":"https:\/\/wordpress.nibis.de\/stscelle\/wp-json\/wp\/v2\/types\/page"}],"author":[{"embeddable":true,"href":"https:\/\/wordpress.nibis.de\/stscelle\/wp-json\/wp\/v2\/users\/9192192"}],"replies":[{"embeddable":true,"href":"https:\/\/wordpress.nibis.de\/stscelle\/wp-json\/wp\/v2\/comments?post=790"}],"version-history":[{"count":1,"href":"https:\/\/wordpress.nibis.de\/stscelle\/wp-json\/wp\/v2\/pages\/790\/revisions"}],"predecessor-version":[{"id":791,"href":"https:\/\/wordpress.nibis.de\/stscelle\/wp-json\/wp\/v2\/pages\/790\/revisions\/791"}],"wp:attachment":[{"href":"https:\/\/wordpress.nibis.de\/stscelle\/wp-json\/wp\/v2\/media?parent=790"}],"curies":[{"name":"wp","href":"https:\/\/api.w.org\/{rel}","templated":true}]}}