{"id":105,"date":"2022-06-04T15:55:21","date_gmt":"2022-06-04T13:55:21","guid":{"rendered":"https:\/\/wordpress.nibis.de\/stsghrlg\/?page_id=105"},"modified":"2024-12-12T20:56:59","modified_gmt":"2024-12-12T19:56:59","slug":"startseite","status":"publish","type":"page","link":"https:\/\/wordpress.nibis.de\/stsghrlg\/","title":{"rendered":"DAS STUDIENSEMINAR GHRS L\u00dcNEBURG"},"content":{"rendered":"\n<p class=\"has-blue-color has-text-color\" style=\"font-size:20px\"><strong>Lehrkr\u00e4fteausbildung \u2013 professionell, wertsch\u00e4tzend, leidenschaftlich.<\/strong><\/p>\n\n\n\n<p>Herzlich Willkommen am L\u00fcneburger Studienseminar f\u00fcr die Lehr\u00e4mter an Grund-, Haupt- und Realschulen !<\/p>\n\n\n\n<p>Wir freuen uns sehr darauf, Sie in der Ausbildung zu einem der sch\u00f6nsten, bedeutsamsten und lohnenswertesten Berufe zu begleiten.<br>Dabei steht Ihnen unser Team sehr vielseitig erfahrener Ausbilderinnen und Ausbilder zur Seite, das Sie kompetent, wertsch\u00e4tzend und individuell unterst\u00fctzen wird.<\/p>\n\n\n\n<p>Unser Ziel ist es, Sie in zugewandter Atmosph\u00e4re und konstruktiver Zusammenarbeit nach modernen Qualit\u00e4tsstandards professionell und nachhaltig zu qualifizieren und zu einem erfolgreichen Abschluss zu f\u00fchren.<\/p>\n\n\n\n<p>Und welches Ambiente k\u00f6nnte hierf\u00fcr sch\u00f6ner sein, als die charmante Hansestadt L\u00fcneburg mit ihrer N\u00e4he zur Leuphana-Universit\u00e4t, der L\u00fcneburger Heide, dem kulturell attraktiven Wendland und schlie\u00dflich dem traumhaften Biosph\u00e4renreservat Elbtalaue in unserem Einzugsgebiet.<\/p>\n\n\n\n<p><strong>Auf unserer Homepage finden Sie alle wichtigen Erstinformationen zum Vorbereitungsdienst. <\/strong>Bei offenen Fragen wenden Sie sich gerne direkt an uns.<\/p>\n\n\n\n<p>F\u00fcr die Leitungen unserer Ausbildungsschulen steht ein passwortgesch\u00fctzter Bereich mit wichtigen schulrelevanten Informationen zum Vorbereitungsdienst zur Verf\u00fcgung.<\/p>\n\n\n\n<p><strong>Schauen Sie sich um, vielleicht sehen wir uns dann !<\/strong><\/p>\n","protected":false},"excerpt":{"rendered":"<p>Lehrkr\u00e4fteausbildung \u2013 professionell, wertsch\u00e4tzend, leidenschaftlich. Herzlich Willkommen am L\u00fcneburger Studienseminar f\u00fcr die Lehr\u00e4mter an Grund-, Haupt- und Realschulen ! Wir freuen uns sehr darauf, Sie in der Ausbildung zu einem <a class=\"more-link\" href=\"https:\/\/wordpress.nibis.de\/stsghrlg\/\">weiter lesen \u2192<\/a><\/p>\n","protected":false},"author":9194005,"featured_media":0,"parent":0,"menu_order":0,"comment_status":"closed","ping_status":"closed","template":"","meta":{"footnotes":""},"class_list":["post-105","page","type-page","status-publish","hentry"],"_links":{"self":[{"href":"https:\/\/wordpress.nibis.de\/stsghrlg\/wp-json\/wp\/v2\/pages\/105","targetHints":{"allow":["GET"]}}],"collection":[{"href":"https:\/\/wordpress.nibis.de\/stsghrlg\/wp-json\/wp\/v2\/pages"}],"about":[{"href":"https:\/\/wordpress.nibis.de\/stsghrlg\/wp-json\/wp\/v2\/types\/page"}],"author":[{"embeddable":true,"href":"https:\/\/wordpress.nibis.de\/stsghrlg\/wp-json\/wp\/v2\/users\/9194005"}],"replies":[{"embeddable":true,"href":"https:\/\/wordpress.nibis.de\/stsghrlg\/wp-json\/wp\/v2\/comments?post=105"}],"version-history":[{"count":23,"href":"https:\/\/wordpress.nibis.de\/stsghrlg\/wp-json\/wp\/v2\/pages\/105\/revisions"}],"predecessor-version":[{"id":996,"href":"https:\/\/wordpress.nibis.de\/stsghrlg\/wp-json\/wp\/v2\/pages\/105\/revisions\/996"}],"wp:attachment":[{"href":"https:\/\/wordpress.nibis.de\/stsghrlg\/wp-json\/wp\/v2\/media?parent=105"}],"curies":[{"name":"wp","href":"https:\/\/api.w.org\/{rel}","templated":true}]}}