{"id":56,"date":"2022-06-04T15:39:01","date_gmt":"2022-06-04T13:39:01","guid":{"rendered":"https:\/\/wordpress.nibis.de\/stsghrlg\/?page_id=56"},"modified":"2024-12-11T21:03:03","modified_gmt":"2024-12-11T20:03:03","slug":"das-lueneburger-studienseminar-ghrs","status":"publish","type":"page","link":"https:\/\/wordpress.nibis.de\/stsghrlg\/das-lueneburger-studienseminar-ghrs\/","title":{"rendered":"Das L\u00fcneburger Studienseminar"},"content":{"rendered":"\n<p>Das L\u00fcneburger Studienseminar f\u00fcr die Lehr\u00e4mter an Grund-, Haupt- und Realschulen ist eine Institution der Lehrerinnen- und Lehrerausbildung des Landes Niedersachsen.<\/p>\n\n\n\n<p>Hier werden Lehrkr\u00e4fte im Anschluss an ihr Universit\u00e4tsstudium w\u00e4hrend des 18-monatigen Vorbereitungsdienstes in ihrem jeweiligen Lehramt unterrichtspraktisch ausgebildet.<\/p>\n\n\n\n<p>Au\u00dferdem qualifizieren wir Quereinsteiger*innen mit einem anderen akademischen Abschluss, als dem Lehramtsstudium, sowie Teilnehmer*innen an Anpassungslehrg\u00e4ngen mit einem abgeschlossenen Lehramtsstudium aus anderen L\u00e4ndern.<\/p>\n\n\n\n<p>Die N\u00e4he zur Leuphana-Universit\u00e4t, die Mitwirkung mehrerer unserer Ausbilderinnen und Ausbilder im GHR300 sowie die regelm\u00e4\u00dfige Kommunikation im Regionalnetz der Leuphana und mit dem L\u00fcneburger Kompetenzzentrum f\u00fcr Lehrkr\u00e4ftefortbildung tragen zu einem ganzheitlichen Blick auf die Ausbildung und die bodenst\u00e4ndige Verkn\u00fcpfung von erster und zweiter Ausbildungsphase bei.<\/p>\n\n\n\n<p>Gemeinsam mit dem Studienseminar f\u00fcr Sonderp\u00e4dagogik verf\u00fcgen wir in einem sanierten Kasernengeb\u00e4ude im L\u00fcneburger Hanseviertel \u00fcber gro\u00dfz\u00fcgige und technisch gut ausgestattete Seminarr\u00e4ume.<\/p>\n\n\n\n<p>In enger Zusammenarbeit mit den Ausbilder*innen des Studienseminares f\u00fcr Sonderp\u00e4dagogik finden regelm\u00e4\u00dfig gemeinsame Ausbildungsveranstaltungen zur Kooperation von Regel- und F\u00f6rderschullehrkr\u00e4ften statt.<\/p>\n\n\n\n<p>An unserem GHRS-Seminar werden i.d.R. etwa 100 Lehrkr\u00e4fte im Vorbereitungsdienst von derzeit 28 Ausbilderinnen und Ausbildern an etwa 100 Ausbildungsschulen ausgebildet.<\/p>\n\n\n\n<p>Unser <strong>Einzugsgebiet <\/strong>erstreckt sich \u00fcber die Hansestadt und den Landkreis L\u00fcneburg sowie die Landkreise L\u00fcchow-Dannenberg und Uelzen.<\/p>\n\n\n\n<p>Wir bilden Sie in den <strong>F\u00e4chern <\/strong>Biologie, Chemie, Deutsch, Englisch, Evangelische Religion, Geschichte, Gestaltendes Werken, Kunst, Mathematik, Musik, Politik, Sachunterricht und Sport aus.<\/p>\n\n\n\n<p>Die Ausbildung in <strong>weiteren F\u00e4chern<\/strong> kann in Kooperation mit den Studienseminaren Buchholz (z.B. Erdkunde, Hauswirtschaft, Physik, Wirtschaft), Stade (z.B. Werte und Normen) und Cuxhaven (z.B. Technik) erfolgen.<\/p>\n\n\n\n<p>Neben den regul\u00e4ren Seminarveranstaltungen bieten wir u.a.<\/p>\n\n\n\n<ul class=\"wp-block-list\"><li><strong>Fachtagungen <\/strong>zu relevanten Schwerpunktthemen,<\/li><li>drei <strong>Zusatzqualifikationen<\/strong>,<\/li><li><strong>p\u00e4dagogische Exkursionen<\/strong> zu Schulen mit besonderer Pr\u00e4gung,<\/li><li><strong>Messen der Schulbuchverlage<\/strong>,<\/li><li>ausbildungsrelevante <strong>Ausstellungen<\/strong>,<\/li><li>eine einw\u00f6chige <strong>Segeltour<\/strong> als Kooperationsveranstaltung mit dem Studienseminar f\u00fcr Sonderp\u00e4dagogik sowie<\/li><li>themenbezogene <strong>Sonderveranstaltungen <\/strong>an.<\/li><\/ul>\n\n\n\n<p>Das Studienseminar verf\u00fcgt \u00fcber eine gut sortierte <strong>Bibliothek <\/strong>mit etwa 12.000 Titeln zu P\u00e4dagogik, Fachdidaktik, Schulrecht und Unterrichtspraxis. Der Bestand kann digital eingesehen, Titel reserviert und Ausleihen verl\u00e4ngert werden.<\/p>\n","protected":false},"excerpt":{"rendered":"<p>Das L\u00fcneburger Studienseminar f\u00fcr die Lehr\u00e4mter an Grund-, Haupt- und Realschulen ist eine Institution der Lehrerinnen- und Lehrerausbildung des Landes Niedersachsen. Hier werden Lehrkr\u00e4fte im Anschluss an ihr Universit\u00e4tsstudium w\u00e4hrend <a class=\"more-link\" href=\"https:\/\/wordpress.nibis.de\/stsghrlg\/das-lueneburger-studienseminar-ghrs\/\">weiter lesen \u2192<\/a><\/p>\n","protected":false},"author":9194005,"featured_media":0,"parent":0,"menu_order":0,"comment_status":"closed","ping_status":"closed","template":"","meta":{"footnotes":""},"class_list":["post-56","page","type-page","status-publish","hentry"],"_links":{"self":[{"href":"https:\/\/wordpress.nibis.de\/stsghrlg\/wp-json\/wp\/v2\/pages\/56","targetHints":{"allow":["GET"]}}],"collection":[{"href":"https:\/\/wordpress.nibis.de\/stsghrlg\/wp-json\/wp\/v2\/pages"}],"about":[{"href":"https:\/\/wordpress.nibis.de\/stsghrlg\/wp-json\/wp\/v2\/types\/page"}],"author":[{"embeddable":true,"href":"https:\/\/wordpress.nibis.de\/stsghrlg\/wp-json\/wp\/v2\/users\/9194005"}],"replies":[{"embeddable":true,"href":"https:\/\/wordpress.nibis.de\/stsghrlg\/wp-json\/wp\/v2\/comments?post=56"}],"version-history":[{"count":19,"href":"https:\/\/wordpress.nibis.de\/stsghrlg\/wp-json\/wp\/v2\/pages\/56\/revisions"}],"predecessor-version":[{"id":962,"href":"https:\/\/wordpress.nibis.de\/stsghrlg\/wp-json\/wp\/v2\/pages\/56\/revisions\/962"}],"wp:attachment":[{"href":"https:\/\/wordpress.nibis.de\/stsghrlg\/wp-json\/wp\/v2\/media?parent=56"}],"curies":[{"name":"wp","href":"https:\/\/api.w.org\/{rel}","templated":true}]}}