{"id":61,"date":"2022-06-04T15:51:34","date_gmt":"2022-06-04T13:51:34","guid":{"rendered":"https:\/\/wordpress.nibis.de\/stsghrlg\/?page_id=61"},"modified":"2024-12-12T23:14:40","modified_gmt":"2024-12-12T22:14:40","slug":"seminarkultur","status":"publish","type":"page","link":"https:\/\/wordpress.nibis.de\/stsghrlg\/seminarkultur\/","title":{"rendered":"Seminarkultur"},"content":{"rendered":"\n<p>Wir verstehen unser Studienseminar als einen Ort der ausbildungsbezogen zugewandten, kommunikativen, kritisch-konstruktiven und kulturellen Begegnung.<\/p>\n\n\n\n<p>Darum liegt uns daran, Ihre Ausbildung in einer Atmosph\u00e4re der gegenseitigen Wertsch\u00e4tzung transparent zu begleiten und Sie zu aktiver, konstruktiver und kreativer Mitwirkung zu ermutigen.<\/p>\n\n\n\n<p>Kennenlernen, Vertrauen gewinnen, Austausch erm\u00f6glichen und gemeinsame Erlebnisse zu gestalten z\u00e4hlen f\u00fcr uns daher zu den lernf\u00f6rderlichen Rahmenbedingungen der Seminarausbildung. Gelegenheit hierzu bieten z.B. die Einf\u00fchrungstage mit einer \u00dcbernachtung im Tagungszentrum Ostheide und dem Besuch au\u00dferschulischer Lernorte wie dem Umweltbildungszentrum der Hansestadt L\u00fcneburg oder dem Biosphaerium Elbtalaue.<\/p>\n\n\n\n<p>Ein besonderes Erlebnis ist die (optionale) Teilnahme an der mehrt\u00e4gigen <strong>Segeltour <\/strong>mit Ausbilder*innen und Anw\u00e4rter*innen der drei L\u00fcneburger Studienseminare (GHRS, Sonderp\u00e4dagogik und Gymnasiales Lehramt).<\/p>\n\n\n\n<p>Eine gro\u00dfe Bereicherung der Seminarkultur sind Veranstaltungen wie der von Anw\u00e4rter*innen gestaltete \u201e<strong>Methodentag<\/strong>\u201c, der gemeinsame Punsch vor den Weihnachtsferien und die stets stil- und stimmungsvoll gestalteten Zeugnisfeiern.<\/p>\n\n\n\n<p>Unter Ausbildung\/Veranstaltungen finden Sie weitere Informationen.<\/p>\n\n\n\n<p><strong>Ausstellungen <\/strong>der Fachseminare (z.B. Kunst, Religion, Deutsch und Chemie) sowie bildungsrelevante Leih- und Wanderausstellungen beleben unser Ambiente, und die Beitr\u00e4ge des Fachseminares Musik schaffen einen unterhaltsamen Rahmen bei vielen unserer Veranstaltungen.<\/p>\n\n\n\n<p>Schlie\u00dflich gilt: <strong>Seminarkultur ist Seminarkommunikation. <\/strong>In allen Belangen Ihrer Ausbildung sind daher Ihre Ausbilderinnen und Ausbilder erfahrene, zuverl\u00e4ssige und vertrauensvoll zugewandte Ansprechpartner*innen.<\/p>\n\n\n\n<p>Bei der Mitgestaltung und bei Konflikten stehen Ihnen Ihre gew\u00e4hlten <strong>Personalvertreter*innen<\/strong> zur Verf\u00fcgung, die Ihre Anliegen in regelm\u00e4\u00dfigen Gespr\u00e4chen mit der Seminarleitung anonym vertreten.<\/p>\n\n\n\n<p>Und f\u00fcr Fragen und Probleme, die Sie nicht gerne mit Ihren Ausbilder*innen besprechen m\u00f6chten, bieten wir Ihnen in Kooperation mit <strong>NCARE<\/strong> alternative Unterst\u00fctzungsangebote und konkrete Ansprechpartner*innen an.<\/p>\n","protected":false},"excerpt":{"rendered":"<p>Wir verstehen unser Studienseminar als einen Ort der ausbildungsbezogen zugewandten, kommunikativen, kritisch-konstruktiven und kulturellen Begegnung. Darum liegt uns daran, Ihre Ausbildung in einer Atmosph\u00e4re der gegenseitigen Wertsch\u00e4tzung transparent zu begleiten <a class=\"more-link\" href=\"https:\/\/wordpress.nibis.de\/stsghrlg\/seminarkultur\/\">weiter lesen \u2192<\/a><\/p>\n","protected":false},"author":9194005,"featured_media":0,"parent":0,"menu_order":0,"comment_status":"closed","ping_status":"closed","template":"","meta":{"footnotes":""},"class_list":["post-61","page","type-page","status-publish","hentry"],"_links":{"self":[{"href":"https:\/\/wordpress.nibis.de\/stsghrlg\/wp-json\/wp\/v2\/pages\/61","targetHints":{"allow":["GET"]}}],"collection":[{"href":"https:\/\/wordpress.nibis.de\/stsghrlg\/wp-json\/wp\/v2\/pages"}],"about":[{"href":"https:\/\/wordpress.nibis.de\/stsghrlg\/wp-json\/wp\/v2\/types\/page"}],"author":[{"embeddable":true,"href":"https:\/\/wordpress.nibis.de\/stsghrlg\/wp-json\/wp\/v2\/users\/9194005"}],"replies":[{"embeddable":true,"href":"https:\/\/wordpress.nibis.de\/stsghrlg\/wp-json\/wp\/v2\/comments?post=61"}],"version-history":[{"count":13,"href":"https:\/\/wordpress.nibis.de\/stsghrlg\/wp-json\/wp\/v2\/pages\/61\/revisions"}],"predecessor-version":[{"id":1007,"href":"https:\/\/wordpress.nibis.de\/stsghrlg\/wp-json\/wp\/v2\/pages\/61\/revisions\/1007"}],"wp:attachment":[{"href":"https:\/\/wordpress.nibis.de\/stsghrlg\/wp-json\/wp\/v2\/media?parent=61"}],"curies":[{"name":"wp","href":"https:\/\/api.w.org\/{rel}","templated":true}]}}