{"id":63,"date":"2022-06-04T15:51:34","date_gmt":"2022-06-04T13:51:34","guid":{"rendered":"https:\/\/wordpress.nibis.de\/stsghrlg\/?page_id=63"},"modified":"2024-12-12T23:18:09","modified_gmt":"2024-12-12T22:18:09","slug":"vorbereitungsdienst","status":"publish","type":"page","link":"https:\/\/wordpress.nibis.de\/stsghrlg\/vorbereitungsdienst\/","title":{"rendered":"Vorbereitungsdienst"},"content":{"rendered":"\n<p><strong>DER VORBEREITUNGSDIENST IM \u00dcBERBLICK<\/strong><\/p>\n\n\n\n<p><\/p>\n\n\n\n<p><strong><u>Grunds\u00e4tzliches<\/u><\/strong><\/p>\n\n\n\n<p>Die Ausbildung im Vorbereitungsdienst erfolgt auf Grundlage der Verordnung \u00fcber die Ausbildung und Pr\u00fcfung von Lehrkr\u00e4ften im Vorbereitungsdienst (APVO-Lehr vom 13. Juli 2010) in der jeweils g\u00fcltigen Fassung.&nbsp;<a href=\"https:\/\/voris.wolterskluwer-online.de\/browse\/document\/187d339c-0f2e-37da-9180-12c2301974af\"><em>(\u2192 <\/em>APVO-Lehr)<\/a><\/p>\n\n\n\n<p>Die Einstellung in den Vorbereitungsdienst erfolgt etwa eine Woche vor Beginn eines Schulhalbjahres (Ende Januar) oder vor Beginn eines Schuljahres (August).&nbsp;&nbsp;<\/p>\n\n\n\n<p>Ihre Ausbildung erfolgt dual im Seminar und an einer Ausbildungsschule. <\/p>\n\n\n\n<p>Die Gesamtverantwortung f\u00fcr die Ausbildung liegt bei der Studienseminarleitung. Das Studienseminar ist Ihre Dienststelle. <\/p>\n\n\n\n<p>Wenn Sie einen Ausbildungsplatz bei uns erhalten haben, suchen wir f\u00fcr Sie noch vor der Einstellung eine geeignete Ausbildungsschule in unserem umf\u00e4nglichen Einzugsgebiet.<br><em>(<a href=\"https:\/\/wordpress.nibis.de\/stsghrlg\/zuweisungsverfahren\/\">\u2192 Zuweisungsverfahren<\/a>)<\/em><\/p>\n\n\n\n<p><\/p>\n\n\n\n<p><strong><u>Die Ausbildung im Studienseminar<\/u><\/strong><\/p>\n\n\n\n<p>Ihr Vorbereitungsdienst beginnt mit einer mehrt\u00e4gigen <strong>Einf\u00fchrungsveranstaltung<\/strong>.<\/p>\n\n\n\n<p>Hier werden Sie als Beamte auf Widerruf vereidigt, erhalten alle grundlegenden Informationen zum Vorbereitungsdienst und haben bei der Veranstaltung im Tagungszentrum Ostheide mit einer \u00dcbernachtung sowie den erlebnisorientierten Programmpunkten Gelegenheit, die Auszubildenden Ihres Jahrganges kennenzulernen, sich mit ihnen auszutauschen und zu vernetzen.<\/p>\n\n\n\n<p>Die Ausbildung im Studienseminar erfolgt zum einen durch die <strong>P\u00e4dagogik- und die Ihren F\u00e4chern entsprechenden Fachseminare<\/strong>. <\/p>\n\n\n\n<p>Die P\u00e4dagogikseminare finden regelm\u00e4\u00dfig (14-t\u00e4gig, Donnerstags) und jeweils vierst\u00fcndig statt, die Fachseminare regelm\u00e4\u00dfig vierw\u00f6chentlich (Dienstags und Donnerstags) und jeweils sechsst\u00fcndig.<\/p>\n\n\n\n<p>Die H\u00e4lfte der P\u00e4dagogikseminare und die Fachseminarveranstaltungen sind i.d.R. mit einer praktischen Unterrichtsmitschau verbunden.<\/p>\n\n\n\n<p>Die Ausbildung erfolgt zum anderen durch praxisbezogene <strong>Unterrichtsberatung<\/strong>.<\/p>\n\n\n\n<p>Im Laufe Ihres Vorbereitungsdienstes zeigen Sie 13 Unterrichtsstunden, die Ihre Ausbilder*innen anschlie\u00dfend nach gemeinsam vereinbarten Schwerpunkten wertsch\u00e4tzend und mit dem Ziel Ihrer individuellen Kompetenzentwicklung beraten. <em>(\u2192 Service \u2192 Seminarorganisation \u2192 Unterrichtsbesuche)<\/em>.<\/p>\n\n\n\n<p>Drei weitere Stunden zeigen Sie im Rahmen von Unterrichtsmitschauen jeweils im P\u00e4dagogik- und in den beiden Fachseminaren. Hierzu besucht Sie Ihre gesamte jeweilige Seminargruppe in ihrem Unterricht. <\/p>\n\n\n\n<p>Zwischen dem achten und zehnten Ausbildungsmonat f\u00fchren Ihre Ausbilder*innen auf der Grundlage transparenter Leistungskriterien mit Ihnen ein gemeinsames <strong>Gespr\u00e4ch \u00fcber Ihren Ausbildungsstand <\/strong>und beraten Sie zum weiteren Verlauf Ihrer Ausbildung.<\/p>\n\n\n\n<p>Am Ende des vierzehnten Ausbildungsmonats bewerten Ihre Ausbilder*innen Ihren Leistungsstand mit einer <strong>Ausbildungsnote<\/strong>.<\/p>\n\n\n\n<p>Und dann steht schon Ihre <strong>Staatspr\u00fcfung<\/strong> an. Hierzu zeigen Sie Ihren Ausbilder*innen und Ihrer Schulleitung zwei weitere Unterrichtsstunden und f\u00fchren mit ihnen ein 60min\u00fctiges Pr\u00fcfungsgespr\u00e4ch, in dem Sie u.a. an einem praxisnahen Fallbeispiel Probleme der schulischen Praxis theoriegest\u00fctzt analysieren und Handlungsm\u00f6glichkeiten darstellen.<\/p>\n\n\n\n<p><\/p>\n\n\n\n<p><strong><u>Die Ausbildung an Ihrer Ausbildungsschule<\/u><\/strong><\/p>\n\n\n\n<p>Sie erteilen an Ihrer Ausbildungsschule <strong>im ersten und zweiten Semester grunds\u00e4tzlich 13, im dritten Semester grunds\u00e4tzlich 12 Wochenstunden Ausbildungsunterricht<\/strong> in Ihren F\u00e4chern, insgesamt also 38 Wochenstunden \u00fcber drei Semester.<\/p>\n\n\n\n<p>Ihr Ausbildungsunterricht erfolgt zum Teil betreut durch jeweils eine Fachlehrkraft der Schule <strong>(betreuter Unterricht)<\/strong> und zum Teil vollst\u00e4ndig in Ihrer eigenen Verantwortung<strong> (<strong>eigenverantwortlicher Unterricht<\/strong>).<\/strong> Von den 38 Wochenstunden \u00fcber drei Semester sind <strong>16 betreut und 22 eigenverantwortlich <\/strong>zu unterrichten.<\/p>\n\n\n\n<p>Zus\u00e4tzlich nehmen Sie an Dienstbesprechungen und Gesamtkonferenzen, an den Ihren F\u00e4chern entsprechenden Fachkonferenzen und den Klassenkonferenzen der Lerngruppen, in denen Sie eigenverantwortlich unterrichten, teil.<\/p>\n\n\n\n<p>Ihre Schulleitung wird am Ende des vierzehnten Ausbildungsmonats ebenfalls eine Ausbildungsnote abgeben und ist am Pr\u00fcfungstag gleichberechtigtes Mitglied der Pr\u00fcfungskommission.<\/p>\n\n\n\n<p><\/p>\n\n\n\n<p><strong><u>Teilzeit<\/u><\/strong><\/p>\n\n\n\n<p>Die Ausbildung im Vorbereitungsdienst kann grunds\u00e4tzlich in Teilzeit erfolgen. Ein bew\u00e4hrtes Modell ist die Reduzierung des Ausbildungsunterrichtes auf bis zu acht Stunden bei unver\u00e4nderter Dauer des Vorbereitungsdienstes. Welche anderen M\u00f6glichkeiten es gibt, erfahren Sie bei Interesse in einem Beratungsgespr\u00e4ch mit der Studienseminarleitung. Im Interesse der Planungssicherheit Ihrer Ausbildungsschulen bedarf es hier eines angemessenen zeitlichen Vorlaufes. (\u2192 <a href=\"https:\/\/www.extra.formularservice.niedersachsen.de\/cdmextra\/cfs\/eject\/pdf\/148.pdf?MANDANTID=5&amp;FORMUID=030_039\">Teilzeitantrag<\/a>, \u2192<a href=\"https:\/\/www.extra.formularservice.niedersachsen.de\/cdmextra\/cfs\/eject\/pdf\/155.pdf?MANDANTID=5&amp;FORMUID=030_061\">Merkblatt Elternzeit<\/a>)<\/p>\n","protected":false},"excerpt":{"rendered":"<p>DER VORBEREITUNGSDIENST IM \u00dcBERBLICK Grunds\u00e4tzliches Die Ausbildung im Vorbereitungsdienst erfolgt auf Grundlage der Verordnung \u00fcber die Ausbildung und Pr\u00fcfung von Lehrkr\u00e4ften im Vorbereitungsdienst (APVO-Lehr vom 13. Juli 2010) in der <a class=\"more-link\" href=\"https:\/\/wordpress.nibis.de\/stsghrlg\/vorbereitungsdienst\/\">weiter lesen \u2192<\/a><\/p>\n","protected":false},"author":9194005,"featured_media":0,"parent":0,"menu_order":0,"comment_status":"closed","ping_status":"closed","template":"","meta":{"footnotes":""},"class_list":["post-63","page","type-page","status-publish","hentry"],"_links":{"self":[{"href":"https:\/\/wordpress.nibis.de\/stsghrlg\/wp-json\/wp\/v2\/pages\/63","targetHints":{"allow":["GET"]}}],"collection":[{"href":"https:\/\/wordpress.nibis.de\/stsghrlg\/wp-json\/wp\/v2\/pages"}],"about":[{"href":"https:\/\/wordpress.nibis.de\/stsghrlg\/wp-json\/wp\/v2\/types\/page"}],"author":[{"embeddable":true,"href":"https:\/\/wordpress.nibis.de\/stsghrlg\/wp-json\/wp\/v2\/users\/9194005"}],"replies":[{"embeddable":true,"href":"https:\/\/wordpress.nibis.de\/stsghrlg\/wp-json\/wp\/v2\/comments?post=63"}],"version-history":[{"count":33,"href":"https:\/\/wordpress.nibis.de\/stsghrlg\/wp-json\/wp\/v2\/pages\/63\/revisions"}],"predecessor-version":[{"id":1008,"href":"https:\/\/wordpress.nibis.de\/stsghrlg\/wp-json\/wp\/v2\/pages\/63\/revisions\/1008"}],"wp:attachment":[{"href":"https:\/\/wordpress.nibis.de\/stsghrlg\/wp-json\/wp\/v2\/media?parent=63"}],"curies":[{"name":"wp","href":"https:\/\/api.w.org\/{rel}","templated":true}]}}